{"id":120,"date":"2021-03-25T09:33:21","date_gmt":"2021-03-25T02:33:21","guid":{"rendered":"https:\/\/dpt-mh.com\/?page_id=120"},"modified":"2021-03-25T10:20:32","modified_gmt":"2021-03-25T03:20:32","slug":"xe-nang-pallet-dien","status":"publish","type":"page","link":"https:\/\/dpt-mh.com\/en\/san-pham\/xe-nang-pallet-dien\/","title":{"rendered":"Electric pallet truck"},"content":{"rendered":"<div class=\"wpb-content-wrapper\"><div class=\"vc_row wpb_row vc_row-fluid\"><div class=\"wpb_column vc_column_container vc_col-sm-12\"><div class=\"vc_column-inner\"><div class=\"wpb_wrapper\">\n\t<div class=\"wpb_text_column wpb_content_element\" >\n\t\t<div class=\"wpb_wrapper\">\n\t\t\t<p>The electric pallet truck is the ideal solution to move pallets efficiently and at a low cost. There are many types of Electric Pallet forklifts. Which one is chosen depends on the weight of the pallet to move and the distance to travel. We provide a replacement facility for batteries for continuous multi-shift work.<img loading=\"lazy\" decoding=\"async\" class=\"alignright size-full wp-image-121\" src=\"https:\/\/dpt-mh.com\/wp-content\/uploads\/2021\/03\/Cat_PT_work_-pallet-truck-xe-nang-pallet-dien.jpg\" alt=\"pallet-truck-xe-nang-dien\" width=\"300\" height=\"225\" srcset=\"https:\/\/dpt-mh.com\/wp-content\/uploads\/2021\/03\/Cat_PT_work_-pallet-truck-xe-nang-pallet-dien.jpg 300w, https:\/\/dpt-mh.com\/wp-content\/uploads\/2021\/03\/Cat_PT_work_-pallet-truck-xe-nang-pallet-dien-16x12.jpg 16w\" sizes=\"auto, (max-width: 300px) 100vw, 300px\" \/><\/p>\n<p><strong>CURRENTLY HAVE NEW VEHICLES AT SHOWROOM, LOW PALLET TRUCK, 2 TON LOADING, DRIVER DISEASE<\/strong><\/p>\n<p>There are many types of Electric Pallet forklifts, below are the most popular:<\/p>\n<p>- Electric pallet truck - Parallel<\/p>\n<p>- Electric pallet truck - Stand up<\/p>\n<p>- Electric pallet truck - Stand inside<\/p>\n<p>- Electric pallet truck - Sitting<\/p>\n\n\t\t<\/div>\n\t<\/div>\n<div class=\"vc_separator wpb_content_element vc_separator_align_center vc_sep_width_100 vc_sep_pos_align_center vc_separator_no_text vc_sep_color_grey\" ><span class=\"vc_sep_holder vc_sep_holder_l\"><span class=\"vc_sep_line\"><\/span><\/span><span class=\"vc_sep_holder vc_sep_holder_r\"><span class=\"vc_sep_line\"><\/span><\/span>\n<\/div><\/div><\/div><\/div><\/div><div class=\"vc_row wpb_row vc_row-fluid\"><div class=\"wpb_column vc_column_container vc_col-sm-6 vc_col-has-fill\"><div class=\"vc_column-inner vc_custom_1616639882746\"><div class=\"wpb_wrapper\">\n\t<div class=\"wpb_text_column wpb_content_element\" >\n\t\t<div class=\"wpb_wrapper\">\n\t\t\t<h2>The pallet truck uses electricity - sit<\/h2>\n<p>The electric pallet truck can move pallets weighing up to 3000kg. The seated electric forklift increases efficiency and productivity obviously compared to the push-up type<\/p>\n<p>Features &amp; Benefits<\/p>\n<ul>\n<li>Lift up to 3000KG Compact design<\/li>\n<li>Anti-collision button<\/li>\n<li>Specially designed control buttons<\/li>\n<li>Turning is easy<\/li>\n<li>Various types of lifters<\/li>\n<li>Motor does not need maintenance<\/li>\n<li>Optional quick replacement battery<\/li>\n<li>Optional self-charging system<\/li>\n<\/ul>\n\n\t\t<\/div>\n\t<\/div>\n\n\t<div  class=\"wpb_single_image wpb_content_element vc_align_center\">\n\t\t\n\t\t<figure class=\"wpb_wrapper vc_figure\">\n\t\t\t<div class=\"vc_single_image-wrapper vc_box_shadow_border  vc_box_border_grey\"><img loading=\"lazy\" decoding=\"async\" width=\"350\" height=\"301\" src=\"https:\/\/dpt-mh.com\/wp-content\/uploads\/2021\/03\/Cat_PT_Seated_xe-nang-pallet-dien-loai-ngoi.jpg\" class=\"vc_single_image-img attachment-full\" alt=\"xe n\u00e2ng pallet chay binh dien\" title=\"Cat_PT_Seated_xe-nang-pallet-dien-loai-ngoi\" srcset=\"https:\/\/dpt-mh.com\/wp-content\/uploads\/2021\/03\/Cat_PT_Seated_xe-nang-pallet-dien-loai-ngoi.jpg 350w, https:\/\/dpt-mh.com\/wp-content\/uploads\/2021\/03\/Cat_PT_Seated_xe-nang-pallet-dien-loai-ngoi-300x258.jpg 300w, https:\/\/dpt-mh.com\/wp-content\/uploads\/2021\/03\/Cat_PT_Seated_xe-nang-pallet-dien-loai-ngoi-14x12.jpg 14w\" sizes=\"auto, (max-width: 350px) 100vw, 350px\" \/><\/div>\n\t\t<\/figure>\n\t<\/div>\n<\/div><\/div><\/div><div class=\"wpb_column vc_column_container vc_col-sm-6 vc_col-has-fill\"><div class=\"vc_column-inner vc_custom_1616482439465\"><div class=\"wpb_wrapper\">\n\t<div class=\"wpb_text_column wpb_content_element\" >\n\t\t<div class=\"wpb_wrapper\">\n\t\t\t<h2>Stand-in electric forklift truck<\/h2>\n<p>This electric pallet truck can move the pallet up to 2200kg. The internal vertical electric forklift increases output and efficiency visibly when compared to the set stacker<br \/>\n<strong>Main features and benefits<\/strong><\/p>\n<ul>\n<li>Operator protection<\/li>\n<li>1600KG to 2200KG Compact design<\/li>\n<li>Anti-collision safety button<\/li>\n<li>The control system is specially designed<\/li>\n<li>Very easy to turn: Many types of lifters<\/li>\n<li>Motor does not need maintenance<\/li>\n<li>Optional quick replacement battery<\/li>\n<li>Self-charging system<\/li>\n<\/ul>\n\n\t\t<\/div>\n\t<\/div>\n\n\t<div  class=\"wpb_single_image wpb_content_element vc_align_center\">\n\t\t\n\t\t<figure class=\"wpb_wrapper vc_figure\">\n\t\t\t<div class=\"vc_single_image-wrapper vc_box_shadow_border  vc_box_border_grey\"><img loading=\"lazy\" decoding=\"async\" width=\"350\" height=\"284\" src=\"https:\/\/dpt-mh.com\/wp-content\/uploads\/2021\/03\/Cat_PT_Standin_xe-nang-pallet-dien-loai-dung.jpg\" class=\"vc_single_image-img attachment-full\" alt=\"\" title=\"Cat_PT_Standin_xe-nang-pallet-dien-loai-dung\" srcset=\"https:\/\/dpt-mh.com\/wp-content\/uploads\/2021\/03\/Cat_PT_Standin_xe-nang-pallet-dien-loai-dung.jpg 350w, https:\/\/dpt-mh.com\/wp-content\/uploads\/2021\/03\/Cat_PT_Standin_xe-nang-pallet-dien-loai-dung-300x243.jpg 300w, https:\/\/dpt-mh.com\/wp-content\/uploads\/2021\/03\/Cat_PT_Standin_xe-nang-pallet-dien-loai-dung-16x12.jpg 16w\" sizes=\"auto, (max-width: 350px) 100vw, 350px\" \/><\/div>\n\t\t<\/figure>\n\t<\/div>\n<\/div><\/div><\/div><\/div><div class=\"vc_row wpb_row vc_row-fluid\"><div class=\"wpb_column vc_column_container vc_col-sm-6 vc_col-has-fill\"><div class=\"vc_column-inner vc_custom_1616642274224\"><div class=\"wpb_wrapper\">\n\t<div class=\"wpb_text_column wpb_content_element\" >\n\t\t<div class=\"wpb_wrapper\">\n\t\t\t<h2>Stand up type electric pallet truck<\/h2>\n<p>This electric pallet truck can move the pallet up to 2200kg. The internal vertical electric forklift increases output and efficiency visibly when compared to the set stacker<\/p>\n<p><strong>Main features and benefits<\/strong><\/p>\n<ul>\n<li>1600KG to 2200KG Compact design<\/li>\n<li>Anti-collision safety button<\/li>\n<li>The control system is specially designed<\/li>\n<li>Very easy to turn: Many types of lifters<\/li>\n<li>Motor does not need maintenance<\/li>\n<li>Optional quick replacement battery<\/li>\n<li>Self-charging system<\/li>\n<\/ul>\n\n\t\t<\/div>\n\t<\/div>\n\n\t<div  class=\"wpb_single_image wpb_content_element vc_align_center\">\n\t\t\n\t\t<figure class=\"wpb_wrapper vc_figure\">\n\t\t\t<div class=\"vc_single_image-wrapper vc_box_shadow_border  vc_box_border_grey\"><img loading=\"lazy\" decoding=\"async\" width=\"350\" height=\"269\" src=\"https:\/\/dpt-mh.com\/wp-content\/uploads\/2021\/03\/Cat_PT_Rideon_electric-pallet-handler-xe-nang-pallet-dung.jpg\" class=\"vc_single_image-img attachment-full\" alt=\"Xe-nang-pallet-dung\" title=\"Cat_PT_Rideon_electric-pallet-handler-xe-nang-pallet-dung\" srcset=\"https:\/\/dpt-mh.com\/wp-content\/uploads\/2021\/03\/Cat_PT_Rideon_electric-pallet-handler-xe-nang-pallet-dung.jpg 350w, https:\/\/dpt-mh.com\/wp-content\/uploads\/2021\/03\/Cat_PT_Rideon_electric-pallet-handler-xe-nang-pallet-dung-300x231.jpg 300w, https:\/\/dpt-mh.com\/wp-content\/uploads\/2021\/03\/Cat_PT_Rideon_electric-pallet-handler-xe-nang-pallet-dung-16x12.jpg 16w\" sizes=\"auto, (max-width: 350px) 100vw, 350px\" \/><\/div>\n\t\t<\/figure>\n\t<\/div>\n<\/div><\/div><\/div><div class=\"wpb_column vc_column_container vc_col-sm-6 vc_col-has-fill\"><div class=\"vc_column-inner vc_custom_1616642263423\"><div class=\"wpb_wrapper\">\n\t<div class=\"wpb_text_column wpb_content_element\" >\n\t\t<div class=\"wpb_wrapper\">\n\t\t\t<h2>Electric pallet truck - walker \/ with stand<\/h2>\n<p>This electric pallet truck can move the pallet up to 2000kg. The electric forklift increases the output and the efficiency markedly when compared to the hand pallet truck<\/p>\n<p><strong>Main features and benefits<\/strong><\/p>\n<ul>\n<li>1600KG to 2000KG Compact design<\/li>\n<li>Anti-collision safety button<\/li>\n<li>The control system is specially designed<\/li>\n<li>Very easy to turn: Many types of lifters<\/li>\n<li>Maintenance-free motor, AC moto<\/li>\n<li>Optional quick replacement battery<\/li>\n<li>Self-charging system<\/li>\n<\/ul>\n\n\t\t<\/div>\n\t<\/div>\n\n\t<div  class=\"wpb_single_image wpb_content_element vc_align_center\">\n\t\t\n\t\t<figure class=\"wpb_wrapper vc_figure\">\n\t\t\t<div class=\"vc_single_image-wrapper vc_box_shadow_border  vc_box_border_grey\"><img loading=\"lazy\" decoding=\"async\" width=\"414\" height=\"479\" src=\"https:\/\/dpt-mh.com\/wp-content\/uploads\/2021\/03\/PPT-still-xe-nang-dien-co-be-dung.jpg\" class=\"vc_single_image-img attachment-full\" alt=\"\" title=\"PPT still-xe-nang-dien-co-be-dung\" srcset=\"https:\/\/dpt-mh.com\/wp-content\/uploads\/2021\/03\/PPT-still-xe-nang-dien-co-be-dung.jpg 414w, https:\/\/dpt-mh.com\/wp-content\/uploads\/2021\/03\/PPT-still-xe-nang-dien-co-be-dung-259x300.jpg 259w, https:\/\/dpt-mh.com\/wp-content\/uploads\/2021\/03\/PPT-still-xe-nang-dien-co-be-dung-10x12.jpg 10w\" sizes=\"auto, (max-width: 414px) 100vw, 414px\" \/><\/div>\n\t\t<\/figure>\n\t<\/div>\n<\/div><\/div><\/div><\/div><div class=\"vc_row wpb_row vc_row-fluid\"><div class=\"wpb_column vc_column_container vc_col-sm-6\"><div class=\"vc_column-inner\"><div class=\"wpb_wrapper\"><div class=\"vc_separator wpb_content_element vc_separator_align_center vc_sep_width_100 vc_sep_pos_align_center vc_separator_no_text vc_sep_color_grey\" ><span class=\"vc_sep_holder vc_sep_holder_l\"><span class=\"vc_sep_line\"><\/span><\/span><span class=\"vc_sep_holder vc_sep_holder_r\"><span class=\"vc_sep_line\"><\/span><\/span>\n<\/div><\/div><\/div><\/div><div class=\"wpb_column vc_column_container vc_col-sm-6\"><div class=\"vc_column-inner\"><div class=\"wpb_wrapper\"><div class=\"vc_separator wpb_content_element vc_separator_align_center vc_sep_width_100 vc_sep_pos_align_center vc_separator_no_text vc_sep_color_grey\" ><span class=\"vc_sep_holder vc_sep_holder_l\"><span class=\"vc_sep_line\"><\/span><\/span><span class=\"vc_sep_holder vc_sep_holder_r\"><span class=\"vc_sep_line\"><\/span><\/span>\n<\/div>\n\t<div class=\"wpb_text_column wpb_content_element\" >\n\t\t<div class=\"wpb_wrapper\">\n\t\t\t<h1>Request details or quote:<\/h1>\n\n\t\t<\/div>\n\t<\/div>\n\n<div class=\"wpcf7 no-js\" id=\"wpcf7-f63-o1\" lang=\"vi\" dir=\"ltr\" data-wpcf7-id=\"63\">\n<div class=\"screen-reader-response\"><p role=\"status\" aria-live=\"polite\" aria-atomic=\"true\"><\/p> <ul><\/ul><\/div>\n<form action=\"\/en\/wp-json\/wp\/v2\/pages\/120#wpcf7-f63-o1\" method=\"post\" class=\"wpcf7-form init\" aria-label=\"Form li\u00ean h\u1ec7\" novalidate=\"novalidate\" data-status=\"init\" data-trp-original-action=\"\/en\/wp-json\/wp\/v2\/pages\/120#wpcf7-f63-o1\">\n<fieldset class=\"hidden-fields-container\"><input type=\"hidden\" name=\"_wpcf7\" value=\"63\" \/><input type=\"hidden\" name=\"_wpcf7_version\" value=\"6.1.5\" \/><input type=\"hidden\" name=\"_wpcf7_locale\" value=\"vi\" \/><input type=\"hidden\" name=\"_wpcf7_unit_tag\" value=\"wpcf7-f63-o1\" \/><input type=\"hidden\" name=\"_wpcf7_container_post\" value=\"0\" \/><input type=\"hidden\" name=\"_wpcf7_posted_data_hash\" value=\"\" \/><input type=\"hidden\" name=\"_wpcf7dtx_version\" value=\"5.0.5\" \/><input type=\"hidden\" name=\"_wpcf7_recaptcha_response\" value=\"\" \/>\n<\/fieldset>\n<p><label> Your Name *:<br \/>\n<span class=\"wpcf7-form-control-wrap\" data-name=\"your-name\"><input size=\"40\" maxlength=\"400\" class=\"wpcf7-form-control wpcf7-text wpcf7-validates-as-required\" aria-required=\"true\" aria-invalid=\"false\" value=\"\" type=\"text\" name=\"your-name\" \/><\/span> <\/label><br \/>\n<label> Phone *:<br \/>\n<span class=\"wpcf7-form-control-wrap\" data-name=\"your-phone\"><input size=\"40\" maxlength=\"400\" class=\"wpcf7-form-control wpcf7-text wpcf7-validates-as-required\" aria-required=\"true\" aria-invalid=\"false\" value=\"\" type=\"text\" name=\"your-phone\" \/><\/span> <\/label><br \/>\n<label> Email *:<br \/>\n<span class=\"wpcf7-form-control-wrap\" data-name=\"your-email\"><input size=\"40\" maxlength=\"400\" class=\"wpcf7-form-control wpcf7-email wpcf7-validates-as-required wpcf7-text wpcf7-validates-as-email\" aria-required=\"true\" aria-invalid=\"false\" value=\"\" type=\"email\" name=\"your-email\" \/><\/span> <\/label><br \/>\n<label> Request *:<br \/>\n<span class=\"wpcf7-form-control-wrap\" data-name=\"your-message\"><textarea cols=\"40\" rows=\"3\" maxlength=\"2000\" class=\"wpcf7-form-control wpcf7-textarea wpcf7-validates-as-required\" aria-required=\"true\" aria-invalid=\"false\" name=\"your-message\"><\/textarea><\/span> <\/label><br \/>\n<label> Products and services:<br \/>\n<span class=\"wpcf7-form-control-wrap productname\" data-name=\"productname\"><input type=\"text\" name=\"productname\" class=\"wpcf7-form-control wpcf7-text wpcf7dtx wpcf7dtx-text\" aria-invalid=\"false\" readonly=\"readonly\" value=\"Xe n\u00e2ng Pallet \u0111i\u1ec7n\"><\/span><\/label><br \/>\n<label><br \/>\n<input class=\"wpcf7-form-control wpcf7-submit has-spinner\" type=\"submit\" value=\"Send Inquiry\" \/><\/label><br \/>\n<span class=\"wpcf7-form-control-wrap productlink\" data-name=\"productlink\"><input type=\"hidden\" name=\"productlink\" class=\"wpcf7-form-control wpcf7-hidden wpcf7dtx wpcf7dtx-hidden\" aria-invalid=\"false\" value=\"https:\/\/dpt-mh.com\/en\/en\/wp-json\/wp\/v2\/pages\/120\"><\/span>\n<\/p><div class=\"wpcf7-response-output\" aria-hidden=\"true\"><\/div>\n<input type=\"hidden\" name=\"trp-form-language\" value=\"en\"\/><\/form>\n<\/div>\n<\/div><\/div><\/div><\/div>\n<\/div>","protected":false},"excerpt":{"rendered":"Xe n\u00e2ng Pallet d\u00f9ng \u0111i\u1ec7n l\u00e0 gi\u1ea3i ph\u00e1p l\u00fd t\u01b0\u1edfng \u0111\u1ec3 di chuy\u1ec3n pallet m\u1ed9t c\u00e1ch hi\u1ec7u qu\u1ea3 v\u00e0 \u0111\u1ea3m b\u1ea3o chi ph\u00ed th\u1ea5p. C\u00f3 nhi\u1ec1u lo\u1ea1i xe n\u00e2ng Pallet \u0111i\u1ec7n. Ch\u1ecdn lo\u1ea1i n\u00e0o l\u00e0 tu\u1ef3 thu\u1ed9c v\u00e0o kh\u1ed1i l\u01b0\u1ee3ng pallet c\u1ea7n di chuy\u1ec3n v\u00e0 kho\u1ea3ng c\u00e1ch di chuy\u1ec3n. Ch\u00fang t\u00f4i cung c\u1ea5p ph\u01b0\u01a1ng ti\u1ec7n [...]","protected":false},"author":1,"featured_media":0,"parent":88,"menu_order":0,"comment_status":"closed","ping_status":"closed","template":"languages\/page-fullwidth.php","meta":{"footnotes":""},"class_list":["post-120","page","type-page","status-publish","hentry"],"yoast_head":"<!-- This site is optimized with the Yoast SEO plugin v26.8 - https:\/\/yoast.com\/product\/yoast-seo-wordpress\/ -->\n<title>Xe n\u00e2ng Pallet \u0111i\u1ec7n - DPT - Nh\u00e0 cung c\u1ea5p xe n\u00e2ng \u0110\u1ee9c<\/title>\n<meta name=\"robots\" content=\"index, follow, max-snippet:-1, max-image-preview:large, max-video-preview:-1\" \/>\n<link rel=\"canonical\" href=\"https:\/\/dpt-mh.com\/en\/san-pham\/xe-nang-pallet-dien\/\" \/>\n<meta property=\"og:locale\" content=\"en_GB\" \/>\n<meta property=\"og:type\" content=\"article\" \/>\n<meta property=\"og:title\" content=\"Xe n\u00e2ng Pallet \u0111i\u1ec7n - DPT - Nh\u00e0 cung c\u1ea5p xe n\u00e2ng \u0110\u1ee9c\" \/>\n<meta property=\"og:url\" content=\"https:\/\/dpt-mh.com\/en\/san-pham\/xe-nang-pallet-dien\/\" \/>\n<meta property=\"og:site_name\" content=\"DPT - Nh\u00e0 cung c\u1ea5p xe n\u00e2ng \u0110\u1ee9c\" \/>\n<meta property=\"article:modified_time\" content=\"2021-03-25T03:20:32+00:00\" \/>\n<meta property=\"og:image\" content=\"https:\/\/dpt-mh.com\/wp-content\/uploads\/2021\/03\/Cat_PT_work_-pallet-truck-xe-nang-pallet-dien.jpg\" \/>\n<meta name=\"twitter:card\" content=\"summary_large_image\" \/>\n<meta name=\"twitter:label1\" content=\"Estimated reading time\" \/>\n\t<meta name=\"twitter:data1\" content=\"3 minutes\" \/>\n<script type=\"application\/ld+json\" class=\"yoast-schema-graph\">{\"@context\":\"https:\/\/schema.org\",\"@graph\":[{\"@type\":\"WebPage\",\"@id\":\"https:\/\/dpt-mh.com\/en\/san-pham\/xe-nang-pallet-dien\/\",\"url\":\"https:\/\/dpt-mh.com\/en\/san-pham\/xe-nang-pallet-dien\/\",\"name\":\"Xe n\u00e2ng Pallet \u0111i\u1ec7n - DPT - Nh\u00e0 cung c\u1ea5p xe n\u00e2ng \u0110\u1ee9c\",\"isPartOf\":{\"@id\":\"https:\/\/dpt-mh.com\/#website\"},\"primaryImageOfPage\":{\"@id\":\"https:\/\/dpt-mh.com\/en\/san-pham\/xe-nang-pallet-dien\/#primaryimage\"},\"image\":{\"@id\":\"https:\/\/dpt-mh.com\/en\/san-pham\/xe-nang-pallet-dien\/#primaryimage\"},\"thumbnailUrl\":\"https:\/\/dpt-mh.com\/wp-content\/uploads\/2021\/03\/Cat_PT_work_-pallet-truck-xe-nang-pallet-dien.jpg\",\"datePublished\":\"2021-03-25T02:33:21+00:00\",\"dateModified\":\"2021-03-25T03:20:32+00:00\",\"breadcrumb\":{\"@id\":\"https:\/\/dpt-mh.com\/en\/san-pham\/xe-nang-pallet-dien\/#breadcrumb\"},\"inLanguage\":\"en-GB\",\"potentialAction\":[{\"@type\":\"ReadAction\",\"target\":[\"https:\/\/dpt-mh.com\/en\/san-pham\/xe-nang-pallet-dien\/\"]}]},{\"@type\":\"ImageObject\",\"inLanguage\":\"en-GB\",\"@id\":\"https:\/\/dpt-mh.com\/en\/san-pham\/xe-nang-pallet-dien\/#primaryimage\",\"url\":\"https:\/\/dpt-mh.com\/wp-content\/uploads\/2021\/03\/Cat_PT_work_-pallet-truck-xe-nang-pallet-dien.jpg\",\"contentUrl\":\"https:\/\/dpt-mh.com\/wp-content\/uploads\/2021\/03\/Cat_PT_work_-pallet-truck-xe-nang-pallet-dien.jpg\"},{\"@type\":\"BreadcrumbList\",\"@id\":\"https:\/\/dpt-mh.com\/en\/san-pham\/xe-nang-pallet-dien\/#breadcrumb\",\"itemListElement\":[{\"@type\":\"ListItem\",\"position\":1,\"name\":\"Home\",\"item\":\"https:\/\/dpt-mh.com\/\"},{\"@type\":\"ListItem\",\"position\":2,\"name\":\"S\u1ea3n ph\u1ea9m\",\"item\":\"https:\/\/dpt-mh.com\/en\/san-pham\/\"},{\"@type\":\"ListItem\",\"position\":3,\"name\":\"Xe n\u00e2ng Pallet \u0111i\u1ec7n\"}]},{\"@type\":\"WebSite\",\"@id\":\"https:\/\/dpt-mh.com\/#website\",\"url\":\"https:\/\/dpt-mh.com\/\",\"name\":\"DPT - Nh\u00e0 cung c\u1ea5p xe n\u00e2ng \u0110\u1ee9c\",\"description\":\"Vietnam lift trucks service and attachment provider\",\"potentialAction\":[{\"@type\":\"SearchAction\",\"target\":{\"@type\":\"EntryPoint\",\"urlTemplate\":\"https:\/\/dpt-mh.com\/?s={search_term_string}\"},\"query-input\":{\"@type\":\"PropertyValueSpecification\",\"valueRequired\":true,\"valueName\":\"search_term_string\"}}],\"inLanguage\":\"en-GB\"}]}<\/script>\n<!-- \/ Yoast SEO plugin. -->","yoast_head_json":{"title":"Xe n\u00e2ng Pallet \u0111i\u1ec7n - DPT - Nh\u00e0 cung c\u1ea5p xe n\u00e2ng \u0110\u1ee9c","robots":{"index":"index","follow":"follow","max-snippet":"max-snippet:-1","max-image-preview":"max-image-preview:large","max-video-preview":"max-video-preview:-1"},"canonical":"https:\/\/dpt-mh.com\/en\/san-pham\/xe-nang-pallet-dien\/","og_locale":"en_GB","og_type":"article","og_title":"Xe n\u00e2ng Pallet \u0111i\u1ec7n - DPT - Nh\u00e0 cung c\u1ea5p xe n\u00e2ng \u0110\u1ee9c","og_url":"https:\/\/dpt-mh.com\/en\/san-pham\/xe-nang-pallet-dien\/","og_site_name":"DPT - Nh\u00e0 cung c\u1ea5p xe n\u00e2ng \u0110\u1ee9c","article_modified_time":"2021-03-25T03:20:32+00:00","og_image":[{"url":"https:\/\/dpt-mh.com\/wp-content\/uploads\/2021\/03\/Cat_PT_work_-pallet-truck-xe-nang-pallet-dien.jpg","type":"","width":"","height":""}],"twitter_card":"summary_large_image","twitter_misc":{"Estimated reading time":"3 minutes"},"schema":{"@context":"https:\/\/schema.org","@graph":[{"@type":"WebPage","@id":"https:\/\/dpt-mh.com\/en\/san-pham\/xe-nang-pallet-dien\/","url":"https:\/\/dpt-mh.com\/en\/san-pham\/xe-nang-pallet-dien\/","name":"Xe n\u00e2ng Pallet \u0111i\u1ec7n - DPT - Nh\u00e0 cung c\u1ea5p xe n\u00e2ng \u0110\u1ee9c","isPartOf":{"@id":"https:\/\/dpt-mh.com\/#website"},"primaryImageOfPage":{"@id":"https:\/\/dpt-mh.com\/en\/san-pham\/xe-nang-pallet-dien\/#primaryimage"},"image":{"@id":"https:\/\/dpt-mh.com\/en\/san-pham\/xe-nang-pallet-dien\/#primaryimage"},"thumbnailUrl":"https:\/\/dpt-mh.com\/wp-content\/uploads\/2021\/03\/Cat_PT_work_-pallet-truck-xe-nang-pallet-dien.jpg","datePublished":"2021-03-25T02:33:21+00:00","dateModified":"2021-03-25T03:20:32+00:00","breadcrumb":{"@id":"https:\/\/dpt-mh.com\/en\/san-pham\/xe-nang-pallet-dien\/#breadcrumb"},"inLanguage":"en-GB","potentialAction":[{"@type":"ReadAction","target":["https:\/\/dpt-mh.com\/en\/san-pham\/xe-nang-pallet-dien\/"]}]},{"@type":"ImageObject","inLanguage":"en-GB","@id":"https:\/\/dpt-mh.com\/en\/san-pham\/xe-nang-pallet-dien\/#primaryimage","url":"https:\/\/dpt-mh.com\/wp-content\/uploads\/2021\/03\/Cat_PT_work_-pallet-truck-xe-nang-pallet-dien.jpg","contentUrl":"https:\/\/dpt-mh.com\/wp-content\/uploads\/2021\/03\/Cat_PT_work_-pallet-truck-xe-nang-pallet-dien.jpg"},{"@type":"BreadcrumbList","@id":"https:\/\/dpt-mh.com\/en\/san-pham\/xe-nang-pallet-dien\/#breadcrumb","itemListElement":[{"@type":"ListItem","position":1,"name":"Home","item":"https:\/\/dpt-mh.com\/"},{"@type":"ListItem","position":2,"name":"S\u1ea3n ph\u1ea9m","item":"https:\/\/dpt-mh.com\/en\/san-pham\/"},{"@type":"ListItem","position":3,"name":"Xe n\u00e2ng Pallet \u0111i\u1ec7n"}]},{"@type":"WebSite","@id":"https:\/\/dpt-mh.com\/#website","url":"https:\/\/dpt-mh.com\/","name":"DPT - Nh\u00e0 cung c\u1ea5p xe n\u00e2ng \u0110\u1ee9c","description":"Vietnam lift trucks service and attachment provider","potentialAction":[{"@type":"SearchAction","target":{"@type":"EntryPoint","urlTemplate":"https:\/\/dpt-mh.com\/?s={search_term_string}"},"query-input":{"@type":"PropertyValueSpecification","valueRequired":true,"valueName":"search_term_string"}}],"inLanguage":"en-GB"}]}},"_links":{"self":[{"href":"https:\/\/dpt-mh.com\/en\/wp-json\/wp\/v2\/pages\/120","targetHints":{"allow":["GET"]}}],"collection":[{"href":"https:\/\/dpt-mh.com\/en\/wp-json\/wp\/v2\/pages"}],"about":[{"href":"https:\/\/dpt-mh.com\/en\/wp-json\/wp\/v2\/types\/page"}],"author":[{"embeddable":true,"href":"https:\/\/dpt-mh.com\/en\/wp-json\/wp\/v2\/users\/1"}],"replies":[{"embeddable":true,"href":"https:\/\/dpt-mh.com\/en\/wp-json\/wp\/v2\/comments?post=120"}],"version-history":[{"count":7,"href":"https:\/\/dpt-mh.com\/en\/wp-json\/wp\/v2\/pages\/120\/revisions"}],"predecessor-version":[{"id":132,"href":"https:\/\/dpt-mh.com\/en\/wp-json\/wp\/v2\/pages\/120\/revisions\/132"}],"up":[{"embeddable":true,"href":"https:\/\/dpt-mh.com\/en\/wp-json\/wp\/v2\/pages\/88"}],"wp:attachment":[{"href":"https:\/\/dpt-mh.com\/en\/wp-json\/wp\/v2\/media?parent=120"}],"curies":[{"name":"wp","href":"https:\/\/api.w.org\/{rel}","templated":true}]}}