{"id":135,"date":"2021-03-26T09:45:46","date_gmt":"2021-03-26T02:45:46","guid":{"rendered":"https:\/\/dpt-mh.com\/?page_id=135"},"modified":"2021-03-26T09:53:11","modified_gmt":"2021-03-26T02:53:11","slug":"xe-nang-xep-pallet-dien-va-tay","status":"publish","type":"page","link":"https:\/\/dpt-mh.com\/en\/san-pham\/xe-nang-xep-pallet-dien-va-tay\/","title":{"rendered":"Pallet stackers - electric and manual"},"content":{"rendered":"<div class=\"wpb-content-wrapper\"><div class=\"vc_row wpb_row vc_row-fluid\"><div class=\"wpb_column vc_column_container vc_col-sm-12\"><div class=\"vc_column-inner\"><div class=\"wpb_wrapper\">\n\t<div class=\"wpb_text_column wpb_content_element\" >\n\t\t<div class=\"wpb_wrapper\">\n\t\t\t<h2>Pallet stackers - electric and manual<\/h2>\n<p><img loading=\"lazy\" decoding=\"async\" class=\"alignright size-full wp-image-136\" src=\"https:\/\/dpt-mh.com\/wp-content\/uploads\/2021\/03\/Cat_PS_Work_Image.jpg\" alt=\"Xe-nang-xep-pallet-dien-tay\" width=\"300\" height=\"225\" srcset=\"https:\/\/dpt-mh.com\/wp-content\/uploads\/2021\/03\/Cat_PS_Work_Image.jpg 300w, https:\/\/dpt-mh.com\/wp-content\/uploads\/2021\/03\/Cat_PS_Work_Image-16x12.jpg 16w\" sizes=\"auto, (max-width: 300px) 100vw, 300px\" \/>Hand pallet stackers, electric and manual stackers and electric stackers are used to move pallets with the ability to stacking pallets up to multiple heights to maximize storage space. Choosing which type of pallet truck depends on the number of pallets to move and the distance traveled, and must calculate the weight of the pallet and the height to be stowed.<br \/>\nThe stacker can be used to handle stacking and move specific objects such as drums, paper rolls. They can also be used to move pallets across production lines. The following are the forklifts of this category:<\/p>\n<p>- Hand pallet truck - Parallel<\/p>\n<p>- Electric stacker - Parallel<\/p>\n<p>- Electric stacker - Stand up<\/p>\n<p>- Electric stacker - Stand inside<\/p>\n<p>- Electric stacker - Sit inside<\/p>\n\n\t\t<\/div>\n\t<\/div>\n<div class=\"vc_separator wpb_content_element vc_separator_align_center vc_sep_width_100 vc_sep_pos_align_center vc_separator_no_text vc_sep_color_grey\" ><span class=\"vc_sep_holder vc_sep_holder_l\"><span class=\"vc_sep_line\"><\/span><\/span><span class=\"vc_sep_holder vc_sep_holder_r\"><span class=\"vc_sep_line\"><\/span><\/span>\n<\/div><\/div><\/div><\/div><\/div><div class=\"vc_row wpb_row vc_row-fluid\"><div class=\"wpb_column vc_column_container vc_col-sm-6 vc_col-has-fill\"><div class=\"vc_column-inner vc_custom_1616639882746\"><div class=\"wpb_wrapper\">\n\t<div class=\"wpb_text_column wpb_content_element\" >\n\t\t<div class=\"wpb_wrapper\">\n\t\t\t<h2>Stacking forklift using battery - type of walking or with a standing platform<\/h2>\n<p>DPT supplies new \/ used vehicles, from European manufacturers.<br \/>\nVehicles with payloads from 1400 kg to 2000 kg, lifting up to 6 m.<\/p>\n<p>Suitable for warehouse with a minimum width of 2.5m<\/p>\n\n\t\t<\/div>\n\t<\/div>\n\n\t<div  class=\"wpb_single_image wpb_content_element vc_align_center\">\n\t\t\n\t\t<figure class=\"wpb_wrapper vc_figure\">\n\t\t\t<div class=\"vc_single_image-wrapper vc_box_shadow_border  vc_box_border_grey\"><img loading=\"lazy\" decoding=\"async\" width=\"566\" height=\"649\" src=\"https:\/\/dpt-mh.com\/wp-content\/uploads\/2021\/03\/stacker.jpg\" class=\"vc_single_image-img attachment-full\" alt=\"\" title=\"stacker\" srcset=\"https:\/\/dpt-mh.com\/wp-content\/uploads\/2021\/03\/stacker.jpg 566w, https:\/\/dpt-mh.com\/wp-content\/uploads\/2021\/03\/stacker-262x300.jpg 262w, https:\/\/dpt-mh.com\/wp-content\/uploads\/2021\/03\/stacker-10x12.jpg 10w\" sizes=\"auto, (max-width: 566px) 100vw, 566px\" \/><\/div>\n\t\t<\/figure>\n\t<\/div>\n<\/div><\/div><\/div><div class=\"wpb_column vc_column_container vc_col-sm-6 vc_col-has-fill\"><div class=\"vc_column-inner vc_custom_1616482439465\"><div class=\"wpb_wrapper\">\n\t<div class=\"wpb_text_column wpb_content_element\" >\n\t\t<div class=\"wpb_wrapper\">\n\t\t\t<h2>Hand pallet truck<\/h2>\n<p>We offer this product from many leading manufacturers.<\/p>\n<p>Sufficient options to lift pallets or clamp drums.<\/p>\n\n\t\t<\/div>\n\t<\/div>\n\n\t<div  class=\"wpb_single_image wpb_content_element vc_align_center\">\n\t\t\n\t\t<figure class=\"wpb_wrapper vc_figure\">\n\t\t\t<div class=\"vc_single_image-wrapper vc_box_shadow_border  vc_box_border_grey\"><img loading=\"lazy\" decoding=\"async\" width=\"300\" height=\"429\" src=\"https:\/\/dpt-mh.com\/wp-content\/uploads\/2021\/03\/Cat_PS_Manual_xe-nang-xep-pallet-thu-cong.jpg\" class=\"vc_single_image-img attachment-full\" alt=\"\" title=\"Cat_PS_Manual_xe-nang-xep-pallet-thu-cong\" srcset=\"https:\/\/dpt-mh.com\/wp-content\/uploads\/2021\/03\/Cat_PS_Manual_xe-nang-xep-pallet-thu-cong.jpg 300w, https:\/\/dpt-mh.com\/wp-content\/uploads\/2021\/03\/Cat_PS_Manual_xe-nang-xep-pallet-thu-cong-210x300.jpg 210w, https:\/\/dpt-mh.com\/wp-content\/uploads\/2021\/03\/Cat_PS_Manual_xe-nang-xep-pallet-thu-cong-8x12.jpg 8w\" sizes=\"auto, (max-width: 300px) 100vw, 300px\" \/><\/div>\n\t\t<\/figure>\n\t<\/div>\n<\/div><\/div><\/div><\/div><div class=\"vc_row wpb_row vc_row-fluid\"><div class=\"wpb_column vc_column_container vc_col-sm-6\"><div class=\"vc_column-inner\"><div class=\"wpb_wrapper\"><div class=\"vc_separator wpb_content_element vc_separator_align_center vc_sep_width_100 vc_sep_pos_align_center vc_separator_no_text vc_sep_color_grey\" ><span class=\"vc_sep_holder vc_sep_holder_l\"><span class=\"vc_sep_line\"><\/span><\/span><span class=\"vc_sep_holder vc_sep_holder_r\"><span class=\"vc_sep_line\"><\/span><\/span>\n<\/div>\n\t<div  class=\"wpb_single_image wpb_content_element vc_align_center\">\n\t\t\n\t\t<figure class=\"wpb_wrapper vc_figure\">\n\t\t\t<div class=\"vc_single_image-wrapper vc_box_shadow_border  vc_box_border_grey\"><img loading=\"lazy\" decoding=\"async\" width=\"193\" height=\"314\" src=\"https:\/\/dpt-mh.com\/wp-content\/uploads\/2021\/03\/manual-stacker-with-drum-handle.jpg\" class=\"vc_single_image-img attachment-full\" alt=\"\" title=\"manual stacker with drum handle\" srcset=\"https:\/\/dpt-mh.com\/wp-content\/uploads\/2021\/03\/manual-stacker-with-drum-handle.jpg 193w, https:\/\/dpt-mh.com\/wp-content\/uploads\/2021\/03\/manual-stacker-with-drum-handle-184x300.jpg 184w, https:\/\/dpt-mh.com\/wp-content\/uploads\/2021\/03\/manual-stacker-with-drum-handle-7x12.jpg 7w\" sizes=\"auto, (max-width: 193px) 100vw, 193px\" \/><\/div>\n\t\t<\/figure>\n\t<\/div>\n<\/div><\/div><\/div><div class=\"wpb_column vc_column_container vc_col-sm-6\"><div class=\"vc_column-inner\"><div class=\"wpb_wrapper\"><div class=\"vc_separator wpb_content_element vc_separator_align_center vc_sep_width_100 vc_sep_pos_align_center vc_separator_no_text vc_sep_color_grey\" ><span class=\"vc_sep_holder vc_sep_holder_l\"><span class=\"vc_sep_line\"><\/span><\/span><span class=\"vc_sep_holder vc_sep_holder_r\"><span class=\"vc_sep_line\"><\/span><\/span>\n<\/div>\n\t<div class=\"wpb_text_column wpb_content_element\" >\n\t\t<div class=\"wpb_wrapper\">\n\t\t\t<h1>Request details or quote:<\/h1>\n\n\t\t<\/div>\n\t<\/div>\n\n<div class=\"wpcf7 no-js\" id=\"wpcf7-f63-o1\" lang=\"vi\" dir=\"ltr\" data-wpcf7-id=\"63\">\n<div class=\"screen-reader-response\"><p role=\"status\" aria-live=\"polite\" aria-atomic=\"true\"><\/p> <ul><\/ul><\/div>\n<form action=\"\/en\/wp-json\/wp\/v2\/pages\/135#wpcf7-f63-o1\" method=\"post\" class=\"wpcf7-form init\" aria-label=\"Form li\u00ean h\u1ec7\" novalidate=\"novalidate\" data-status=\"init\" data-trp-original-action=\"\/en\/wp-json\/wp\/v2\/pages\/135#wpcf7-f63-o1\">\n<fieldset class=\"hidden-fields-container\"><input type=\"hidden\" name=\"_wpcf7\" value=\"63\" \/><input type=\"hidden\" name=\"_wpcf7_version\" value=\"6.1.5\" \/><input type=\"hidden\" name=\"_wpcf7_locale\" value=\"vi\" \/><input type=\"hidden\" name=\"_wpcf7_unit_tag\" value=\"wpcf7-f63-o1\" \/><input type=\"hidden\" name=\"_wpcf7_container_post\" value=\"0\" \/><input type=\"hidden\" name=\"_wpcf7_posted_data_hash\" value=\"\" \/><input type=\"hidden\" name=\"_wpcf7dtx_version\" value=\"5.0.5\" \/><input type=\"hidden\" name=\"_wpcf7_recaptcha_response\" value=\"\" \/>\n<\/fieldset>\n<p><label> Your Name *:<br \/>\n<span class=\"wpcf7-form-control-wrap\" data-name=\"your-name\"><input size=\"40\" maxlength=\"400\" class=\"wpcf7-form-control wpcf7-text wpcf7-validates-as-required\" aria-required=\"true\" aria-invalid=\"false\" value=\"\" type=\"text\" name=\"your-name\" \/><\/span> <\/label><br \/>\n<label> Phone *:<br \/>\n<span class=\"wpcf7-form-control-wrap\" data-name=\"your-phone\"><input size=\"40\" maxlength=\"400\" class=\"wpcf7-form-control wpcf7-text wpcf7-validates-as-required\" aria-required=\"true\" aria-invalid=\"false\" value=\"\" type=\"text\" name=\"your-phone\" \/><\/span> <\/label><br \/>\n<label> Email *:<br \/>\n<span class=\"wpcf7-form-control-wrap\" data-name=\"your-email\"><input size=\"40\" maxlength=\"400\" class=\"wpcf7-form-control wpcf7-email wpcf7-validates-as-required wpcf7-text wpcf7-validates-as-email\" aria-required=\"true\" aria-invalid=\"false\" value=\"\" type=\"email\" name=\"your-email\" \/><\/span> <\/label><br \/>\n<label> Request *:<br \/>\n<span class=\"wpcf7-form-control-wrap\" data-name=\"your-message\"><textarea cols=\"40\" rows=\"3\" maxlength=\"2000\" class=\"wpcf7-form-control wpcf7-textarea wpcf7-validates-as-required\" aria-required=\"true\" aria-invalid=\"false\" name=\"your-message\"><\/textarea><\/span> <\/label><br \/>\n<label> Products and services:<br \/>\n<span class=\"wpcf7-form-control-wrap productname\" data-name=\"productname\"><input type=\"text\" name=\"productname\" class=\"wpcf7-form-control wpcf7-text wpcf7dtx wpcf7dtx-text\" aria-invalid=\"false\" readonly=\"readonly\" value=\"Xe n\u00e2ng x\u1ebfp Pallet - \u0111i\u1ec7n v\u00e0 tay\"><\/span><\/label><br \/>\n<label><br \/>\n<input class=\"wpcf7-form-control wpcf7-submit has-spinner\" type=\"submit\" value=\"Send Inquiry\" \/><\/label><br \/>\n<span class=\"wpcf7-form-control-wrap productlink\" data-name=\"productlink\"><input type=\"hidden\" name=\"productlink\" class=\"wpcf7-form-control wpcf7-hidden wpcf7dtx wpcf7dtx-hidden\" aria-invalid=\"false\" value=\"https:\/\/dpt-mh.com\/en\/en\/wp-json\/wp\/v2\/pages\/135\"><\/span>\n<\/p><div class=\"wpcf7-response-output\" aria-hidden=\"true\"><\/div>\n<input type=\"hidden\" name=\"trp-form-language\" value=\"en\"\/><\/form>\n<\/div>\n<\/div><\/div><\/div><\/div>\n<\/div>","protected":false},"excerpt":{"rendered":"Xe n\u00e2ng x\u1ebfp Pallet - \u0111i\u1ec7n v\u00e0 tay Xe n\u00e2ng x\u1ebfp d\u00f9ng tay, Xe n\u00e2ng x\u1ebfp d\u00f9ng c\u1ea3 \u0111i\u1ec7n v\u00e0 tay v\u00e0 Xe n\u00e2ng x\u1ebfp \u0111i\u1ec7n \u0111\u01b0\u1ee3c d\u00f9ng \u0111\u1ec3 di chuy\u1ec3n pallet v\u1edbi kh\u1ea3 n\u0103ng x\u1ebfp ch\u1ed3ng pallets l\u00ean nhi\u1ec1u \u0111\u1ed9 cao \u0111\u1ec3 t\u1eadn d\u1ee5ng t\u1ed1i \u0111a kh\u00f4ng gian kho. Ch\u1ecdn lo\u1ea1i xe n\u00e2ng x\u1ebfp [...]","protected":false},"author":1,"featured_media":0,"parent":88,"menu_order":0,"comment_status":"closed","ping_status":"closed","template":"languages\/page-fullwidth.php","meta":{"footnotes":""},"class_list":["post-135","page","type-page","status-publish","hentry"],"yoast_head":"<!-- This site is optimized with the Yoast SEO plugin v26.8 - https:\/\/yoast.com\/product\/yoast-seo-wordpress\/ -->\n<title>Xe n\u00e2ng x\u1ebfp Pallet - \u0111i\u1ec7n v\u00e0 tay - DPT - Nh\u00e0 cung c\u1ea5p xe n\u00e2ng \u0110\u1ee9c<\/title>\n<meta name=\"robots\" content=\"index, follow, max-snippet:-1, max-image-preview:large, max-video-preview:-1\" \/>\n<link rel=\"canonical\" href=\"https:\/\/dpt-mh.com\/en\/san-pham\/xe-nang-xep-pallet-dien-va-tay\/\" \/>\n<meta property=\"og:locale\" content=\"en_GB\" \/>\n<meta property=\"og:type\" content=\"article\" \/>\n<meta property=\"og:title\" content=\"Xe n\u00e2ng x\u1ebfp Pallet - \u0111i\u1ec7n v\u00e0 tay - DPT - Nh\u00e0 cung c\u1ea5p xe n\u00e2ng \u0110\u1ee9c\" \/>\n<meta property=\"og:url\" content=\"https:\/\/dpt-mh.com\/en\/san-pham\/xe-nang-xep-pallet-dien-va-tay\/\" \/>\n<meta property=\"og:site_name\" content=\"DPT - Nh\u00e0 cung c\u1ea5p xe n\u00e2ng \u0110\u1ee9c\" \/>\n<meta property=\"article:modified_time\" content=\"2021-03-26T02:53:11+00:00\" \/>\n<meta property=\"og:image\" content=\"https:\/\/dpt-mh.com\/wp-content\/uploads\/2021\/03\/Cat_PS_Work_Image.jpg\" \/>\n<meta name=\"twitter:card\" content=\"summary_large_image\" \/>\n<meta name=\"twitter:label1\" content=\"Estimated reading time\" \/>\n\t<meta name=\"twitter:data1\" content=\"2 minutes\" \/>\n<script type=\"application\/ld+json\" class=\"yoast-schema-graph\">{\"@context\":\"https:\/\/schema.org\",\"@graph\":[{\"@type\":\"WebPage\",\"@id\":\"https:\/\/dpt-mh.com\/san-pham\/xe-nang-xep-pallet-dien-va-tay\/\",\"url\":\"https:\/\/dpt-mh.com\/san-pham\/xe-nang-xep-pallet-dien-va-tay\/\",\"name\":\"Xe n\u00e2ng x\u1ebfp Pallet - \u0111i\u1ec7n v\u00e0 tay - DPT - Nh\u00e0 cung c\u1ea5p xe n\u00e2ng \u0110\u1ee9c\",\"isPartOf\":{\"@id\":\"https:\/\/dpt-mh.com\/#website\"},\"primaryImageOfPage\":{\"@id\":\"https:\/\/dpt-mh.com\/san-pham\/xe-nang-xep-pallet-dien-va-tay\/#primaryimage\"},\"image\":{\"@id\":\"https:\/\/dpt-mh.com\/san-pham\/xe-nang-xep-pallet-dien-va-tay\/#primaryimage\"},\"thumbnailUrl\":\"https:\/\/dpt-mh.com\/wp-content\/uploads\/2021\/03\/Cat_PS_Work_Image.jpg\",\"datePublished\":\"2021-03-26T02:45:46+00:00\",\"dateModified\":\"2021-03-26T02:53:11+00:00\",\"breadcrumb\":{\"@id\":\"https:\/\/dpt-mh.com\/san-pham\/xe-nang-xep-pallet-dien-va-tay\/#breadcrumb\"},\"inLanguage\":\"en-GB\",\"potentialAction\":[{\"@type\":\"ReadAction\",\"target\":[\"https:\/\/dpt-mh.com\/san-pham\/xe-nang-xep-pallet-dien-va-tay\/\"]}]},{\"@type\":\"ImageObject\",\"inLanguage\":\"en-GB\",\"@id\":\"https:\/\/dpt-mh.com\/san-pham\/xe-nang-xep-pallet-dien-va-tay\/#primaryimage\",\"url\":\"https:\/\/dpt-mh.com\/wp-content\/uploads\/2021\/03\/Cat_PS_Work_Image.jpg\",\"contentUrl\":\"https:\/\/dpt-mh.com\/wp-content\/uploads\/2021\/03\/Cat_PS_Work_Image.jpg\"},{\"@type\":\"BreadcrumbList\",\"@id\":\"https:\/\/dpt-mh.com\/san-pham\/xe-nang-xep-pallet-dien-va-tay\/#breadcrumb\",\"itemListElement\":[{\"@type\":\"ListItem\",\"position\":1,\"name\":\"Home\",\"item\":\"https:\/\/dpt-mh.com\/\"},{\"@type\":\"ListItem\",\"position\":2,\"name\":\"S\u1ea3n ph\u1ea9m\",\"item\":\"https:\/\/dpt-mh.com\/en\/san-pham\/\"},{\"@type\":\"ListItem\",\"position\":3,\"name\":\"Xe n\u00e2ng x\u1ebfp Pallet &#8211; \u0111i\u1ec7n v\u00e0 tay\"}]},{\"@type\":\"WebSite\",\"@id\":\"https:\/\/dpt-mh.com\/#website\",\"url\":\"https:\/\/dpt-mh.com\/\",\"name\":\"DPT - Nh\u00e0 cung c\u1ea5p xe n\u00e2ng \u0110\u1ee9c\",\"description\":\"Vietnam lift trucks service and attachment provider\",\"potentialAction\":[{\"@type\":\"SearchAction\",\"target\":{\"@type\":\"EntryPoint\",\"urlTemplate\":\"https:\/\/dpt-mh.com\/?s={search_term_string}\"},\"query-input\":{\"@type\":\"PropertyValueSpecification\",\"valueRequired\":true,\"valueName\":\"search_term_string\"}}],\"inLanguage\":\"en-GB\"}]}<\/script>\n<!-- \/ Yoast SEO plugin. -->","yoast_head_json":{"title":"Xe n\u00e2ng x\u1ebfp Pallet - \u0111i\u1ec7n v\u00e0 tay - DPT - Nh\u00e0 cung c\u1ea5p xe n\u00e2ng \u0110\u1ee9c","robots":{"index":"index","follow":"follow","max-snippet":"max-snippet:-1","max-image-preview":"max-image-preview:large","max-video-preview":"max-video-preview:-1"},"canonical":"https:\/\/dpt-mh.com\/en\/san-pham\/xe-nang-xep-pallet-dien-va-tay\/","og_locale":"en_GB","og_type":"article","og_title":"Xe n\u00e2ng x\u1ebfp Pallet - \u0111i\u1ec7n v\u00e0 tay - DPT - Nh\u00e0 cung c\u1ea5p xe n\u00e2ng \u0110\u1ee9c","og_url":"https:\/\/dpt-mh.com\/en\/san-pham\/xe-nang-xep-pallet-dien-va-tay\/","og_site_name":"DPT - Nh\u00e0 cung c\u1ea5p xe n\u00e2ng \u0110\u1ee9c","article_modified_time":"2021-03-26T02:53:11+00:00","og_image":[{"url":"https:\/\/dpt-mh.com\/wp-content\/uploads\/2021\/03\/Cat_PS_Work_Image.jpg","type":"","width":"","height":""}],"twitter_card":"summary_large_image","twitter_misc":{"Estimated reading time":"2 minutes"},"schema":{"@context":"https:\/\/schema.org","@graph":[{"@type":"WebPage","@id":"https:\/\/dpt-mh.com\/san-pham\/xe-nang-xep-pallet-dien-va-tay\/","url":"https:\/\/dpt-mh.com\/san-pham\/xe-nang-xep-pallet-dien-va-tay\/","name":"Xe n\u00e2ng x\u1ebfp Pallet - \u0111i\u1ec7n v\u00e0 tay - DPT - Nh\u00e0 cung c\u1ea5p xe n\u00e2ng \u0110\u1ee9c","isPartOf":{"@id":"https:\/\/dpt-mh.com\/#website"},"primaryImageOfPage":{"@id":"https:\/\/dpt-mh.com\/san-pham\/xe-nang-xep-pallet-dien-va-tay\/#primaryimage"},"image":{"@id":"https:\/\/dpt-mh.com\/san-pham\/xe-nang-xep-pallet-dien-va-tay\/#primaryimage"},"thumbnailUrl":"https:\/\/dpt-mh.com\/wp-content\/uploads\/2021\/03\/Cat_PS_Work_Image.jpg","datePublished":"2021-03-26T02:45:46+00:00","dateModified":"2021-03-26T02:53:11+00:00","breadcrumb":{"@id":"https:\/\/dpt-mh.com\/san-pham\/xe-nang-xep-pallet-dien-va-tay\/#breadcrumb"},"inLanguage":"en-GB","potentialAction":[{"@type":"ReadAction","target":["https:\/\/dpt-mh.com\/san-pham\/xe-nang-xep-pallet-dien-va-tay\/"]}]},{"@type":"ImageObject","inLanguage":"en-GB","@id":"https:\/\/dpt-mh.com\/san-pham\/xe-nang-xep-pallet-dien-va-tay\/#primaryimage","url":"https:\/\/dpt-mh.com\/wp-content\/uploads\/2021\/03\/Cat_PS_Work_Image.jpg","contentUrl":"https:\/\/dpt-mh.com\/wp-content\/uploads\/2021\/03\/Cat_PS_Work_Image.jpg"},{"@type":"BreadcrumbList","@id":"https:\/\/dpt-mh.com\/san-pham\/xe-nang-xep-pallet-dien-va-tay\/#breadcrumb","itemListElement":[{"@type":"ListItem","position":1,"name":"Home","item":"https:\/\/dpt-mh.com\/"},{"@type":"ListItem","position":2,"name":"S\u1ea3n ph\u1ea9m","item":"https:\/\/dpt-mh.com\/en\/san-pham\/"},{"@type":"ListItem","position":3,"name":"Xe n\u00e2ng x\u1ebfp Pallet &#8211; \u0111i\u1ec7n v\u00e0 tay"}]},{"@type":"WebSite","@id":"https:\/\/dpt-mh.com\/#website","url":"https:\/\/dpt-mh.com\/","name":"DPT - Nh\u00e0 cung c\u1ea5p xe n\u00e2ng \u0110\u1ee9c","description":"Vietnam lift trucks service and attachment provider","potentialAction":[{"@type":"SearchAction","target":{"@type":"EntryPoint","urlTemplate":"https:\/\/dpt-mh.com\/?s={search_term_string}"},"query-input":{"@type":"PropertyValueSpecification","valueRequired":true,"valueName":"search_term_string"}}],"inLanguage":"en-GB"}]}},"_links":{"self":[{"href":"https:\/\/dpt-mh.com\/en\/wp-json\/wp\/v2\/pages\/135","targetHints":{"allow":["GET"]}}],"collection":[{"href":"https:\/\/dpt-mh.com\/en\/wp-json\/wp\/v2\/pages"}],"about":[{"href":"https:\/\/dpt-mh.com\/en\/wp-json\/wp\/v2\/types\/page"}],"author":[{"embeddable":true,"href":"https:\/\/dpt-mh.com\/en\/wp-json\/wp\/v2\/users\/1"}],"replies":[{"embeddable":true,"href":"https:\/\/dpt-mh.com\/en\/wp-json\/wp\/v2\/comments?post=135"}],"version-history":[{"count":3,"href":"https:\/\/dpt-mh.com\/en\/wp-json\/wp\/v2\/pages\/135\/revisions"}],"predecessor-version":[{"id":143,"href":"https:\/\/dpt-mh.com\/en\/wp-json\/wp\/v2\/pages\/135\/revisions\/143"}],"up":[{"embeddable":true,"href":"https:\/\/dpt-mh.com\/en\/wp-json\/wp\/v2\/pages\/88"}],"wp:attachment":[{"href":"https:\/\/dpt-mh.com\/en\/wp-json\/wp\/v2\/media?parent=135"}],"curies":[{"name":"wp","href":"https:\/\/api.w.org\/{rel}","templated":true}]}}