{"id":144,"date":"2021-03-26T10:16:56","date_gmt":"2021-03-26T03:16:56","guid":{"rendered":"https:\/\/dpt-mh.com\/?page_id=144"},"modified":"2021-03-26T10:31:14","modified_gmt":"2021-03-26T03:31:14","slug":"xe-nang-reach-trucks","status":"publish","type":"page","link":"https:\/\/dpt-mh.com\/en\/san-pham\/xe-nang-reach-trucks\/","title":{"rendered":"Reach trucks"},"content":{"rendered":"<div class=\"wpb-content-wrapper\"><div class=\"vc_row wpb_row vc_row-fluid\"><div class=\"wpb_column vc_column_container vc_col-sm-12\"><div class=\"vc_column-inner\"><div class=\"wpb_wrapper\">\n\t<div class=\"wpb_text_column wpb_content_element\" >\n\t\t<div class=\"wpb_wrapper\">\n\t\t\t<p><img loading=\"lazy\" decoding=\"async\" class=\"alignright size-full wp-image-145\" src=\"https:\/\/dpt-mh.com\/wp-content\/uploads\/2021\/03\/Cat_RT_work.jpg\" alt=\"\" width=\"300\" height=\"225\" srcset=\"https:\/\/dpt-mh.com\/wp-content\/uploads\/2021\/03\/Cat_RT_work.jpg 300w, https:\/\/dpt-mh.com\/wp-content\/uploads\/2021\/03\/Cat_RT_work-16x12.jpg 16w\" sizes=\"auto, (max-width: 300px) 100vw, 300px\" \/>The Reach Trucks provides the best productivity and storage solution for the reach Trucks. They are designed to maximize the use of warehouse space while allowing for the lifting of goods to great heights. Reach Trucks have their batteries replaced in a separate area for multi-shift operation.<\/p>\n<p>Reach Trucks comes in many varieties, the most common being:<\/p>\n<p>Reach Truck - Narrow Road Truck - Standard<br \/>\nReach Truck - Outdoors<br \/>\nReach Truck - 4 Way<\/p>\n\n\t\t<\/div>\n\t<\/div>\n<div class=\"vc_separator wpb_content_element vc_separator_align_center vc_sep_width_100 vc_sep_pos_align_center vc_separator_no_text vc_sep_color_grey\" ><span class=\"vc_sep_holder vc_sep_holder_l\"><span class=\"vc_sep_line\"><\/span><\/span><span class=\"vc_sep_holder vc_sep_holder_r\"><span class=\"vc_sep_line\"><\/span><\/span>\n<\/div><\/div><\/div><\/div><\/div><div class=\"vc_row wpb_row vc_row-fluid\"><div class=\"wpb_column vc_column_container vc_col-sm-6 vc_col-has-fill\"><div class=\"vc_column-inner vc_custom_1616639882746\"><div class=\"wpb_wrapper\">\n\t<div class=\"wpb_text_column wpb_content_element\" >\n\t\t<div class=\"wpb_wrapper\">\n\t\t\t<h2>Reach Truck - Double deep<\/h2>\n<p>We offer new or used products of this type, from European manufacturers, both with a 1 year warranty.<br \/>\nThis vehicle works for a double deep shelf, without bottom beam - a shelf with an available area of 30%, using batteries, loading from 1.6 to 2.5 tons, lifting from 2 up to 11 meters, aisle width + turning head need only 3.2 m minimum.<\/p>\n<p>Options: Cabin for cold storage:<\/p>\n<p>Cabin consists of 2 layers of anti-shatter glass (polycarbon), 2-layer heating system, small heating resistance fiber.<\/p>\n<p>- 2-way intercom in \/ out.<\/p>\n<p>Air heating and two modes rotation 500W and 1200W<\/p>\n<p>- Get fresh air from outside.<\/p>\n<p>- One main door and two exit doors on both sides.<\/p>\n\n\t\t<\/div>\n\t<\/div>\n\n\t<div  class=\"wpb_single_image wpb_content_element vc_align_center\">\n\t\t\n\t\t<figure class=\"wpb_wrapper vc_figure\">\n\t\t\t<div class=\"vc_single_image-wrapper vc_box_shadow_border  vc_box_border_grey\"><img loading=\"lazy\" decoding=\"async\" width=\"228\" height=\"273\" src=\"https:\/\/dpt-mh.com\/wp-content\/uploads\/2021\/03\/RT-doubledeep-xe-nang-reach-truck.jpg\" class=\"vc_single_image-img attachment-full\" alt=\"\" title=\"RT-doubledeep-xe-nang-reach-truck\" srcset=\"https:\/\/dpt-mh.com\/wp-content\/uploads\/2021\/03\/RT-doubledeep-xe-nang-reach-truck.jpg 228w, https:\/\/dpt-mh.com\/wp-content\/uploads\/2021\/03\/RT-doubledeep-xe-nang-reach-truck-10x12.jpg 10w\" sizes=\"auto, (max-width: 228px) 100vw, 228px\" \/><\/div>\n\t\t<\/figure>\n\t<\/div>\n<\/div><\/div><\/div><div class=\"wpb_column vc_column_container vc_col-sm-6 vc_col-has-fill\"><div class=\"vc_column-inner vc_custom_1616482439465\"><div class=\"wpb_wrapper\">\n\t<div class=\"wpb_text_column wpb_content_element\" >\n\t\t<div class=\"wpb_wrapper\">\n\t\t\t<h2>Reach Truck - Four directions<\/h2>\n<p>We supply this product from European and American manufacturers for both new and used 100%, both with 1 year warranty.<br \/>\nApplication: Goods with long size, to save width of aisle, this reach truck can move in 4 directions with narrow corridor for reach truck 2.8 - 3m.<\/p>\n\n\t\t<\/div>\n\t<\/div>\n\n\t<div  class=\"wpb_single_image wpb_content_element vc_align_center\">\n\t\t\n\t\t<figure class=\"wpb_wrapper vc_figure\">\n\t\t\t<div class=\"vc_single_image-wrapper vc_box_shadow_border  vc_box_border_grey\"><img loading=\"lazy\" decoding=\"async\" width=\"350\" height=\"400\" src=\"https:\/\/dpt-mh.com\/wp-content\/uploads\/2021\/03\/Cat_RT_4-D-Way_xe-nang-reach-truck-bon-huong.jpg\" class=\"vc_single_image-img attachment-full\" alt=\"Cat_RT_4-D-Way_xe-nang-reach-truck-bon-huong\" title=\"Cat_RT_4-D-Way_xe-nang-reach-truck-bon-huong\" srcset=\"https:\/\/dpt-mh.com\/wp-content\/uploads\/2021\/03\/Cat_RT_4-D-Way_xe-nang-reach-truck-bon-huong.jpg 350w, https:\/\/dpt-mh.com\/wp-content\/uploads\/2021\/03\/Cat_RT_4-D-Way_xe-nang-reach-truck-bon-huong-263x300.jpg 263w, https:\/\/dpt-mh.com\/wp-content\/uploads\/2021\/03\/Cat_RT_4-D-Way_xe-nang-reach-truck-bon-huong-11x12.jpg 11w\" sizes=\"auto, (max-width: 350px) 100vw, 350px\" \/><\/div>\n\t\t<\/figure>\n\t<\/div>\n<\/div><\/div><\/div><\/div><div class=\"vc_row wpb_row vc_row-fluid vc_custom_1616729267881 vc_row-has-fill\"><div class=\"wpb_column vc_column_container vc_col-sm-6 vc_col-has-fill\"><div class=\"vc_column-inner vc_custom_1616729257803\"><div class=\"wpb_wrapper\">\n\t<div class=\"wpb_text_column wpb_content_element\" >\n\t\t<div class=\"wpb_wrapper\">\n\t\t\t<h2>Reach Truck - Outdoors<\/h2>\n<p>We supply new or used products of this type from European and American manufacturers.<br \/>\nThis vehicle has large, solid rubber wheels, can work indoors or outdoors, using batteries, load from 1.4 to 3 tons, lift from 2 to 8 meters, width go + turn head only need a minimum of 3m.<\/p>\n\n\t\t<\/div>\n\t<\/div>\n\n\t<div  class=\"wpb_single_image wpb_content_element vc_align_center\">\n\t\t\n\t\t<figure class=\"wpb_wrapper vc_figure\">\n\t\t\t<div class=\"vc_single_image-wrapper vc_box_shadow_border  vc_box_border_grey\"><img loading=\"lazy\" decoding=\"async\" width=\"240\" height=\"336\" src=\"https:\/\/dpt-mh.com\/wp-content\/uploads\/2021\/03\/Cat_RT_SE_xe-nang-reach-truck-ngoai-troi-outdoor.jpg\" class=\"vc_single_image-img attachment-full\" alt=\"\" title=\"Cat_RT_SE_xe-nang-reach-truck-ngoai-troi-outdoor\" srcset=\"https:\/\/dpt-mh.com\/wp-content\/uploads\/2021\/03\/Cat_RT_SE_xe-nang-reach-truck-ngoai-troi-outdoor.jpg 240w, https:\/\/dpt-mh.com\/wp-content\/uploads\/2021\/03\/Cat_RT_SE_xe-nang-reach-truck-ngoai-troi-outdoor-214x300.jpg 214w, https:\/\/dpt-mh.com\/wp-content\/uploads\/2021\/03\/Cat_RT_SE_xe-nang-reach-truck-ngoai-troi-outdoor-9x12.jpg 9w\" sizes=\"auto, (max-width: 240px) 100vw, 240px\" \/><\/div>\n\t\t<\/figure>\n\t<\/div>\n<\/div><\/div><\/div><div class=\"wpb_column vc_column_container vc_col-sm-6\"><div class=\"vc_column-inner\"><div class=\"wpb_wrapper\">\n\t<div class=\"wpb_text_column wpb_content_element\" >\n\t\t<div class=\"wpb_wrapper\">\n\t\t\t<h2>Reach Truck - Standard<\/h2>\n<p>We offer new or used products of this type, from European manufacturers, this vehicle works for selective racking, using batteries, load from 1 to 2, 5 tons, 2 to 11 meters high, aisle width + turn only need minimum<\/p>\n\n\t\t<\/div>\n\t<\/div>\n\n\t<div  class=\"wpb_single_image wpb_content_element vc_align_center\">\n\t\t\n\t\t<figure class=\"wpb_wrapper vc_figure\">\n\t\t\t<div class=\"vc_single_image-wrapper vc_box_shadow_border  vc_box_border_grey\"><img loading=\"lazy\" decoding=\"async\" width=\"252\" height=\"350\" src=\"https:\/\/dpt-mh.com\/wp-content\/uploads\/2021\/03\/RT-selective-racking-tieu-chuan.jpg\" class=\"vc_single_image-img attachment-full\" alt=\"\" title=\"RT selective racking-tieu-chuan\" srcset=\"https:\/\/dpt-mh.com\/wp-content\/uploads\/2021\/03\/RT-selective-racking-tieu-chuan.jpg 252w, https:\/\/dpt-mh.com\/wp-content\/uploads\/2021\/03\/RT-selective-racking-tieu-chuan-216x300.jpg 216w, https:\/\/dpt-mh.com\/wp-content\/uploads\/2021\/03\/RT-selective-racking-tieu-chuan-9x12.jpg 9w\" sizes=\"auto, (max-width: 252px) 100vw, 252px\" \/><\/div>\n\t\t<\/figure>\n\t<\/div>\n<\/div><\/div><\/div><\/div><div class=\"vc_row wpb_row vc_row-fluid\"><div class=\"wpb_column vc_column_container vc_col-sm-6\"><div class=\"vc_column-inner\"><div class=\"wpb_wrapper\"><div class=\"vc_separator wpb_content_element vc_separator_align_center vc_sep_width_100 vc_sep_pos_align_center vc_separator_no_text vc_sep_color_grey\" ><span class=\"vc_sep_holder vc_sep_holder_l\"><span class=\"vc_sep_line\"><\/span><\/span><span class=\"vc_sep_holder vc_sep_holder_r\"><span class=\"vc_sep_line\"><\/span><\/span>\n<\/div>\n\t<div class=\"wpb_text_column wpb_content_element\" >\n\t\t<div class=\"wpb_wrapper\">\n\t\t\t<h2>Reach Truck - Narrow<\/h2>\n<p>We provide this type of vehicle from the new European manufacturer 100% or used, with warranty up to 1 year.<br \/>\nThis type of vehicle has a width of 1080mm, the cabin section shrinks 980mm, the car can run into the shelf, the drive-in racks (underground racks) - available area 70%.<\/p>\n\n\t\t<\/div>\n\t<\/div>\n\n\t<div  class=\"wpb_single_image wpb_content_element vc_align_center\">\n\t\t\n\t\t<figure class=\"wpb_wrapper vc_figure\">\n\t\t\t<div class=\"vc_single_image-wrapper vc_box_shadow_border  vc_box_border_grey\"><img loading=\"lazy\" decoding=\"async\" width=\"318\" height=\"320\" src=\"https:\/\/dpt-mh.com\/wp-content\/uploads\/2021\/03\/RT-drive-in-xe-nang-reach-truck.jpg\" class=\"vc_single_image-img attachment-full\" alt=\"RT drive in-xe-nang-reach-truck\" title=\"RT drive in-xe-nang-reach-truck\" srcset=\"https:\/\/dpt-mh.com\/wp-content\/uploads\/2021\/03\/RT-drive-in-xe-nang-reach-truck.jpg 318w, https:\/\/dpt-mh.com\/wp-content\/uploads\/2021\/03\/RT-drive-in-xe-nang-reach-truck-150x150.jpg 150w, https:\/\/dpt-mh.com\/wp-content\/uploads\/2021\/03\/RT-drive-in-xe-nang-reach-truck-298x300.jpg 298w, https:\/\/dpt-mh.com\/wp-content\/uploads\/2021\/03\/RT-drive-in-xe-nang-reach-truck-12x12.jpg 12w, https:\/\/dpt-mh.com\/wp-content\/uploads\/2021\/03\/RT-drive-in-xe-nang-reach-truck-100x100.jpg 100w\" sizes=\"auto, (max-width: 318px) 100vw, 318px\" \/><\/div>\n\t\t<\/figure>\n\t<\/div>\n<\/div><\/div><\/div><div class=\"wpb_column vc_column_container vc_col-sm-6\"><div class=\"vc_column-inner\"><div class=\"wpb_wrapper\"><div class=\"vc_separator wpb_content_element vc_separator_align_center vc_sep_width_100 vc_sep_pos_align_center vc_separator_no_text vc_sep_color_grey\" ><span class=\"vc_sep_holder vc_sep_holder_l\"><span class=\"vc_sep_line\"><\/span><\/span><span class=\"vc_sep_holder vc_sep_holder_r\"><span class=\"vc_sep_line\"><\/span><\/span>\n<\/div>\n\t<div class=\"wpb_text_column wpb_content_element\" >\n\t\t<div class=\"wpb_wrapper\">\n\t\t\t<h1>Request details or quote:<\/h1>\n\n\t\t<\/div>\n\t<\/div>\n\n<div class=\"wpcf7 no-js\" id=\"wpcf7-f63-o1\" lang=\"vi\" dir=\"ltr\" data-wpcf7-id=\"63\">\n<div class=\"screen-reader-response\"><p role=\"status\" aria-live=\"polite\" aria-atomic=\"true\"><\/p> <ul><\/ul><\/div>\n<form action=\"\/en\/wp-json\/wp\/v2\/pages\/144#wpcf7-f63-o1\" method=\"post\" class=\"wpcf7-form init\" aria-label=\"Form li\u00ean h\u1ec7\" novalidate=\"novalidate\" data-status=\"init\" data-trp-original-action=\"\/en\/wp-json\/wp\/v2\/pages\/144#wpcf7-f63-o1\">\n<fieldset class=\"hidden-fields-container\"><input type=\"hidden\" name=\"_wpcf7\" value=\"63\" \/><input type=\"hidden\" name=\"_wpcf7_version\" value=\"6.1.5\" \/><input type=\"hidden\" name=\"_wpcf7_locale\" value=\"vi\" \/><input type=\"hidden\" name=\"_wpcf7_unit_tag\" value=\"wpcf7-f63-o1\" \/><input type=\"hidden\" name=\"_wpcf7_container_post\" value=\"0\" \/><input type=\"hidden\" name=\"_wpcf7_posted_data_hash\" value=\"\" \/><input type=\"hidden\" name=\"_wpcf7dtx_version\" value=\"5.0.5\" \/><input type=\"hidden\" name=\"_wpcf7_recaptcha_response\" value=\"\" \/>\n<\/fieldset>\n<p><label> Your Name *:<br \/>\n<span class=\"wpcf7-form-control-wrap\" data-name=\"your-name\"><input size=\"40\" maxlength=\"400\" class=\"wpcf7-form-control wpcf7-text wpcf7-validates-as-required\" aria-required=\"true\" aria-invalid=\"false\" value=\"\" type=\"text\" name=\"your-name\" \/><\/span> <\/label><br \/>\n<label> Phone *:<br \/>\n<span class=\"wpcf7-form-control-wrap\" data-name=\"your-phone\"><input size=\"40\" maxlength=\"400\" class=\"wpcf7-form-control wpcf7-text wpcf7-validates-as-required\" aria-required=\"true\" aria-invalid=\"false\" value=\"\" type=\"text\" name=\"your-phone\" \/><\/span> <\/label><br \/>\n<label> Email *:<br \/>\n<span class=\"wpcf7-form-control-wrap\" data-name=\"your-email\"><input size=\"40\" maxlength=\"400\" class=\"wpcf7-form-control wpcf7-email wpcf7-validates-as-required wpcf7-text wpcf7-validates-as-email\" aria-required=\"true\" aria-invalid=\"false\" value=\"\" type=\"email\" name=\"your-email\" \/><\/span> <\/label><br \/>\n<label> Request *:<br \/>\n<span class=\"wpcf7-form-control-wrap\" data-name=\"your-message\"><textarea cols=\"40\" rows=\"3\" maxlength=\"2000\" class=\"wpcf7-form-control wpcf7-textarea wpcf7-validates-as-required\" aria-required=\"true\" aria-invalid=\"false\" name=\"your-message\"><\/textarea><\/span> <\/label><br \/>\n<label> Products and services:<br \/>\n<span class=\"wpcf7-form-control-wrap productname\" data-name=\"productname\"><input type=\"text\" name=\"productname\" class=\"wpcf7-form-control wpcf7-text wpcf7dtx wpcf7dtx-text\" aria-invalid=\"false\" readonly=\"readonly\" value=\"Xe n\u00e2ng Reach trucks\"><\/span><\/label><br \/>\n<label><br \/>\n<input class=\"wpcf7-form-control wpcf7-submit has-spinner\" type=\"submit\" value=\"Send Inquiry\" \/><\/label><br \/>\n<span class=\"wpcf7-form-control-wrap productlink\" data-name=\"productlink\"><input type=\"hidden\" name=\"productlink\" class=\"wpcf7-form-control wpcf7-hidden wpcf7dtx wpcf7dtx-hidden\" aria-invalid=\"false\" value=\"https:\/\/dpt-mh.com\/en\/en\/wp-json\/wp\/v2\/pages\/144\"><\/span>\n<\/p><div class=\"wpcf7-response-output\" aria-hidden=\"true\"><\/div>\n<input type=\"hidden\" name=\"trp-form-language\" value=\"en\"\/><\/form>\n<\/div>\n<\/div><\/div><\/div><\/div>\n<\/div>","protected":false},"excerpt":{"rendered":"Xe n\u00e2ng Reach Trucks cung c\u1ea5p gi\u1ea3i ph\u00e1p l\u01b0u kho v\u00e0 ph\u00e2n b\u1ed5 h\u00e0ng ho\u00e1, \u0111\u00e2y l\u00e0 lo\u1ea1i xe n\u00e2ng c\u00f3 n\u0103ng su\u1ea5t cao nh\u1ea5t. Ch\u00fang \u0111\u01b0\u1ee3c thi\u1ebft k\u1ebf \u0111\u1ec3 t\u1eadn d\u1ee5ng t\u1ed1i \u0111a kh\u00f4ng gian kho trong khi cho ph\u00e9p n\u00e2ng h\u00e0ng t\u1edbi cao \u0111\u1ed9 l\u1edbn. Xe n\u00e2ng Reach Trucks \u0111\u01b0\u1ee3c thay b\u00ecnh \u0111i\u1ec7n [...]","protected":false},"author":1,"featured_media":0,"parent":88,"menu_order":0,"comment_status":"closed","ping_status":"closed","template":"languages\/page-fullwidth.php","meta":{"footnotes":""},"class_list":["post-144","page","type-page","status-publish","hentry"],"yoast_head":"<!-- This site is optimized with the Yoast SEO plugin v26.8 - https:\/\/yoast.com\/product\/yoast-seo-wordpress\/ -->\n<title>Xe n\u00e2ng Reach trucks - DPT - Nh\u00e0 cung c\u1ea5p xe n\u00e2ng \u0110\u1ee9c<\/title>\n<meta name=\"robots\" content=\"index, follow, max-snippet:-1, max-image-preview:large, max-video-preview:-1\" \/>\n<link rel=\"canonical\" href=\"https:\/\/dpt-mh.com\/en\/san-pham\/xe-nang-reach-trucks\/\" \/>\n<meta property=\"og:locale\" content=\"en_GB\" \/>\n<meta property=\"og:type\" content=\"article\" \/>\n<meta property=\"og:title\" content=\"Xe n\u00e2ng Reach trucks - DPT - Nh\u00e0 cung c\u1ea5p xe n\u00e2ng \u0110\u1ee9c\" \/>\n<meta property=\"og:url\" content=\"https:\/\/dpt-mh.com\/en\/san-pham\/xe-nang-reach-trucks\/\" \/>\n<meta property=\"og:site_name\" content=\"DPT - Nh\u00e0 cung c\u1ea5p xe n\u00e2ng \u0110\u1ee9c\" \/>\n<meta property=\"article:modified_time\" content=\"2021-03-26T03:31:14+00:00\" \/>\n<meta property=\"og:image\" content=\"https:\/\/dpt-mh.com\/wp-content\/uploads\/2021\/03\/Cat_RT_work.jpg\" \/>\n<meta name=\"twitter:card\" content=\"summary_large_image\" \/>\n<meta name=\"twitter:label1\" content=\"Estimated reading time\" \/>\n\t<meta name=\"twitter:data1\" content=\"3 minutes\" \/>\n<script type=\"application\/ld+json\" class=\"yoast-schema-graph\">{\"@context\":\"https:\/\/schema.org\",\"@graph\":[{\"@type\":\"WebPage\",\"@id\":\"https:\/\/dpt-mh.com\/en\/san-pham\/xe-nang-reach-trucks\/\",\"url\":\"https:\/\/dpt-mh.com\/en\/san-pham\/xe-nang-reach-trucks\/\",\"name\":\"Xe n\u00e2ng Reach trucks - DPT - Nh\u00e0 cung c\u1ea5p xe n\u00e2ng \u0110\u1ee9c\",\"isPartOf\":{\"@id\":\"https:\/\/dpt-mh.com\/#website\"},\"primaryImageOfPage\":{\"@id\":\"https:\/\/dpt-mh.com\/en\/san-pham\/xe-nang-reach-trucks\/#primaryimage\"},\"image\":{\"@id\":\"https:\/\/dpt-mh.com\/en\/san-pham\/xe-nang-reach-trucks\/#primaryimage\"},\"thumbnailUrl\":\"https:\/\/dpt-mh.com\/wp-content\/uploads\/2021\/03\/Cat_RT_work.jpg\",\"datePublished\":\"2021-03-26T03:16:56+00:00\",\"dateModified\":\"2021-03-26T03:31:14+00:00\",\"breadcrumb\":{\"@id\":\"https:\/\/dpt-mh.com\/en\/san-pham\/xe-nang-reach-trucks\/#breadcrumb\"},\"inLanguage\":\"en-GB\",\"potentialAction\":[{\"@type\":\"ReadAction\",\"target\":[\"https:\/\/dpt-mh.com\/en\/san-pham\/xe-nang-reach-trucks\/\"]}]},{\"@type\":\"ImageObject\",\"inLanguage\":\"en-GB\",\"@id\":\"https:\/\/dpt-mh.com\/en\/san-pham\/xe-nang-reach-trucks\/#primaryimage\",\"url\":\"https:\/\/dpt-mh.com\/wp-content\/uploads\/2021\/03\/Cat_RT_work.jpg\",\"contentUrl\":\"https:\/\/dpt-mh.com\/wp-content\/uploads\/2021\/03\/Cat_RT_work.jpg\"},{\"@type\":\"BreadcrumbList\",\"@id\":\"https:\/\/dpt-mh.com\/en\/san-pham\/xe-nang-reach-trucks\/#breadcrumb\",\"itemListElement\":[{\"@type\":\"ListItem\",\"position\":1,\"name\":\"Home\",\"item\":\"https:\/\/dpt-mh.com\/\"},{\"@type\":\"ListItem\",\"position\":2,\"name\":\"S\u1ea3n ph\u1ea9m\",\"item\":\"https:\/\/dpt-mh.com\/en\/san-pham\/\"},{\"@type\":\"ListItem\",\"position\":3,\"name\":\"Xe n\u00e2ng Reach trucks\"}]},{\"@type\":\"WebSite\",\"@id\":\"https:\/\/dpt-mh.com\/#website\",\"url\":\"https:\/\/dpt-mh.com\/\",\"name\":\"DPT - Nh\u00e0 cung c\u1ea5p xe n\u00e2ng \u0110\u1ee9c\",\"description\":\"Vietnam lift trucks service and attachment provider\",\"potentialAction\":[{\"@type\":\"SearchAction\",\"target\":{\"@type\":\"EntryPoint\",\"urlTemplate\":\"https:\/\/dpt-mh.com\/?s={search_term_string}\"},\"query-input\":{\"@type\":\"PropertyValueSpecification\",\"valueRequired\":true,\"valueName\":\"search_term_string\"}}],\"inLanguage\":\"en-GB\"}]}<\/script>\n<!-- \/ Yoast SEO plugin. -->","yoast_head_json":{"title":"Xe n\u00e2ng Reach trucks - DPT - Nh\u00e0 cung c\u1ea5p xe n\u00e2ng \u0110\u1ee9c","robots":{"index":"index","follow":"follow","max-snippet":"max-snippet:-1","max-image-preview":"max-image-preview:large","max-video-preview":"max-video-preview:-1"},"canonical":"https:\/\/dpt-mh.com\/en\/san-pham\/xe-nang-reach-trucks\/","og_locale":"en_GB","og_type":"article","og_title":"Xe n\u00e2ng Reach trucks - DPT - Nh\u00e0 cung c\u1ea5p xe n\u00e2ng \u0110\u1ee9c","og_url":"https:\/\/dpt-mh.com\/en\/san-pham\/xe-nang-reach-trucks\/","og_site_name":"DPT - Nh\u00e0 cung c\u1ea5p xe n\u00e2ng \u0110\u1ee9c","article_modified_time":"2021-03-26T03:31:14+00:00","og_image":[{"url":"https:\/\/dpt-mh.com\/wp-content\/uploads\/2021\/03\/Cat_RT_work.jpg","type":"","width":"","height":""}],"twitter_card":"summary_large_image","twitter_misc":{"Estimated reading time":"3 minutes"},"schema":{"@context":"https:\/\/schema.org","@graph":[{"@type":"WebPage","@id":"https:\/\/dpt-mh.com\/en\/san-pham\/xe-nang-reach-trucks\/","url":"https:\/\/dpt-mh.com\/en\/san-pham\/xe-nang-reach-trucks\/","name":"Xe n\u00e2ng Reach trucks - DPT - Nh\u00e0 cung c\u1ea5p xe n\u00e2ng \u0110\u1ee9c","isPartOf":{"@id":"https:\/\/dpt-mh.com\/#website"},"primaryImageOfPage":{"@id":"https:\/\/dpt-mh.com\/en\/san-pham\/xe-nang-reach-trucks\/#primaryimage"},"image":{"@id":"https:\/\/dpt-mh.com\/en\/san-pham\/xe-nang-reach-trucks\/#primaryimage"},"thumbnailUrl":"https:\/\/dpt-mh.com\/wp-content\/uploads\/2021\/03\/Cat_RT_work.jpg","datePublished":"2021-03-26T03:16:56+00:00","dateModified":"2021-03-26T03:31:14+00:00","breadcrumb":{"@id":"https:\/\/dpt-mh.com\/en\/san-pham\/xe-nang-reach-trucks\/#breadcrumb"},"inLanguage":"en-GB","potentialAction":[{"@type":"ReadAction","target":["https:\/\/dpt-mh.com\/en\/san-pham\/xe-nang-reach-trucks\/"]}]},{"@type":"ImageObject","inLanguage":"en-GB","@id":"https:\/\/dpt-mh.com\/en\/san-pham\/xe-nang-reach-trucks\/#primaryimage","url":"https:\/\/dpt-mh.com\/wp-content\/uploads\/2021\/03\/Cat_RT_work.jpg","contentUrl":"https:\/\/dpt-mh.com\/wp-content\/uploads\/2021\/03\/Cat_RT_work.jpg"},{"@type":"BreadcrumbList","@id":"https:\/\/dpt-mh.com\/en\/san-pham\/xe-nang-reach-trucks\/#breadcrumb","itemListElement":[{"@type":"ListItem","position":1,"name":"Home","item":"https:\/\/dpt-mh.com\/"},{"@type":"ListItem","position":2,"name":"S\u1ea3n ph\u1ea9m","item":"https:\/\/dpt-mh.com\/en\/san-pham\/"},{"@type":"ListItem","position":3,"name":"Xe n\u00e2ng Reach trucks"}]},{"@type":"WebSite","@id":"https:\/\/dpt-mh.com\/#website","url":"https:\/\/dpt-mh.com\/","name":"DPT - Nh\u00e0 cung c\u1ea5p xe n\u00e2ng \u0110\u1ee9c","description":"Vietnam lift trucks service and attachment provider","potentialAction":[{"@type":"SearchAction","target":{"@type":"EntryPoint","urlTemplate":"https:\/\/dpt-mh.com\/?s={search_term_string}"},"query-input":{"@type":"PropertyValueSpecification","valueRequired":true,"valueName":"search_term_string"}}],"inLanguage":"en-GB"}]}},"_links":{"self":[{"href":"https:\/\/dpt-mh.com\/en\/wp-json\/wp\/v2\/pages\/144","targetHints":{"allow":["GET"]}}],"collection":[{"href":"https:\/\/dpt-mh.com\/en\/wp-json\/wp\/v2\/pages"}],"about":[{"href":"https:\/\/dpt-mh.com\/en\/wp-json\/wp\/v2\/types\/page"}],"author":[{"embeddable":true,"href":"https:\/\/dpt-mh.com\/en\/wp-json\/wp\/v2\/users\/1"}],"replies":[{"embeddable":true,"href":"https:\/\/dpt-mh.com\/en\/wp-json\/wp\/v2\/comments?post=144"}],"version-history":[{"count":7,"href":"https:\/\/dpt-mh.com\/en\/wp-json\/wp\/v2\/pages\/144\/revisions"}],"predecessor-version":[{"id":158,"href":"https:\/\/dpt-mh.com\/en\/wp-json\/wp\/v2\/pages\/144\/revisions\/158"}],"up":[{"embeddable":true,"href":"https:\/\/dpt-mh.com\/en\/wp-json\/wp\/v2\/pages\/88"}],"wp:attachment":[{"href":"https:\/\/dpt-mh.com\/en\/wp-json\/wp\/v2\/media?parent=144"}],"curies":[{"name":"wp","href":"https:\/\/api.w.org\/{rel}","templated":true}]}}