{"id":18,"date":"2021-03-19T08:21:54","date_gmt":"2021-03-19T01:21:54","guid":{"rendered":"https:\/\/dpt-mh.com\/?page_id=18"},"modified":"2023-12-26T12:42:15","modified_gmt":"2023-12-26T05:42:15","slug":"home","status":"publish","type":"page","link":"https:\/\/dpt-mh.com\/en\/","title":{"rendered":"Home"},"content":{"rendered":"<div class=\"wpb-content-wrapper\"><div data-vc-full-width=\"true\" data-vc-full-width-init=\"false\" class=\"vc_row wpb_row vc_row-fluid vc_custom_1619419148443 vc_row-has-fill\"><div class=\"wpb_column vc_column_container vc_col-sm-12\"><div class=\"vc_column-inner\"><div class=\"wpb_wrapper\"><div class=\"vc_row wpb_row vc_inner vc_row-fluid\"><div class=\"wpb_column vc_column_container vc_col-sm-4\"><div class=\"vc_column-inner\"><div class=\"wpb_wrapper\"><\/div><\/div><\/div><div class=\"wpb_column vc_column_container vc_col-sm-8\"><div class=\"vc_column-inner\"><div class=\"wpb_wrapper\"><div class=\"vc_empty_space\"   style=\"height: 60px\"><span class=\"vc_empty_space_inner\"><\/span><\/div>\n\t<div class=\"wpb_text_column wpb_content_element\" >\n\t\t<div class=\"wpb_wrapper\">\n\t\t\t<h1><span style=\"color: #fff7f7; line-height: 190%;\">DPT distributes highest quality forklift products, services as well as forklift related solutions from Germany to Vietnamese customers since 2003.<\/span><\/h1>\n\n\t\t<\/div>\n\t<\/div>\n<div class=\"vc_empty_space\"   style=\"height: 40px\"><span class=\"vc_empty_space_inner\"><\/span><\/div>\n\t<div class=\"wpb_text_column wpb_content_element\" >\n\t\t<div class=\"wpb_wrapper\">\n\t\t\t<p><span style=\"color: #ffffff;\">Over 20 years of experience in the supply and after-sales support of material handling equipment<\/span><\/p>\n\n\t\t<\/div>\n\t<\/div>\n<div class=\"vc_empty_space\"   style=\"height: 245px\"><span class=\"vc_empty_space_inner\"><\/span><\/div><\/div><\/div><\/div><\/div><\/div><\/div><\/div><\/div><div class=\"vc_row-full-width vc_clearfix\"><\/div><div class=\"vc_row wpb_row vc_row-fluid\"><div class=\"wpb_column vc_column_container vc_col-sm-12\"><div class=\"vc_column-inner\"><div class=\"wpb_wrapper\"><div class=\"vc_empty_space\"   style=\"height: 50px\"><span class=\"vc_empty_space_inner\"><\/span><\/div>\n\t<div class=\"wpb_text_column wpb_content_element\" >\n\t\t<div class=\"wpb_wrapper\">\n\t\t\t<p style=\"text-align: center;\"><span style=\"font-weight: bold; font-size: 250%;\">DPT sells:<\/span><\/p>\n<p>&nbsp;<\/p>\n<p style=\"text-align: center;\"><span style=\"font-size: 150%;\">Electric forklifts, LPG forklifts, hand lift trucks, cranes, golf carts, trailers, warehouse frames ..<\/span><\/p>\n\n\t\t<\/div>\n\t<\/div>\n<div class=\"vc_empty_space\"   style=\"height: 50px\"><span class=\"vc_empty_space_inner\"><\/span><\/div>\n\t<div  class=\"wpb_single_image wpb_content_element vc_align_center  wpb_animate_when_almost_visible wpb_fadeInUp fadeInUp\">\n\t\t\n\t\t<figure class=\"wpb_wrapper vc_figure\">\n\t\t\t<div class=\"vc_single_image-wrapper   vc_box_border_grey\"><img loading=\"lazy\" decoding=\"async\" width=\"1003\" height=\"300\" src=\"https:\/\/dpt-mh.com\/wp-content\/uploads\/2021\/03\/1_en.jpg\" class=\"vc_single_image-img attachment-full\" alt=\"dpt linde still forklift xe nang\" title=\"dpt linde still forklift xe nang\" srcset=\"https:\/\/dpt-mh.com\/wp-content\/uploads\/2021\/03\/1_en.jpg 1003w, https:\/\/dpt-mh.com\/wp-content\/uploads\/2021\/03\/1_en-300x90.jpg 300w, https:\/\/dpt-mh.com\/wp-content\/uploads\/2021\/03\/1_en-768x230.jpg 768w, https:\/\/dpt-mh.com\/wp-content\/uploads\/2021\/03\/1_en-16x5.jpg 16w, https:\/\/dpt-mh.com\/wp-content\/uploads\/2021\/03\/1_en-600x179.jpg 600w\" sizes=\"auto, (max-width: 1003px) 100vw, 1003px\" \/><\/div>\n\t\t<\/figure>\n\t<\/div>\n<div class=\"vc_empty_space\"   style=\"height: 50px\"><span class=\"vc_empty_space_inner\"><\/span><\/div><\/div><\/div><\/div><\/div><div data-vc-full-width=\"true\" data-vc-full-width-init=\"false\" class=\"vc_row wpb_row vc_row-fluid vc_custom_1617161495863 vc_row-has-fill\"><div class=\"wpb_column vc_column_container vc_col-sm-12\"><div class=\"vc_column-inner\"><div class=\"wpb_wrapper\"><div class=\"vc_empty_space\"   style=\"height: 50px\"><span class=\"vc_empty_space_inner\"><\/span><\/div>\n\t<div class=\"wpb_text_column wpb_content_element\" >\n\t\t<div class=\"wpb_wrapper\">\n\t\t\t<p style=\"text-align: center;\"><span style=\"font-weight: bold; font-size: 250%;\">DPT provides services:<\/span><\/p>\n<p>&nbsp;<\/p>\n<p style=\"text-align: center;\"><span style=\"font-size: 150%;\">All forklift services: maintenance, replacement, repair, inspection, driver training ...<\/span><\/p>\n\n\t\t<\/div>\n\t<\/div>\n<div class=\"vc_empty_space\"   style=\"height: 50px\"><span class=\"vc_empty_space_inner\"><\/span><\/div><div class=\"vc_row wpb_row vc_inner vc_row-fluid\"><div class=\"wpb_column vc_column_container vc_col-sm-3\"><div class=\"vc_column-inner\"><div class=\"wpb_wrapper\"><div class=\"vc_icon_element vc_icon_element-outer wpb_animate_when_almost_visible wpb_flipInY flipInY vc_icon_element-align-center\"><div class=\"vc_icon_element-inner vc_icon_element-color-juicy_pink vc_icon_element-size-xl vc_icon_element-style- vc_icon_element-background-color-grey\" ><span class=\"vc_icon_element-icon fas fa-luggage-cart\" ><\/span><a class=\"vc_icon_element-link\" href=\"https:\/\/dpt-mh.com\/services\/dao-tao-lai-xe-nang-lift-truck\/\"  title=\"Lift trucks driving training\" target=\"_self\"><\/a><\/div><\/div>\n\t<div class=\"wpb_text_column wpb_content_element\" >\n\t\t<div class=\"wpb_wrapper\">\n\t\t\t<h1 style=\"text-align: center;\"><a href=\"https:\/\/dpt-mh.com\/services\/dao-tao-lai-xe-nang-lift-truck\/\">Lift trucks for sales<\/a><\/h1>\n\n\t\t<\/div>\n\t<\/div>\n<\/div><\/div><\/div><div class=\"wpb_column vc_column_container vc_col-sm-3\"><div class=\"vc_column-inner\"><div class=\"wpb_wrapper\"><div class=\"vc_icon_element vc_icon_element-outer wpb_animate_when_almost_visible wpb_flipInY flipInY vc_icon_element-align-center\"><div class=\"vc_icon_element-inner vc_icon_element-color-juicy_pink vc_icon_element-size-xl vc_icon_element-style- vc_icon_element-background-color-grey\" ><span class=\"vc_icon_element-icon fas fa-truck-loading\" ><\/span><a class=\"vc_icon_element-link\" href=\"https:\/\/dpt-mh.com\/services\/cho-thue-xe-nang\/\"  title=\"Forklift rental\" target=\"_self\"><\/a><\/div><\/div>\n\t<div class=\"wpb_text_column wpb_content_element\" >\n\t\t<div class=\"wpb_wrapper\">\n\t\t\t<h1 style=\"text-align: center;\"><a href=\"https:\/\/dpt-mh.com\/services\/cho-thue-xe-nang\/\">Forklift rental<\/a><\/h1>\n\n\t\t<\/div>\n\t<\/div>\n<\/div><\/div><\/div><div class=\"wpb_column vc_column_container vc_col-sm-3\"><div class=\"vc_column-inner\"><div class=\"wpb_wrapper\"><div class=\"vc_icon_element vc_icon_element-outer wpb_animate_when_almost_visible wpb_flipInY flipInY vc_icon_element-align-center\"><div class=\"vc_icon_element-inner vc_icon_element-color-juicy_pink vc_icon_element-size-xl vc_icon_element-style- vc_icon_element-background-color-grey\" ><span class=\"vc_icon_element-icon fas fa-tools\" ><\/span><a class=\"vc_icon_element-link\" href=\"https:\/\/dpt-mh.com\/services\/bao-tri-sua-chua-xe-nang\/\"  title=\"Maintenance and repair of forklifts\" target=\"_self\"><\/a><\/div><\/div>\n\t<div class=\"wpb_text_column wpb_content_element\" >\n\t\t<div class=\"wpb_wrapper\">\n\t\t\t<h1 style=\"text-align: center;\"><a href=\"https:\/\/dpt-mh.com\/services\/bao-tri-sua-chua-xe-nang\/\">Maintenance, repair and sale of spare parts<\/a><\/h1>\n\n\t\t<\/div>\n\t<\/div>\n<\/div><\/div><\/div><div class=\"wpb_column vc_column_container vc_col-sm-3\"><div class=\"vc_column-inner\"><div class=\"wpb_wrapper\"><div class=\"vc_icon_element vc_icon_element-outer wpb_animate_when_almost_visible wpb_flipInY flipInY vc_icon_element-align-center\"><div class=\"vc_icon_element-inner vc_icon_element-color-juicy_pink vc_icon_element-size-xl vc_icon_element-style- vc_icon_element-background-color-grey\" ><span class=\"vc_icon_element-icon fas fa-charging-station\" ><\/span><a class=\"vc_icon_element-link\" href=\"https:\/\/dpt-mh.com\/services\/thay-the-phu-tung-thuy-luc-acquy\/\"  title=\"Attaching, replacing spare parts\" target=\"_self\"><\/a><\/div><\/div>\n\t<div class=\"wpb_text_column wpb_content_element\" >\n\t\t<div class=\"wpb_wrapper\">\n\t\t\t<h1 style=\"text-align: center;\"><a href=\"https:\/\/dpt-mh.com\/services\/thay-the-phu-tung-thuy-luc-acquy\/\">Attaching hydraulic equipments to your forklifts<\/a><\/h1>\n\n\t\t<\/div>\n\t<\/div>\n<\/div><\/div><\/div><\/div><div class=\"vc_empty_space\"   style=\"height: 50px\"><span class=\"vc_empty_space_inner\"><\/span><\/div><\/div><\/div><\/div><\/div><div class=\"vc_row-full-width vc_clearfix\"><\/div><div class=\"vc_row wpb_row vc_row-fluid\"><div class=\"wpb_column vc_column_container vc_col-sm-12\"><div class=\"vc_column-inner\"><div class=\"wpb_wrapper\"><div class=\"vc_empty_space\"   style=\"height: 50px\"><span class=\"vc_empty_space_inner\"><\/span><\/div>\n\t<div class=\"wpb_text_column wpb_content_element\" >\n\t\t<div class=\"wpb_wrapper\">\n\t\t\t<p style=\"text-align: center;\"><span style=\"font-weight: bold; font-size: 250%;\">Why DPT?<\/span><\/p>\n\n\t\t<\/div>\n\t<\/div>\n<div class=\"vc_empty_space\"   style=\"height: 50px\"><span class=\"vc_empty_space_inner\"><\/span><\/div>\n\t<div class=\"wpb_text_column wpb_content_element  vc_custom_1677294397519\" >\n\t\t<div class=\"wpb_wrapper\">\n\t\t\t<p>The organization, arrangement and storage of goods after production or raw materials before production, or warehouse services must be scientifically calculated how the forklift for loading and unloading goods works with highest productivity and lowest cost.<\/p>\n\n\t\t<\/div>\n\t<\/div>\n<div class=\"vc_empty_space\"   style=\"height: 50px\"><span class=\"vc_empty_space_inner\"><\/span><\/div>\n\t<div class=\"wpb_text_column wpb_content_element\" >\n\t\t<div class=\"wpb_wrapper\">\n\t\t\t<h2 style=\"text-align: center;\"><span style=\"color: #ff0000;\"><b><span lang=\"EN-US\">OUR LONGTERMS CUSTOMERS FROM PROFESSIONAL LOGISTICS COMPANIES HAS RENTALED HUNDREDS OF FORKLIFT TRUCKS FROM DPT<\/span><\/b><\/span><\/h2>\n\n\t\t<\/div>\n\t<\/div>\n<div class=\"vc_empty_space\"   style=\"height: 50px\"><span class=\"vc_empty_space_inner\"><\/span><\/div><div class=\"vc_row wpb_row vc_inner vc_row-fluid\"><div class=\"wpb_column vc_column_container vc_col-sm-6\"><div class=\"vc_column-inner\"><div class=\"wpb_wrapper\">\n\t<div  class=\"wpb_single_image wpb_content_element vc_align_right\">\n\t\t\n\t\t<figure class=\"wpb_wrapper vc_figure\">\n\t\t\t<div class=\"vc_single_image-wrapper   vc_box_border_grey\"><img loading=\"lazy\" decoding=\"async\" width=\"211\" height=\"70\" src=\"https:\/\/dpt-mh.com\/wp-content\/uploads\/2023\/12\/image001.png\" class=\"vc_single_image-img attachment-full\" alt=\"\" title=\"image001\" srcset=\"https:\/\/dpt-mh.com\/wp-content\/uploads\/2023\/12\/image001.png 211w, https:\/\/dpt-mh.com\/wp-content\/uploads\/2023\/12\/image001-18x6.png 18w\" sizes=\"auto, (max-width: 211px) 100vw, 211px\" \/><\/div>\n\t\t<\/figure>\n\t<\/div>\n<\/div><\/div><\/div><div class=\"wpb_column vc_column_container vc_col-sm-6\"><div class=\"vc_column-inner\"><div class=\"wpb_wrapper\">\n\t<div  class=\"wpb_single_image wpb_content_element vc_align_left\">\n\t\t\n\t\t<figure class=\"wpb_wrapper vc_figure\">\n\t\t\t<div class=\"vc_single_image-wrapper   vc_box_border_grey\"><img loading=\"lazy\" decoding=\"async\" width=\"243\" height=\"63\" src=\"https:\/\/dpt-mh.com\/wp-content\/uploads\/2023\/12\/image002.png\" class=\"vc_single_image-img attachment-full\" alt=\"\" title=\"image002\" srcset=\"https:\/\/dpt-mh.com\/wp-content\/uploads\/2023\/12\/image002.png 243w, https:\/\/dpt-mh.com\/wp-content\/uploads\/2023\/12\/image002-18x5.png 18w\" sizes=\"auto, (max-width: 243px) 100vw, 243px\" \/><\/div>\n\t\t<\/figure>\n\t<\/div>\n<\/div><\/div><\/div><\/div><div class=\"vc_empty_space\"   style=\"height: 50px\"><span class=\"vc_empty_space_inner\"><\/span><\/div><div class=\"vc_separator wpb_content_element vc_separator_align_center vc_sep_width_70 vc_sep_pos_align_center vc_separator_no_text vc_sep_color_juicy_pink\" ><span class=\"vc_sep_holder vc_sep_holder_l\"><span class=\"vc_sep_line\"><\/span><\/span><span class=\"vc_sep_holder vc_sep_holder_r\"><span class=\"vc_sep_line\"><\/span><\/span>\n<\/div><div class=\"vc_empty_space\"   style=\"height: 50px\"><span class=\"vc_empty_space_inner\"><\/span><\/div><div class=\"vc_row wpb_row vc_inner vc_row-fluid\"><div class=\"wpb_column vc_column_container vc_col-sm-6\"><div class=\"vc_column-inner\"><div class=\"wpb_wrapper\">\n\t<div  class=\"wpb_single_image wpb_content_element vc_align_center\">\n\t\t\n\t\t<figure class=\"wpb_wrapper vc_figure\">\n\t\t\t<div class=\"vc_single_image-wrapper   vc_box_border_grey\"><img loading=\"lazy\" decoding=\"async\" width=\"318\" height=\"320\" src=\"https:\/\/dpt-mh.com\/wp-content\/uploads\/2021\/03\/RT-drive-in-xe-nang-reach-truck.jpg\" class=\"vc_single_image-img attachment-full\" alt=\"RT drive in-xe-nang-reach-truck\" title=\"RT drive in-xe-nang-reach-truck\" srcset=\"https:\/\/dpt-mh.com\/wp-content\/uploads\/2021\/03\/RT-drive-in-xe-nang-reach-truck.jpg 318w, https:\/\/dpt-mh.com\/wp-content\/uploads\/2021\/03\/RT-drive-in-xe-nang-reach-truck-150x150.jpg 150w, https:\/\/dpt-mh.com\/wp-content\/uploads\/2021\/03\/RT-drive-in-xe-nang-reach-truck-298x300.jpg 298w, https:\/\/dpt-mh.com\/wp-content\/uploads\/2021\/03\/RT-drive-in-xe-nang-reach-truck-12x12.jpg 12w, https:\/\/dpt-mh.com\/wp-content\/uploads\/2021\/03\/RT-drive-in-xe-nang-reach-truck-100x100.jpg 100w\" sizes=\"auto, (max-width: 318px) 100vw, 318px\" \/><\/div>\n\t\t<\/figure>\n\t<\/div>\n<\/div><\/div><\/div><div class=\"wpb_column vc_column_container vc_col-sm-6\"><div class=\"vc_column-inner\"><div class=\"wpb_wrapper\">\n\t<div class=\"wpb_text_column wpb_content_element\" >\n\t\t<div class=\"wpb_wrapper\">\n\t\t\t<h1 style=\"text-align: center;\">DPT SHOP<\/h1>\n\n\t\t<\/div>\n\t<\/div>\n<div class=\"vc_empty_space\"   style=\"height: 32px\"><span class=\"vc_empty_space_inner\"><\/span><\/div>\n\t<div  class=\"wpb_single_image wpb_content_element vc_align_center\">\n\t\t\n\t\t<figure class=\"wpb_wrapper vc_figure\">\n\t\t\t<div class=\"vc_single_image-wrapper   vc_box_border_grey\"><img loading=\"lazy\" decoding=\"async\" width=\"328\" height=\"240\" src=\"https:\/\/dpt-mh.com\/wp-content\/uploads\/2021\/04\/dpt-shop.jpg\" class=\"vc_single_image-img attachment-full\" alt=\"\" title=\"dpt-shop\" srcset=\"https:\/\/dpt-mh.com\/wp-content\/uploads\/2021\/04\/dpt-shop.jpg 328w, https:\/\/dpt-mh.com\/wp-content\/uploads\/2021\/04\/dpt-shop-300x220.jpg 300w, https:\/\/dpt-mh.com\/wp-content\/uploads\/2021\/04\/dpt-shop-16x12.jpg 16w\" sizes=\"auto, (max-width: 328px) 100vw, 328px\" \/><\/div>\n\t\t<\/figure>\n\t<\/div>\n<\/div><\/div><\/div><\/div>\n\t<div class=\"wpb_text_column wpb_content_element  vc_custom_1677294434385\" >\n\t\t<div class=\"wpb_wrapper\">\n\t\t\t<p>Every business owner knows one thing about the mechanical products, that the German forklift is number one, the operation is durable, the highest productivity, they accept to buy it when the purchase price is 20-30% higher than with other brands - but they are always worried about after-sales. Even if you buy a new car, until it breaks down, you have to wait 1-2 months to have spare parts to replace (take out car service for comparison). DPT forklift company was born from 2003 up to now to solve that problem, owners do not need to invest in new vehicles, just use German imported forklift rental service, specifically LINDE has been the top sales in Europe and Germany for many decades.<\/p>\n<p>The cost of this service is competitive with Japanese forklifts, but with the productivity and safety of German forklifts.<\/p>\n<p>DPT company, specializing in trading, leasing, repairing and performing services for all kinds of forklifts such as LINDE, STILL, BT, JUNGHEINRICH, ...<\/p>\n<p>From 2000 to 2002, DPT was the only after-sales service partner of STILL - Germany vehicles in Vietnam market.<\/p>\n<p>From 2002 to 2012, DPT was also the only after-sales service partner of LINDE - Germany vehicles in the Vietnamese market.<\/p>\n<p>The line of forklifts that we provide include: hand lift trucks, electric forklifts, engine forklifts (Diesel, LPG, CNG).<\/p>\n<p>Electric vehicles for carrying people, carrying goods, towing goods in factories, golf courses, airports ...<\/p>\n<p>With office network from the city. Ho Chi Minh City - Da Nang - Hanoi, we ensure that all services of customers are always responded to the fastest.<\/p>\n<p>Over 25 years of experience in the supply and after-sales support of loading and unloading equipment, we are committed to serving you efficiently and quality.<\/p>\n<p>We have hundreds of forklifts on the market, of all types. Please contact us to get the best quotation<\/p>\n\n\t\t<\/div>\n\t<\/div>\n<\/div><\/div><\/div><\/div>\n<\/div>","protected":false},"excerpt":{"rendered":"DPT ph\u00e2n ph\u1ed1i s\u1ea3n ph\u1ea9m xe n\u00e2ng, d\u1ecbch v\u1ee5 xe n\u00e2ng c\u0169ng nh\u01b0 c\u00e1c gi\u1ea3i ph\u00e1p c\u00f3 li\u00ean quan \u0111\u1ebfn xe n\u00e2ng v\u1edbi ch\u1ea5t l\u01b0\u1ee3ng cao nh\u1ea5t t\u1eeb \u0110\u1ee9c cho kh\u00e1ch h\u00e0ng Vi\u1ec7t Nam t\u1eeb n\u0103m 2003 H\u01a1n 20 n\u0103m kinh nghi\u1ec7m trong l\u0129nh v\u1ef1c cung c\u1ea5p v\u00e0 h\u1ed7 tr\u1ee3 sau b\u00e1n h\u00e0ng v\u1ec1 thi\u1ebft [...]","protected":false},"author":1,"featured_media":0,"parent":0,"menu_order":0,"comment_status":"closed","ping_status":"closed","template":"page-fullwidth-notitle.php","meta":{"footnotes":""},"class_list":["post-18","page","type-page","status-publish","hentry"],"yoast_head":"<!-- This site is optimized with the Yoast SEO plugin v26.8 - https:\/\/yoast.com\/product\/yoast-seo-wordpress\/ -->\n<title>Home - DPT - Nh\u00e0 cung c\u1ea5p xe n\u00e2ng \u0110\u1ee9c<\/title>\n<meta name=\"robots\" content=\"index, follow, max-snippet:-1, max-image-preview:large, max-video-preview:-1\" \/>\n<link rel=\"canonical\" href=\"https:\/\/dpt-mh.com\/en\/\" \/>\n<meta property=\"og:locale\" content=\"en_GB\" \/>\n<meta property=\"og:type\" content=\"article\" \/>\n<meta property=\"og:title\" content=\"Home - DPT - Nh\u00e0 cung c\u1ea5p xe n\u00e2ng \u0110\u1ee9c\" \/>\n<meta property=\"og:url\" content=\"https:\/\/dpt-mh.com\/en\/\" \/>\n<meta property=\"og:site_name\" content=\"DPT - Nh\u00e0 cung c\u1ea5p xe n\u00e2ng \u0110\u1ee9c\" \/>\n<meta property=\"article:modified_time\" content=\"2023-12-26T05:42:15+00:00\" \/>\n<meta name=\"twitter:card\" content=\"summary_large_image\" \/>\n<meta name=\"twitter:label1\" content=\"Estimated reading time\" \/>\n\t<meta name=\"twitter:data1\" content=\"4 minutes\" \/>\n<script type=\"application\/ld+json\" class=\"yoast-schema-graph\">{\"@context\":\"https:\/\/schema.org\",\"@graph\":[{\"@type\":\"WebPage\",\"@id\":\"https:\/\/dpt-mh.com\/\",\"url\":\"https:\/\/dpt-mh.com\/\",\"name\":\"Home - DPT - Nh\u00e0 cung c\u1ea5p xe n\u00e2ng \u0110\u1ee9c\",\"isPartOf\":{\"@id\":\"https:\/\/dpt-mh.com\/#website\"},\"datePublished\":\"2021-03-19T01:21:54+00:00\",\"dateModified\":\"2023-12-26T05:42:15+00:00\",\"breadcrumb\":{\"@id\":\"https:\/\/dpt-mh.com\/#breadcrumb\"},\"inLanguage\":\"en-GB\",\"potentialAction\":[{\"@type\":\"ReadAction\",\"target\":[\"https:\/\/dpt-mh.com\/\"]}]},{\"@type\":\"BreadcrumbList\",\"@id\":\"https:\/\/dpt-mh.com\/#breadcrumb\",\"itemListElement\":[{\"@type\":\"ListItem\",\"position\":1,\"name\":\"Home\",\"item\":\"https:\/\/dpt-mh.com\/\"},{\"@type\":\"ListItem\",\"position\":2,\"name\":\"Home\"}]},{\"@type\":\"WebSite\",\"@id\":\"https:\/\/dpt-mh.com\/#website\",\"url\":\"https:\/\/dpt-mh.com\/\",\"name\":\"DPT - Nh\u00e0 cung c\u1ea5p xe n\u00e2ng \u0110\u1ee9c\",\"description\":\"Vietnam lift trucks service and attachment provider\",\"potentialAction\":[{\"@type\":\"SearchAction\",\"target\":{\"@type\":\"EntryPoint\",\"urlTemplate\":\"https:\/\/dpt-mh.com\/?s={search_term_string}\"},\"query-input\":{\"@type\":\"PropertyValueSpecification\",\"valueRequired\":true,\"valueName\":\"search_term_string\"}}],\"inLanguage\":\"en-GB\"}]}<\/script>\n<!-- \/ Yoast SEO plugin. -->","yoast_head_json":{"title":"Home - DPT - Nh\u00e0 cung c\u1ea5p xe n\u00e2ng \u0110\u1ee9c","robots":{"index":"index","follow":"follow","max-snippet":"max-snippet:-1","max-image-preview":"max-image-preview:large","max-video-preview":"max-video-preview:-1"},"canonical":"https:\/\/dpt-mh.com\/en\/","og_locale":"en_GB","og_type":"article","og_title":"Home - DPT - Nh\u00e0 cung c\u1ea5p xe n\u00e2ng \u0110\u1ee9c","og_url":"https:\/\/dpt-mh.com\/en\/","og_site_name":"DPT - Nh\u00e0 cung c\u1ea5p xe n\u00e2ng \u0110\u1ee9c","article_modified_time":"2023-12-26T05:42:15+00:00","twitter_card":"summary_large_image","twitter_misc":{"Estimated reading time":"4 minutes"},"schema":{"@context":"https:\/\/schema.org","@graph":[{"@type":"WebPage","@id":"https:\/\/dpt-mh.com\/","url":"https:\/\/dpt-mh.com\/","name":"Home - DPT - Nh\u00e0 cung c\u1ea5p xe n\u00e2ng \u0110\u1ee9c","isPartOf":{"@id":"https:\/\/dpt-mh.com\/#website"},"datePublished":"2021-03-19T01:21:54+00:00","dateModified":"2023-12-26T05:42:15+00:00","breadcrumb":{"@id":"https:\/\/dpt-mh.com\/#breadcrumb"},"inLanguage":"en-GB","potentialAction":[{"@type":"ReadAction","target":["https:\/\/dpt-mh.com\/"]}]},{"@type":"BreadcrumbList","@id":"https:\/\/dpt-mh.com\/#breadcrumb","itemListElement":[{"@type":"ListItem","position":1,"name":"Home","item":"https:\/\/dpt-mh.com\/"},{"@type":"ListItem","position":2,"name":"Home"}]},{"@type":"WebSite","@id":"https:\/\/dpt-mh.com\/#website","url":"https:\/\/dpt-mh.com\/","name":"DPT - Nh\u00e0 cung c\u1ea5p xe n\u00e2ng \u0110\u1ee9c","description":"Vietnam lift trucks service and attachment provider","potentialAction":[{"@type":"SearchAction","target":{"@type":"EntryPoint","urlTemplate":"https:\/\/dpt-mh.com\/?s={search_term_string}"},"query-input":{"@type":"PropertyValueSpecification","valueRequired":true,"valueName":"search_term_string"}}],"inLanguage":"en-GB"}]}},"_links":{"self":[{"href":"https:\/\/dpt-mh.com\/en\/wp-json\/wp\/v2\/pages\/18","targetHints":{"allow":["GET"]}}],"collection":[{"href":"https:\/\/dpt-mh.com\/en\/wp-json\/wp\/v2\/pages"}],"about":[{"href":"https:\/\/dpt-mh.com\/en\/wp-json\/wp\/v2\/types\/page"}],"author":[{"embeddable":true,"href":"https:\/\/dpt-mh.com\/en\/wp-json\/wp\/v2\/users\/1"}],"replies":[{"embeddable":true,"href":"https:\/\/dpt-mh.com\/en\/wp-json\/wp\/v2\/comments?post=18"}],"version-history":[{"count":66,"href":"https:\/\/dpt-mh.com\/en\/wp-json\/wp\/v2\/pages\/18\/revisions"}],"predecessor-version":[{"id":676,"href":"https:\/\/dpt-mh.com\/en\/wp-json\/wp\/v2\/pages\/18\/revisions\/676"}],"wp:attachment":[{"href":"https:\/\/dpt-mh.com\/en\/wp-json\/wp\/v2\/media?parent=18"}],"curies":[{"name":"wp","href":"https:\/\/api.w.org\/{rel}","templated":true}]}}