{"id":240,"date":"2021-04-02T08:53:49","date_gmt":"2021-04-02T01:53:49","guid":{"rendered":"https:\/\/dpt-mh.com\/?page_id=240"},"modified":"2021-04-19T10:18:02","modified_gmt":"2021-04-19T03:18:02","slug":"xe-nang-dung-cho-loi-di-hep-very-narrow-ailse","status":"publish","type":"page","link":"https:\/\/dpt-mh.com\/en\/san-pham\/xe-nang-dung-cho-loi-di-hep-very-narrow-ailse\/","title":{"rendered":"Forklift for narrow aisles"},"content":{"rendered":"<div class=\"wpb-content-wrapper\"><div class=\"vc_row wpb_row vc_row-fluid\"><div class=\"wpb_column vc_column_container vc_col-sm-6\"><div class=\"vc_column-inner\"><div class=\"wpb_wrapper\"><div class=\"vc_separator wpb_content_element vc_separator_align_center vc_sep_width_100 vc_sep_pos_align_center vc_separator_no_text vc_sep_color_grey\" ><span class=\"vc_sep_holder vc_sep_holder_l\"><span class=\"vc_sep_line\"><\/span><\/span><span class=\"vc_sep_holder vc_sep_holder_r\"><span class=\"vc_sep_line\"><\/span><\/span>\n<\/div>\n\t<div  class=\"wpb_single_image wpb_content_element vc_align_center\">\n\t\t\n\t\t<figure class=\"wpb_wrapper vc_figure\">\n\t\t\t<div class=\"vc_single_image-wrapper vc_box_shadow_border  vc_box_border_grey\"><img loading=\"lazy\" decoding=\"async\" width=\"303\" height=\"260\" src=\"https:\/\/dpt-mh.com\/wp-content\/uploads\/2021\/04\/Cat_VNA-very-narrow-ailse-lift-truck-forlk-xe-nang-loi-di-hep.jpg\" class=\"vc_single_image-img attachment-full\" alt=\"Cat_VNA-very-narrow-ailse-lift-truck-forlk-xe-nang-loi-di-hep\" title=\"Cat_VNA-very-narrow-ailse-lift-truck-forlk-xe-nang-loi-di-hep\" srcset=\"https:\/\/dpt-mh.com\/wp-content\/uploads\/2021\/04\/Cat_VNA-very-narrow-ailse-lift-truck-forlk-xe-nang-loi-di-hep.jpg 303w, https:\/\/dpt-mh.com\/wp-content\/uploads\/2021\/04\/Cat_VNA-very-narrow-ailse-lift-truck-forlk-xe-nang-loi-di-hep-300x257.jpg 300w, https:\/\/dpt-mh.com\/wp-content\/uploads\/2021\/04\/Cat_VNA-very-narrow-ailse-lift-truck-forlk-xe-nang-loi-di-hep-14x12.jpg 14w\" sizes=\"auto, (max-width: 303px) 100vw, 303px\" \/><\/div>\n\t\t<\/figure>\n\t<\/div>\n\n\t<div class=\"wpb_text_column wpb_content_element\" >\n\t\t<div class=\"wpb_wrapper\">\n\t\t\t<p>Xe n\u00e2ng d\u00f9ng cho l\u1ed1i \u0111i r\u1ea5t h\u1eb9p (VNA) \u0111\u01b0\u1ee3c d\u00f9ng \u0111\u1ec3 t\u1ed1i \u01b0u ho\u00e1 kh\u00f4ng gian kho v\u1edbi l\u1ed1i \u0111i h\u1eb9p v\u00e0 h\u00e0ng ch\u1ea5t cao. Xe n\u00e2ng VNA \u0111\u01b0\u1ee3c chia th\u00e0nh hai lo\u1ea1i &#8220;Man Down&#8221; v\u00e0 &#8220;Man Up&#8221;. Man Down l\u00e0 lo\u1ea1i xe n\u00e2ng d\u00f9ng cho l\u01b0u kho s\u1ed1 l\u01b0\u1ee3ng r\u1ea5t l\u1edbn, trong khi \u0111\u00f3, Man Up (hay Combi Truck) c\u00f2n c\u00f3 kh\u1ea3 n\u0103ng n\u00e2ng d\u1ee1 h\u00e0ng \u1edf cao \u0111\u1ed9 l\u1edbn. Ch\u1ecdn lo\u1ea1i VNA ph\u00f9 h\u1ee3p ph\u1ea3i xem x\u00e9t ch\u1ea5t l\u01b0\u1ee3ng c\u1ee7a s\u00e0n kho v\u00e0 khung kho. Xe n\u00e2ng VNA c\u00f2n \u0111\u01b0\u1ee3c cung c\u1ea5p \u0111\u01b0\u1eddng d\u1eabn d\u00e2y \u0111\u1ecbnh h\u01b0\u1edbng ho\u1eb7c h\u1ec7 th\u1ed1ng ray di chuy\u1ec3n trong kho. Ngo\u00e0i ra, ch\u00fang t\u00f4i c\u00f2n cung c\u1ea5p ph\u01b0\u01a1ng ti\u1ec7n thay th\u1ebf b\u00ecnh \u0111i\u1ec7n \u0111\u1ec3 ph\u1ee5c v\u1ee5 nhi\u1ec1u ca l\u00e0m vi\u1ec7c li\u00ean ti\u1ebfp.<\/p>\n<p><strong>C\u00e1c lo\u1ea1i Xe n\u00e2ng d\u00f9ng cho l\u1ed1i \u0111i si\u00eau h\u1eb9p:<\/strong><\/p>\n<ul>\n<li>Very Narrow Aisle Truck &#8211; Man Up<\/li>\n<li>Very Narrow Aisle Truck &#8211; Man Down<\/li>\n<\/ul>\n\n\t\t<\/div>\n\t<\/div>\n\n\t<div class=\"wpb_text_column wpb_content_element\" >\n\t\t<div class=\"wpb_wrapper\">\n\t\t\t<p>DPT hi\u1ec7n nay l\u00e0 \u0111\u1ea1i di\u1ec7n \u0111\u1ed9c quy\u1ec1n t\u1ea1i VN c\u1ee7a nh\u00e0 s\u1ea3n xu\u1ea5t \u0111\u1ebfn t\u1eeb \u0110\u1ee9c- Magaziner -chuy\u00ean s\u1ea3n xu\u1ea5t lo\u1ea1i xe VNA.<\/p>\n<p>Xe c\u00f3 t\u1ea3i tr\u1ecdng t\u1eeb 1100 kg \u0111\u1ebfn 2000 kg, n\u00e2ng cao \u0111\u1ebfn 15m. Lo\u1ea1i xe \u0111\u01b0a ng\u01b0\u1eddi l\u00ean \u0111\u1ec3 d\u1ec5 thao t\u00e1c\/ l\u1ea5y h\u00e0ng.<\/p>\n<p><strong>C\u00f3 ba lo\u1ea1i:<\/strong><\/p>\n<p>-ch\u1ec9 \u0111\u1ec3 l\u1ea5y h\u00e0ng b\u1eb1ng tay (order picker)<\/p>\n<p>-ch\u1ec9 c\u00f3 th\u1ec3 l\u1ea5y h\u00e0ng hai b\u00ean (telescopic forks)<\/p>\n<p>-v\u1eeba l\u1ea5y h\u00e0ng b\u1eb1ng tay, v\u1eeba l\u1ea5y hai b\u00ean, c\u00e0ng xoay \u0111\u01b0\u1ee3c (turret head)<\/p>\n<p>Easy diagnosis \/ repair without using a computer like other car manufacturers.<\/p>\n\n\t\t<\/div>\n\t<\/div>\n<\/div><\/div><\/div><div class=\"wpb_column vc_column_container vc_col-sm-6\"><div class=\"vc_column-inner\"><div class=\"wpb_wrapper\"><div class=\"vc_separator wpb_content_element vc_separator_align_center vc_sep_width_100 vc_sep_pos_align_center vc_separator_no_text vc_sep_color_grey\" ><span class=\"vc_sep_holder vc_sep_holder_l\"><span class=\"vc_sep_line\"><\/span><\/span><span class=\"vc_sep_holder vc_sep_holder_r\"><span class=\"vc_sep_line\"><\/span><\/span>\n<\/div>\n\t<div class=\"wpb_text_column wpb_content_element\" >\n\t\t<div class=\"wpb_wrapper\">\n\t\t\t<h1>Request details or quote:<\/h1>\n\n\t\t<\/div>\n\t<\/div>\n\n<div class=\"wpcf7 no-js\" id=\"wpcf7-f63-o1\" lang=\"vi\" dir=\"ltr\" data-wpcf7-id=\"63\">\n<div class=\"screen-reader-response\"><p role=\"status\" aria-live=\"polite\" aria-atomic=\"true\"><\/p> <ul><\/ul><\/div>\n<form action=\"\/en\/wp-json\/wp\/v2\/pages\/240#wpcf7-f63-o1\" method=\"post\" class=\"wpcf7-form init\" aria-label=\"Form li\u00ean h\u1ec7\" novalidate=\"novalidate\" data-status=\"init\" data-trp-original-action=\"\/en\/wp-json\/wp\/v2\/pages\/240#wpcf7-f63-o1\">\n<fieldset class=\"hidden-fields-container\"><input type=\"hidden\" name=\"_wpcf7\" value=\"63\" \/><input type=\"hidden\" name=\"_wpcf7_version\" value=\"6.1.5\" \/><input type=\"hidden\" name=\"_wpcf7_locale\" value=\"vi\" \/><input type=\"hidden\" name=\"_wpcf7_unit_tag\" value=\"wpcf7-f63-o1\" \/><input type=\"hidden\" name=\"_wpcf7_container_post\" value=\"0\" \/><input type=\"hidden\" name=\"_wpcf7_posted_data_hash\" value=\"\" \/><input type=\"hidden\" name=\"_wpcf7dtx_version\" value=\"5.0.5\" \/><input type=\"hidden\" name=\"_wpcf7_recaptcha_response\" value=\"\" \/>\n<\/fieldset>\n<p><label> Your Name *:<br \/>\n<span class=\"wpcf7-form-control-wrap\" data-name=\"your-name\"><input size=\"40\" maxlength=\"400\" class=\"wpcf7-form-control wpcf7-text wpcf7-validates-as-required\" aria-required=\"true\" aria-invalid=\"false\" value=\"\" type=\"text\" name=\"your-name\" \/><\/span> <\/label><br \/>\n<label> Phone *:<br \/>\n<span class=\"wpcf7-form-control-wrap\" data-name=\"your-phone\"><input size=\"40\" maxlength=\"400\" class=\"wpcf7-form-control wpcf7-text wpcf7-validates-as-required\" aria-required=\"true\" aria-invalid=\"false\" value=\"\" type=\"text\" name=\"your-phone\" \/><\/span> <\/label><br \/>\n<label> Email *:<br \/>\n<span class=\"wpcf7-form-control-wrap\" data-name=\"your-email\"><input size=\"40\" maxlength=\"400\" class=\"wpcf7-form-control wpcf7-email wpcf7-validates-as-required wpcf7-text wpcf7-validates-as-email\" aria-required=\"true\" aria-invalid=\"false\" value=\"\" type=\"email\" name=\"your-email\" \/><\/span> <\/label><br \/>\n<label> Request *:<br \/>\n<span class=\"wpcf7-form-control-wrap\" data-name=\"your-message\"><textarea cols=\"40\" rows=\"3\" maxlength=\"2000\" class=\"wpcf7-form-control wpcf7-textarea wpcf7-validates-as-required\" aria-required=\"true\" aria-invalid=\"false\" name=\"your-message\"><\/textarea><\/span> <\/label><br \/>\n<label> Products and services:<br \/>\n<span class=\"wpcf7-form-control-wrap productname\" data-name=\"productname\"><input type=\"text\" name=\"productname\" class=\"wpcf7-form-control wpcf7-text wpcf7dtx wpcf7dtx-text\" aria-invalid=\"false\" readonly=\"readonly\" value=\"Xe n\u00e2ng d\u00f9ng cho l\u1ed1i \u0111i h\u1eb9p\"><\/span><\/label><br \/>\n<label><br \/>\n<input class=\"wpcf7-form-control wpcf7-submit has-spinner\" type=\"submit\" value=\"Send Inquiry\" \/><\/label><br \/>\n<span class=\"wpcf7-form-control-wrap productlink\" data-name=\"productlink\"><input type=\"hidden\" name=\"productlink\" class=\"wpcf7-form-control wpcf7-hidden wpcf7dtx wpcf7dtx-hidden\" aria-invalid=\"false\" value=\"https:\/\/dpt-mh.com\/en\/en\/wp-json\/wp\/v2\/pages\/240\"><\/span>\n<\/p><div class=\"wpcf7-response-output\" aria-hidden=\"true\"><\/div>\n<input type=\"hidden\" name=\"trp-form-language\" value=\"en\"\/><\/form>\n<\/div>\n\n\t<div  class=\"wpb_single_image wpb_content_element vc_align_center\">\n\t\t\n\t\t<figure class=\"wpb_wrapper vc_figure\">\n\t\t\t<div class=\"vc_single_image-wrapper vc_box_shadow_border  vc_box_border_grey\"><img loading=\"lazy\" decoding=\"async\" width=\"352\" height=\"505\" src=\"https:\/\/dpt-mh.com\/wp-content\/uploads\/2021\/04\/VNA-Magaziner-Manup-very-narrow-ailse-lift-truck.jpg\" class=\"vc_single_image-img attachment-full\" alt=\"\" title=\"VNA -Magaziner -Manup-very-narrow-ailse-lift-truck\" srcset=\"https:\/\/dpt-mh.com\/wp-content\/uploads\/2021\/04\/VNA-Magaziner-Manup-very-narrow-ailse-lift-truck.jpg 352w, https:\/\/dpt-mh.com\/wp-content\/uploads\/2021\/04\/VNA-Magaziner-Manup-very-narrow-ailse-lift-truck-209x300.jpg 209w, https:\/\/dpt-mh.com\/wp-content\/uploads\/2021\/04\/VNA-Magaziner-Manup-very-narrow-ailse-lift-truck-8x12.jpg 8w\" sizes=\"auto, (max-width: 352px) 100vw, 352px\" \/><\/div>\n\t\t<\/figure>\n\t<\/div>\n<\/div><\/div><\/div><\/div>\n<\/div>","protected":false},"excerpt":{"rendered":"Xe n\u00e2ng d\u00f9ng cho l\u1ed1i \u0111i r\u1ea5t h\u1eb9p (VNA) \u0111\u01b0\u1ee3c d\u00f9ng \u0111\u1ec3 t\u1ed1i \u01b0u ho\u00e1 kh\u00f4ng gian kho v\u1edbi l\u1ed1i \u0111i h\u1eb9p v\u00e0 h\u00e0ng ch\u1ea5t cao. Xe n\u00e2ng VNA \u0111\u01b0\u1ee3c chia th\u00e0nh hai lo\u1ea1i \"Man Down\" v\u00e0 \"Man Up\". Man Down l\u00e0 lo\u1ea1i xe n\u00e2ng d\u00f9ng cho l\u01b0u kho s\u1ed1 l\u01b0\u1ee3ng r\u1ea5t l\u1edbn, trong khi [...]","protected":false},"author":1,"featured_media":0,"parent":88,"menu_order":0,"comment_status":"closed","ping_status":"closed","template":"languages\/page-fullwidth.php","meta":{"footnotes":""},"class_list":["post-240","page","type-page","status-publish","hentry"],"yoast_head":"<!-- This site is optimized with the Yoast SEO plugin v26.8 - https:\/\/yoast.com\/product\/yoast-seo-wordpress\/ -->\n<title>Xe n\u00e2ng d\u00f9ng cho l\u1ed1i \u0111i h\u1eb9p - DPT - Nh\u00e0 cung c\u1ea5p xe n\u00e2ng \u0110\u1ee9c<\/title>\n<meta name=\"robots\" content=\"index, follow, max-snippet:-1, max-image-preview:large, max-video-preview:-1\" \/>\n<link rel=\"canonical\" href=\"https:\/\/dpt-mh.com\/en\/san-pham\/xe-nang-dung-cho-loi-di-hep-very-narrow-ailse\/\" \/>\n<meta property=\"og:locale\" content=\"en_GB\" \/>\n<meta property=\"og:type\" content=\"article\" \/>\n<meta property=\"og:title\" content=\"Xe n\u00e2ng d\u00f9ng cho l\u1ed1i \u0111i h\u1eb9p - DPT - Nh\u00e0 cung c\u1ea5p xe n\u00e2ng \u0110\u1ee9c\" \/>\n<meta property=\"og:url\" content=\"https:\/\/dpt-mh.com\/en\/san-pham\/xe-nang-dung-cho-loi-di-hep-very-narrow-ailse\/\" \/>\n<meta property=\"og:site_name\" content=\"DPT - Nh\u00e0 cung c\u1ea5p xe n\u00e2ng \u0110\u1ee9c\" \/>\n<meta property=\"article:modified_time\" content=\"2021-04-19T03:18:02+00:00\" \/>\n<meta name=\"twitter:card\" content=\"summary_large_image\" \/>\n<meta name=\"twitter:label1\" content=\"Estimated reading time\" \/>\n\t<meta name=\"twitter:data1\" content=\"2 minutes\" \/>\n<script type=\"application\/ld+json\" class=\"yoast-schema-graph\">{\"@context\":\"https:\/\/schema.org\",\"@graph\":[{\"@type\":\"WebPage\",\"@id\":\"https:\/\/dpt-mh.com\/san-pham\/xe-nang-dung-cho-loi-di-hep-very-narrow-ailse\/\",\"url\":\"https:\/\/dpt-mh.com\/san-pham\/xe-nang-dung-cho-loi-di-hep-very-narrow-ailse\/\",\"name\":\"Xe n\u00e2ng d\u00f9ng cho l\u1ed1i \u0111i h\u1eb9p - DPT - Nh\u00e0 cung c\u1ea5p xe n\u00e2ng \u0110\u1ee9c\",\"isPartOf\":{\"@id\":\"https:\/\/dpt-mh.com\/#website\"},\"datePublished\":\"2021-04-02T01:53:49+00:00\",\"dateModified\":\"2021-04-19T03:18:02+00:00\",\"breadcrumb\":{\"@id\":\"https:\/\/dpt-mh.com\/san-pham\/xe-nang-dung-cho-loi-di-hep-very-narrow-ailse\/#breadcrumb\"},\"inLanguage\":\"en-GB\",\"potentialAction\":[{\"@type\":\"ReadAction\",\"target\":[\"https:\/\/dpt-mh.com\/san-pham\/xe-nang-dung-cho-loi-di-hep-very-narrow-ailse\/\"]}]},{\"@type\":\"BreadcrumbList\",\"@id\":\"https:\/\/dpt-mh.com\/san-pham\/xe-nang-dung-cho-loi-di-hep-very-narrow-ailse\/#breadcrumb\",\"itemListElement\":[{\"@type\":\"ListItem\",\"position\":1,\"name\":\"Home\",\"item\":\"https:\/\/dpt-mh.com\/\"},{\"@type\":\"ListItem\",\"position\":2,\"name\":\"S\u1ea3n ph\u1ea9m\",\"item\":\"https:\/\/dpt-mh.com\/en\/san-pham\/\"},{\"@type\":\"ListItem\",\"position\":3,\"name\":\"Xe n\u00e2ng d\u00f9ng cho l\u1ed1i \u0111i h\u1eb9p\"}]},{\"@type\":\"WebSite\",\"@id\":\"https:\/\/dpt-mh.com\/#website\",\"url\":\"https:\/\/dpt-mh.com\/\",\"name\":\"DPT - Nh\u00e0 cung c\u1ea5p xe n\u00e2ng \u0110\u1ee9c\",\"description\":\"Vietnam lift trucks service and attachment provider\",\"potentialAction\":[{\"@type\":\"SearchAction\",\"target\":{\"@type\":\"EntryPoint\",\"urlTemplate\":\"https:\/\/dpt-mh.com\/?s={search_term_string}\"},\"query-input\":{\"@type\":\"PropertyValueSpecification\",\"valueRequired\":true,\"valueName\":\"search_term_string\"}}],\"inLanguage\":\"en-GB\"}]}<\/script>\n<!-- \/ Yoast SEO plugin. -->","yoast_head_json":{"title":"Xe n\u00e2ng d\u00f9ng cho l\u1ed1i \u0111i h\u1eb9p - DPT - Nh\u00e0 cung c\u1ea5p xe n\u00e2ng \u0110\u1ee9c","robots":{"index":"index","follow":"follow","max-snippet":"max-snippet:-1","max-image-preview":"max-image-preview:large","max-video-preview":"max-video-preview:-1"},"canonical":"https:\/\/dpt-mh.com\/en\/san-pham\/xe-nang-dung-cho-loi-di-hep-very-narrow-ailse\/","og_locale":"en_GB","og_type":"article","og_title":"Xe n\u00e2ng d\u00f9ng cho l\u1ed1i \u0111i h\u1eb9p - DPT - Nh\u00e0 cung c\u1ea5p xe n\u00e2ng \u0110\u1ee9c","og_url":"https:\/\/dpt-mh.com\/en\/san-pham\/xe-nang-dung-cho-loi-di-hep-very-narrow-ailse\/","og_site_name":"DPT - Nh\u00e0 cung c\u1ea5p xe n\u00e2ng \u0110\u1ee9c","article_modified_time":"2021-04-19T03:18:02+00:00","twitter_card":"summary_large_image","twitter_misc":{"Estimated reading time":"2 minutes"},"schema":{"@context":"https:\/\/schema.org","@graph":[{"@type":"WebPage","@id":"https:\/\/dpt-mh.com\/san-pham\/xe-nang-dung-cho-loi-di-hep-very-narrow-ailse\/","url":"https:\/\/dpt-mh.com\/san-pham\/xe-nang-dung-cho-loi-di-hep-very-narrow-ailse\/","name":"Xe n\u00e2ng d\u00f9ng cho l\u1ed1i \u0111i h\u1eb9p - DPT - Nh\u00e0 cung c\u1ea5p xe n\u00e2ng \u0110\u1ee9c","isPartOf":{"@id":"https:\/\/dpt-mh.com\/#website"},"datePublished":"2021-04-02T01:53:49+00:00","dateModified":"2021-04-19T03:18:02+00:00","breadcrumb":{"@id":"https:\/\/dpt-mh.com\/san-pham\/xe-nang-dung-cho-loi-di-hep-very-narrow-ailse\/#breadcrumb"},"inLanguage":"en-GB","potentialAction":[{"@type":"ReadAction","target":["https:\/\/dpt-mh.com\/san-pham\/xe-nang-dung-cho-loi-di-hep-very-narrow-ailse\/"]}]},{"@type":"BreadcrumbList","@id":"https:\/\/dpt-mh.com\/san-pham\/xe-nang-dung-cho-loi-di-hep-very-narrow-ailse\/#breadcrumb","itemListElement":[{"@type":"ListItem","position":1,"name":"Home","item":"https:\/\/dpt-mh.com\/"},{"@type":"ListItem","position":2,"name":"S\u1ea3n ph\u1ea9m","item":"https:\/\/dpt-mh.com\/en\/san-pham\/"},{"@type":"ListItem","position":3,"name":"Xe n\u00e2ng d\u00f9ng cho l\u1ed1i \u0111i h\u1eb9p"}]},{"@type":"WebSite","@id":"https:\/\/dpt-mh.com\/#website","url":"https:\/\/dpt-mh.com\/","name":"DPT - Nh\u00e0 cung c\u1ea5p xe n\u00e2ng \u0110\u1ee9c","description":"Vietnam lift trucks service and attachment provider","potentialAction":[{"@type":"SearchAction","target":{"@type":"EntryPoint","urlTemplate":"https:\/\/dpt-mh.com\/?s={search_term_string}"},"query-input":{"@type":"PropertyValueSpecification","valueRequired":true,"valueName":"search_term_string"}}],"inLanguage":"en-GB"}]}},"_links":{"self":[{"href":"https:\/\/dpt-mh.com\/en\/wp-json\/wp\/v2\/pages\/240","targetHints":{"allow":["GET"]}}],"collection":[{"href":"https:\/\/dpt-mh.com\/en\/wp-json\/wp\/v2\/pages"}],"about":[{"href":"https:\/\/dpt-mh.com\/en\/wp-json\/wp\/v2\/types\/page"}],"author":[{"embeddable":true,"href":"https:\/\/dpt-mh.com\/en\/wp-json\/wp\/v2\/users\/1"}],"replies":[{"embeddable":true,"href":"https:\/\/dpt-mh.com\/en\/wp-json\/wp\/v2\/comments?post=240"}],"version-history":[{"count":3,"href":"https:\/\/dpt-mh.com\/en\/wp-json\/wp\/v2\/pages\/240\/revisions"}],"predecessor-version":[{"id":422,"href":"https:\/\/dpt-mh.com\/en\/wp-json\/wp\/v2\/pages\/240\/revisions\/422"}],"up":[{"embeddable":true,"href":"https:\/\/dpt-mh.com\/en\/wp-json\/wp\/v2\/pages\/88"}],"wp:attachment":[{"href":"https:\/\/dpt-mh.com\/en\/wp-json\/wp\/v2\/media?parent=240"}],"curies":[{"name":"wp","href":"https:\/\/api.w.org\/{rel}","templated":true}]}}