{"id":246,"date":"2021-04-02T09:15:13","date_gmt":"2021-04-02T02:15:13","guid":{"rendered":"https:\/\/dpt-mh.com\/?page_id=246"},"modified":"2021-04-02T09:15:13","modified_gmt":"2021-04-02T02:15:13","slug":"xe-keo-towing-tractors","status":"publish","type":"page","link":"https:\/\/dpt-mh.com\/en\/san-pham\/xe-keo-towing-tractors\/","title":{"rendered":"Towing tractors"},"content":{"rendered":"<div class=\"wpb-content-wrapper\"><div class=\"vc_row wpb_row vc_row-fluid\"><div class=\"wpb_column vc_column_container vc_col-sm-6\"><div class=\"vc_column-inner\"><div class=\"wpb_wrapper\"><div class=\"vc_separator wpb_content_element vc_separator_align_center vc_sep_width_100 vc_sep_pos_align_center vc_separator_no_text vc_sep_color_grey\" ><span class=\"vc_sep_holder vc_sep_holder_l\"><span class=\"vc_sep_line\"><\/span><\/span><span class=\"vc_sep_holder vc_sep_holder_r\"><span class=\"vc_sep_line\"><\/span><\/span>\n<\/div>\n\t<div  class=\"wpb_single_image wpb_content_element vc_align_center\">\n\t\t\n\t\t<figure class=\"wpb_wrapper vc_figure\">\n\t\t\t<div class=\"vc_single_image-wrapper vc_box_shadow_border  vc_box_border_grey\"><img loading=\"lazy\" decoding=\"async\" width=\"300\" height=\"225\" src=\"https:\/\/dpt-mh.com\/wp-content\/uploads\/2021\/04\/Cat_Towing_cart-xe-keo-phi-truong.jpg\" class=\"vc_single_image-img attachment-full\" alt=\"\" title=\"Cat_Towing_cart-xe-keo-phi-truong\" srcset=\"https:\/\/dpt-mh.com\/wp-content\/uploads\/2021\/04\/Cat_Towing_cart-xe-keo-phi-truong.jpg 300w, https:\/\/dpt-mh.com\/wp-content\/uploads\/2021\/04\/Cat_Towing_cart-xe-keo-phi-truong-16x12.jpg 16w\" sizes=\"auto, (max-width: 300px) 100vw, 300px\" \/><\/div>\n\t\t<\/figure>\n\t<\/div>\n\n\t<div class=\"wpb_text_column wpb_content_element\" >\n\t\t<div class=\"wpb_wrapper\">\n\t\t\t<p>Towing tractors are becoming very popular in transport, they are used extensively in harbors, train stations and airports. Transportation costs are greatly reduced by towing a series of packages with a conventional forklift. There are a variety of trailers available to suit the needs of shipping at different distances, indoors and outdoors, in the production line or between stages in the production process.<\/p>\n<p>DPT can now supply electric trailers of the manufacturer TAYLOR -DUNN: USA, specializing in manufacturing electric trailers, Tractors with towing capacity from 6000 kg to 76000 kg.<\/p>\n\n\t\t<\/div>\n\t<\/div>\n\n\t<div  class=\"wpb_single_image wpb_content_element vc_align_center\">\n\t\t\n\t\t<figure class=\"wpb_wrapper vc_figure\">\n\t\t\t<div class=\"vc_single_image-wrapper vc_box_shadow_border  vc_box_border_grey\"><img loading=\"lazy\" decoding=\"async\" width=\"242\" height=\"237\" src=\"https:\/\/dpt-mh.com\/wp-content\/uploads\/2021\/04\/tow-tractor-Taylor-Dunn-xe-keo-loai-ngoi.jpg\" class=\"vc_single_image-img attachment-full\" alt=\"\" title=\"tow tractor -Taylor Dunn-xe-keo-loai-ngoi\" srcset=\"https:\/\/dpt-mh.com\/wp-content\/uploads\/2021\/04\/tow-tractor-Taylor-Dunn-xe-keo-loai-ngoi.jpg 242w, https:\/\/dpt-mh.com\/wp-content\/uploads\/2021\/04\/tow-tractor-Taylor-Dunn-xe-keo-loai-ngoi-12x12.jpg 12w\" sizes=\"auto, (max-width: 242px) 100vw, 242px\" \/><\/div>\n\t\t<\/figure>\n\t<\/div>\n<\/div><\/div><\/div><div class=\"wpb_column vc_column_container vc_col-sm-6\"><div class=\"vc_column-inner\"><div class=\"wpb_wrapper\"><div class=\"vc_separator wpb_content_element vc_separator_align_center vc_sep_width_100 vc_sep_pos_align_center vc_separator_no_text vc_sep_color_grey\" ><span class=\"vc_sep_holder vc_sep_holder_l\"><span class=\"vc_sep_line\"><\/span><\/span><span class=\"vc_sep_holder vc_sep_holder_r\"><span class=\"vc_sep_line\"><\/span><\/span>\n<\/div>\n\t<div class=\"wpb_text_column wpb_content_element\" >\n\t\t<div class=\"wpb_wrapper\">\n\t\t\t<h1>Request details or quote:<\/h1>\n\n\t\t<\/div>\n\t<\/div>\n\n<div class=\"wpcf7 no-js\" id=\"wpcf7-f63-o1\" lang=\"vi\" dir=\"ltr\" data-wpcf7-id=\"63\">\n<div class=\"screen-reader-response\"><p role=\"status\" aria-live=\"polite\" aria-atomic=\"true\"><\/p> <ul><\/ul><\/div>\n<form action=\"\/en\/wp-json\/wp\/v2\/pages\/246#wpcf7-f63-o1\" method=\"post\" class=\"wpcf7-form init\" aria-label=\"Form li\u00ean h\u1ec7\" novalidate=\"novalidate\" data-status=\"init\" data-trp-original-action=\"\/en\/wp-json\/wp\/v2\/pages\/246#wpcf7-f63-o1\">\n<fieldset class=\"hidden-fields-container\"><input type=\"hidden\" name=\"_wpcf7\" value=\"63\" \/><input type=\"hidden\" name=\"_wpcf7_version\" value=\"6.1.5\" \/><input type=\"hidden\" name=\"_wpcf7_locale\" value=\"vi\" \/><input type=\"hidden\" name=\"_wpcf7_unit_tag\" value=\"wpcf7-f63-o1\" \/><input type=\"hidden\" name=\"_wpcf7_container_post\" value=\"0\" \/><input type=\"hidden\" name=\"_wpcf7_posted_data_hash\" value=\"\" \/><input type=\"hidden\" name=\"_wpcf7dtx_version\" value=\"5.0.5\" \/><input type=\"hidden\" name=\"_wpcf7_recaptcha_response\" value=\"\" \/>\n<\/fieldset>\n<p><label> Your Name *:<br \/>\n<span class=\"wpcf7-form-control-wrap\" data-name=\"your-name\"><input size=\"40\" maxlength=\"400\" class=\"wpcf7-form-control wpcf7-text wpcf7-validates-as-required\" aria-required=\"true\" aria-invalid=\"false\" value=\"\" type=\"text\" name=\"your-name\" \/><\/span> <\/label><br \/>\n<label> Phone *:<br \/>\n<span class=\"wpcf7-form-control-wrap\" data-name=\"your-phone\"><input size=\"40\" maxlength=\"400\" class=\"wpcf7-form-control wpcf7-text wpcf7-validates-as-required\" aria-required=\"true\" aria-invalid=\"false\" value=\"\" type=\"text\" name=\"your-phone\" \/><\/span> <\/label><br \/>\n<label> Email *:<br \/>\n<span class=\"wpcf7-form-control-wrap\" data-name=\"your-email\"><input size=\"40\" maxlength=\"400\" class=\"wpcf7-form-control wpcf7-email wpcf7-validates-as-required wpcf7-text wpcf7-validates-as-email\" aria-required=\"true\" aria-invalid=\"false\" value=\"\" type=\"email\" name=\"your-email\" \/><\/span> <\/label><br \/>\n<label> Request *:<br \/>\n<span class=\"wpcf7-form-control-wrap\" data-name=\"your-message\"><textarea cols=\"40\" rows=\"3\" maxlength=\"2000\" class=\"wpcf7-form-control wpcf7-textarea wpcf7-validates-as-required\" aria-required=\"true\" aria-invalid=\"false\" name=\"your-message\"><\/textarea><\/span> <\/label><br \/>\n<label> Products and services:<br \/>\n<span class=\"wpcf7-form-control-wrap productname\" data-name=\"productname\"><input type=\"text\" name=\"productname\" class=\"wpcf7-form-control wpcf7-text wpcf7dtx wpcf7dtx-text\" aria-invalid=\"false\" readonly=\"readonly\" value=\"Xe k\u00e9o (towing tractors)\"><\/span><\/label><br \/>\n<label><br \/>\n<input class=\"wpcf7-form-control wpcf7-submit has-spinner\" type=\"submit\" value=\"Send Inquiry\" \/><\/label><br \/>\n<span class=\"wpcf7-form-control-wrap productlink\" data-name=\"productlink\"><input type=\"hidden\" name=\"productlink\" class=\"wpcf7-form-control wpcf7-hidden wpcf7dtx wpcf7dtx-hidden\" aria-invalid=\"false\" value=\"https:\/\/dpt-mh.com\/en\/en\/wp-json\/wp\/v2\/pages\/246\"><\/span>\n<\/p><div class=\"wpcf7-response-output\" aria-hidden=\"true\"><\/div>\n<input type=\"hidden\" name=\"trp-form-language\" value=\"en\"\/><\/form>\n<\/div>\n\n\t<div class=\"wpb_text_column wpb_content_element\" >\n\t\t<div class=\"wpb_wrapper\">\n\t\t\t<p>DPT can now supply electric trailers from USA manufacturers: TAYLOR-DUNN - specializes in manufacturing electric trailers. New \/ used car supply are warranted for 1 year.<\/p>\n<p>Used vehicles can be from Europe: STILL, LINDE or BT.<\/p>\n<p>Depending on the type of vehicle, the vehicle has a towing capacity from 6000 kg to 76000 kg.<\/p>\n<p>Easy diagnosis \/ repair without using a computer like other car manufacturers.<\/p>\n\n\t\t<\/div>\n\t<\/div>\n<\/div><\/div><\/div><\/div>\n<\/div>","protected":false},"excerpt":{"rendered":"Xe k\u00e9o \u0111ang tr\u1edf n\u00ean r\u1ea5t ph\u1ed5 bi\u1ebfn trong v\u1eadn chuy\u1ec3n, ch\u00fang \u0111\u01b0\u1ee3c s\u1eed d\u1ee5ng nhi\u1ec1u \u1edf b\u1ebfn c\u1ea3ng, tr\u1ea1m xe l\u1eeda v\u00e0 s\u00e2n bay. Chi ph\u00ed v\u1eadn chuy\u1ec3n \u0111\u01b0\u1ee3c gi\u1ea3m thi\u1ec3u r\u1ea5t nhi\u1ec1u b\u1eb1ng c\u00e1ch k\u00e9o m\u1ed9t lo\u1ea1t ki\u1ec7n h\u00e0ng v\u1edbi m\u1ed9t xe n\u00e2ng th\u00f4ng th\u01b0\u1eddng. C\u00f3 nhi\u1ec1u lo\u1ea1i xe k\u00e9o \u0111\u1ec3 t\u01b0\u01a1ng th\u00edch [...]","protected":false},"author":1,"featured_media":0,"parent":88,"menu_order":0,"comment_status":"closed","ping_status":"closed","template":"languages\/page-fullwidth.php","meta":{"footnotes":""},"class_list":["post-246","page","type-page","status-publish","hentry"],"yoast_head":"<!-- This site is optimized with the Yoast SEO plugin v26.8 - https:\/\/yoast.com\/product\/yoast-seo-wordpress\/ -->\n<title>Xe k\u00e9o (towing tractors) - DPT - Nh\u00e0 cung c\u1ea5p xe n\u00e2ng \u0110\u1ee9c<\/title>\n<meta name=\"robots\" content=\"index, follow, max-snippet:-1, max-image-preview:large, max-video-preview:-1\" \/>\n<link rel=\"canonical\" href=\"https:\/\/dpt-mh.com\/en\/san-pham\/xe-keo-towing-tractors\/\" \/>\n<meta property=\"og:locale\" content=\"en_GB\" \/>\n<meta property=\"og:type\" content=\"article\" \/>\n<meta property=\"og:title\" content=\"Xe k\u00e9o (towing tractors) - DPT - Nh\u00e0 cung c\u1ea5p xe n\u00e2ng \u0110\u1ee9c\" \/>\n<meta property=\"og:url\" content=\"https:\/\/dpt-mh.com\/en\/san-pham\/xe-keo-towing-tractors\/\" \/>\n<meta property=\"og:site_name\" content=\"DPT - Nh\u00e0 cung c\u1ea5p xe n\u00e2ng \u0110\u1ee9c\" \/>\n<meta name=\"twitter:card\" content=\"summary_large_image\" \/>\n<meta name=\"twitter:label1\" content=\"Estimated reading time\" \/>\n\t<meta name=\"twitter:data1\" content=\"1 minute\" \/>\n<script type=\"application\/ld+json\" class=\"yoast-schema-graph\">{\"@context\":\"https:\/\/schema.org\",\"@graph\":[{\"@type\":\"WebPage\",\"@id\":\"https:\/\/dpt-mh.com\/san-pham\/xe-keo-towing-tractors\/\",\"url\":\"https:\/\/dpt-mh.com\/san-pham\/xe-keo-towing-tractors\/\",\"name\":\"Xe k\u00e9o (towing tractors) - DPT - Nh\u00e0 cung c\u1ea5p xe n\u00e2ng \u0110\u1ee9c\",\"isPartOf\":{\"@id\":\"https:\/\/dpt-mh.com\/#website\"},\"datePublished\":\"2021-04-02T02:15:13+00:00\",\"breadcrumb\":{\"@id\":\"https:\/\/dpt-mh.com\/san-pham\/xe-keo-towing-tractors\/#breadcrumb\"},\"inLanguage\":\"en-GB\",\"potentialAction\":[{\"@type\":\"ReadAction\",\"target\":[\"https:\/\/dpt-mh.com\/san-pham\/xe-keo-towing-tractors\/\"]}]},{\"@type\":\"BreadcrumbList\",\"@id\":\"https:\/\/dpt-mh.com\/san-pham\/xe-keo-towing-tractors\/#breadcrumb\",\"itemListElement\":[{\"@type\":\"ListItem\",\"position\":1,\"name\":\"Home\",\"item\":\"https:\/\/dpt-mh.com\/\"},{\"@type\":\"ListItem\",\"position\":2,\"name\":\"S\u1ea3n ph\u1ea9m\",\"item\":\"https:\/\/dpt-mh.com\/en\/san-pham\/\"},{\"@type\":\"ListItem\",\"position\":3,\"name\":\"Xe k\u00e9o (towing tractors)\"}]},{\"@type\":\"WebSite\",\"@id\":\"https:\/\/dpt-mh.com\/#website\",\"url\":\"https:\/\/dpt-mh.com\/\",\"name\":\"DPT - Nh\u00e0 cung c\u1ea5p xe n\u00e2ng \u0110\u1ee9c\",\"description\":\"Vietnam lift trucks service and attachment provider\",\"potentialAction\":[{\"@type\":\"SearchAction\",\"target\":{\"@type\":\"EntryPoint\",\"urlTemplate\":\"https:\/\/dpt-mh.com\/?s={search_term_string}\"},\"query-input\":{\"@type\":\"PropertyValueSpecification\",\"valueRequired\":true,\"valueName\":\"search_term_string\"}}],\"inLanguage\":\"en-GB\"}]}<\/script>\n<!-- \/ Yoast SEO plugin. -->","yoast_head_json":{"title":"Xe k\u00e9o (towing tractors) - DPT - Nh\u00e0 cung c\u1ea5p xe n\u00e2ng \u0110\u1ee9c","robots":{"index":"index","follow":"follow","max-snippet":"max-snippet:-1","max-image-preview":"max-image-preview:large","max-video-preview":"max-video-preview:-1"},"canonical":"https:\/\/dpt-mh.com\/en\/san-pham\/xe-keo-towing-tractors\/","og_locale":"en_GB","og_type":"article","og_title":"Xe k\u00e9o (towing tractors) - DPT - Nh\u00e0 cung c\u1ea5p xe n\u00e2ng \u0110\u1ee9c","og_url":"https:\/\/dpt-mh.com\/en\/san-pham\/xe-keo-towing-tractors\/","og_site_name":"DPT - Nh\u00e0 cung c\u1ea5p xe n\u00e2ng \u0110\u1ee9c","twitter_card":"summary_large_image","twitter_misc":{"Estimated reading time":"1 minute"},"schema":{"@context":"https:\/\/schema.org","@graph":[{"@type":"WebPage","@id":"https:\/\/dpt-mh.com\/san-pham\/xe-keo-towing-tractors\/","url":"https:\/\/dpt-mh.com\/san-pham\/xe-keo-towing-tractors\/","name":"Xe k\u00e9o (towing tractors) - DPT - Nh\u00e0 cung c\u1ea5p xe n\u00e2ng \u0110\u1ee9c","isPartOf":{"@id":"https:\/\/dpt-mh.com\/#website"},"datePublished":"2021-04-02T02:15:13+00:00","breadcrumb":{"@id":"https:\/\/dpt-mh.com\/san-pham\/xe-keo-towing-tractors\/#breadcrumb"},"inLanguage":"en-GB","potentialAction":[{"@type":"ReadAction","target":["https:\/\/dpt-mh.com\/san-pham\/xe-keo-towing-tractors\/"]}]},{"@type":"BreadcrumbList","@id":"https:\/\/dpt-mh.com\/san-pham\/xe-keo-towing-tractors\/#breadcrumb","itemListElement":[{"@type":"ListItem","position":1,"name":"Home","item":"https:\/\/dpt-mh.com\/"},{"@type":"ListItem","position":2,"name":"S\u1ea3n ph\u1ea9m","item":"https:\/\/dpt-mh.com\/en\/san-pham\/"},{"@type":"ListItem","position":3,"name":"Xe k\u00e9o (towing tractors)"}]},{"@type":"WebSite","@id":"https:\/\/dpt-mh.com\/#website","url":"https:\/\/dpt-mh.com\/","name":"DPT - Nh\u00e0 cung c\u1ea5p xe n\u00e2ng \u0110\u1ee9c","description":"Vietnam lift trucks service and attachment provider","potentialAction":[{"@type":"SearchAction","target":{"@type":"EntryPoint","urlTemplate":"https:\/\/dpt-mh.com\/?s={search_term_string}"},"query-input":{"@type":"PropertyValueSpecification","valueRequired":true,"valueName":"search_term_string"}}],"inLanguage":"en-GB"}]}},"_links":{"self":[{"href":"https:\/\/dpt-mh.com\/en\/wp-json\/wp\/v2\/pages\/246","targetHints":{"allow":["GET"]}}],"collection":[{"href":"https:\/\/dpt-mh.com\/en\/wp-json\/wp\/v2\/pages"}],"about":[{"href":"https:\/\/dpt-mh.com\/en\/wp-json\/wp\/v2\/types\/page"}],"author":[{"embeddable":true,"href":"https:\/\/dpt-mh.com\/en\/wp-json\/wp\/v2\/users\/1"}],"replies":[{"embeddable":true,"href":"https:\/\/dpt-mh.com\/en\/wp-json\/wp\/v2\/comments?post=246"}],"version-history":[{"count":1,"href":"https:\/\/dpt-mh.com\/en\/wp-json\/wp\/v2\/pages\/246\/revisions"}],"predecessor-version":[{"id":249,"href":"https:\/\/dpt-mh.com\/en\/wp-json\/wp\/v2\/pages\/246\/revisions\/249"}],"up":[{"embeddable":true,"href":"https:\/\/dpt-mh.com\/en\/wp-json\/wp\/v2\/pages\/88"}],"wp:attachment":[{"href":"https:\/\/dpt-mh.com\/en\/wp-json\/wp\/v2\/media?parent=246"}],"curies":[{"name":"wp","href":"https:\/\/api.w.org\/{rel}","templated":true}]}}