{"id":251,"date":"2021-04-02T10:13:40","date_gmt":"2021-04-02T03:13:40","guid":{"rendered":"https:\/\/dpt-mh.com\/?page_id=251"},"modified":"2021-04-19T10:18:26","modified_gmt":"2021-04-19T03:18:26","slug":"xe-nang-khop-xoay-articulated-forklift-trucks","status":"publish","type":"page","link":"https:\/\/dpt-mh.com\/en\/san-pham\/xe-nang-khop-xoay-articulated-forklift-trucks\/","title":{"rendered":"Articulated forklift"},"content":{"rendered":"<div class=\"wpb-content-wrapper\"><div class=\"vc_row wpb_row vc_row-fluid\"><div class=\"wpb_column vc_column_container vc_col-sm-6\"><div class=\"vc_column-inner\"><div class=\"wpb_wrapper\"><div class=\"vc_separator wpb_content_element vc_separator_align_center vc_sep_width_100 vc_sep_pos_align_center vc_separator_no_text vc_sep_color_grey\" ><span class=\"vc_sep_holder vc_sep_holder_l\"><span class=\"vc_sep_line\"><\/span><\/span><span class=\"vc_sep_holder vc_sep_holder_r\"><span class=\"vc_sep_line\"><\/span><\/span>\n<\/div>\n\t<div  class=\"wpb_single_image wpb_content_element vc_align_center\">\n\t\t\n\t\t<figure class=\"wpb_wrapper vc_figure\">\n\t\t\t<div class=\"vc_single_image-wrapper vc_box_shadow_border  vc_box_border_grey\"><img loading=\"lazy\" decoding=\"async\" width=\"238\" height=\"264\" src=\"https:\/\/dpt-mh.com\/wp-content\/uploads\/2021\/04\/articulated-forklift-xe-nang-xoay.jpg\" class=\"vc_single_image-img attachment-full\" alt=\"\" title=\"articulated-forklift-xe-nang-xoay\" srcset=\"https:\/\/dpt-mh.com\/wp-content\/uploads\/2021\/04\/articulated-forklift-xe-nang-xoay.jpg 238w, https:\/\/dpt-mh.com\/wp-content\/uploads\/2021\/04\/articulated-forklift-xe-nang-xoay-11x12.jpg 11w\" sizes=\"auto, (max-width: 238px) 100vw, 238px\" \/><\/div>\n\t\t<\/figure>\n\t<\/div>\n\n\t<div class=\"wpb_text_column wpb_content_element\" >\n\t\t<div class=\"wpb_wrapper\">\n\t\t\t<p>Ch\u00fang t\u00f4i cung c\u1ea5p nhi\u1ec1u lo\u1ea1i xe n\u00e2ng xoay \u0111\u1ec3 ph\u00f9 h\u1ee3p v\u1edbi nhu c\u1ea7u X\u1ebfp d\u1ee1 h\u00e0ng c\u1ee7a qu\u00fd kh\u00e1ch.<\/p>\n<p>Xe n\u00e2ng xoay cho ph\u00e9p l\u01b0u kho hi\u1ec7u qu\u1ea3 h\u01a1n lo\u1ea1i xe n\u00e2ng c\u00e2n b\u1eb1ng t\u1ea3i th\u00f4ng th\u01b0\u1eddng c\u0169ng nh\u01b0 xe n\u00e2ng Reach truck. Xe n\u00e2ng xoay cho ph\u00e9p t\u0103ng kho\u1ea3ng kh\u00f4ng l\u01b0u kho th\u00eam 50%. Xe n\u00e2ng xoay \u0111\u01b0\u1ee3c thi\u1ebft k\u1ebf \u0111\u1ec3 ho\u1ea1t \u0111\u1ed9ng trong nh\u00e0 v\u00e0 ngo\u00e0i tr\u1eddi v\u00e0 y\u1ebfu t\u1ed1 linh ho\u1ea1t n\u00e0y cho ph\u00e9p m\u1ed9t xe n\u00e2ng c\u00f3 th\u1ec3 s\u1eed d\u1ee5ng v\u1edbi hai vai tr\u00f2. B\u1eb1ng c\u00e1ch lo\u1ea1i nhu c\u1ea7u n\u00e2ng d\u1ee1 hai pallet c\u00f9ng v\u1edbi vi\u1ec7c t\u0103ng kh\u00f4ng gian kho, chi ph\u00ed l\u01b0u kho m\u1ed7i pallet gi\u1ea3m xu\u1ed1ng. Ch\u00fang t\u00f4i cung c\u1ea5p ph\u01b0\u01a1ng ti\u1ec7n thay th\u1ebf b\u00ecnh \u0111i\u1ec7n cho nhu c\u1ea7u ho\u1ea1t \u0111\u1ed9ng nhi\u1ec1u ca li\u00ean t\u1ee5c<\/p>\n<p><strong>Xe n\u00e2ng kh\u1edbp xoay c\u00f3 hai l\u1ecdai:<\/strong><\/p>\n\n\t\t<\/div>\n\t<\/div>\n\n\t<div  class=\"wpb_single_image wpb_content_element vc_align_center\">\n\t\t\n\t\t<figure class=\"wpb_wrapper vc_figure\">\n\t\t\t<div class=\"vc_single_image-wrapper vc_box_shadow_border  vc_box_border_grey\"><img loading=\"lazy\" decoding=\"async\" width=\"270\" height=\"353\" src=\"https:\/\/dpt-mh.com\/wp-content\/uploads\/2021\/04\/xe-nang-xoay.jpg\" class=\"vc_single_image-img attachment-full\" alt=\"\" title=\"xe-nang-xoay\" srcset=\"https:\/\/dpt-mh.com\/wp-content\/uploads\/2021\/04\/xe-nang-xoay.jpg 270w, https:\/\/dpt-mh.com\/wp-content\/uploads\/2021\/04\/xe-nang-xoay-229x300.jpg 229w, https:\/\/dpt-mh.com\/wp-content\/uploads\/2021\/04\/xe-nang-xoay-9x12.jpg 9w\" sizes=\"auto, (max-width: 270px) 100vw, 270px\" \/><\/div>\n\t\t<\/figure>\n\t<\/div>\n\n\t<div class=\"wpb_text_column wpb_content_element\" >\n\t\t<div class=\"wpb_wrapper\">\n\t\t\t<p><strong>Xe n\u00e2ng tr\u1ee5c xoay &#8211; b\u00e1nh tr\u01b0\u1edbc v\u00e0 khung n\u00e2ng xoay<\/strong><\/p>\n<p>Ch\u00fang t\u00f4i cung c\u1ea5p nhi\u1ec1u lo\u1ea1i xe n\u00e0y t\u1eeb nhi\u1ec1u h\u00e3ng s\u1ea3n xu\u1ea5t<\/p>\n<p>Xe s\u1eed d\u1ee5ng \u0111\u01b0\u1ee3c trong kho l\u1eabn ng\u00f2ai tr\u1eddi, \u0111\u1eb7c bi\u1ec7t th\u00edch h\u1ee3p cho l\u1ecdai kho c\u00f3 l\u1ed1i \u0111i r\u1ea5t h\u1eb9p (VNA)b\u1ec1 r\u1ed9ng h\u00e0nh lang t\u1eeb k\u1ec7 \u0111\u1ebfn k\u1ec7 ch\u1ec9 c\u1ea7n 1,8m c\u00f3 th\u1ec3 s\u1eed d\u1ee5ng 2 l\u1ecdai \u0103cquy ho\u1eb7c gas.\u00a0<\/p>\n\n\t\t<\/div>\n\t<\/div>\n<\/div><\/div><\/div><div class=\"wpb_column vc_column_container vc_col-sm-6\"><div class=\"vc_column-inner\"><div class=\"wpb_wrapper\"><div class=\"vc_separator wpb_content_element vc_separator_align_center vc_sep_width_100 vc_sep_pos_align_center vc_separator_no_text vc_sep_color_grey\" ><span class=\"vc_sep_holder vc_sep_holder_l\"><span class=\"vc_sep_line\"><\/span><\/span><span class=\"vc_sep_holder vc_sep_holder_r\"><span class=\"vc_sep_line\"><\/span><\/span>\n<\/div>\n\t<div class=\"wpb_text_column wpb_content_element\" >\n\t\t<div class=\"wpb_wrapper\">\n\t\t\t<h1>Request details or quote:<\/h1>\n\n\t\t<\/div>\n\t<\/div>\n\n<div class=\"wpcf7 no-js\" id=\"wpcf7-f63-o1\" lang=\"vi\" dir=\"ltr\" data-wpcf7-id=\"63\">\n<div class=\"screen-reader-response\"><p role=\"status\" aria-live=\"polite\" aria-atomic=\"true\"><\/p> <ul><\/ul><\/div>\n<form action=\"\/en\/wp-json\/wp\/v2\/pages\/251#wpcf7-f63-o1\" method=\"post\" class=\"wpcf7-form init\" aria-label=\"Form li\u00ean h\u1ec7\" novalidate=\"novalidate\" data-status=\"init\" data-trp-original-action=\"\/en\/wp-json\/wp\/v2\/pages\/251#wpcf7-f63-o1\">\n<fieldset class=\"hidden-fields-container\"><input type=\"hidden\" name=\"_wpcf7\" value=\"63\" \/><input type=\"hidden\" name=\"_wpcf7_version\" value=\"6.1.5\" \/><input type=\"hidden\" name=\"_wpcf7_locale\" value=\"vi\" \/><input type=\"hidden\" name=\"_wpcf7_unit_tag\" value=\"wpcf7-f63-o1\" \/><input type=\"hidden\" name=\"_wpcf7_container_post\" value=\"0\" \/><input type=\"hidden\" name=\"_wpcf7_posted_data_hash\" value=\"\" \/><input type=\"hidden\" name=\"_wpcf7dtx_version\" value=\"5.0.5\" \/><input type=\"hidden\" name=\"_wpcf7_recaptcha_response\" value=\"\" \/>\n<\/fieldset>\n<p><label> Your Name *:<br \/>\n<span class=\"wpcf7-form-control-wrap\" data-name=\"your-name\"><input size=\"40\" maxlength=\"400\" class=\"wpcf7-form-control wpcf7-text wpcf7-validates-as-required\" aria-required=\"true\" aria-invalid=\"false\" value=\"\" type=\"text\" name=\"your-name\" \/><\/span> <\/label><br \/>\n<label> Phone *:<br \/>\n<span class=\"wpcf7-form-control-wrap\" data-name=\"your-phone\"><input size=\"40\" maxlength=\"400\" class=\"wpcf7-form-control wpcf7-text wpcf7-validates-as-required\" aria-required=\"true\" aria-invalid=\"false\" value=\"\" type=\"text\" name=\"your-phone\" \/><\/span> <\/label><br \/>\n<label> Email *:<br \/>\n<span class=\"wpcf7-form-control-wrap\" data-name=\"your-email\"><input size=\"40\" maxlength=\"400\" class=\"wpcf7-form-control wpcf7-email wpcf7-validates-as-required wpcf7-text wpcf7-validates-as-email\" aria-required=\"true\" aria-invalid=\"false\" value=\"\" type=\"email\" name=\"your-email\" \/><\/span> <\/label><br \/>\n<label> Request *:<br \/>\n<span class=\"wpcf7-form-control-wrap\" data-name=\"your-message\"><textarea cols=\"40\" rows=\"3\" maxlength=\"2000\" class=\"wpcf7-form-control wpcf7-textarea wpcf7-validates-as-required\" aria-required=\"true\" aria-invalid=\"false\" name=\"your-message\"><\/textarea><\/span> <\/label><br \/>\n<label> Products and services:<br \/>\n<span class=\"wpcf7-form-control-wrap productname\" data-name=\"productname\"><input type=\"text\" name=\"productname\" class=\"wpcf7-form-control wpcf7-text wpcf7dtx wpcf7dtx-text\" aria-invalid=\"false\" readonly=\"readonly\" value=\"Xe n\u00e2ng kh\u1edbp xoay\"><\/span><\/label><br \/>\n<label><br \/>\n<input class=\"wpcf7-form-control wpcf7-submit has-spinner\" type=\"submit\" value=\"Send Inquiry\" \/><\/label><br \/>\n<span class=\"wpcf7-form-control-wrap productlink\" data-name=\"productlink\"><input type=\"hidden\" name=\"productlink\" class=\"wpcf7-form-control wpcf7-hidden wpcf7dtx wpcf7dtx-hidden\" aria-invalid=\"false\" value=\"https:\/\/dpt-mh.com\/en\/en\/wp-json\/wp\/v2\/pages\/251\"><\/span>\n<\/p><div class=\"wpcf7-response-output\" aria-hidden=\"true\"><\/div>\n<input type=\"hidden\" name=\"trp-form-language\" value=\"en\"\/><\/form>\n<\/div>\n\n\t<div  class=\"wpb_single_image wpb_content_element vc_align_center\">\n\t\t\n\t\t<figure class=\"wpb_wrapper vc_figure\">\n\t\t\t<div class=\"vc_single_image-wrapper vc_box_shadow_border  vc_box_border_grey\"><img loading=\"lazy\" decoding=\"async\" width=\"264\" height=\"199\" src=\"https:\/\/dpt-mh.com\/wp-content\/uploads\/2021\/04\/hinh-2-drexel.jpg\" class=\"vc_single_image-img attachment-full\" alt=\"\" title=\"hinh 2 drexel\" srcset=\"https:\/\/dpt-mh.com\/wp-content\/uploads\/2021\/04\/hinh-2-drexel.jpg 264w, https:\/\/dpt-mh.com\/wp-content\/uploads\/2021\/04\/hinh-2-drexel-16x12.jpg 16w\" sizes=\"auto, (max-width: 264px) 100vw, 264px\" \/><\/div>\n\t\t<\/figure>\n\t<\/div>\n\n\t<div class=\"wpb_text_column wpb_content_element\" >\n\t\t<div class=\"wpb_wrapper\">\n\t\t\t<p><strong>Xe n\u00e2ng tr\u1ee5c xoay &#8211; khung n\u00e2ng xoay<\/strong><\/p>\n<p>Ch\u00fang t\u00f4i cung c\u1ea5p nhi\u1ec1u lo\u1ea1i xe n\u00e0y t\u1eeb nhi\u1ec1u h\u00e3ng s\u1ea3n xu\u1ea5t,l\u1ecdai xe n\u00e0y c\u00f3 t\u1ea3i tr\u1ecdng t\u1eeb 1363kg \u0111\u1ebfn 5454 kg, c\u00f3 th\u1ec3 n\u00e2ng cao \u0111\u1ebfn 9,45m;ph\u00f9 h\u1ee3p cho c\u00e1c l\u1ecdai k\u1ec7 VNA,b\u1ec1 r\u1ed9ng h\u00e0nh lang l\u1ed1i \u0111i ch\u1ec9 c\u1ea7n t\u1eeb 1,43m, c\u00f3 th\u1ec3 s\u1eed d\u1ee5ng \u0103cquy ho\u1eb7c LPG.<\/p>\n\n\t\t<\/div>\n\t<\/div>\n<\/div><\/div><\/div><\/div>\n<\/div>","protected":false},"excerpt":{"rendered":"Ch\u00fang t\u00f4i cung c\u1ea5p nhi\u1ec1u lo\u1ea1i xe n\u00e2ng xoay \u0111\u1ec3 ph\u00f9 h\u1ee3p v\u1edbi nhu c\u1ea7u X\u1ebfp d\u1ee1 h\u00e0ng c\u1ee7a qu\u00fd kh\u00e1ch. Xe n\u00e2ng xoay cho ph\u00e9p l\u01b0u kho hi\u1ec7u qu\u1ea3 h\u01a1n lo\u1ea1i xe n\u00e2ng c\u00e2n b\u1eb1ng t\u1ea3i th\u00f4ng th\u01b0\u1eddng c\u0169ng nh\u01b0 xe n\u00e2ng Reach truck. Xe n\u00e2ng xoay cho ph\u00e9p t\u0103ng kho\u1ea3ng kh\u00f4ng l\u01b0u kho [...]","protected":false},"author":1,"featured_media":0,"parent":88,"menu_order":0,"comment_status":"closed","ping_status":"closed","template":"languages\/page-fullwidth.php","meta":{"footnotes":""},"class_list":["post-251","page","type-page","status-publish","hentry"],"yoast_head":"<!-- This site is optimized with the Yoast SEO plugin v26.8 - https:\/\/yoast.com\/product\/yoast-seo-wordpress\/ -->\n<title>Xe n\u00e2ng kh\u1edbp xoay - DPT - Nh\u00e0 cung c\u1ea5p xe n\u00e2ng \u0110\u1ee9c<\/title>\n<meta name=\"robots\" content=\"index, follow, max-snippet:-1, max-image-preview:large, max-video-preview:-1\" \/>\n<link rel=\"canonical\" href=\"https:\/\/dpt-mh.com\/en\/san-pham\/xe-nang-khop-xoay-articulated-forklift-trucks\/\" \/>\n<meta property=\"og:locale\" content=\"en_GB\" \/>\n<meta property=\"og:type\" content=\"article\" \/>\n<meta property=\"og:title\" content=\"Xe n\u00e2ng kh\u1edbp xoay - DPT - Nh\u00e0 cung c\u1ea5p xe n\u00e2ng \u0110\u1ee9c\" \/>\n<meta property=\"og:url\" content=\"https:\/\/dpt-mh.com\/en\/san-pham\/xe-nang-khop-xoay-articulated-forklift-trucks\/\" \/>\n<meta property=\"og:site_name\" content=\"DPT - Nh\u00e0 cung c\u1ea5p xe n\u00e2ng \u0110\u1ee9c\" \/>\n<meta property=\"article:modified_time\" content=\"2021-04-19T03:18:26+00:00\" \/>\n<meta name=\"twitter:card\" content=\"summary_large_image\" \/>\n<meta name=\"twitter:label1\" content=\"Estimated reading time\" \/>\n\t<meta name=\"twitter:data1\" content=\"2 minutes\" \/>\n<script type=\"application\/ld+json\" class=\"yoast-schema-graph\">{\"@context\":\"https:\/\/schema.org\",\"@graph\":[{\"@type\":\"WebPage\",\"@id\":\"https:\/\/dpt-mh.com\/en\/san-pham\/xe-nang-khop-xoay-articulated-forklift-trucks\/\",\"url\":\"https:\/\/dpt-mh.com\/en\/san-pham\/xe-nang-khop-xoay-articulated-forklift-trucks\/\",\"name\":\"Xe n\u00e2ng kh\u1edbp xoay - DPT - Nh\u00e0 cung c\u1ea5p xe n\u00e2ng \u0110\u1ee9c\",\"isPartOf\":{\"@id\":\"https:\/\/dpt-mh.com\/#website\"},\"datePublished\":\"2021-04-02T03:13:40+00:00\",\"dateModified\":\"2021-04-19T03:18:26+00:00\",\"breadcrumb\":{\"@id\":\"https:\/\/dpt-mh.com\/en\/san-pham\/xe-nang-khop-xoay-articulated-forklift-trucks\/#breadcrumb\"},\"inLanguage\":\"en-GB\",\"potentialAction\":[{\"@type\":\"ReadAction\",\"target\":[\"https:\/\/dpt-mh.com\/en\/san-pham\/xe-nang-khop-xoay-articulated-forklift-trucks\/\"]}]},{\"@type\":\"BreadcrumbList\",\"@id\":\"https:\/\/dpt-mh.com\/en\/san-pham\/xe-nang-khop-xoay-articulated-forklift-trucks\/#breadcrumb\",\"itemListElement\":[{\"@type\":\"ListItem\",\"position\":1,\"name\":\"Home\",\"item\":\"https:\/\/dpt-mh.com\/\"},{\"@type\":\"ListItem\",\"position\":2,\"name\":\"S\u1ea3n ph\u1ea9m\",\"item\":\"https:\/\/dpt-mh.com\/en\/san-pham\/\"},{\"@type\":\"ListItem\",\"position\":3,\"name\":\"Xe n\u00e2ng kh\u1edbp xoay\"}]},{\"@type\":\"WebSite\",\"@id\":\"https:\/\/dpt-mh.com\/#website\",\"url\":\"https:\/\/dpt-mh.com\/\",\"name\":\"DPT - Nh\u00e0 cung c\u1ea5p xe n\u00e2ng \u0110\u1ee9c\",\"description\":\"Vietnam lift trucks service and attachment provider\",\"potentialAction\":[{\"@type\":\"SearchAction\",\"target\":{\"@type\":\"EntryPoint\",\"urlTemplate\":\"https:\/\/dpt-mh.com\/?s={search_term_string}\"},\"query-input\":{\"@type\":\"PropertyValueSpecification\",\"valueRequired\":true,\"valueName\":\"search_term_string\"}}],\"inLanguage\":\"en-GB\"}]}<\/script>\n<!-- \/ Yoast SEO plugin. -->","yoast_head_json":{"title":"Xe n\u00e2ng kh\u1edbp xoay - DPT - Nh\u00e0 cung c\u1ea5p xe n\u00e2ng \u0110\u1ee9c","robots":{"index":"index","follow":"follow","max-snippet":"max-snippet:-1","max-image-preview":"max-image-preview:large","max-video-preview":"max-video-preview:-1"},"canonical":"https:\/\/dpt-mh.com\/en\/san-pham\/xe-nang-khop-xoay-articulated-forklift-trucks\/","og_locale":"en_GB","og_type":"article","og_title":"Xe n\u00e2ng kh\u1edbp xoay - DPT - Nh\u00e0 cung c\u1ea5p xe n\u00e2ng \u0110\u1ee9c","og_url":"https:\/\/dpt-mh.com\/en\/san-pham\/xe-nang-khop-xoay-articulated-forklift-trucks\/","og_site_name":"DPT - Nh\u00e0 cung c\u1ea5p xe n\u00e2ng \u0110\u1ee9c","article_modified_time":"2021-04-19T03:18:26+00:00","twitter_card":"summary_large_image","twitter_misc":{"Estimated reading time":"2 minutes"},"schema":{"@context":"https:\/\/schema.org","@graph":[{"@type":"WebPage","@id":"https:\/\/dpt-mh.com\/en\/san-pham\/xe-nang-khop-xoay-articulated-forklift-trucks\/","url":"https:\/\/dpt-mh.com\/en\/san-pham\/xe-nang-khop-xoay-articulated-forklift-trucks\/","name":"Xe n\u00e2ng kh\u1edbp xoay - DPT - Nh\u00e0 cung c\u1ea5p xe n\u00e2ng \u0110\u1ee9c","isPartOf":{"@id":"https:\/\/dpt-mh.com\/#website"},"datePublished":"2021-04-02T03:13:40+00:00","dateModified":"2021-04-19T03:18:26+00:00","breadcrumb":{"@id":"https:\/\/dpt-mh.com\/en\/san-pham\/xe-nang-khop-xoay-articulated-forklift-trucks\/#breadcrumb"},"inLanguage":"en-GB","potentialAction":[{"@type":"ReadAction","target":["https:\/\/dpt-mh.com\/en\/san-pham\/xe-nang-khop-xoay-articulated-forklift-trucks\/"]}]},{"@type":"BreadcrumbList","@id":"https:\/\/dpt-mh.com\/en\/san-pham\/xe-nang-khop-xoay-articulated-forklift-trucks\/#breadcrumb","itemListElement":[{"@type":"ListItem","position":1,"name":"Home","item":"https:\/\/dpt-mh.com\/"},{"@type":"ListItem","position":2,"name":"S\u1ea3n ph\u1ea9m","item":"https:\/\/dpt-mh.com\/en\/san-pham\/"},{"@type":"ListItem","position":3,"name":"Xe n\u00e2ng kh\u1edbp xoay"}]},{"@type":"WebSite","@id":"https:\/\/dpt-mh.com\/#website","url":"https:\/\/dpt-mh.com\/","name":"DPT - Nh\u00e0 cung c\u1ea5p xe n\u00e2ng \u0110\u1ee9c","description":"Vietnam lift trucks service and attachment provider","potentialAction":[{"@type":"SearchAction","target":{"@type":"EntryPoint","urlTemplate":"https:\/\/dpt-mh.com\/?s={search_term_string}"},"query-input":{"@type":"PropertyValueSpecification","valueRequired":true,"valueName":"search_term_string"}}],"inLanguage":"en-GB"}]}},"_links":{"self":[{"href":"https:\/\/dpt-mh.com\/en\/wp-json\/wp\/v2\/pages\/251","targetHints":{"allow":["GET"]}}],"collection":[{"href":"https:\/\/dpt-mh.com\/en\/wp-json\/wp\/v2\/pages"}],"about":[{"href":"https:\/\/dpt-mh.com\/en\/wp-json\/wp\/v2\/types\/page"}],"author":[{"embeddable":true,"href":"https:\/\/dpt-mh.com\/en\/wp-json\/wp\/v2\/users\/1"}],"replies":[{"embeddable":true,"href":"https:\/\/dpt-mh.com\/en\/wp-json\/wp\/v2\/comments?post=251"}],"version-history":[{"count":2,"href":"https:\/\/dpt-mh.com\/en\/wp-json\/wp\/v2\/pages\/251\/revisions"}],"predecessor-version":[{"id":423,"href":"https:\/\/dpt-mh.com\/en\/wp-json\/wp\/v2\/pages\/251\/revisions\/423"}],"up":[{"embeddable":true,"href":"https:\/\/dpt-mh.com\/en\/wp-json\/wp\/v2\/pages\/88"}],"wp:attachment":[{"href":"https:\/\/dpt-mh.com\/en\/wp-json\/wp\/v2\/media?parent=251"}],"curies":[{"name":"wp","href":"https:\/\/api.w.org\/{rel}","templated":true}]}}