{"id":257,"date":"2021-04-02T11:27:50","date_gmt":"2021-04-02T04:27:50","guid":{"rendered":"https:\/\/dpt-mh.com\/?page_id=257"},"modified":"2021-04-19T10:17:44","modified_gmt":"2021-04-19T03:17:44","slug":"xe-nang-nguoi-thao-tac-tren-cao-access-platform-lift-truck","status":"publish","type":"page","link":"https:\/\/dpt-mh.com\/en\/san-pham\/xe-nang-nguoi-thao-tac-tren-cao-access-platform-lift-truck\/","title":{"rendered":"Access Platform"},"content":{"rendered":"<div class=\"wpb-content-wrapper\"><div class=\"vc_row wpb_row vc_row-fluid\"><div class=\"wpb_column vc_column_container vc_col-sm-6\"><div class=\"vc_column-inner\"><div class=\"wpb_wrapper\"><div class=\"vc_separator wpb_content_element vc_separator_align_center vc_sep_width_100 vc_sep_pos_align_center vc_separator_no_text vc_sep_color_grey\" ><span class=\"vc_sep_holder vc_sep_holder_l\"><span class=\"vc_sep_line\"><\/span><\/span><span class=\"vc_sep_holder vc_sep_holder_r\"><span class=\"vc_sep_line\"><\/span><\/span>\n<\/div>\n\t<div  class=\"wpb_single_image wpb_content_element vc_align_center\">\n\t\t\n\t\t<figure class=\"wpb_wrapper vc_figure\">\n\t\t\t<div class=\"vc_single_image-wrapper vc_box_shadow_border  vc_box_border_grey\"><img loading=\"lazy\" decoding=\"async\" width=\"413\" height=\"413\" src=\"https:\/\/dpt-mh.com\/wp-content\/uploads\/2021\/04\/Cat_Access_flatform-xe-nang-nguoi.jpg\" class=\"vc_single_image-img attachment-full\" alt=\"\" title=\"Cat_Access_flatform-xe-nang-nguoi\" srcset=\"https:\/\/dpt-mh.com\/wp-content\/uploads\/2021\/04\/Cat_Access_flatform-xe-nang-nguoi.jpg 413w, https:\/\/dpt-mh.com\/wp-content\/uploads\/2021\/04\/Cat_Access_flatform-xe-nang-nguoi-150x150.jpg 150w, https:\/\/dpt-mh.com\/wp-content\/uploads\/2021\/04\/Cat_Access_flatform-xe-nang-nguoi-300x300.jpg 300w, https:\/\/dpt-mh.com\/wp-content\/uploads\/2021\/04\/Cat_Access_flatform-xe-nang-nguoi-12x12.jpg 12w, https:\/\/dpt-mh.com\/wp-content\/uploads\/2021\/04\/Cat_Access_flatform-xe-nang-nguoi-100x100.jpg 100w\" sizes=\"auto, (max-width: 413px) 100vw, 413px\" \/><\/div>\n\t\t<\/figure>\n\t<\/div>\n\n\t<div class=\"wpb_text_column wpb_content_element\" >\n\t\t<div class=\"wpb_wrapper\">\n\t\t\t<p>We provide a wide range of overhead maneuvers, to meet all types of transportation and handling needs of materials, overhead maneuvers, and terrain types.<\/p>\n<p>The high-lift vehicles we offer: Vertical Mast for 5.35m lift for one person, 9.90m for one or two people, Scissor Lift for 11.75m lift for multiple people and Articulated Boom for up to 15m for many people.<\/p>\n<p><strong>Types of Access Platforms<\/strong><\/p>\n<ul>\n<li>Access Platform - Vertical Mast &lt;5.35m<\/li>\n<li>Access platform - Vertical Mast &lt;9.90m<\/li>\n<li>Access Platform - Scissor LiftAccess Platform - Articulated Boom<\/li>\n<\/ul>\n\n\t\t<\/div>\n\t<\/div>\n\n\t<div class=\"wpb_text_column wpb_content_element\" >\n\t\t<div class=\"wpb_wrapper\">\n\t\t\t<p><strong>High-lift forklift - multi-person type: <\/strong><\/p>\n<p>DPT I supply \/ lease this new or used product from a European or American manufacturer.<\/p>\n<p>This vehicle has large, solid rubber wheels, can work indoors or outdoors, using batteries, loading capacity up to 550 kg, lifting 14 meters.<\/p>\n\n\t\t<\/div>\n\t<\/div>\n\n\t<div  class=\"wpb_single_image wpb_content_element vc_align_center\">\n\t\t\n\t\t<figure class=\"wpb_wrapper vc_figure\">\n\t\t\t<div class=\"vc_single_image-wrapper vc_box_shadow_border  vc_box_border_grey\"><img loading=\"lazy\" decoding=\"async\" width=\"191\" height=\"409\" src=\"https:\/\/dpt-mh.com\/wp-content\/uploads\/2021\/04\/scissor-lift.jpg\" class=\"vc_single_image-img attachment-full\" alt=\"\" title=\"scissor lift\" srcset=\"https:\/\/dpt-mh.com\/wp-content\/uploads\/2021\/04\/scissor-lift.jpg 191w, https:\/\/dpt-mh.com\/wp-content\/uploads\/2021\/04\/scissor-lift-140x300.jpg 140w, https:\/\/dpt-mh.com\/wp-content\/uploads\/2021\/04\/scissor-lift-6x12.jpg 6w\" sizes=\"auto, (max-width: 191px) 100vw, 191px\" \/><\/div>\n\t\t<\/figure>\n\t<\/div>\n<\/div><\/div><\/div><div class=\"wpb_column vc_column_container vc_col-sm-6\"><div class=\"vc_column-inner\"><div class=\"wpb_wrapper\"><div class=\"vc_separator wpb_content_element vc_separator_align_center vc_sep_width_100 vc_sep_pos_align_center vc_separator_no_text vc_sep_color_grey\" ><span class=\"vc_sep_holder vc_sep_holder_l\"><span class=\"vc_sep_line\"><\/span><\/span><span class=\"vc_sep_holder vc_sep_holder_r\"><span class=\"vc_sep_line\"><\/span><\/span>\n<\/div>\n\t<div class=\"wpb_text_column wpb_content_element\" >\n\t\t<div class=\"wpb_wrapper\">\n\t\t\t<h1>Request details or quote:<\/h1>\n\n\t\t<\/div>\n\t<\/div>\n\n<div class=\"wpcf7 no-js\" id=\"wpcf7-f63-o1\" lang=\"vi\" dir=\"ltr\" data-wpcf7-id=\"63\">\n<div class=\"screen-reader-response\"><p role=\"status\" aria-live=\"polite\" aria-atomic=\"true\"><\/p> <ul><\/ul><\/div>\n<form action=\"\/en\/wp-json\/wp\/v2\/pages\/257#wpcf7-f63-o1\" method=\"post\" class=\"wpcf7-form init\" aria-label=\"Form li\u00ean h\u1ec7\" novalidate=\"novalidate\" data-status=\"init\" data-trp-original-action=\"\/en\/wp-json\/wp\/v2\/pages\/257#wpcf7-f63-o1\">\n<fieldset class=\"hidden-fields-container\"><input type=\"hidden\" name=\"_wpcf7\" value=\"63\" \/><input type=\"hidden\" name=\"_wpcf7_version\" value=\"6.1.5\" \/><input type=\"hidden\" name=\"_wpcf7_locale\" value=\"vi\" \/><input type=\"hidden\" name=\"_wpcf7_unit_tag\" value=\"wpcf7-f63-o1\" \/><input type=\"hidden\" name=\"_wpcf7_container_post\" value=\"0\" \/><input type=\"hidden\" name=\"_wpcf7_posted_data_hash\" value=\"\" \/><input type=\"hidden\" name=\"_wpcf7dtx_version\" value=\"5.0.5\" \/><input type=\"hidden\" name=\"_wpcf7_recaptcha_response\" value=\"\" \/>\n<\/fieldset>\n<p><label> Your Name *:<br \/>\n<span class=\"wpcf7-form-control-wrap\" data-name=\"your-name\"><input size=\"40\" maxlength=\"400\" class=\"wpcf7-form-control wpcf7-text wpcf7-validates-as-required\" aria-required=\"true\" aria-invalid=\"false\" value=\"\" type=\"text\" name=\"your-name\" \/><\/span> <\/label><br \/>\n<label> Phone *:<br \/>\n<span class=\"wpcf7-form-control-wrap\" data-name=\"your-phone\"><input size=\"40\" maxlength=\"400\" class=\"wpcf7-form-control wpcf7-text wpcf7-validates-as-required\" aria-required=\"true\" aria-invalid=\"false\" value=\"\" type=\"text\" name=\"your-phone\" \/><\/span> <\/label><br \/>\n<label> Email *:<br \/>\n<span class=\"wpcf7-form-control-wrap\" data-name=\"your-email\"><input size=\"40\" maxlength=\"400\" class=\"wpcf7-form-control wpcf7-email wpcf7-validates-as-required wpcf7-text wpcf7-validates-as-email\" aria-required=\"true\" aria-invalid=\"false\" value=\"\" type=\"email\" name=\"your-email\" \/><\/span> <\/label><br \/>\n<label> Request *:<br \/>\n<span class=\"wpcf7-form-control-wrap\" data-name=\"your-message\"><textarea cols=\"40\" rows=\"3\" maxlength=\"2000\" class=\"wpcf7-form-control wpcf7-textarea wpcf7-validates-as-required\" aria-required=\"true\" aria-invalid=\"false\" name=\"your-message\"><\/textarea><\/span> <\/label><br \/>\n<label> Products and services:<br \/>\n<span class=\"wpcf7-form-control-wrap productname\" data-name=\"productname\"><input type=\"text\" name=\"productname\" class=\"wpcf7-form-control wpcf7-text wpcf7dtx wpcf7dtx-text\" aria-invalid=\"false\" readonly=\"readonly\" value=\"Xe n\u00e2ng ng\u01b0\u1eddi (Access Platform)\"><\/span><\/label><br \/>\n<label><br \/>\n<input class=\"wpcf7-form-control wpcf7-submit has-spinner\" type=\"submit\" value=\"Send Inquiry\" \/><\/label><br \/>\n<span class=\"wpcf7-form-control-wrap productlink\" data-name=\"productlink\"><input type=\"hidden\" name=\"productlink\" class=\"wpcf7-form-control wpcf7-hidden wpcf7dtx wpcf7dtx-hidden\" aria-invalid=\"false\" value=\"https:\/\/dpt-mh.com\/en\/en\/wp-json\/wp\/v2\/pages\/257\"><\/span>\n<\/p><div class=\"wpcf7-response-output\" aria-hidden=\"true\"><\/div>\n<input type=\"hidden\" name=\"trp-form-language\" value=\"en\"\/><\/form>\n<\/div>\n\n\t<div class=\"wpb_text_column wpb_content_element\" >\n\t\t<div class=\"wpb_wrapper\">\n\t\t\t<p><strong>Lifting Trolley High operator - rotatable lift shaft type<img loading=\"lazy\" decoding=\"async\" class=\"alignright size-full wp-image-259\" src=\"https:\/\/dpt-mh.com\/wp-content\/uploads\/2021\/04\/aerial-platform.jpg\" alt=\"\" width=\"248\" height=\"323\" srcset=\"https:\/\/dpt-mh.com\/wp-content\/uploads\/2021\/04\/aerial-platform.jpg 248w, https:\/\/dpt-mh.com\/wp-content\/uploads\/2021\/04\/aerial-platform-230x300.jpg 230w, https:\/\/dpt-mh.com\/wp-content\/uploads\/2021\/04\/aerial-platform-9x12.jpg 9w\" sizes=\"auto, (max-width: 248px) 100vw, 248px\" \/><\/strong><\/p>\n<p>DPT provides products of this type new or used or leased from European and American manufacturers.<\/p>\n<p>This vehicle has large, solid rubber wheels, can work both indoors or outdoors, using batteries, loading capacity up to 230 kg, lifting up to 16 meters.<\/p>\n\n\t\t<\/div>\n\t<\/div>\n<div class=\"vc_empty_space\"   style=\"height: 32px\"><span class=\"vc_empty_space_inner\"><\/span><\/div>\n\t<div class=\"wpb_text_column wpb_content_element\" >\n\t\t<div class=\"wpb_wrapper\">\n\t\t\t<p><strong>High-lift maneuvers - vertical lift type<img loading=\"lazy\" decoding=\"async\" class=\"alignright size-full wp-image-268\" src=\"https:\/\/dpt-mh.com\/wp-content\/uploads\/2021\/04\/vertical-platform.jpg\" alt=\"\" width=\"265\" height=\"558\" srcset=\"https:\/\/dpt-mh.com\/wp-content\/uploads\/2021\/04\/vertical-platform.jpg 265w, https:\/\/dpt-mh.com\/wp-content\/uploads\/2021\/04\/vertical-platform-142x300.jpg 142w, https:\/\/dpt-mh.com\/wp-content\/uploads\/2021\/04\/vertical-platform-6x12.jpg 6w\" sizes=\"auto, (max-width: 265px) 100vw, 265px\" \/><\/strong><\/p>\n<p>DPT supplies \/ leases vertical human forklift trucks - new or used goods, from European and American manufacturers.<\/p>\n<p>This vehicle has large, solid rubber wheels, can work indoors or outdoors, using batteries, load up to 180 kg, lift from up to 6 meters.<\/p>\n\n\t\t<\/div>\n\t<\/div>\n<\/div><\/div><\/div><\/div>\n<\/div>","protected":false},"excerpt":{"rendered":"Ch\u00fang t\u00f4i cung c\u1ea5p \u0111\u1ee7 lo\u1ea1i xe n\u00e2ng ng\u01b0\u1eddi thao t\u00e1c tr\u00ean cao, \u0111\u1ec3 \u0111\u00e1p \u1ee9ng m\u1ecdi lo\u1ea1i nhu c\u1ea7u v\u1eadn chuy\u1ec3n n\u00e2ng d\u1ee1 v\u1eadt t\u01b0, thao t\u00e1c tr\u00ean cao, nhi\u1ec1u lo\u1ea1i \u0111\u1ecba h\u00ecnh. C\u00e1c lo\u1ea1i xe thao t\u00e1c tr\u00ean cao, ch\u00fang t\u00f4i cung c\u1ea5p: Vertical Mast cho ph\u00e9p n\u00e2ng cao 5.35m cho m\u1ed9t ng\u01b0\u1eddi, [...]","protected":false},"author":1,"featured_media":0,"parent":88,"menu_order":0,"comment_status":"closed","ping_status":"closed","template":"languages\/page-fullwidth.php","meta":{"footnotes":""},"class_list":["post-257","page","type-page","status-publish","hentry"],"yoast_head":"<!-- This site is optimized with the Yoast SEO plugin v26.8 - https:\/\/yoast.com\/product\/yoast-seo-wordpress\/ -->\n<title>Xe n\u00e2ng ng\u01b0\u1eddi (Access Platform) - DPT - Nh\u00e0 cung c\u1ea5p xe n\u00e2ng \u0110\u1ee9c<\/title>\n<meta name=\"robots\" content=\"index, follow, max-snippet:-1, max-image-preview:large, max-video-preview:-1\" \/>\n<link rel=\"canonical\" href=\"https:\/\/dpt-mh.com\/en\/san-pham\/xe-nang-nguoi-thao-tac-tren-cao-access-platform-lift-truck\/\" \/>\n<meta property=\"og:locale\" content=\"en_GB\" \/>\n<meta property=\"og:type\" content=\"article\" \/>\n<meta property=\"og:title\" content=\"Xe n\u00e2ng ng\u01b0\u1eddi (Access Platform) - DPT - Nh\u00e0 cung c\u1ea5p xe n\u00e2ng \u0110\u1ee9c\" \/>\n<meta property=\"og:url\" content=\"https:\/\/dpt-mh.com\/en\/san-pham\/xe-nang-nguoi-thao-tac-tren-cao-access-platform-lift-truck\/\" \/>\n<meta property=\"og:site_name\" content=\"DPT - Nh\u00e0 cung c\u1ea5p xe n\u00e2ng \u0110\u1ee9c\" \/>\n<meta property=\"article:modified_time\" content=\"2021-04-19T03:17:44+00:00\" \/>\n<meta property=\"og:image\" content=\"https:\/\/dpt-mh.com\/wp-content\/uploads\/2021\/04\/aerial-platform.jpg\" \/>\n<meta name=\"twitter:card\" content=\"summary_large_image\" \/>\n<meta name=\"twitter:label1\" content=\"Estimated reading time\" \/>\n\t<meta name=\"twitter:data1\" content=\"2 minutes\" \/>\n<script type=\"application\/ld+json\" class=\"yoast-schema-graph\">{\"@context\":\"https:\/\/schema.org\",\"@graph\":[{\"@type\":\"WebPage\",\"@id\":\"https:\/\/dpt-mh.com\/en\/san-pham\/xe-nang-nguoi-thao-tac-tren-cao-access-platform-lift-truck\/\",\"url\":\"https:\/\/dpt-mh.com\/en\/san-pham\/xe-nang-nguoi-thao-tac-tren-cao-access-platform-lift-truck\/\",\"name\":\"Xe n\u00e2ng ng\u01b0\u1eddi (Access Platform) - DPT - Nh\u00e0 cung c\u1ea5p xe n\u00e2ng \u0110\u1ee9c\",\"isPartOf\":{\"@id\":\"https:\/\/dpt-mh.com\/#website\"},\"primaryImageOfPage\":{\"@id\":\"https:\/\/dpt-mh.com\/en\/san-pham\/xe-nang-nguoi-thao-tac-tren-cao-access-platform-lift-truck\/#primaryimage\"},\"image\":{\"@id\":\"https:\/\/dpt-mh.com\/en\/san-pham\/xe-nang-nguoi-thao-tac-tren-cao-access-platform-lift-truck\/#primaryimage\"},\"thumbnailUrl\":\"https:\/\/dpt-mh.com\/wp-content\/uploads\/2021\/04\/aerial-platform.jpg\",\"datePublished\":\"2021-04-02T04:27:50+00:00\",\"dateModified\":\"2021-04-19T03:17:44+00:00\",\"breadcrumb\":{\"@id\":\"https:\/\/dpt-mh.com\/en\/san-pham\/xe-nang-nguoi-thao-tac-tren-cao-access-platform-lift-truck\/#breadcrumb\"},\"inLanguage\":\"en-GB\",\"potentialAction\":[{\"@type\":\"ReadAction\",\"target\":[\"https:\/\/dpt-mh.com\/en\/san-pham\/xe-nang-nguoi-thao-tac-tren-cao-access-platform-lift-truck\/\"]}]},{\"@type\":\"ImageObject\",\"inLanguage\":\"en-GB\",\"@id\":\"https:\/\/dpt-mh.com\/en\/san-pham\/xe-nang-nguoi-thao-tac-tren-cao-access-platform-lift-truck\/#primaryimage\",\"url\":\"https:\/\/dpt-mh.com\/wp-content\/uploads\/2021\/04\/aerial-platform.jpg\",\"contentUrl\":\"https:\/\/dpt-mh.com\/wp-content\/uploads\/2021\/04\/aerial-platform.jpg\"},{\"@type\":\"BreadcrumbList\",\"@id\":\"https:\/\/dpt-mh.com\/en\/san-pham\/xe-nang-nguoi-thao-tac-tren-cao-access-platform-lift-truck\/#breadcrumb\",\"itemListElement\":[{\"@type\":\"ListItem\",\"position\":1,\"name\":\"Home\",\"item\":\"https:\/\/dpt-mh.com\/\"},{\"@type\":\"ListItem\",\"position\":2,\"name\":\"S\u1ea3n ph\u1ea9m\",\"item\":\"https:\/\/dpt-mh.com\/en\/san-pham\/\"},{\"@type\":\"ListItem\",\"position\":3,\"name\":\"Xe n\u00e2ng ng\u01b0\u1eddi (Access Platform)\"}]},{\"@type\":\"WebSite\",\"@id\":\"https:\/\/dpt-mh.com\/#website\",\"url\":\"https:\/\/dpt-mh.com\/\",\"name\":\"DPT - Nh\u00e0 cung c\u1ea5p xe n\u00e2ng \u0110\u1ee9c\",\"description\":\"Vietnam lift trucks service and attachment provider\",\"potentialAction\":[{\"@type\":\"SearchAction\",\"target\":{\"@type\":\"EntryPoint\",\"urlTemplate\":\"https:\/\/dpt-mh.com\/?s={search_term_string}\"},\"query-input\":{\"@type\":\"PropertyValueSpecification\",\"valueRequired\":true,\"valueName\":\"search_term_string\"}}],\"inLanguage\":\"en-GB\"}]}<\/script>\n<!-- \/ Yoast SEO plugin. -->","yoast_head_json":{"title":"Xe n\u00e2ng ng\u01b0\u1eddi (Access Platform) - DPT - Nh\u00e0 cung c\u1ea5p xe n\u00e2ng \u0110\u1ee9c","robots":{"index":"index","follow":"follow","max-snippet":"max-snippet:-1","max-image-preview":"max-image-preview:large","max-video-preview":"max-video-preview:-1"},"canonical":"https:\/\/dpt-mh.com\/en\/san-pham\/xe-nang-nguoi-thao-tac-tren-cao-access-platform-lift-truck\/","og_locale":"en_GB","og_type":"article","og_title":"Xe n\u00e2ng ng\u01b0\u1eddi (Access Platform) - DPT - Nh\u00e0 cung c\u1ea5p xe n\u00e2ng \u0110\u1ee9c","og_url":"https:\/\/dpt-mh.com\/en\/san-pham\/xe-nang-nguoi-thao-tac-tren-cao-access-platform-lift-truck\/","og_site_name":"DPT - Nh\u00e0 cung c\u1ea5p xe n\u00e2ng \u0110\u1ee9c","article_modified_time":"2021-04-19T03:17:44+00:00","og_image":[{"url":"https:\/\/dpt-mh.com\/wp-content\/uploads\/2021\/04\/aerial-platform.jpg","type":"","width":"","height":""}],"twitter_card":"summary_large_image","twitter_misc":{"Estimated reading time":"2 minutes"},"schema":{"@context":"https:\/\/schema.org","@graph":[{"@type":"WebPage","@id":"https:\/\/dpt-mh.com\/en\/san-pham\/xe-nang-nguoi-thao-tac-tren-cao-access-platform-lift-truck\/","url":"https:\/\/dpt-mh.com\/en\/san-pham\/xe-nang-nguoi-thao-tac-tren-cao-access-platform-lift-truck\/","name":"Xe n\u00e2ng ng\u01b0\u1eddi (Access Platform) - DPT - Nh\u00e0 cung c\u1ea5p xe n\u00e2ng \u0110\u1ee9c","isPartOf":{"@id":"https:\/\/dpt-mh.com\/#website"},"primaryImageOfPage":{"@id":"https:\/\/dpt-mh.com\/en\/san-pham\/xe-nang-nguoi-thao-tac-tren-cao-access-platform-lift-truck\/#primaryimage"},"image":{"@id":"https:\/\/dpt-mh.com\/en\/san-pham\/xe-nang-nguoi-thao-tac-tren-cao-access-platform-lift-truck\/#primaryimage"},"thumbnailUrl":"https:\/\/dpt-mh.com\/wp-content\/uploads\/2021\/04\/aerial-platform.jpg","datePublished":"2021-04-02T04:27:50+00:00","dateModified":"2021-04-19T03:17:44+00:00","breadcrumb":{"@id":"https:\/\/dpt-mh.com\/en\/san-pham\/xe-nang-nguoi-thao-tac-tren-cao-access-platform-lift-truck\/#breadcrumb"},"inLanguage":"en-GB","potentialAction":[{"@type":"ReadAction","target":["https:\/\/dpt-mh.com\/en\/san-pham\/xe-nang-nguoi-thao-tac-tren-cao-access-platform-lift-truck\/"]}]},{"@type":"ImageObject","inLanguage":"en-GB","@id":"https:\/\/dpt-mh.com\/en\/san-pham\/xe-nang-nguoi-thao-tac-tren-cao-access-platform-lift-truck\/#primaryimage","url":"https:\/\/dpt-mh.com\/wp-content\/uploads\/2021\/04\/aerial-platform.jpg","contentUrl":"https:\/\/dpt-mh.com\/wp-content\/uploads\/2021\/04\/aerial-platform.jpg"},{"@type":"BreadcrumbList","@id":"https:\/\/dpt-mh.com\/en\/san-pham\/xe-nang-nguoi-thao-tac-tren-cao-access-platform-lift-truck\/#breadcrumb","itemListElement":[{"@type":"ListItem","position":1,"name":"Home","item":"https:\/\/dpt-mh.com\/"},{"@type":"ListItem","position":2,"name":"S\u1ea3n ph\u1ea9m","item":"https:\/\/dpt-mh.com\/en\/san-pham\/"},{"@type":"ListItem","position":3,"name":"Xe n\u00e2ng ng\u01b0\u1eddi (Access Platform)"}]},{"@type":"WebSite","@id":"https:\/\/dpt-mh.com\/#website","url":"https:\/\/dpt-mh.com\/","name":"DPT - Nh\u00e0 cung c\u1ea5p xe n\u00e2ng \u0110\u1ee9c","description":"Vietnam lift trucks service and attachment provider","potentialAction":[{"@type":"SearchAction","target":{"@type":"EntryPoint","urlTemplate":"https:\/\/dpt-mh.com\/?s={search_term_string}"},"query-input":{"@type":"PropertyValueSpecification","valueRequired":true,"valueName":"search_term_string"}}],"inLanguage":"en-GB"}]}},"_links":{"self":[{"href":"https:\/\/dpt-mh.com\/en\/wp-json\/wp\/v2\/pages\/257","targetHints":{"allow":["GET"]}}],"collection":[{"href":"https:\/\/dpt-mh.com\/en\/wp-json\/wp\/v2\/pages"}],"about":[{"href":"https:\/\/dpt-mh.com\/en\/wp-json\/wp\/v2\/types\/page"}],"author":[{"embeddable":true,"href":"https:\/\/dpt-mh.com\/en\/wp-json\/wp\/v2\/users\/1"}],"replies":[{"embeddable":true,"href":"https:\/\/dpt-mh.com\/en\/wp-json\/wp\/v2\/comments?post=257"}],"version-history":[{"count":10,"href":"https:\/\/dpt-mh.com\/en\/wp-json\/wp\/v2\/pages\/257\/revisions"}],"predecessor-version":[{"id":421,"href":"https:\/\/dpt-mh.com\/en\/wp-json\/wp\/v2\/pages\/257\/revisions\/421"}],"up":[{"embeddable":true,"href":"https:\/\/dpt-mh.com\/en\/wp-json\/wp\/v2\/pages\/88"}],"wp:attachment":[{"href":"https:\/\/dpt-mh.com\/en\/wp-json\/wp\/v2\/media?parent=257"}],"curies":[{"name":"wp","href":"https:\/\/api.w.org\/{rel}","templated":true}]}}