{"id":273,"date":"2021-04-02T12:15:35","date_gmt":"2021-04-02T05:15:35","guid":{"rendered":"https:\/\/dpt-mh.com\/?page_id=273"},"modified":"2021-04-02T12:30:35","modified_gmt":"2021-04-02T05:30:35","slug":"cac-loai-kep-nang-hang","status":"publish","type":"page","link":"https:\/\/dpt-mh.com\/en\/san-pham\/cac-loai-kep-nang-hang\/","title":{"rendered":"Lifting Clamps"},"content":{"rendered":"<div class=\"wpb-content-wrapper\"><div class=\"vc_row wpb_row vc_row-fluid\"><div class=\"wpb_column vc_column_container vc_col-sm-6\"><div class=\"vc_column-inner\"><div class=\"wpb_wrapper\"><div class=\"vc_separator wpb_content_element vc_separator_align_center vc_sep_width_100 vc_sep_pos_align_center vc_separator_no_text vc_sep_color_grey\" ><span class=\"vc_sep_holder vc_sep_holder_l\"><span class=\"vc_sep_line\"><\/span><\/span><span class=\"vc_sep_holder vc_sep_holder_r\"><span class=\"vc_sep_line\"><\/span><\/span>\n<\/div>\n\t<div  class=\"wpb_single_image wpb_content_element vc_align_center\">\n\t\t\n\t\t<figure class=\"wpb_wrapper vc_figure\">\n\t\t\t<div class=\"vc_single_image-wrapper vc_box_shadow_border  vc_box_border_grey\"><img loading=\"lazy\" decoding=\"async\" width=\"341\" height=\"222\" src=\"https:\/\/dpt-mh.com\/wp-content\/uploads\/2021\/04\/Cat_Attachment2_Work.jpg\" class=\"vc_single_image-img attachment-full\" alt=\"\" title=\"Cat_Attachment2_Work\" srcset=\"https:\/\/dpt-mh.com\/wp-content\/uploads\/2021\/04\/Cat_Attachment2_Work.jpg 341w, https:\/\/dpt-mh.com\/wp-content\/uploads\/2021\/04\/Cat_Attachment2_Work-300x195.jpg 300w, https:\/\/dpt-mh.com\/wp-content\/uploads\/2021\/04\/Cat_Attachment2_Work-16x10.jpg 16w\" sizes=\"auto, (max-width: 341px) 100vw, 341px\" \/><\/div>\n\t\t<\/figure>\n\t<\/div>\n\n\t<div class=\"wpb_text_column wpb_content_element\" >\n\t\t<div class=\"wpb_wrapper\">\n\t\t\t<p>DPT offers clamps that allow the forklift to handle a wide range of materials of all shapes and sizes. The clamps allow push, pull, clamp, rotate, lift or bring back and forth .. all kinds of industrial goods. Clamping attachments affect the ability of the vehicle to lift and may require the addition of hydraulic equipment. We recommend that you advise before purchasing clamps.<\/p>\n<p><strong>Types of clamps<\/strong><\/p>\n<ul>\n<li>Rotating fork clamps<\/li>\n<li>Fork positioners<\/li>\n<li>Bale clamps and pulp clamps<\/li>\n<li>Double pallet handlers<\/li>\n<li>Keg clamps<\/li>\n<li>Beer clamps<\/li>\n<li>Paper roll clamps<\/li>\n<li>Paper clip.<\/li>\n<\/ul>\n\n\t\t<\/div>\n\t<\/div>\n<div class=\"vc_row wpb_row vc_inner vc_row-fluid\"><div class=\"wpb_column vc_column_container vc_col-sm-4\"><div class=\"vc_column-inner\"><div class=\"wpb_wrapper\">\n\t<div  class=\"wpb_single_image wpb_content_element vc_align_center\">\n\t\t\n\t\t<figure class=\"wpb_wrapper vc_figure\">\n\t\t\t<div class=\"vc_single_image-wrapper vc_box_shadow_border  vc_box_border_grey\"><img loading=\"lazy\" decoding=\"async\" width=\"149\" height=\"100\" src=\"https:\/\/dpt-mh.com\/wp-content\/uploads\/2021\/04\/Attachment_Rotator.jpg\" class=\"vc_single_image-img attachment-full\" alt=\"\" title=\"Attachment_Rotator\" srcset=\"https:\/\/dpt-mh.com\/wp-content\/uploads\/2021\/04\/Attachment_Rotator.jpg 149w, https:\/\/dpt-mh.com\/wp-content\/uploads\/2021\/04\/Attachment_Rotator-16x12.jpg 16w\" sizes=\"auto, (max-width: 149px) 100vw, 149px\" \/><\/div>\n\t\t<\/figure>\n\t<\/div>\n<\/div><\/div><\/div><div class=\"wpb_column vc_column_container vc_col-sm-4\"><div class=\"vc_column-inner\"><div class=\"wpb_wrapper\">\n\t<div  class=\"wpb_single_image wpb_content_element vc_align_center\">\n\t\t\n\t\t<figure class=\"wpb_wrapper vc_figure\">\n\t\t\t<div class=\"vc_single_image-wrapper vc_box_shadow_border  vc_box_border_grey\"><img loading=\"lazy\" decoding=\"async\" width=\"157\" height=\"100\" src=\"https:\/\/dpt-mh.com\/wp-content\/uploads\/2021\/04\/Attachment_Clamp_Paper.jpg\" class=\"vc_single_image-img attachment-full\" alt=\"\" title=\"Attachment_Clamp_Paper\" srcset=\"https:\/\/dpt-mh.com\/wp-content\/uploads\/2021\/04\/Attachment_Clamp_Paper.jpg 157w, https:\/\/dpt-mh.com\/wp-content\/uploads\/2021\/04\/Attachment_Clamp_Paper-16x10.jpg 16w\" sizes=\"auto, (max-width: 157px) 100vw, 157px\" \/><\/div>\n\t\t<\/figure>\n\t<\/div>\n<\/div><\/div><\/div><div class=\"wpb_column vc_column_container vc_col-sm-4\"><div class=\"vc_column-inner\"><div class=\"wpb_wrapper\">\n\t<div  class=\"wpb_single_image wpb_content_element vc_align_center\">\n\t\t\n\t\t<figure class=\"wpb_wrapper vc_figure\">\n\t\t\t<div class=\"vc_single_image-wrapper vc_box_shadow_border  vc_box_border_grey\"><img loading=\"lazy\" decoding=\"async\" width=\"119\" height=\"100\" src=\"https:\/\/dpt-mh.com\/wp-content\/uploads\/2021\/04\/Attachment_Clamp_Bale.jpg\" class=\"vc_single_image-img attachment-full\" alt=\"\" title=\"Attachment_Clamp_Bale\" srcset=\"https:\/\/dpt-mh.com\/wp-content\/uploads\/2021\/04\/Attachment_Clamp_Bale.jpg 119w, https:\/\/dpt-mh.com\/wp-content\/uploads\/2021\/04\/Attachment_Clamp_Bale-14x12.jpg 14w\" sizes=\"auto, (max-width: 119px) 100vw, 119px\" \/><\/div>\n\t\t<\/figure>\n\t<\/div>\n<\/div><\/div><\/div><\/div><\/div><\/div><\/div><div class=\"wpb_column vc_column_container vc_col-sm-6\"><div class=\"vc_column-inner\"><div class=\"wpb_wrapper\"><div class=\"vc_separator wpb_content_element vc_separator_align_center vc_sep_width_100 vc_sep_pos_align_center vc_separator_no_text vc_sep_color_grey\" ><span class=\"vc_sep_holder vc_sep_holder_l\"><span class=\"vc_sep_line\"><\/span><\/span><span class=\"vc_sep_holder vc_sep_holder_r\"><span class=\"vc_sep_line\"><\/span><\/span>\n<\/div>\n\t<div class=\"wpb_text_column wpb_content_element\" >\n\t\t<div class=\"wpb_wrapper\">\n\t\t\t<h1>Request details or quote:<\/h1>\n\n\t\t<\/div>\n\t<\/div>\n\n<div class=\"wpcf7 no-js\" id=\"wpcf7-f63-o1\" lang=\"vi\" dir=\"ltr\" data-wpcf7-id=\"63\">\n<div class=\"screen-reader-response\"><p role=\"status\" aria-live=\"polite\" aria-atomic=\"true\"><\/p> <ul><\/ul><\/div>\n<form action=\"\/en\/wp-json\/wp\/v2\/pages\/273#wpcf7-f63-o1\" method=\"post\" class=\"wpcf7-form init\" aria-label=\"Form li\u00ean h\u1ec7\" novalidate=\"novalidate\" data-status=\"init\" data-trp-original-action=\"\/en\/wp-json\/wp\/v2\/pages\/273#wpcf7-f63-o1\">\n<fieldset class=\"hidden-fields-container\"><input type=\"hidden\" name=\"_wpcf7\" value=\"63\" \/><input type=\"hidden\" name=\"_wpcf7_version\" value=\"6.1.5\" \/><input type=\"hidden\" name=\"_wpcf7_locale\" value=\"vi\" \/><input type=\"hidden\" name=\"_wpcf7_unit_tag\" value=\"wpcf7-f63-o1\" \/><input type=\"hidden\" name=\"_wpcf7_container_post\" value=\"0\" \/><input type=\"hidden\" name=\"_wpcf7_posted_data_hash\" value=\"\" \/><input type=\"hidden\" name=\"_wpcf7dtx_version\" value=\"5.0.5\" \/><input type=\"hidden\" name=\"_wpcf7_recaptcha_response\" value=\"\" \/>\n<\/fieldset>\n<p><label> Your Name *:<br \/>\n<span class=\"wpcf7-form-control-wrap\" data-name=\"your-name\"><input size=\"40\" maxlength=\"400\" class=\"wpcf7-form-control wpcf7-text wpcf7-validates-as-required\" aria-required=\"true\" aria-invalid=\"false\" value=\"\" type=\"text\" name=\"your-name\" \/><\/span> <\/label><br \/>\n<label> Phone *:<br \/>\n<span class=\"wpcf7-form-control-wrap\" data-name=\"your-phone\"><input size=\"40\" maxlength=\"400\" class=\"wpcf7-form-control wpcf7-text wpcf7-validates-as-required\" aria-required=\"true\" aria-invalid=\"false\" value=\"\" type=\"text\" name=\"your-phone\" \/><\/span> <\/label><br \/>\n<label> Email *:<br \/>\n<span class=\"wpcf7-form-control-wrap\" data-name=\"your-email\"><input size=\"40\" maxlength=\"400\" class=\"wpcf7-form-control wpcf7-email wpcf7-validates-as-required wpcf7-text wpcf7-validates-as-email\" aria-required=\"true\" aria-invalid=\"false\" value=\"\" type=\"email\" name=\"your-email\" \/><\/span> <\/label><br \/>\n<label> Request *:<br \/>\n<span class=\"wpcf7-form-control-wrap\" data-name=\"your-message\"><textarea cols=\"40\" rows=\"3\" maxlength=\"2000\" class=\"wpcf7-form-control wpcf7-textarea wpcf7-validates-as-required\" aria-required=\"true\" aria-invalid=\"false\" name=\"your-message\"><\/textarea><\/span> <\/label><br \/>\n<label> Products and services:<br \/>\n<span class=\"wpcf7-form-control-wrap productname\" data-name=\"productname\"><input type=\"text\" name=\"productname\" class=\"wpcf7-form-control wpcf7-text wpcf7dtx wpcf7dtx-text\" aria-invalid=\"false\" readonly=\"readonly\" value=\"C\u00e1c lo\u1ea1i K\u1eb9p n\u00e2ng h\u00e0ng\"><\/span><\/label><br \/>\n<label><br \/>\n<input class=\"wpcf7-form-control wpcf7-submit has-spinner\" type=\"submit\" value=\"Send Inquiry\" \/><\/label><br \/>\n<span class=\"wpcf7-form-control-wrap productlink\" data-name=\"productlink\"><input type=\"hidden\" name=\"productlink\" class=\"wpcf7-form-control wpcf7-hidden wpcf7dtx wpcf7dtx-hidden\" aria-invalid=\"false\" value=\"https:\/\/dpt-mh.com\/en\/en\/wp-json\/wp\/v2\/pages\/273\"><\/span>\n<\/p><div class=\"wpcf7-response-output\" aria-hidden=\"true\"><\/div>\n<input type=\"hidden\" name=\"trp-form-language\" value=\"en\"\/><\/form>\n<\/div>\n\n\t<div class=\"wpb_text_column wpb_content_element\" >\n\t\t<div class=\"wpb_wrapper\">\n\t\t\t<p><strong>Hydraulic device attached to the forklift<\/strong><\/p>\n<p>Whether new or used car, if the customer needs to add anything, we are ready to respond for example: paperclip, push-pull (using slipsheet to replace pallet), lift and stretch forward, wheel lift, lift back and forth, position the lift, clamp types, grasp, shake, shovel, flip goods of all kinds. New or used goods, are warranted for up to 1 year.<\/p>\n\n\t\t<\/div>\n\t<\/div>\n\n\t<div  class=\"wpb_single_image wpb_content_element vc_align_center\">\n\t\t\n\t\t<figure class=\"wpb_wrapper vc_figure\">\n\t\t\t<div class=\"vc_single_image-wrapper vc_box_shadow_border  vc_box_border_grey\"><img loading=\"lazy\" decoding=\"async\" width=\"572\" height=\"242\" src=\"https:\/\/dpt-mh.com\/wp-content\/uploads\/2021\/04\/push-pull.jpg\" class=\"vc_single_image-img attachment-full\" alt=\"\" title=\"push pull\" srcset=\"https:\/\/dpt-mh.com\/wp-content\/uploads\/2021\/04\/push-pull.jpg 572w, https:\/\/dpt-mh.com\/wp-content\/uploads\/2021\/04\/push-pull-300x127.jpg 300w, https:\/\/dpt-mh.com\/wp-content\/uploads\/2021\/04\/push-pull-16x7.jpg 16w\" sizes=\"auto, (max-width: 572px) 100vw, 572px\" \/><\/div>\n\t\t<\/figure>\n\t<\/div>\n<\/div><\/div><\/div><\/div>\n<\/div>","protected":false},"excerpt":{"rendered":"DPT cung c\u1ea5p c\u00e1c lo\u1ea1i c\u00e0ng k\u1eb9p cho ph\u00e9p xe n\u00e2ng x\u1eed l\u00fd nhi\u1ec1u lo\u1ea1i v\u1eadt t\u01b0 \u0111\u1ee7 lo\u1ea1i h\u00ecnh d\u1ea1ng v\u00e0 k\u00edch th\u01b0\u1edbc. C\u00e1c lo\u1ea1i k\u1eb9p cho ph\u00e9p \u0111\u1ea9y, k\u00e9o, k\u1eb9p, xoay, nh\u1ea5c ho\u1eb7c \u0111\u01b0a qua l\u1ea1i .. \u0111\u1ee7 lo\u1ea1i h\u00e0ng ho\u00e1 c\u00f4ng nghi\u1ec7p. Ph\u1ee5 t\u00f9ng k\u1eb9p s\u1ebd \u1ea3nh h\u01b0\u1edfng \u0111\u1ebfn kh\u1ea3 n\u0103ng n\u00e2ng [...]","protected":false},"author":1,"featured_media":0,"parent":88,"menu_order":0,"comment_status":"closed","ping_status":"closed","template":"languages\/page-fullwidth.php","meta":{"footnotes":""},"class_list":["post-273","page","type-page","status-publish","hentry"],"yoast_head":"<!-- This site is optimized with the Yoast SEO plugin v26.8 - https:\/\/yoast.com\/product\/yoast-seo-wordpress\/ -->\n<title>C\u00e1c lo\u1ea1i K\u1eb9p n\u00e2ng h\u00e0ng - DPT - Nh\u00e0 cung c\u1ea5p xe n\u00e2ng \u0110\u1ee9c<\/title>\n<meta name=\"robots\" content=\"index, follow, max-snippet:-1, max-image-preview:large, max-video-preview:-1\" \/>\n<link rel=\"canonical\" href=\"https:\/\/dpt-mh.com\/en\/san-pham\/cac-loai-kep-nang-hang\/\" \/>\n<meta property=\"og:locale\" content=\"en_GB\" \/>\n<meta property=\"og:type\" content=\"article\" \/>\n<meta property=\"og:title\" content=\"C\u00e1c lo\u1ea1i K\u1eb9p n\u00e2ng h\u00e0ng - DPT - Nh\u00e0 cung c\u1ea5p xe n\u00e2ng \u0110\u1ee9c\" \/>\n<meta property=\"og:url\" content=\"https:\/\/dpt-mh.com\/en\/san-pham\/cac-loai-kep-nang-hang\/\" \/>\n<meta property=\"og:site_name\" content=\"DPT - Nh\u00e0 cung c\u1ea5p xe n\u00e2ng \u0110\u1ee9c\" \/>\n<meta property=\"article:modified_time\" content=\"2021-04-02T05:30:35+00:00\" \/>\n<meta name=\"twitter:card\" content=\"summary_large_image\" \/>\n<meta name=\"twitter:label1\" content=\"Estimated reading time\" \/>\n\t<meta name=\"twitter:data1\" content=\"2 minutes\" \/>\n<script type=\"application\/ld+json\" class=\"yoast-schema-graph\">{\"@context\":\"https:\/\/schema.org\",\"@graph\":[{\"@type\":\"WebPage\",\"@id\":\"https:\/\/dpt-mh.com\/san-pham\/cac-loai-kep-nang-hang\/\",\"url\":\"https:\/\/dpt-mh.com\/san-pham\/cac-loai-kep-nang-hang\/\",\"name\":\"C\u00e1c lo\u1ea1i K\u1eb9p n\u00e2ng h\u00e0ng - DPT - Nh\u00e0 cung c\u1ea5p xe n\u00e2ng \u0110\u1ee9c\",\"isPartOf\":{\"@id\":\"https:\/\/dpt-mh.com\/#website\"},\"datePublished\":\"2021-04-02T05:15:35+00:00\",\"dateModified\":\"2021-04-02T05:30:35+00:00\",\"breadcrumb\":{\"@id\":\"https:\/\/dpt-mh.com\/san-pham\/cac-loai-kep-nang-hang\/#breadcrumb\"},\"inLanguage\":\"en-GB\",\"potentialAction\":[{\"@type\":\"ReadAction\",\"target\":[\"https:\/\/dpt-mh.com\/san-pham\/cac-loai-kep-nang-hang\/\"]}]},{\"@type\":\"BreadcrumbList\",\"@id\":\"https:\/\/dpt-mh.com\/san-pham\/cac-loai-kep-nang-hang\/#breadcrumb\",\"itemListElement\":[{\"@type\":\"ListItem\",\"position\":1,\"name\":\"Home\",\"item\":\"https:\/\/dpt-mh.com\/\"},{\"@type\":\"ListItem\",\"position\":2,\"name\":\"S\u1ea3n ph\u1ea9m\",\"item\":\"https:\/\/dpt-mh.com\/en\/san-pham\/\"},{\"@type\":\"ListItem\",\"position\":3,\"name\":\"C\u00e1c lo\u1ea1i K\u1eb9p n\u00e2ng h\u00e0ng\"}]},{\"@type\":\"WebSite\",\"@id\":\"https:\/\/dpt-mh.com\/#website\",\"url\":\"https:\/\/dpt-mh.com\/\",\"name\":\"DPT - Nh\u00e0 cung c\u1ea5p xe n\u00e2ng \u0110\u1ee9c\",\"description\":\"Vietnam lift trucks service and attachment provider\",\"potentialAction\":[{\"@type\":\"SearchAction\",\"target\":{\"@type\":\"EntryPoint\",\"urlTemplate\":\"https:\/\/dpt-mh.com\/?s={search_term_string}\"},\"query-input\":{\"@type\":\"PropertyValueSpecification\",\"valueRequired\":true,\"valueName\":\"search_term_string\"}}],\"inLanguage\":\"en-GB\"}]}<\/script>\n<!-- \/ Yoast SEO plugin. -->","yoast_head_json":{"title":"C\u00e1c lo\u1ea1i K\u1eb9p n\u00e2ng h\u00e0ng - DPT - Nh\u00e0 cung c\u1ea5p xe n\u00e2ng \u0110\u1ee9c","robots":{"index":"index","follow":"follow","max-snippet":"max-snippet:-1","max-image-preview":"max-image-preview:large","max-video-preview":"max-video-preview:-1"},"canonical":"https:\/\/dpt-mh.com\/en\/san-pham\/cac-loai-kep-nang-hang\/","og_locale":"en_GB","og_type":"article","og_title":"C\u00e1c lo\u1ea1i K\u1eb9p n\u00e2ng h\u00e0ng - DPT - Nh\u00e0 cung c\u1ea5p xe n\u00e2ng \u0110\u1ee9c","og_url":"https:\/\/dpt-mh.com\/en\/san-pham\/cac-loai-kep-nang-hang\/","og_site_name":"DPT - Nh\u00e0 cung c\u1ea5p xe n\u00e2ng \u0110\u1ee9c","article_modified_time":"2021-04-02T05:30:35+00:00","twitter_card":"summary_large_image","twitter_misc":{"Estimated reading time":"2 minutes"},"schema":{"@context":"https:\/\/schema.org","@graph":[{"@type":"WebPage","@id":"https:\/\/dpt-mh.com\/san-pham\/cac-loai-kep-nang-hang\/","url":"https:\/\/dpt-mh.com\/san-pham\/cac-loai-kep-nang-hang\/","name":"C\u00e1c lo\u1ea1i K\u1eb9p n\u00e2ng h\u00e0ng - DPT - Nh\u00e0 cung c\u1ea5p xe n\u00e2ng \u0110\u1ee9c","isPartOf":{"@id":"https:\/\/dpt-mh.com\/#website"},"datePublished":"2021-04-02T05:15:35+00:00","dateModified":"2021-04-02T05:30:35+00:00","breadcrumb":{"@id":"https:\/\/dpt-mh.com\/san-pham\/cac-loai-kep-nang-hang\/#breadcrumb"},"inLanguage":"en-GB","potentialAction":[{"@type":"ReadAction","target":["https:\/\/dpt-mh.com\/san-pham\/cac-loai-kep-nang-hang\/"]}]},{"@type":"BreadcrumbList","@id":"https:\/\/dpt-mh.com\/san-pham\/cac-loai-kep-nang-hang\/#breadcrumb","itemListElement":[{"@type":"ListItem","position":1,"name":"Home","item":"https:\/\/dpt-mh.com\/"},{"@type":"ListItem","position":2,"name":"S\u1ea3n ph\u1ea9m","item":"https:\/\/dpt-mh.com\/en\/san-pham\/"},{"@type":"ListItem","position":3,"name":"C\u00e1c lo\u1ea1i K\u1eb9p n\u00e2ng h\u00e0ng"}]},{"@type":"WebSite","@id":"https:\/\/dpt-mh.com\/#website","url":"https:\/\/dpt-mh.com\/","name":"DPT - Nh\u00e0 cung c\u1ea5p xe n\u00e2ng \u0110\u1ee9c","description":"Vietnam lift trucks service and attachment provider","potentialAction":[{"@type":"SearchAction","target":{"@type":"EntryPoint","urlTemplate":"https:\/\/dpt-mh.com\/?s={search_term_string}"},"query-input":{"@type":"PropertyValueSpecification","valueRequired":true,"valueName":"search_term_string"}}],"inLanguage":"en-GB"}]}},"_links":{"self":[{"href":"https:\/\/dpt-mh.com\/en\/wp-json\/wp\/v2\/pages\/273","targetHints":{"allow":["GET"]}}],"collection":[{"href":"https:\/\/dpt-mh.com\/en\/wp-json\/wp\/v2\/pages"}],"about":[{"href":"https:\/\/dpt-mh.com\/en\/wp-json\/wp\/v2\/types\/page"}],"author":[{"embeddable":true,"href":"https:\/\/dpt-mh.com\/en\/wp-json\/wp\/v2\/users\/1"}],"replies":[{"embeddable":true,"href":"https:\/\/dpt-mh.com\/en\/wp-json\/wp\/v2\/comments?post=273"}],"version-history":[{"count":4,"href":"https:\/\/dpt-mh.com\/en\/wp-json\/wp\/v2\/pages\/273\/revisions"}],"predecessor-version":[{"id":283,"href":"https:\/\/dpt-mh.com\/en\/wp-json\/wp\/v2\/pages\/273\/revisions\/283"}],"up":[{"embeddable":true,"href":"https:\/\/dpt-mh.com\/en\/wp-json\/wp\/v2\/pages\/88"}],"wp:attachment":[{"href":"https:\/\/dpt-mh.com\/en\/wp-json\/wp\/v2\/media?parent=273"}],"curies":[{"name":"wp","href":"https:\/\/api.w.org\/{rel}","templated":true}]}}