{"id":313,"date":"2021-04-17T11:06:41","date_gmt":"2021-04-17T04:06:41","guid":{"rendered":"https:\/\/dpt-mh.com\/?page_id=313"},"modified":"2021-04-19T10:17:05","modified_gmt":"2021-04-19T03:17:05","slug":"phu-tung-thay-the-cang-nang-pin-va-linh-kien-xe-nang","status":"publish","type":"page","link":"https:\/\/dpt-mh.com\/en\/cua-hang\/phu-tung-thay-the-cang-nang-pin-va-linh-kien-xe-nang\/","title":{"rendered":"Spare parts, fork lift, battery pack"},"content":{"rendered":"<div class=\"wpb-content-wrapper\"><div class=\"vc_row wpb_row vc_row-fluid\"><div class=\"wpb_column vc_column_container vc_col-sm-12\"><div class=\"vc_column-inner\"><div class=\"wpb_wrapper\"><div class=\"woocommerce columns-4\"><ul class=\"products columns-4\">\n<li class=\"product type-product post-392 status-publish first instock product_cat-kep-phuy-kep-cuon product_tag-paper-role-clamp has-post-thumbnail shipping-taxable product-type-simple\">\n\t<a href=\"https:\/\/dpt-mh.com\/en\/shop\/kep-cuon-giay-cascade-paper-roll-clamp-dpt-867\/\" class=\"woocommerce-LoopProduct-link woocommerce-loop-product__link\"><img loading=\"lazy\" decoding=\"async\" width=\"300\" height=\"225\" src=\"https:\/\/dpt-mh.com\/wp-content\/uploads\/2021\/04\/paper_roll_claim11356455825-300x225.jpg\" class=\"attachment-woocommerce_thumbnail size-woocommerce_thumbnail\" alt=\"K\u1eb9p cu\u1ed9n gi\u1ea5y - Cascade paper roll clamp - DPT\/867\" srcset=\"https:\/\/dpt-mh.com\/wp-content\/uploads\/2021\/04\/paper_roll_claim11356455825-300x225.jpg 300w, https:\/\/dpt-mh.com\/wp-content\/uploads\/2021\/04\/paper_roll_claim11356455825-14x12.jpg 14w\" sizes=\"auto, (max-width: 300px) 100vw, 300px\" \/><h2 class=\"woocommerce-loop-product__title\">Cascade paper roll clamp - DPT \/ 867<\/h2>\n<\/a><a href=\"https:\/\/dpt-mh.com\/en\/shop\/kep-cuon-giay-cascade-paper-roll-clamp-dpt-867\/\" aria-describedby=\"woocommerce_loop_add_to_cart_link_describedby_392\" data-quantity=\"1\" class=\"button product_type_simple\" data-product_id=\"392\" data-product_sku=\"\" aria-label=\"Read more about \u201cK\u1eb9p cu\u1ed9n gi\u1ea5y - Cascade paper roll clamp - DPT\/867\u201d\" rel=\"nofollow\" data-success_message=\"\" data-no-translation=\"\" data-trp-gettext=\"\" data-no-translation-aria-label=\"\">Read more<\/a>\t<span id=\"woocommerce_loop_add_to_cart_link_describedby_392\" class=\"screen-reader-text\">\n\t\t\t<\/span>\n<\/li>\n<li class=\"product type-product post-397 status-publish instock product_cat-cang-nang product_tag-fork-positioner has-post-thumbnail shipping-taxable product-type-simple\">\n\t<a href=\"https:\/\/dpt-mh.com\/en\/shop\/khung-dinh-vi-cang-fork-positioner-dpt-1088\/\" class=\"woocommerce-LoopProduct-link woocommerce-loop-product__link\"><img loading=\"lazy\" decoding=\"async\" width=\"300\" height=\"225\" src=\"https:\/\/dpt-mh.com\/wp-content\/uploads\/2021\/04\/forkposition1356455637-300x225.jpg\" class=\"attachment-woocommerce_thumbnail size-woocommerce_thumbnail\" alt=\"Khung \u0111\u1ecbnh v\u1ecb c\u00e0ng - fork positioner - DPT\/1088\" srcset=\"https:\/\/dpt-mh.com\/wp-content\/uploads\/2021\/04\/forkposition1356455637-300x225.jpg 300w, https:\/\/dpt-mh.com\/wp-content\/uploads\/2021\/04\/forkposition1356455637-768x576.jpg 768w, https:\/\/dpt-mh.com\/wp-content\/uploads\/2021\/04\/forkposition1356455637-16x12.jpg 16w, https:\/\/dpt-mh.com\/wp-content\/uploads\/2021\/04\/forkposition1356455637-600x450.jpg 600w, https:\/\/dpt-mh.com\/wp-content\/uploads\/2021\/04\/forkposition1356455637.jpg 800w\" sizes=\"auto, (max-width: 300px) 100vw, 300px\" \/><h2 class=\"woocommerce-loop-product__title\">Fork positioner - DPT \/ 1088<\/h2>\n<\/a><a href=\"https:\/\/dpt-mh.com\/en\/shop\/khung-dinh-vi-cang-fork-positioner-dpt-1088\/\" aria-describedby=\"woocommerce_loop_add_to_cart_link_describedby_397\" data-quantity=\"1\" class=\"button product_type_simple\" data-product_id=\"397\" data-product_sku=\"\" aria-label=\"Read more about \u201cKhung \u0111\u1ecbnh v\u1ecb c\u00e0ng - fork positioner - DPT\/1088\u201d\" rel=\"nofollow\" data-success_message=\"\" data-no-translation=\"\" data-trp-gettext=\"\" data-no-translation-aria-label=\"\">Read more<\/a>\t<span id=\"woocommerce_loop_add_to_cart_link_describedby_397\" class=\"screen-reader-text\">\n\t\t\t<\/span>\n<\/li>\n<li class=\"product type-product post-394 status-publish instock product_cat-kep-phuy-kep-cuon product_tag-push-pull has-post-thumbnail shipping-taxable product-type-simple\">\n\t<a href=\"https:\/\/dpt-mh.com\/en\/shop\/khung-keo-day-push-pull-forklift-truck-attachment\/\" class=\"woocommerce-LoopProduct-link woocommerce-loop-product__link\"><img loading=\"lazy\" decoding=\"async\" width=\"300\" height=\"225\" src=\"https:\/\/dpt-mh.com\/wp-content\/uploads\/2021\/04\/pushpull-cascade11356455729-300x225.jpg\" class=\"attachment-woocommerce_thumbnail size-woocommerce_thumbnail\" alt=\"Khung k\u00e9o \u0111\u1ea9y - Push Pull Forklift Truck Attachment - DPT\/697\" srcset=\"https:\/\/dpt-mh.com\/wp-content\/uploads\/2021\/04\/pushpull-cascade11356455729-300x225.jpg 300w, https:\/\/dpt-mh.com\/wp-content\/uploads\/2021\/04\/pushpull-cascade11356455729-16x12.jpg 16w\" sizes=\"auto, (max-width: 300px) 100vw, 300px\" \/><h2 class=\"woocommerce-loop-product__title\">Push Pull Forklift Truck Attachment - DPT \/ 697<\/h2>\n<\/a><a href=\"https:\/\/dpt-mh.com\/en\/shop\/khung-keo-day-push-pull-forklift-truck-attachment\/\" aria-describedby=\"woocommerce_loop_add_to_cart_link_describedby_394\" data-quantity=\"1\" class=\"button product_type_simple\" data-product_id=\"394\" data-product_sku=\"\" aria-label=\"Read more about \u201cKhung k\u00e9o \u0111\u1ea9y - Push Pull Forklift Truck Attachment - DPT\/697\u201d\" rel=\"nofollow\" data-success_message=\"\" data-no-translation=\"\" data-trp-gettext=\"\" data-no-translation-aria-label=\"\">Read more<\/a>\t<span id=\"woocommerce_loop_add_to_cart_link_describedby_394\" class=\"screen-reader-text\">\n\t\t\t<\/span>\n<\/li>\n<li class=\"product type-product post-399 status-publish last instock product_cat-cang-nang product_tag-duplex-mast product_tag-mast has-post-thumbnail shipping-taxable product-type-simple\">\n\t<a href=\"https:\/\/dpt-mh.com\/en\/shop\/khung-nang-2-tang-duplex-mast-dpt-1085\/\" class=\"woocommerce-LoopProduct-link woocommerce-loop-product__link\"><img loading=\"lazy\" decoding=\"async\" width=\"300\" height=\"225\" src=\"https:\/\/dpt-mh.com\/wp-content\/uploads\/2021\/04\/duplex-mast-300x225.jpg\" class=\"attachment-woocommerce_thumbnail size-woocommerce_thumbnail\" alt=\"Khung n\u00e2ng 2 t\u1ea7ng - Duplex mast - DPT\/1085\" srcset=\"https:\/\/dpt-mh.com\/wp-content\/uploads\/2021\/04\/duplex-mast-300x225.jpg 300w, https:\/\/dpt-mh.com\/wp-content\/uploads\/2021\/04\/duplex-mast-768x576.jpg 768w, https:\/\/dpt-mh.com\/wp-content\/uploads\/2021\/04\/duplex-mast-16x12.jpg 16w, https:\/\/dpt-mh.com\/wp-content\/uploads\/2021\/04\/duplex-mast-600x450.jpg 600w, https:\/\/dpt-mh.com\/wp-content\/uploads\/2021\/04\/duplex-mast.jpg 800w\" sizes=\"auto, (max-width: 300px) 100vw, 300px\" \/><h2 class=\"woocommerce-loop-product__title\">Duplex mast - DPT \/ 1085<\/h2>\n<\/a><a href=\"https:\/\/dpt-mh.com\/en\/shop\/khung-nang-2-tang-duplex-mast-dpt-1085\/\" aria-describedby=\"woocommerce_loop_add_to_cart_link_describedby_399\" data-quantity=\"1\" class=\"button product_type_simple\" data-product_id=\"399\" data-product_sku=\"\" aria-label=\"Read more about \u201cKhung n\u00e2ng 2 t\u1ea7ng - Duplex mast - DPT\/1085\u201d\" rel=\"nofollow\" data-success_message=\"\" data-no-translation=\"\" data-trp-gettext=\"\" data-no-translation-aria-label=\"\">Read more<\/a>\t<span id=\"woocommerce_loop_add_to_cart_link_describedby_399\" class=\"screen-reader-text\">\n\t\t\t<\/span>\n<\/li>\n<\/ul>\n<\/div><\/div><\/div><\/div><\/div>\n<\/div>","protected":false},"excerpt":{"rendered":"Cascade paper roll clamp - DPT \/ 867 Read more Fork positioner - DPT \/ 1088 Read more Push Pull Forklift Truck Attachment - DPT \/ 697 Read more Duplex mast - DPT \/ 1085 Read more","protected":false},"author":1,"featured_media":0,"parent":315,"menu_order":0,"comment_status":"closed","ping_status":"closed","template":"languages\/page-fullwidth.php","meta":{"footnotes":""},"class_list":["post-313","page","type-page","status-publish","hentry"],"yoast_head":"<!-- This site is optimized with the Yoast SEO plugin v26.8 - https:\/\/yoast.com\/product\/yoast-seo-wordpress\/ -->\n<title>Ph\u1ee5 t\u00f9ng thay th\u1ebf, c\u00e0ng n\u00e2ng, pin accu - DPT - Nh\u00e0 cung c\u1ea5p xe n\u00e2ng \u0110\u1ee9c<\/title>\n<meta name=\"robots\" content=\"index, follow, max-snippet:-1, max-image-preview:large, max-video-preview:-1\" \/>\n<link rel=\"canonical\" href=\"https:\/\/dpt-mh.com\/en\/cua-hang\/phu-tung-thay-the-cang-nang-pin-va-linh-kien-xe-nang\/\" \/>\n<meta property=\"og:locale\" content=\"en_GB\" \/>\n<meta property=\"og:type\" content=\"article\" \/>\n<meta property=\"og:title\" content=\"Ph\u1ee5 t\u00f9ng thay th\u1ebf, c\u00e0ng n\u00e2ng, pin accu - DPT - Nh\u00e0 cung c\u1ea5p xe n\u00e2ng \u0110\u1ee9c\" \/>\n<meta property=\"og:url\" content=\"https:\/\/dpt-mh.com\/en\/cua-hang\/phu-tung-thay-the-cang-nang-pin-va-linh-kien-xe-nang\/\" \/>\n<meta property=\"og:site_name\" content=\"DPT - Nh\u00e0 cung c\u1ea5p xe n\u00e2ng \u0110\u1ee9c\" \/>\n<meta property=\"article:modified_time\" content=\"2021-04-19T03:17:05+00:00\" \/>\n<meta name=\"twitter:card\" content=\"summary_large_image\" \/>\n<meta name=\"twitter:label1\" content=\"Estimated reading time\" \/>\n\t<meta name=\"twitter:data1\" content=\"1 minute\" \/>\n<script type=\"application\/ld+json\" class=\"yoast-schema-graph\">{\"@context\":\"https:\/\/schema.org\",\"@graph\":[{\"@type\":\"WebPage\",\"@id\":\"https:\/\/dpt-mh.com\/en\/cua-hang\/phu-tung-thay-the-cang-nang-pin-va-linh-kien-xe-nang\/\",\"url\":\"https:\/\/dpt-mh.com\/en\/cua-hang\/phu-tung-thay-the-cang-nang-pin-va-linh-kien-xe-nang\/\",\"name\":\"Ph\u1ee5 t\u00f9ng thay th\u1ebf, c\u00e0ng n\u00e2ng, pin accu - DPT - Nh\u00e0 cung c\u1ea5p xe n\u00e2ng \u0110\u1ee9c\",\"isPartOf\":{\"@id\":\"https:\/\/dpt-mh.com\/#website\"},\"datePublished\":\"2021-04-17T04:06:41+00:00\",\"dateModified\":\"2021-04-19T03:17:05+00:00\",\"breadcrumb\":{\"@id\":\"https:\/\/dpt-mh.com\/en\/cua-hang\/phu-tung-thay-the-cang-nang-pin-va-linh-kien-xe-nang\/#breadcrumb\"},\"inLanguage\":\"en-GB\",\"potentialAction\":[{\"@type\":\"ReadAction\",\"target\":[\"https:\/\/dpt-mh.com\/en\/cua-hang\/phu-tung-thay-the-cang-nang-pin-va-linh-kien-xe-nang\/\"]}]},{\"@type\":\"BreadcrumbList\",\"@id\":\"https:\/\/dpt-mh.com\/en\/cua-hang\/phu-tung-thay-the-cang-nang-pin-va-linh-kien-xe-nang\/#breadcrumb\",\"itemListElement\":[{\"@type\":\"ListItem\",\"position\":1,\"name\":\"Home\",\"item\":\"https:\/\/dpt-mh.com\/\"},{\"@type\":\"ListItem\",\"position\":2,\"name\":\"C\u1eeda h\u00e0ng\",\"item\":\"https:\/\/dpt-mh.com\/cua-hang\/\"},{\"@type\":\"ListItem\",\"position\":3,\"name\":\"Ph\u1ee5 t\u00f9ng thay th\u1ebf, c\u00e0ng n\u00e2ng, pin accu\"}]},{\"@type\":\"WebSite\",\"@id\":\"https:\/\/dpt-mh.com\/#website\",\"url\":\"https:\/\/dpt-mh.com\/\",\"name\":\"DPT - Nh\u00e0 cung c\u1ea5p xe n\u00e2ng \u0110\u1ee9c\",\"description\":\"Vietnam lift trucks service and attachment provider\",\"potentialAction\":[{\"@type\":\"SearchAction\",\"target\":{\"@type\":\"EntryPoint\",\"urlTemplate\":\"https:\/\/dpt-mh.com\/?s={search_term_string}\"},\"query-input\":{\"@type\":\"PropertyValueSpecification\",\"valueRequired\":true,\"valueName\":\"search_term_string\"}}],\"inLanguage\":\"en-GB\"}]}<\/script>\n<!-- \/ Yoast SEO plugin. -->","yoast_head_json":{"title":"Ph\u1ee5 t\u00f9ng thay th\u1ebf, c\u00e0ng n\u00e2ng, pin accu - DPT - Nh\u00e0 cung c\u1ea5p xe n\u00e2ng \u0110\u1ee9c","robots":{"index":"index","follow":"follow","max-snippet":"max-snippet:-1","max-image-preview":"max-image-preview:large","max-video-preview":"max-video-preview:-1"},"canonical":"https:\/\/dpt-mh.com\/en\/cua-hang\/phu-tung-thay-the-cang-nang-pin-va-linh-kien-xe-nang\/","og_locale":"en_GB","og_type":"article","og_title":"Ph\u1ee5 t\u00f9ng thay th\u1ebf, c\u00e0ng n\u00e2ng, pin accu - DPT - Nh\u00e0 cung c\u1ea5p xe n\u00e2ng \u0110\u1ee9c","og_url":"https:\/\/dpt-mh.com\/en\/cua-hang\/phu-tung-thay-the-cang-nang-pin-va-linh-kien-xe-nang\/","og_site_name":"DPT - Nh\u00e0 cung c\u1ea5p xe n\u00e2ng \u0110\u1ee9c","article_modified_time":"2021-04-19T03:17:05+00:00","twitter_card":"summary_large_image","twitter_misc":{"Estimated reading time":"1 minute"},"schema":{"@context":"https:\/\/schema.org","@graph":[{"@type":"WebPage","@id":"https:\/\/dpt-mh.com\/en\/cua-hang\/phu-tung-thay-the-cang-nang-pin-va-linh-kien-xe-nang\/","url":"https:\/\/dpt-mh.com\/en\/cua-hang\/phu-tung-thay-the-cang-nang-pin-va-linh-kien-xe-nang\/","name":"Ph\u1ee5 t\u00f9ng thay th\u1ebf, c\u00e0ng n\u00e2ng, pin accu - DPT - Nh\u00e0 cung c\u1ea5p xe n\u00e2ng \u0110\u1ee9c","isPartOf":{"@id":"https:\/\/dpt-mh.com\/#website"},"datePublished":"2021-04-17T04:06:41+00:00","dateModified":"2021-04-19T03:17:05+00:00","breadcrumb":{"@id":"https:\/\/dpt-mh.com\/en\/cua-hang\/phu-tung-thay-the-cang-nang-pin-va-linh-kien-xe-nang\/#breadcrumb"},"inLanguage":"en-GB","potentialAction":[{"@type":"ReadAction","target":["https:\/\/dpt-mh.com\/en\/cua-hang\/phu-tung-thay-the-cang-nang-pin-va-linh-kien-xe-nang\/"]}]},{"@type":"BreadcrumbList","@id":"https:\/\/dpt-mh.com\/en\/cua-hang\/phu-tung-thay-the-cang-nang-pin-va-linh-kien-xe-nang\/#breadcrumb","itemListElement":[{"@type":"ListItem","position":1,"name":"Home","item":"https:\/\/dpt-mh.com\/"},{"@type":"ListItem","position":2,"name":"C\u1eeda h\u00e0ng","item":"https:\/\/dpt-mh.com\/cua-hang\/"},{"@type":"ListItem","position":3,"name":"Ph\u1ee5 t\u00f9ng thay th\u1ebf, c\u00e0ng n\u00e2ng, pin accu"}]},{"@type":"WebSite","@id":"https:\/\/dpt-mh.com\/#website","url":"https:\/\/dpt-mh.com\/","name":"DPT - Nh\u00e0 cung c\u1ea5p xe n\u00e2ng \u0110\u1ee9c","description":"Vietnam lift trucks service and attachment provider","potentialAction":[{"@type":"SearchAction","target":{"@type":"EntryPoint","urlTemplate":"https:\/\/dpt-mh.com\/?s={search_term_string}"},"query-input":{"@type":"PropertyValueSpecification","valueRequired":true,"valueName":"search_term_string"}}],"inLanguage":"en-GB"}]}},"_links":{"self":[{"href":"https:\/\/dpt-mh.com\/en\/wp-json\/wp\/v2\/pages\/313","targetHints":{"allow":["GET"]}}],"collection":[{"href":"https:\/\/dpt-mh.com\/en\/wp-json\/wp\/v2\/pages"}],"about":[{"href":"https:\/\/dpt-mh.com\/en\/wp-json\/wp\/v2\/types\/page"}],"author":[{"embeddable":true,"href":"https:\/\/dpt-mh.com\/en\/wp-json\/wp\/v2\/users\/1"}],"replies":[{"embeddable":true,"href":"https:\/\/dpt-mh.com\/en\/wp-json\/wp\/v2\/comments?post=313"}],"version-history":[{"count":5,"href":"https:\/\/dpt-mh.com\/en\/wp-json\/wp\/v2\/pages\/313\/revisions"}],"predecessor-version":[{"id":419,"href":"https:\/\/dpt-mh.com\/en\/wp-json\/wp\/v2\/pages\/313\/revisions\/419"}],"up":[{"embeddable":true,"href":"https:\/\/dpt-mh.com\/en\/wp-json\/wp\/v2\/pages\/315"}],"wp:attachment":[{"href":"https:\/\/dpt-mh.com\/en\/wp-json\/wp\/v2\/media?parent=313"}],"curies":[{"name":"wp","href":"https:\/\/api.w.org\/{rel}","templated":true}]}}