{"id":53,"date":"2021-03-21T09:13:42","date_gmt":"2021-03-21T02:13:42","guid":{"rendered":"https:\/\/dpt-mh.com\/?page_id=53"},"modified":"2021-03-21T11:52:06","modified_gmt":"2021-03-21T04:52:06","slug":"cho-thue-xe-nang","status":"publish","type":"page","link":"https:\/\/dpt-mh.com\/en\/services\/cho-thue-xe-nang\/","title":{"rendered":"Forklift rental"},"content":{"rendered":"<div class=\"wpb-content-wrapper\"><div class=\"vc_row wpb_row vc_row-fluid\"><div class=\"wpb_column vc_column_container vc_col-sm-12\"><div class=\"vc_column-inner\"><div class=\"wpb_wrapper\">\n\t<div class=\"wpb_text_column wpb_content_element\" >\n\t\t<div class=\"wpb_wrapper\">\n\t\t\t<h2><strong><img loading=\"lazy\" decoding=\"async\" class=\"alignright wp-image-50\" src=\"https:\/\/dpt-mh.com\/wp-content\/uploads\/2021\/03\/39x-115-360.jpg\" alt=\"Cho thue xe nang\" width=\"500\" height=\"281\" srcset=\"https:\/\/dpt-mh.com\/wp-content\/uploads\/2021\/03\/39x-115-360.jpg 836w, https:\/\/dpt-mh.com\/wp-content\/uploads\/2021\/03\/39x-115-360-300x169.jpg 300w, https:\/\/dpt-mh.com\/wp-content\/uploads\/2021\/03\/39x-115-360-768x432.jpg 768w, https:\/\/dpt-mh.com\/wp-content\/uploads\/2021\/03\/39x-115-360-16x9.jpg 16w, https:\/\/dpt-mh.com\/wp-content\/uploads\/2021\/03\/39x-115-360-600x337.jpg 600w\" sizes=\"auto, (max-width: 500px) 100vw, 500px\" \/>Short-term<\/strong><\/h2>\n<p>Allows you to cope with urgent needs within the organization. Be it business cycles, economic upheaval, staffing crises, while budgets are tight or existing equipment is being repaired. Our fleet is ready to meet your needs.<\/p>\n<h2><strong>Long-term rent\u00a0<\/strong><\/h2>\n<p>For long term fixed contracts or when you want to save money with a long term lease. When future economic conditions are uncertain, leave us accountable for taking risks, balancing accounting, maintenance and operating costs while you focus entirely on the business. You are completely sure of operating costs, not afraid of arising.<\/p>\n\n\t\t<\/div>\n\t<\/div>\n<\/div><\/div><\/div><\/div><div class=\"vc_row wpb_row vc_row-fluid\"><div class=\"wpb_column vc_column_container vc_col-sm-6\"><div class=\"vc_column-inner\"><div class=\"wpb_wrapper\">\n\t<div class=\"wpb_text_column wpb_content_element\" >\n\t\t<div class=\"wpb_wrapper\">\n\t\t\t<h2><strong>Depending on the contract<\/strong><\/h2>\n<p>The time limit depends on the agreement between the two parties and other detailed terms.<\/p>\n<p>Lifting equipment is provided at the beginning of the period. The economics of hiring are of course better than buying new ones because they are less than 100% of asset value. Because maintenance costs are included in the rental cost and the rental cost is concessional in income tax. This is the best way to get the latest vehicle. Another advantage of this approach is that it minimizes management time, does not worry about maintenance costs and your fleet is always new and efficient.<\/p>\n<h2><strong>Buy and sublease<\/strong><\/h2>\n<p>If you want to realize the asset value of your equipment, allowing you to control the amount of reinvestment in your business, let DPT look at your fleet and if we agree. intention to buy back, replace if necessary, then let you rent it again according to the details in the contract. Now you will know exactly and control the monthly cost, including the maintenance cost for the next period. Rental price will reflect the correct purchase price of equipment.<\/p>\n\n\t\t<\/div>\n\t<\/div>\n<\/div><\/div><\/div><div class=\"wpb_column vc_column_container vc_col-sm-6\"><div class=\"vc_column-inner\"><div class=\"wpb_wrapper\">\n\t<div class=\"wpb_text_column wpb_content_element\" >\n\t\t<div class=\"wpb_wrapper\">\n\t\t\t<h1>Send your request:<\/h1>\n\n\t\t<\/div>\n\t<\/div>\n\n<div class=\"wpcf7 no-js\" id=\"wpcf7-f63-o1\" lang=\"vi\" dir=\"ltr\" data-wpcf7-id=\"63\">\n<div class=\"screen-reader-response\"><p role=\"status\" aria-live=\"polite\" aria-atomic=\"true\"><\/p> <ul><\/ul><\/div>\n<form action=\"\/en\/wp-json\/wp\/v2\/pages\/53#wpcf7-f63-o1\" method=\"post\" class=\"wpcf7-form init\" aria-label=\"Form li\u00ean h\u1ec7\" novalidate=\"novalidate\" data-status=\"init\" data-trp-original-action=\"\/en\/wp-json\/wp\/v2\/pages\/53#wpcf7-f63-o1\">\n<fieldset class=\"hidden-fields-container\"><input type=\"hidden\" name=\"_wpcf7\" value=\"63\" \/><input type=\"hidden\" name=\"_wpcf7_version\" value=\"6.1.5\" \/><input type=\"hidden\" name=\"_wpcf7_locale\" value=\"vi\" \/><input type=\"hidden\" name=\"_wpcf7_unit_tag\" value=\"wpcf7-f63-o1\" \/><input type=\"hidden\" name=\"_wpcf7_container_post\" value=\"0\" \/><input type=\"hidden\" name=\"_wpcf7_posted_data_hash\" value=\"\" \/><input type=\"hidden\" name=\"_wpcf7dtx_version\" value=\"5.0.5\" \/><input type=\"hidden\" name=\"_wpcf7_recaptcha_response\" value=\"\" \/>\n<\/fieldset>\n<p><label> Your Name *:<br \/>\n<span class=\"wpcf7-form-control-wrap\" data-name=\"your-name\"><input size=\"40\" maxlength=\"400\" class=\"wpcf7-form-control wpcf7-text wpcf7-validates-as-required\" aria-required=\"true\" aria-invalid=\"false\" value=\"\" type=\"text\" name=\"your-name\" \/><\/span> <\/label><br \/>\n<label> Phone *:<br \/>\n<span class=\"wpcf7-form-control-wrap\" data-name=\"your-phone\"><input size=\"40\" maxlength=\"400\" class=\"wpcf7-form-control wpcf7-text wpcf7-validates-as-required\" aria-required=\"true\" aria-invalid=\"false\" value=\"\" type=\"text\" name=\"your-phone\" \/><\/span> <\/label><br \/>\n<label> Email *:<br \/>\n<span class=\"wpcf7-form-control-wrap\" data-name=\"your-email\"><input size=\"40\" maxlength=\"400\" class=\"wpcf7-form-control wpcf7-email wpcf7-validates-as-required wpcf7-text wpcf7-validates-as-email\" aria-required=\"true\" aria-invalid=\"false\" value=\"\" type=\"email\" name=\"your-email\" \/><\/span> <\/label><br \/>\n<label> Request *:<br \/>\n<span class=\"wpcf7-form-control-wrap\" data-name=\"your-message\"><textarea cols=\"40\" rows=\"3\" maxlength=\"2000\" class=\"wpcf7-form-control wpcf7-textarea wpcf7-validates-as-required\" aria-required=\"true\" aria-invalid=\"false\" name=\"your-message\"><\/textarea><\/span> <\/label><br \/>\n<label> Products and services:<br \/>\n<span class=\"wpcf7-form-control-wrap productname\" data-name=\"productname\"><input type=\"text\" name=\"productname\" class=\"wpcf7-form-control wpcf7-text wpcf7dtx wpcf7dtx-text\" aria-invalid=\"false\" readonly=\"readonly\" value=\"Cho thu\u00ea xe n\u00e2ng\"><\/span><\/label><br \/>\n<label><br \/>\n<input class=\"wpcf7-form-control wpcf7-submit has-spinner\" type=\"submit\" value=\"Send Inquiry\" \/><\/label><br \/>\n<span class=\"wpcf7-form-control-wrap productlink\" data-name=\"productlink\"><input type=\"hidden\" name=\"productlink\" class=\"wpcf7-form-control wpcf7-hidden wpcf7dtx wpcf7dtx-hidden\" aria-invalid=\"false\" value=\"https:\/\/dpt-mh.com\/en\/en\/wp-json\/wp\/v2\/pages\/53\"><\/span>\n<\/p><div class=\"wpcf7-response-output\" aria-hidden=\"true\"><\/div>\n<input type=\"hidden\" name=\"trp-form-language\" value=\"en\"\/><\/form>\n<\/div>\n<\/div><\/div><\/div><\/div>\n<\/div>","protected":false},"excerpt":{"rendered":"Ng\u1eafn h\u1ea1n Cho ph\u00e9p b\u1ea1n \u0111\u1ed1i ph\u00f3 v\u1edbi nh\u1eefng nhu c\u1ea7u c\u1ea5p b\u00e1ch trong t\u1ed5 ch\u1ee9c. C\u00f3 th\u1ec3 l\u00e0 chu k\u00ec kinh doanh, bi\u1ebfn \u0111\u1ed9ng kinh t\u1ebf, kh\u1ee7ng ho\u1ea3ng nh\u00e2n s\u1ef1, trong khi ng\u00e2n s\u00e1ch h\u1ea1n h\u1eb9p hay c\u00e1c thi\u1ebft b\u1ecb hi\u1ec7n h\u1eefu \u0111\u00e3 \u0111em \u0111i s\u1eeda ch\u1eefa b\u1ea3o tr\u00ec. \u0110\u1ed9i xe c\u1ee7a ch\u00fang t\u00f4i\u00a0 [...]","protected":false},"author":1,"featured_media":0,"parent":49,"menu_order":0,"comment_status":"closed","ping_status":"closed","template":"languages\/page-fullwidth.php","meta":{"footnotes":""},"class_list":["post-53","page","type-page","status-publish","hentry"],"yoast_head":"<!-- This site is optimized with the Yoast SEO plugin v26.8 - https:\/\/yoast.com\/product\/yoast-seo-wordpress\/ -->\n<title>Cho thu\u00ea xe n\u00e2ng - DPT - Nh\u00e0 cung c\u1ea5p xe n\u00e2ng \u0110\u1ee9c<\/title>\n<meta name=\"robots\" content=\"index, follow, max-snippet:-1, max-image-preview:large, max-video-preview:-1\" \/>\n<link rel=\"canonical\" href=\"https:\/\/dpt-mh.com\/en\/services\/cho-thue-xe-nang\/\" \/>\n<meta property=\"og:locale\" content=\"en_GB\" \/>\n<meta property=\"og:type\" content=\"article\" \/>\n<meta property=\"og:title\" content=\"Cho thu\u00ea xe n\u00e2ng - DPT - Nh\u00e0 cung c\u1ea5p xe n\u00e2ng \u0110\u1ee9c\" \/>\n<meta property=\"og:url\" content=\"https:\/\/dpt-mh.com\/en\/services\/cho-thue-xe-nang\/\" \/>\n<meta property=\"og:site_name\" content=\"DPT - Nh\u00e0 cung c\u1ea5p xe n\u00e2ng \u0110\u1ee9c\" \/>\n<meta property=\"article:modified_time\" content=\"2021-03-21T04:52:06+00:00\" \/>\n<meta property=\"og:image\" content=\"https:\/\/dpt-mh.com\/wp-content\/uploads\/2021\/03\/39x-115-360.jpg\" \/>\n<meta name=\"twitter:card\" content=\"summary_large_image\" \/>\n<meta name=\"twitter:label1\" content=\"Estimated reading time\" \/>\n\t<meta name=\"twitter:data1\" content=\"2 minutes\" \/>\n<script type=\"application\/ld+json\" class=\"yoast-schema-graph\">{\"@context\":\"https:\/\/schema.org\",\"@graph\":[{\"@type\":\"WebPage\",\"@id\":\"https:\/\/dpt-mh.com\/services\/cho-thue-xe-nang\/\",\"url\":\"https:\/\/dpt-mh.com\/services\/cho-thue-xe-nang\/\",\"name\":\"Cho thu\u00ea xe n\u00e2ng - DPT - Nh\u00e0 cung c\u1ea5p xe n\u00e2ng \u0110\u1ee9c\",\"isPartOf\":{\"@id\":\"https:\/\/dpt-mh.com\/#website\"},\"primaryImageOfPage\":{\"@id\":\"https:\/\/dpt-mh.com\/services\/cho-thue-xe-nang\/#primaryimage\"},\"image\":{\"@id\":\"https:\/\/dpt-mh.com\/services\/cho-thue-xe-nang\/#primaryimage\"},\"thumbnailUrl\":\"https:\/\/dpt-mh.com\/wp-content\/uploads\/2021\/03\/39x-115-360.jpg\",\"datePublished\":\"2021-03-21T02:13:42+00:00\",\"dateModified\":\"2021-03-21T04:52:06+00:00\",\"breadcrumb\":{\"@id\":\"https:\/\/dpt-mh.com\/services\/cho-thue-xe-nang\/#breadcrumb\"},\"inLanguage\":\"en-GB\",\"potentialAction\":[{\"@type\":\"ReadAction\",\"target\":[\"https:\/\/dpt-mh.com\/services\/cho-thue-xe-nang\/\"]}]},{\"@type\":\"ImageObject\",\"inLanguage\":\"en-GB\",\"@id\":\"https:\/\/dpt-mh.com\/services\/cho-thue-xe-nang\/#primaryimage\",\"url\":\"https:\/\/dpt-mh.com\/wp-content\/uploads\/2021\/03\/39x-115-360.jpg\",\"contentUrl\":\"https:\/\/dpt-mh.com\/wp-content\/uploads\/2021\/03\/39x-115-360.jpg\"},{\"@type\":\"BreadcrumbList\",\"@id\":\"https:\/\/dpt-mh.com\/services\/cho-thue-xe-nang\/#breadcrumb\",\"itemListElement\":[{\"@type\":\"ListItem\",\"position\":1,\"name\":\"Home\",\"item\":\"https:\/\/dpt-mh.com\/\"},{\"@type\":\"ListItem\",\"position\":2,\"name\":\"D\u1ecbch v\u1ee5\",\"item\":\"https:\/\/dpt-mh.com\/services\/\"},{\"@type\":\"ListItem\",\"position\":3,\"name\":\"Cho thu\u00ea xe n\u00e2ng\"}]},{\"@type\":\"WebSite\",\"@id\":\"https:\/\/dpt-mh.com\/#website\",\"url\":\"https:\/\/dpt-mh.com\/\",\"name\":\"DPT - Nh\u00e0 cung c\u1ea5p xe n\u00e2ng \u0110\u1ee9c\",\"description\":\"Vietnam lift trucks service and attachment provider\",\"potentialAction\":[{\"@type\":\"SearchAction\",\"target\":{\"@type\":\"EntryPoint\",\"urlTemplate\":\"https:\/\/dpt-mh.com\/?s={search_term_string}\"},\"query-input\":{\"@type\":\"PropertyValueSpecification\",\"valueRequired\":true,\"valueName\":\"search_term_string\"}}],\"inLanguage\":\"en-GB\"}]}<\/script>\n<!-- \/ Yoast SEO plugin. -->","yoast_head_json":{"title":"Cho thu\u00ea xe n\u00e2ng - DPT - Nh\u00e0 cung c\u1ea5p xe n\u00e2ng \u0110\u1ee9c","robots":{"index":"index","follow":"follow","max-snippet":"max-snippet:-1","max-image-preview":"max-image-preview:large","max-video-preview":"max-video-preview:-1"},"canonical":"https:\/\/dpt-mh.com\/en\/services\/cho-thue-xe-nang\/","og_locale":"en_GB","og_type":"article","og_title":"Cho thu\u00ea xe n\u00e2ng - DPT - Nh\u00e0 cung c\u1ea5p xe n\u00e2ng \u0110\u1ee9c","og_url":"https:\/\/dpt-mh.com\/en\/services\/cho-thue-xe-nang\/","og_site_name":"DPT - Nh\u00e0 cung c\u1ea5p xe n\u00e2ng \u0110\u1ee9c","article_modified_time":"2021-03-21T04:52:06+00:00","og_image":[{"url":"https:\/\/dpt-mh.com\/wp-content\/uploads\/2021\/03\/39x-115-360.jpg","type":"","width":"","height":""}],"twitter_card":"summary_large_image","twitter_misc":{"Estimated reading time":"2 minutes"},"schema":{"@context":"https:\/\/schema.org","@graph":[{"@type":"WebPage","@id":"https:\/\/dpt-mh.com\/services\/cho-thue-xe-nang\/","url":"https:\/\/dpt-mh.com\/services\/cho-thue-xe-nang\/","name":"Cho thu\u00ea xe n\u00e2ng - DPT - Nh\u00e0 cung c\u1ea5p xe n\u00e2ng \u0110\u1ee9c","isPartOf":{"@id":"https:\/\/dpt-mh.com\/#website"},"primaryImageOfPage":{"@id":"https:\/\/dpt-mh.com\/services\/cho-thue-xe-nang\/#primaryimage"},"image":{"@id":"https:\/\/dpt-mh.com\/services\/cho-thue-xe-nang\/#primaryimage"},"thumbnailUrl":"https:\/\/dpt-mh.com\/wp-content\/uploads\/2021\/03\/39x-115-360.jpg","datePublished":"2021-03-21T02:13:42+00:00","dateModified":"2021-03-21T04:52:06+00:00","breadcrumb":{"@id":"https:\/\/dpt-mh.com\/services\/cho-thue-xe-nang\/#breadcrumb"},"inLanguage":"en-GB","potentialAction":[{"@type":"ReadAction","target":["https:\/\/dpt-mh.com\/services\/cho-thue-xe-nang\/"]}]},{"@type":"ImageObject","inLanguage":"en-GB","@id":"https:\/\/dpt-mh.com\/services\/cho-thue-xe-nang\/#primaryimage","url":"https:\/\/dpt-mh.com\/wp-content\/uploads\/2021\/03\/39x-115-360.jpg","contentUrl":"https:\/\/dpt-mh.com\/wp-content\/uploads\/2021\/03\/39x-115-360.jpg"},{"@type":"BreadcrumbList","@id":"https:\/\/dpt-mh.com\/services\/cho-thue-xe-nang\/#breadcrumb","itemListElement":[{"@type":"ListItem","position":1,"name":"Home","item":"https:\/\/dpt-mh.com\/"},{"@type":"ListItem","position":2,"name":"D\u1ecbch v\u1ee5","item":"https:\/\/dpt-mh.com\/services\/"},{"@type":"ListItem","position":3,"name":"Cho thu\u00ea xe n\u00e2ng"}]},{"@type":"WebSite","@id":"https:\/\/dpt-mh.com\/#website","url":"https:\/\/dpt-mh.com\/","name":"DPT - Nh\u00e0 cung c\u1ea5p xe n\u00e2ng \u0110\u1ee9c","description":"Vietnam lift trucks service and attachment provider","potentialAction":[{"@type":"SearchAction","target":{"@type":"EntryPoint","urlTemplate":"https:\/\/dpt-mh.com\/?s={search_term_string}"},"query-input":{"@type":"PropertyValueSpecification","valueRequired":true,"valueName":"search_term_string"}}],"inLanguage":"en-GB"}]}},"_links":{"self":[{"href":"https:\/\/dpt-mh.com\/en\/wp-json\/wp\/v2\/pages\/53","targetHints":{"allow":["GET"]}}],"collection":[{"href":"https:\/\/dpt-mh.com\/en\/wp-json\/wp\/v2\/pages"}],"about":[{"href":"https:\/\/dpt-mh.com\/en\/wp-json\/wp\/v2\/types\/page"}],"author":[{"embeddable":true,"href":"https:\/\/dpt-mh.com\/en\/wp-json\/wp\/v2\/users\/1"}],"replies":[{"embeddable":true,"href":"https:\/\/dpt-mh.com\/en\/wp-json\/wp\/v2\/comments?post=53"}],"version-history":[{"count":7,"href":"https:\/\/dpt-mh.com\/en\/wp-json\/wp\/v2\/pages\/53\/revisions"}],"predecessor-version":[{"id":66,"href":"https:\/\/dpt-mh.com\/en\/wp-json\/wp\/v2\/pages\/53\/revisions\/66"}],"up":[{"embeddable":true,"href":"https:\/\/dpt-mh.com\/en\/wp-json\/wp\/v2\/pages\/49"}],"wp:attachment":[{"href":"https:\/\/dpt-mh.com\/en\/wp-json\/wp\/v2\/media?parent=53"}],"curies":[{"name":"wp","href":"https:\/\/api.w.org\/{rel}","templated":true}]}}