{"id":67,"date":"2021-03-22T08:13:30","date_gmt":"2021-03-22T01:13:30","guid":{"rendered":"https:\/\/dpt-mh.com\/?page_id=67"},"modified":"2021-03-22T08:15:10","modified_gmt":"2021-03-22T01:15:10","slug":"bao-tri-sua-chua-xe-nang","status":"publish","type":"page","link":"https:\/\/dpt-mh.com\/en\/services\/bao-tri-sua-chua-xe-nang\/","title":{"rendered":"Maintenance and repair of forklifts"},"content":{"rendered":"<div class=\"wpb-content-wrapper\"><div class=\"vc_row wpb_row vc_row-fluid\"><div class=\"wpb_column vc_column_container vc_col-sm-6\"><div class=\"vc_column-inner\"><div class=\"wpb_wrapper\">\n\t<div  class=\"wpb_single_image wpb_content_element vc_align_left\">\n\t\t\n\t\t<figure class=\"wpb_wrapper vc_figure\">\n\t\t\t<div class=\"vc_single_image-wrapper vc_box_shadow_border  vc_box_border_grey\"><img loading=\"lazy\" decoding=\"async\" width=\"3216\" height=\"2136\" src=\"https:\/\/dpt-mh.com\/wp-content\/uploads\/2021\/03\/DSC_1102-scaled.jpg\" class=\"vc_single_image-img attachment-full\" alt=\"DPT B\u1ea3o tr\u00ec xe n\u00e2ng\" title=\"DPT chuyen bao tri xe nang\" \/><\/div>\n\t\t<\/figure>\n\t<\/div>\n\n\t<div class=\"wpb_text_column wpb_content_element\" >\n\t\t<div class=\"wpb_wrapper\">\n\t\t\t<h1>Send your request:<\/h1>\n\n\t\t<\/div>\n\t<\/div>\n\n<div class=\"wpcf7 no-js\" id=\"wpcf7-f63-o1\" lang=\"vi\" dir=\"ltr\" data-wpcf7-id=\"63\">\n<div class=\"screen-reader-response\"><p role=\"status\" aria-live=\"polite\" aria-atomic=\"true\"><\/p> <ul><\/ul><\/div>\n<form action=\"\/en\/wp-json\/wp\/v2\/pages\/67#wpcf7-f63-o1\" method=\"post\" class=\"wpcf7-form init\" aria-label=\"Form li\u00ean h\u1ec7\" novalidate=\"novalidate\" data-status=\"init\" data-trp-original-action=\"\/en\/wp-json\/wp\/v2\/pages\/67#wpcf7-f63-o1\">\n<fieldset class=\"hidden-fields-container\"><input type=\"hidden\" name=\"_wpcf7\" value=\"63\" \/><input type=\"hidden\" name=\"_wpcf7_version\" value=\"6.1.5\" \/><input type=\"hidden\" name=\"_wpcf7_locale\" value=\"vi\" \/><input type=\"hidden\" name=\"_wpcf7_unit_tag\" value=\"wpcf7-f63-o1\" \/><input type=\"hidden\" name=\"_wpcf7_container_post\" value=\"0\" \/><input type=\"hidden\" name=\"_wpcf7_posted_data_hash\" value=\"\" \/><input type=\"hidden\" name=\"_wpcf7dtx_version\" value=\"5.0.5\" \/><input type=\"hidden\" name=\"_wpcf7_recaptcha_response\" value=\"\" \/>\n<\/fieldset>\n<p><label> Your Name *:<br \/>\n<span class=\"wpcf7-form-control-wrap\" data-name=\"your-name\"><input size=\"40\" maxlength=\"400\" class=\"wpcf7-form-control wpcf7-text wpcf7-validates-as-required\" aria-required=\"true\" aria-invalid=\"false\" value=\"\" type=\"text\" name=\"your-name\" \/><\/span> <\/label><br \/>\n<label> Phone *:<br \/>\n<span class=\"wpcf7-form-control-wrap\" data-name=\"your-phone\"><input size=\"40\" maxlength=\"400\" class=\"wpcf7-form-control wpcf7-text wpcf7-validates-as-required\" aria-required=\"true\" aria-invalid=\"false\" value=\"\" type=\"text\" name=\"your-phone\" \/><\/span> <\/label><br \/>\n<label> Email *:<br \/>\n<span class=\"wpcf7-form-control-wrap\" data-name=\"your-email\"><input size=\"40\" maxlength=\"400\" class=\"wpcf7-form-control wpcf7-email wpcf7-validates-as-required wpcf7-text wpcf7-validates-as-email\" aria-required=\"true\" aria-invalid=\"false\" value=\"\" type=\"email\" name=\"your-email\" \/><\/span> <\/label><br \/>\n<label> Request *:<br \/>\n<span class=\"wpcf7-form-control-wrap\" data-name=\"your-message\"><textarea cols=\"40\" rows=\"3\" maxlength=\"2000\" class=\"wpcf7-form-control wpcf7-textarea wpcf7-validates-as-required\" aria-required=\"true\" aria-invalid=\"false\" name=\"your-message\"><\/textarea><\/span> <\/label><br \/>\n<label> Products and services:<br \/>\n<span class=\"wpcf7-form-control-wrap productname\" data-name=\"productname\"><input type=\"text\" name=\"productname\" class=\"wpcf7-form-control wpcf7-text wpcf7dtx wpcf7dtx-text\" aria-invalid=\"false\" readonly=\"readonly\" value=\"B\u1ea3o tr\u00ec s\u1eeda ch\u1eefa xe n\u00e2ng\"><\/span><\/label><br \/>\n<label><br \/>\n<input class=\"wpcf7-form-control wpcf7-submit has-spinner\" type=\"submit\" value=\"Send Inquiry\" \/><\/label><br \/>\n<span class=\"wpcf7-form-control-wrap productlink\" data-name=\"productlink\"><input type=\"hidden\" name=\"productlink\" class=\"wpcf7-form-control wpcf7-hidden wpcf7dtx wpcf7dtx-hidden\" aria-invalid=\"false\" value=\"https:\/\/dpt-mh.com\/en\/en\/wp-json\/wp\/v2\/pages\/67\"><\/span>\n<\/p><div class=\"wpcf7-response-output\" aria-hidden=\"true\"><\/div>\n<input type=\"hidden\" name=\"trp-form-language\" value=\"en\"\/><\/form>\n<\/div>\n<\/div><\/div><\/div><div class=\"wpb_column vc_column_container vc_col-sm-6\"><div class=\"vc_column-inner\"><div class=\"wpb_wrapper\">\n\t<div class=\"wpb_text_column wpb_content_element\" >\n\t\t<div class=\"wpb_wrapper\">\n\t\t\t<p><strong>We provide after-sales service for your equipment with the best service ...<\/strong><\/p>\n<h2><strong>AFTER SALES SERVICE<\/strong><\/h2>\n<p>Your company will have an extensive inventory of parts and after-sales network throughout the country, fast response time with a team of mobile technicians. Also for our own fleet maintenance, our technician team is highly trained, so we are able to offer a very high price of parts, repairs and regular maintenance services. competition for forklifts, which can bring a new nuance to the customer&#039;s fleet.<\/p>\n<h2><strong>MAINTENANCE CONTRACT<\/strong><\/h2>\n<p>This type of contract provides periodic forklift maintenance to ensure that customer&#039;s equipment is in its best working condition, minimizes the risk of unexpected equipment damage and prolongs its service life. .<\/p>\n<p>We have three levels for periodic maintenance contracts.<\/p>\n<h2><strong>EXCELLENT REPAIR SERVICES<\/strong><\/h2>\n<p>For those unexpected occurrences, or a one-time request. We guarantee to respond within 12 hours if customers request in the city area. Ho Chi Minh City, Bien Hoa, Binh Duong or 24 hours for other areas. Our engineers are fully trained to have a very high chance of getting the job done after one repair, which represents our more than 50% engineering team.<\/p>\n\n\t\t<\/div>\n\t<\/div>\n<\/div><\/div><\/div><\/div>\n<\/div>","protected":false},"excerpt":{"rendered":"G\u1eedi y\u00eau c\u1ea7u: T\u00ean Qu\u00fd Kh\u00e1ch *: \u0110i\u1ec7n tho\u1ea1i *: Email *: Y\u00eau c\u1ea7u *: S\u1ea3n ph\u1ea9m, d\u1ecbch v\u1ee5: Ch\u00fang t\u00f4i \u0111\u00e1p \u1ee9ng c\u00e1c d\u1ecbch v\u1ee5 h\u1eadu m\u00e3i cho c\u00e1c thi\u1ebft b\u1ecb c\u1ee7a c\u00e1c b\u1ea1n v\u1edbi m\u1ed9t d\u1ecbch v\u1ee5 t\u1ed1t nh\u1ea5t\u2026 D\u1ecaCH V\u1ee4 H\u1eacU M\u00c3I C\u00f4ng ty c\u1ee7a b\u1ea1n s\u1ebd c\u00f3 \u0111\u01b0\u1ee3c kho h\u00e0ng ph\u1ee5 [...]","protected":false},"author":1,"featured_media":0,"parent":49,"menu_order":0,"comment_status":"closed","ping_status":"closed","template":"languages\/page-fullwidth.php","meta":{"footnotes":""},"class_list":["post-67","page","type-page","status-publish","hentry"],"yoast_head":"<!-- This site is optimized with the Yoast SEO plugin v26.8 - https:\/\/yoast.com\/product\/yoast-seo-wordpress\/ -->\n<title>B\u1ea3o tr\u00ec s\u1eeda ch\u1eefa xe n\u00e2ng - DPT - Nh\u00e0 cung c\u1ea5p xe n\u00e2ng \u0110\u1ee9c<\/title>\n<meta name=\"robots\" content=\"index, follow, max-snippet:-1, max-image-preview:large, max-video-preview:-1\" \/>\n<link rel=\"canonical\" href=\"https:\/\/dpt-mh.com\/en\/services\/bao-tri-sua-chua-xe-nang\/\" \/>\n<meta property=\"og:locale\" content=\"en_GB\" \/>\n<meta property=\"og:type\" content=\"article\" \/>\n<meta property=\"og:title\" content=\"B\u1ea3o tr\u00ec s\u1eeda ch\u1eefa xe n\u00e2ng - DPT - Nh\u00e0 cung c\u1ea5p xe n\u00e2ng \u0110\u1ee9c\" \/>\n<meta property=\"og:url\" content=\"https:\/\/dpt-mh.com\/en\/services\/bao-tri-sua-chua-xe-nang\/\" \/>\n<meta property=\"og:site_name\" content=\"DPT - Nh\u00e0 cung c\u1ea5p xe n\u00e2ng \u0110\u1ee9c\" \/>\n<meta property=\"article:modified_time\" content=\"2021-03-22T01:15:10+00:00\" \/>\n<meta name=\"twitter:card\" content=\"summary_large_image\" \/>\n<meta name=\"twitter:label1\" content=\"Estimated reading time\" \/>\n\t<meta name=\"twitter:data1\" content=\"2 minutes\" \/>\n<script type=\"application\/ld+json\" class=\"yoast-schema-graph\">{\"@context\":\"https:\/\/schema.org\",\"@graph\":[{\"@type\":\"WebPage\",\"@id\":\"https:\/\/dpt-mh.com\/en\/services\/bao-tri-sua-chua-xe-nang\/\",\"url\":\"https:\/\/dpt-mh.com\/en\/services\/bao-tri-sua-chua-xe-nang\/\",\"name\":\"B\u1ea3o tr\u00ec s\u1eeda ch\u1eefa xe n\u00e2ng - DPT - Nh\u00e0 cung c\u1ea5p xe n\u00e2ng \u0110\u1ee9c\",\"isPartOf\":{\"@id\":\"https:\/\/dpt-mh.com\/#website\"},\"datePublished\":\"2021-03-22T01:13:30+00:00\",\"dateModified\":\"2021-03-22T01:15:10+00:00\",\"breadcrumb\":{\"@id\":\"https:\/\/dpt-mh.com\/en\/services\/bao-tri-sua-chua-xe-nang\/#breadcrumb\"},\"inLanguage\":\"en-GB\",\"potentialAction\":[{\"@type\":\"ReadAction\",\"target\":[\"https:\/\/dpt-mh.com\/en\/services\/bao-tri-sua-chua-xe-nang\/\"]}]},{\"@type\":\"BreadcrumbList\",\"@id\":\"https:\/\/dpt-mh.com\/en\/services\/bao-tri-sua-chua-xe-nang\/#breadcrumb\",\"itemListElement\":[{\"@type\":\"ListItem\",\"position\":1,\"name\":\"Home\",\"item\":\"https:\/\/dpt-mh.com\/\"},{\"@type\":\"ListItem\",\"position\":2,\"name\":\"D\u1ecbch v\u1ee5\",\"item\":\"https:\/\/dpt-mh.com\/services\/\"},{\"@type\":\"ListItem\",\"position\":3,\"name\":\"B\u1ea3o tr\u00ec s\u1eeda ch\u1eefa xe n\u00e2ng\"}]},{\"@type\":\"WebSite\",\"@id\":\"https:\/\/dpt-mh.com\/#website\",\"url\":\"https:\/\/dpt-mh.com\/\",\"name\":\"DPT - Nh\u00e0 cung c\u1ea5p xe n\u00e2ng \u0110\u1ee9c\",\"description\":\"Vietnam lift trucks service and attachment provider\",\"potentialAction\":[{\"@type\":\"SearchAction\",\"target\":{\"@type\":\"EntryPoint\",\"urlTemplate\":\"https:\/\/dpt-mh.com\/?s={search_term_string}\"},\"query-input\":{\"@type\":\"PropertyValueSpecification\",\"valueRequired\":true,\"valueName\":\"search_term_string\"}}],\"inLanguage\":\"en-GB\"}]}<\/script>\n<!-- \/ Yoast SEO plugin. -->","yoast_head_json":{"title":"B\u1ea3o tr\u00ec s\u1eeda ch\u1eefa xe n\u00e2ng - DPT - Nh\u00e0 cung c\u1ea5p xe n\u00e2ng \u0110\u1ee9c","robots":{"index":"index","follow":"follow","max-snippet":"max-snippet:-1","max-image-preview":"max-image-preview:large","max-video-preview":"max-video-preview:-1"},"canonical":"https:\/\/dpt-mh.com\/en\/services\/bao-tri-sua-chua-xe-nang\/","og_locale":"en_GB","og_type":"article","og_title":"B\u1ea3o tr\u00ec s\u1eeda ch\u1eefa xe n\u00e2ng - DPT - Nh\u00e0 cung c\u1ea5p xe n\u00e2ng \u0110\u1ee9c","og_url":"https:\/\/dpt-mh.com\/en\/services\/bao-tri-sua-chua-xe-nang\/","og_site_name":"DPT - Nh\u00e0 cung c\u1ea5p xe n\u00e2ng \u0110\u1ee9c","article_modified_time":"2021-03-22T01:15:10+00:00","twitter_card":"summary_large_image","twitter_misc":{"Estimated reading time":"2 minutes"},"schema":{"@context":"https:\/\/schema.org","@graph":[{"@type":"WebPage","@id":"https:\/\/dpt-mh.com\/en\/services\/bao-tri-sua-chua-xe-nang\/","url":"https:\/\/dpt-mh.com\/en\/services\/bao-tri-sua-chua-xe-nang\/","name":"B\u1ea3o tr\u00ec s\u1eeda ch\u1eefa xe n\u00e2ng - DPT - Nh\u00e0 cung c\u1ea5p xe n\u00e2ng \u0110\u1ee9c","isPartOf":{"@id":"https:\/\/dpt-mh.com\/#website"},"datePublished":"2021-03-22T01:13:30+00:00","dateModified":"2021-03-22T01:15:10+00:00","breadcrumb":{"@id":"https:\/\/dpt-mh.com\/en\/services\/bao-tri-sua-chua-xe-nang\/#breadcrumb"},"inLanguage":"en-GB","potentialAction":[{"@type":"ReadAction","target":["https:\/\/dpt-mh.com\/en\/services\/bao-tri-sua-chua-xe-nang\/"]}]},{"@type":"BreadcrumbList","@id":"https:\/\/dpt-mh.com\/en\/services\/bao-tri-sua-chua-xe-nang\/#breadcrumb","itemListElement":[{"@type":"ListItem","position":1,"name":"Home","item":"https:\/\/dpt-mh.com\/"},{"@type":"ListItem","position":2,"name":"D\u1ecbch v\u1ee5","item":"https:\/\/dpt-mh.com\/services\/"},{"@type":"ListItem","position":3,"name":"B\u1ea3o tr\u00ec s\u1eeda ch\u1eefa xe n\u00e2ng"}]},{"@type":"WebSite","@id":"https:\/\/dpt-mh.com\/#website","url":"https:\/\/dpt-mh.com\/","name":"DPT - Nh\u00e0 cung c\u1ea5p xe n\u00e2ng \u0110\u1ee9c","description":"Vietnam lift trucks service and attachment provider","potentialAction":[{"@type":"SearchAction","target":{"@type":"EntryPoint","urlTemplate":"https:\/\/dpt-mh.com\/?s={search_term_string}"},"query-input":{"@type":"PropertyValueSpecification","valueRequired":true,"valueName":"search_term_string"}}],"inLanguage":"en-GB"}]}},"_links":{"self":[{"href":"https:\/\/dpt-mh.com\/en\/wp-json\/wp\/v2\/pages\/67","targetHints":{"allow":["GET"]}}],"collection":[{"href":"https:\/\/dpt-mh.com\/en\/wp-json\/wp\/v2\/pages"}],"about":[{"href":"https:\/\/dpt-mh.com\/en\/wp-json\/wp\/v2\/types\/page"}],"author":[{"embeddable":true,"href":"https:\/\/dpt-mh.com\/en\/wp-json\/wp\/v2\/users\/1"}],"replies":[{"embeddable":true,"href":"https:\/\/dpt-mh.com\/en\/wp-json\/wp\/v2\/comments?post=67"}],"version-history":[{"count":2,"href":"https:\/\/dpt-mh.com\/en\/wp-json\/wp\/v2\/pages\/67\/revisions"}],"predecessor-version":[{"id":71,"href":"https:\/\/dpt-mh.com\/en\/wp-json\/wp\/v2\/pages\/67\/revisions\/71"}],"up":[{"embeddable":true,"href":"https:\/\/dpt-mh.com\/en\/wp-json\/wp\/v2\/pages\/49"}],"wp:attachment":[{"href":"https:\/\/dpt-mh.com\/en\/wp-json\/wp\/v2\/media?parent=67"}],"curies":[{"name":"wp","href":"https:\/\/api.w.org\/{rel}","templated":true}]}}