{"id":81,"date":"2021-03-22T09:18:04","date_gmt":"2021-03-22T02:18:04","guid":{"rendered":"https:\/\/dpt-mh.com\/?page_id=81"},"modified":"2021-03-22T09:20:19","modified_gmt":"2021-03-22T02:20:19","slug":"dao-tao-lai-xe-nang-lift-truck","status":"publish","type":"page","link":"https:\/\/dpt-mh.com\/en\/services\/dao-tao-lai-xe-nang-lift-truck\/","title":{"rendered":"Lift trucks driving training"},"content":{"rendered":"<div class=\"wpb-content-wrapper\"><div class=\"vc_row wpb_row vc_row-fluid\"><div class=\"wpb_column vc_column_container vc_col-sm-6\"><div class=\"vc_column-inner\"><div class=\"wpb_wrapper\">\n\t<div class=\"wpb_text_column wpb_content_element\" >\n\t\t<div class=\"wpb_wrapper\">\n\t\t\t<p>DPT trains forklift driving skills for 1 to 3 days depending on vehicle type. After testing, if they pass, they will be certified by the representative of the vehicle manufacturer.<\/p>\n<p>The training program includes:<\/p>\n<p>A) Theory:<br \/>\n- General introduction<br \/>\n- Safe operating practices<br \/>\nSafety principles in industry.<br \/>\n- The balance (stability) of the forklift<br \/>\n- Daily check for forklifts and batteries<br \/>\n- Features and familiarity with forklifts<br \/>\n- Lock system and functions<\/p>\n<p>B) Practice:<br \/>\n- A practical introduction to the forklift.<br \/>\n- Explain how to control and understand displays<br \/>\n- Realistic inspection before daily operation<br \/>\n- Train basic driving skills (start, stop, emergency stop, steering and turn skills)<br \/>\n- Practice taking care of the battery and how to charge it.<br \/>\n- Introduce \/ get acquainted with hydraulic control system<br \/>\n- Lock function - how to lock, where and when to lock.<br \/>\n- How to control vehicles entering and exiting an aisle<br \/>\nLoad and pick up a palllet, when the pallets are stacked on top of each other or in a row of shelves.<\/p>\n\n\t\t<\/div>\n\t<\/div>\n\n\t<div  class=\"wpb_single_image wpb_content_element vc_align_left\">\n\t\t\n\t\t<figure class=\"wpb_wrapper vc_figure\">\n\t\t\t<div class=\"vc_single_image-wrapper vc_box_shadow_border  vc_box_border_grey\"><img loading=\"lazy\" decoding=\"async\" width=\"626\" height=\"939\" src=\"https:\/\/dpt-mh.com\/wp-content\/uploads\/2021\/03\/dao-tao-lai-xe-nang.jpg\" class=\"vc_single_image-img attachment-full\" alt=\"\" title=\"dao-tao-lai-xe-nang\" srcset=\"https:\/\/dpt-mh.com\/wp-content\/uploads\/2021\/03\/dao-tao-lai-xe-nang.jpg 626w, https:\/\/dpt-mh.com\/wp-content\/uploads\/2021\/03\/dao-tao-lai-xe-nang-200x300.jpg 200w, https:\/\/dpt-mh.com\/wp-content\/uploads\/2021\/03\/dao-tao-lai-xe-nang-8x12.jpg 8w, https:\/\/dpt-mh.com\/wp-content\/uploads\/2021\/03\/dao-tao-lai-xe-nang-600x900.jpg 600w\" sizes=\"auto, (max-width: 626px) 100vw, 626px\" \/><\/div>\n\t\t<\/figure>\n\t<\/div>\n<\/div><\/div><\/div><div class=\"wpb_column vc_column_container vc_col-sm-6\"><div class=\"vc_column-inner\"><div class=\"wpb_wrapper\">\n\t<div class=\"wpb_text_column wpb_content_element\" >\n\t\t<div class=\"wpb_wrapper\">\n\t\t\t<h1>Send your request:<\/h1>\n\n\t\t<\/div>\n\t<\/div>\n\n<div class=\"wpcf7 no-js\" id=\"wpcf7-f63-o1\" lang=\"vi\" dir=\"ltr\" data-wpcf7-id=\"63\">\n<div class=\"screen-reader-response\"><p role=\"status\" aria-live=\"polite\" aria-atomic=\"true\"><\/p> <ul><\/ul><\/div>\n<form action=\"\/en\/wp-json\/wp\/v2\/pages\/81#wpcf7-f63-o1\" method=\"post\" class=\"wpcf7-form init\" aria-label=\"Form li\u00ean h\u1ec7\" novalidate=\"novalidate\" data-status=\"init\" data-trp-original-action=\"\/en\/wp-json\/wp\/v2\/pages\/81#wpcf7-f63-o1\">\n<fieldset class=\"hidden-fields-container\"><input type=\"hidden\" name=\"_wpcf7\" value=\"63\" \/><input type=\"hidden\" name=\"_wpcf7_version\" value=\"6.1.5\" \/><input type=\"hidden\" name=\"_wpcf7_locale\" value=\"vi\" \/><input type=\"hidden\" name=\"_wpcf7_unit_tag\" value=\"wpcf7-f63-o1\" \/><input type=\"hidden\" name=\"_wpcf7_container_post\" value=\"0\" \/><input type=\"hidden\" name=\"_wpcf7_posted_data_hash\" value=\"\" \/><input type=\"hidden\" name=\"_wpcf7dtx_version\" value=\"5.0.5\" \/><input type=\"hidden\" name=\"_wpcf7_recaptcha_response\" value=\"\" \/>\n<\/fieldset>\n<p><label> Your Name *:<br \/>\n<span class=\"wpcf7-form-control-wrap\" data-name=\"your-name\"><input size=\"40\" maxlength=\"400\" class=\"wpcf7-form-control wpcf7-text wpcf7-validates-as-required\" aria-required=\"true\" aria-invalid=\"false\" value=\"\" type=\"text\" name=\"your-name\" \/><\/span> <\/label><br \/>\n<label> Phone *:<br \/>\n<span class=\"wpcf7-form-control-wrap\" data-name=\"your-phone\"><input size=\"40\" maxlength=\"400\" class=\"wpcf7-form-control wpcf7-text wpcf7-validates-as-required\" aria-required=\"true\" aria-invalid=\"false\" value=\"\" type=\"text\" name=\"your-phone\" \/><\/span> <\/label><br \/>\n<label> Email *:<br \/>\n<span class=\"wpcf7-form-control-wrap\" data-name=\"your-email\"><input size=\"40\" maxlength=\"400\" class=\"wpcf7-form-control wpcf7-email wpcf7-validates-as-required wpcf7-text wpcf7-validates-as-email\" aria-required=\"true\" aria-invalid=\"false\" value=\"\" type=\"email\" name=\"your-email\" \/><\/span> <\/label><br \/>\n<label> Request *:<br \/>\n<span class=\"wpcf7-form-control-wrap\" data-name=\"your-message\"><textarea cols=\"40\" rows=\"3\" maxlength=\"2000\" class=\"wpcf7-form-control wpcf7-textarea wpcf7-validates-as-required\" aria-required=\"true\" aria-invalid=\"false\" name=\"your-message\"><\/textarea><\/span> <\/label><br \/>\n<label> Products and services:<br \/>\n<span class=\"wpcf7-form-control-wrap productname\" data-name=\"productname\"><input type=\"text\" name=\"productname\" class=\"wpcf7-form-control wpcf7-text wpcf7dtx wpcf7dtx-text\" aria-invalid=\"false\" readonly=\"readonly\" value=\"\u0110\u00e0o t\u1ea1o l\u00e1i xe n\u00e2ng lift truck\"><\/span><\/label><br \/>\n<label><br \/>\n<input class=\"wpcf7-form-control wpcf7-submit has-spinner\" type=\"submit\" value=\"Send Inquiry\" \/><\/label><br \/>\n<span class=\"wpcf7-form-control-wrap productlink\" data-name=\"productlink\"><input type=\"hidden\" name=\"productlink\" class=\"wpcf7-form-control wpcf7-hidden wpcf7dtx wpcf7dtx-hidden\" aria-invalid=\"false\" value=\"https:\/\/dpt-mh.com\/en\/en\/wp-json\/wp\/v2\/pages\/81\"><\/span>\n<\/p><div class=\"wpcf7-response-output\" aria-hidden=\"true\"><\/div>\n<input type=\"hidden\" name=\"trp-form-language\" value=\"en\"\/><\/form>\n<\/div>\n\n\t<div  class=\"wpb_single_image wpb_content_element vc_align_left\">\n\t\t\n\t\t<figure class=\"wpb_wrapper vc_figure\">\n\t\t\t<div class=\"vc_single_image-wrapper vc_box_shadow_border  vc_box_border_grey\"><img loading=\"lazy\" decoding=\"async\" width=\"700\" height=\"1050\" src=\"https:\/\/dpt-mh.com\/wp-content\/uploads\/2021\/03\/dpt-training-xe-nang-forklift.jpg\" class=\"vc_single_image-img attachment-full\" alt=\"\" title=\"dpt-training-xe-nang-forklift\" srcset=\"https:\/\/dpt-mh.com\/wp-content\/uploads\/2021\/03\/dpt-training-xe-nang-forklift.jpg 700w, https:\/\/dpt-mh.com\/wp-content\/uploads\/2021\/03\/dpt-training-xe-nang-forklift-200x300.jpg 200w, https:\/\/dpt-mh.com\/wp-content\/uploads\/2021\/03\/dpt-training-xe-nang-forklift-683x1024.jpg 683w, https:\/\/dpt-mh.com\/wp-content\/uploads\/2021\/03\/dpt-training-xe-nang-forklift-8x12.jpg 8w, https:\/\/dpt-mh.com\/wp-content\/uploads\/2021\/03\/dpt-training-xe-nang-forklift-600x900.jpg 600w\" sizes=\"auto, (max-width: 700px) 100vw, 700px\" \/><\/div>\n\t\t<\/figure>\n\t<\/div>\n<\/div><\/div><\/div><\/div>\n<\/div>","protected":false},"excerpt":{"rendered":"DPT hu\u1ea5n luy\u1ec7n k\u1ef9 n\u0103ng l\u00e1i xe n\u00e2ng trong th\u1eddi gian t\u1eeb 1 \u0111\u1ebfn 3 ng\u00e0y t\u00f9y l\u1ecdai xe, h\u1ecdc vi\u00ean sau khi ki\u1ec3m tra, n\u1ebfu \u0111\u1ea1t, s\u1ebd \u0111\u01b0\u1ee3c c\u1ea5p ch\u1ee9ng ch\u1ec9 do \u0111\u1ea1i di\u1ec7n c\u1ee7a nh\u00e0 s\u1ea3n xu\u1ea5t xe n\u00e2ng c\u1ea5p. Ch\u01b0\u01a1ng tr\u00ecnh \u0111\u00e0o t\u1ea1o bao g\u1ed3m : A) L\u00fd thuy\u1ebft: - Gi\u1edbi thi\u1ec7u [...]","protected":false},"author":1,"featured_media":0,"parent":49,"menu_order":0,"comment_status":"closed","ping_status":"closed","template":"languages\/page-fullwidth.php","meta":{"footnotes":""},"class_list":["post-81","page","type-page","status-publish","hentry"],"yoast_head":"<!-- This site is optimized with the Yoast SEO plugin v26.8 - https:\/\/yoast.com\/product\/yoast-seo-wordpress\/ -->\n<title>\u0110\u00e0o t\u1ea1o l\u00e1i xe n\u00e2ng lift truck - DPT - Nh\u00e0 cung c\u1ea5p xe n\u00e2ng \u0110\u1ee9c<\/title>\n<meta name=\"robots\" content=\"index, follow, max-snippet:-1, max-image-preview:large, max-video-preview:-1\" \/>\n<link rel=\"canonical\" href=\"https:\/\/dpt-mh.com\/en\/services\/dao-tao-lai-xe-nang-lift-truck\/\" \/>\n<meta property=\"og:locale\" content=\"en_GB\" \/>\n<meta property=\"og:type\" content=\"article\" \/>\n<meta property=\"og:title\" content=\"\u0110\u00e0o t\u1ea1o l\u00e1i xe n\u00e2ng lift truck - DPT - Nh\u00e0 cung c\u1ea5p xe n\u00e2ng \u0110\u1ee9c\" \/>\n<meta property=\"og:url\" content=\"https:\/\/dpt-mh.com\/en\/services\/dao-tao-lai-xe-nang-lift-truck\/\" \/>\n<meta property=\"og:site_name\" content=\"DPT - Nh\u00e0 cung c\u1ea5p xe n\u00e2ng \u0110\u1ee9c\" \/>\n<meta property=\"article:modified_time\" content=\"2021-03-22T02:20:19+00:00\" \/>\n<meta name=\"twitter:card\" content=\"summary_large_image\" \/>\n<meta name=\"twitter:label1\" content=\"Estimated reading time\" \/>\n\t<meta name=\"twitter:data1\" content=\"2 minutes\" \/>\n<script type=\"application\/ld+json\" class=\"yoast-schema-graph\">{\"@context\":\"https:\/\/schema.org\",\"@graph\":[{\"@type\":\"WebPage\",\"@id\":\"https:\/\/dpt-mh.com\/services\/dao-tao-lai-xe-nang-lift-truck\/\",\"url\":\"https:\/\/dpt-mh.com\/services\/dao-tao-lai-xe-nang-lift-truck\/\",\"name\":\"\u0110\u00e0o t\u1ea1o l\u00e1i xe n\u00e2ng lift truck - DPT - Nh\u00e0 cung c\u1ea5p xe n\u00e2ng \u0110\u1ee9c\",\"isPartOf\":{\"@id\":\"https:\/\/dpt-mh.com\/#website\"},\"datePublished\":\"2021-03-22T02:18:04+00:00\",\"dateModified\":\"2021-03-22T02:20:19+00:00\",\"breadcrumb\":{\"@id\":\"https:\/\/dpt-mh.com\/services\/dao-tao-lai-xe-nang-lift-truck\/#breadcrumb\"},\"inLanguage\":\"en-GB\",\"potentialAction\":[{\"@type\":\"ReadAction\",\"target\":[\"https:\/\/dpt-mh.com\/services\/dao-tao-lai-xe-nang-lift-truck\/\"]}]},{\"@type\":\"BreadcrumbList\",\"@id\":\"https:\/\/dpt-mh.com\/services\/dao-tao-lai-xe-nang-lift-truck\/#breadcrumb\",\"itemListElement\":[{\"@type\":\"ListItem\",\"position\":1,\"name\":\"Home\",\"item\":\"https:\/\/dpt-mh.com\/\"},{\"@type\":\"ListItem\",\"position\":2,\"name\":\"D\u1ecbch v\u1ee5\",\"item\":\"https:\/\/dpt-mh.com\/services\/\"},{\"@type\":\"ListItem\",\"position\":3,\"name\":\"\u0110\u00e0o t\u1ea1o l\u00e1i xe n\u00e2ng lift truck\"}]},{\"@type\":\"WebSite\",\"@id\":\"https:\/\/dpt-mh.com\/#website\",\"url\":\"https:\/\/dpt-mh.com\/\",\"name\":\"DPT - Nh\u00e0 cung c\u1ea5p xe n\u00e2ng \u0110\u1ee9c\",\"description\":\"Vietnam lift trucks service and attachment provider\",\"potentialAction\":[{\"@type\":\"SearchAction\",\"target\":{\"@type\":\"EntryPoint\",\"urlTemplate\":\"https:\/\/dpt-mh.com\/?s={search_term_string}\"},\"query-input\":{\"@type\":\"PropertyValueSpecification\",\"valueRequired\":true,\"valueName\":\"search_term_string\"}}],\"inLanguage\":\"en-GB\"}]}<\/script>\n<!-- \/ Yoast SEO plugin. -->","yoast_head_json":{"title":"\u0110\u00e0o t\u1ea1o l\u00e1i xe n\u00e2ng lift truck - DPT - Nh\u00e0 cung c\u1ea5p xe n\u00e2ng \u0110\u1ee9c","robots":{"index":"index","follow":"follow","max-snippet":"max-snippet:-1","max-image-preview":"max-image-preview:large","max-video-preview":"max-video-preview:-1"},"canonical":"https:\/\/dpt-mh.com\/en\/services\/dao-tao-lai-xe-nang-lift-truck\/","og_locale":"en_GB","og_type":"article","og_title":"\u0110\u00e0o t\u1ea1o l\u00e1i xe n\u00e2ng lift truck - DPT - Nh\u00e0 cung c\u1ea5p xe n\u00e2ng \u0110\u1ee9c","og_url":"https:\/\/dpt-mh.com\/en\/services\/dao-tao-lai-xe-nang-lift-truck\/","og_site_name":"DPT - Nh\u00e0 cung c\u1ea5p xe n\u00e2ng \u0110\u1ee9c","article_modified_time":"2021-03-22T02:20:19+00:00","twitter_card":"summary_large_image","twitter_misc":{"Estimated reading time":"2 minutes"},"schema":{"@context":"https:\/\/schema.org","@graph":[{"@type":"WebPage","@id":"https:\/\/dpt-mh.com\/services\/dao-tao-lai-xe-nang-lift-truck\/","url":"https:\/\/dpt-mh.com\/services\/dao-tao-lai-xe-nang-lift-truck\/","name":"\u0110\u00e0o t\u1ea1o l\u00e1i xe n\u00e2ng lift truck - DPT - Nh\u00e0 cung c\u1ea5p xe n\u00e2ng \u0110\u1ee9c","isPartOf":{"@id":"https:\/\/dpt-mh.com\/#website"},"datePublished":"2021-03-22T02:18:04+00:00","dateModified":"2021-03-22T02:20:19+00:00","breadcrumb":{"@id":"https:\/\/dpt-mh.com\/services\/dao-tao-lai-xe-nang-lift-truck\/#breadcrumb"},"inLanguage":"en-GB","potentialAction":[{"@type":"ReadAction","target":["https:\/\/dpt-mh.com\/services\/dao-tao-lai-xe-nang-lift-truck\/"]}]},{"@type":"BreadcrumbList","@id":"https:\/\/dpt-mh.com\/services\/dao-tao-lai-xe-nang-lift-truck\/#breadcrumb","itemListElement":[{"@type":"ListItem","position":1,"name":"Home","item":"https:\/\/dpt-mh.com\/"},{"@type":"ListItem","position":2,"name":"D\u1ecbch v\u1ee5","item":"https:\/\/dpt-mh.com\/services\/"},{"@type":"ListItem","position":3,"name":"\u0110\u00e0o t\u1ea1o l\u00e1i xe n\u00e2ng lift truck"}]},{"@type":"WebSite","@id":"https:\/\/dpt-mh.com\/#website","url":"https:\/\/dpt-mh.com\/","name":"DPT - Nh\u00e0 cung c\u1ea5p xe n\u00e2ng \u0110\u1ee9c","description":"Vietnam lift trucks service and attachment provider","potentialAction":[{"@type":"SearchAction","target":{"@type":"EntryPoint","urlTemplate":"https:\/\/dpt-mh.com\/?s={search_term_string}"},"query-input":{"@type":"PropertyValueSpecification","valueRequired":true,"valueName":"search_term_string"}}],"inLanguage":"en-GB"}]}},"_links":{"self":[{"href":"https:\/\/dpt-mh.com\/en\/wp-json\/wp\/v2\/pages\/81","targetHints":{"allow":["GET"]}}],"collection":[{"href":"https:\/\/dpt-mh.com\/en\/wp-json\/wp\/v2\/pages"}],"about":[{"href":"https:\/\/dpt-mh.com\/en\/wp-json\/wp\/v2\/types\/page"}],"author":[{"embeddable":true,"href":"https:\/\/dpt-mh.com\/en\/wp-json\/wp\/v2\/users\/1"}],"replies":[{"embeddable":true,"href":"https:\/\/dpt-mh.com\/en\/wp-json\/wp\/v2\/comments?post=81"}],"version-history":[{"count":3,"href":"https:\/\/dpt-mh.com\/en\/wp-json\/wp\/v2\/pages\/81\/revisions"}],"predecessor-version":[{"id":86,"href":"https:\/\/dpt-mh.com\/en\/wp-json\/wp\/v2\/pages\/81\/revisions\/86"}],"up":[{"embeddable":true,"href":"https:\/\/dpt-mh.com\/en\/wp-json\/wp\/v2\/pages\/49"}],"wp:attachment":[{"href":"https:\/\/dpt-mh.com\/en\/wp-json\/wp\/v2\/media?parent=81"}],"curies":[{"name":"wp","href":"https:\/\/api.w.org\/{rel}","templated":true}]}}