{"id":88,"date":"2021-03-23T08:39:17","date_gmt":"2021-03-23T01:39:17","guid":{"rendered":"https:\/\/dpt-mh.com\/?page_id=88"},"modified":"2021-04-21T12:39:21","modified_gmt":"2021-04-21T05:39:21","slug":"san-pham","status":"publish","type":"page","link":"https:\/\/dpt-mh.com\/en\/san-pham\/","title":{"rendered":"Products"},"content":{"rendered":"<div class=\"wpb-content-wrapper\"><div class=\"vc_row wpb_row vc_row-fluid\"><div class=\"wpb_column vc_column_container vc_col-sm-4\"><div class=\"vc_column-inner\"><div class=\"wpb_wrapper\">\n\t<div class=\"wpb_text_column wpb_content_element\" >\n\t\t<div class=\"wpb_wrapper\">\n\t\t\t<h1 style=\"text-align: center;\">Hand pallet truck<\/h1>\n\n\t\t<\/div>\n\t<\/div>\n\n\t<div  class=\"wpb_single_image wpb_content_element vc_align_center  wpb_animate_when_almost_visible wpb_fadeInUp fadeInUp\">\n\t\t\n\t\t<figure class=\"wpb_wrapper vc_figure\">\n\t\t\t<div class=\"vc_single_image-wrapper   vc_box_border_grey\"><img loading=\"lazy\" decoding=\"async\" width=\"263\" height=\"300\" src=\"https:\/\/dpt-mh.com\/wp-content\/uploads\/2021\/04\/hand-pallet-truck-263x300.jpg\" class=\"vc_single_image-img attachment-medium\" alt=\"\" title=\"hand-pallet-truck\" srcset=\"https:\/\/dpt-mh.com\/wp-content\/uploads\/2021\/04\/hand-pallet-truck-263x300.jpg 263w, https:\/\/dpt-mh.com\/wp-content\/uploads\/2021\/04\/hand-pallet-truck-11x12.jpg 11w, https:\/\/dpt-mh.com\/wp-content\/uploads\/2021\/04\/hand-pallet-truck.jpg 350w\" sizes=\"auto, (max-width: 263px) 100vw, 263px\" \/><\/div>\n\t\t<\/figure>\n\t<\/div>\n\n\t<div class=\"wpb_text_column wpb_content_element\" >\n\t\t<div class=\"wpb_wrapper\">\n\t\t\t<p style=\"text-align: center;\">Hand lifts are used to move pallets a short distance. The hand pallet truck is used in tight spaces and is loaded directly onto a pallet.<\/p>\n\n\t\t<\/div>\n\t<\/div>\n<\/div><\/div><\/div><div class=\"wpb_column vc_column_container vc_col-sm-4\"><div class=\"vc_column-inner\"><div class=\"wpb_wrapper\">\n\t<div class=\"wpb_text_column wpb_content_element\" >\n\t\t<div class=\"wpb_wrapper\">\n\t\t\t<h1 style=\"text-align: center;\">Electric pallet truck<\/h1>\n\n\t\t<\/div>\n\t<\/div>\n\n\t<div  class=\"wpb_single_image wpb_content_element vc_align_center  wpb_animate_when_almost_visible wpb_fadeInUp fadeInUp\">\n\t\t\n\t\t<figure class=\"wpb_wrapper vc_figure\">\n\t\t\t<div class=\"vc_single_image-wrapper   vc_box_border_grey\"><img loading=\"lazy\" decoding=\"async\" width=\"300\" height=\"231\" src=\"https:\/\/dpt-mh.com\/wp-content\/uploads\/2021\/04\/Cat_PT_Rideon_large-300x231.jpg\" class=\"vc_single_image-img attachment-medium\" alt=\"\" title=\"Ride on electric pallet lift truck\" srcset=\"https:\/\/dpt-mh.com\/wp-content\/uploads\/2021\/04\/Cat_PT_Rideon_large-300x231.jpg 300w, https:\/\/dpt-mh.com\/wp-content\/uploads\/2021\/04\/Cat_PT_Rideon_large-16x12.jpg 16w, https:\/\/dpt-mh.com\/wp-content\/uploads\/2021\/04\/Cat_PT_Rideon_large.jpg 350w\" sizes=\"auto, (max-width: 300px) 100vw, 300px\" \/><\/div>\n\t\t<\/figure>\n\t<\/div>\n\n\t<div class=\"wpb_text_column wpb_content_element\" >\n\t\t<div class=\"wpb_wrapper\">\n\t\t\t<p style=\"text-align: center;\">The Electric Pallet Forklift is ideal for the transportation of pallets without having to invest too much.<\/p>\n\n\t\t<\/div>\n\t<\/div>\n<\/div><\/div><\/div><div class=\"wpb_column vc_column_container vc_col-sm-4\"><div class=\"vc_column-inner\"><div class=\"wpb_wrapper\">\n\t<div class=\"wpb_text_column wpb_content_element\" >\n\t\t<div class=\"wpb_wrapper\">\n\t\t\t<h1 style=\"text-align: center;\">Electric and manual forklift<\/h1>\n\n\t\t<\/div>\n\t<\/div>\n\n\t<div  class=\"wpb_single_image wpb_content_element vc_align_center  wpb_animate_when_almost_visible wpb_fadeInUp fadeInUp\">\n\t\t\n\t\t<figure class=\"wpb_wrapper vc_figure\">\n\t\t\t<div class=\"vc_single_image-wrapper   vc_box_border_grey\"><img loading=\"lazy\" decoding=\"async\" width=\"263\" height=\"300\" src=\"https:\/\/dpt-mh.com\/wp-content\/uploads\/2021\/04\/Cat_PS_Walkwith_large-263x300.jpg\" class=\"vc_single_image-img attachment-medium\" alt=\"Walk with hand electric lift truck\" title=\"Walk with hand electric lift truck\" srcset=\"https:\/\/dpt-mh.com\/wp-content\/uploads\/2021\/04\/Cat_PS_Walkwith_large-263x300.jpg 263w, https:\/\/dpt-mh.com\/wp-content\/uploads\/2021\/04\/Cat_PS_Walkwith_large-11x12.jpg 11w, https:\/\/dpt-mh.com\/wp-content\/uploads\/2021\/04\/Cat_PS_Walkwith_large.jpg 350w\" sizes=\"auto, (max-width: 263px) 100vw, 263px\" \/><\/div>\n\t\t<\/figure>\n\t<\/div>\n\n\t<div class=\"wpb_text_column wpb_content_element\" >\n\t\t<div class=\"wpb_wrapper\">\n\t\t\t<p style=\"text-align: center;\">Manual, manual and electric stackers, and Electric Stacking Forklifts are used to move pallets with the ability to stacking pallets at multiple heights to utilize storage space.<\/p>\n\n\t\t<\/div>\n\t<\/div>\n<\/div><\/div><\/div><\/div><div class=\"vc_row wpb_row vc_row-fluid\"><div class=\"wpb_column vc_column_container vc_col-sm-12\"><div class=\"vc_column-inner\"><div class=\"wpb_wrapper\"><div class=\"vc_empty_space\"   style=\"height: 32px\"><span class=\"vc_empty_space_inner\"><\/span><\/div><div class=\"vc_separator wpb_content_element vc_separator_align_center vc_sep_width_100 vc_sep_pos_align_center vc_separator_no_text vc_sep_color_grey\" ><span class=\"vc_sep_holder vc_sep_holder_l\"><span class=\"vc_sep_line\"><\/span><\/span><span class=\"vc_sep_holder vc_sep_holder_r\"><span class=\"vc_sep_line\"><\/span><\/span>\n<\/div><div class=\"vc_empty_space\"   style=\"height: 32px\"><span class=\"vc_empty_space_inner\"><\/span><\/div><\/div><\/div><\/div><\/div><div class=\"vc_row wpb_row vc_row-fluid\"><div class=\"wpb_column vc_column_container vc_col-sm-4\"><div class=\"vc_column-inner\"><div class=\"wpb_wrapper\">\n\t<div class=\"wpb_text_column wpb_content_element\" >\n\t\t<div class=\"wpb_wrapper\">\n\t\t\t<h1 style=\"text-align: center;\">Reach Trucks<\/h1>\n\n\t\t<\/div>\n\t<\/div>\n\n\t<div  class=\"wpb_single_image wpb_content_element vc_align_center  wpb_animate_when_almost_visible wpb_fadeInUp fadeInUp\">\n\t\t\n\t\t<figure class=\"wpb_wrapper vc_figure\">\n\t\t\t<div class=\"vc_single_image-wrapper   vc_box_border_grey\"><img loading=\"lazy\" decoding=\"async\" width=\"263\" height=\"300\" src=\"https:\/\/dpt-mh.com\/wp-content\/uploads\/2021\/04\/Reach-truck-dpt-263x300.jpg\" class=\"vc_single_image-img attachment-medium\" alt=\"\" title=\"Reach-truck-dpt\" srcset=\"https:\/\/dpt-mh.com\/wp-content\/uploads\/2021\/04\/Reach-truck-dpt-263x300.jpg 263w, https:\/\/dpt-mh.com\/wp-content\/uploads\/2021\/04\/Reach-truck-dpt-11x12.jpg 11w, https:\/\/dpt-mh.com\/wp-content\/uploads\/2021\/04\/Reach-truck-dpt.jpg 350w\" sizes=\"auto, (max-width: 263px) 100vw, 263px\" \/><\/div>\n\t\t<\/figure>\n\t<\/div>\n\n\t<div class=\"wpb_text_column wpb_content_element\" >\n\t\t<div class=\"wpb_wrapper\">\n\t\t\t<p style=\"text-align: center;\">Reach Trucks offers a versatile stacker and one of the most efficient devices available.<\/p>\n\n\t\t<\/div>\n\t<\/div>\n<\/div><\/div><\/div><div class=\"wpb_column vc_column_container vc_col-sm-4\"><div class=\"vc_column-inner\"><div class=\"wpb_wrapper\">\n\t<div class=\"wpb_text_column wpb_content_element\" >\n\t\t<div class=\"wpb_wrapper\">\n\t\t\t<h1 style=\"text-align: center;\">Counterweight electric forklift<\/h1>\n\n\t\t<\/div>\n\t<\/div>\n\n\t<div  class=\"wpb_single_image wpb_content_element vc_align_center  wpb_animate_when_almost_visible wpb_fadeInUp fadeInUp\">\n\t\t\n\t\t<figure class=\"wpb_wrapper vc_figure\">\n\t\t\t<div class=\"vc_single_image-wrapper   vc_box_border_grey\"><img loading=\"lazy\" decoding=\"async\" width=\"263\" height=\"300\" src=\"https:\/\/dpt-mh.com\/wp-content\/uploads\/2021\/04\/counterbalance-lift-truck-dpt-mh-263x300.jpg\" class=\"vc_single_image-img attachment-medium\" alt=\"\" title=\"counterbalance-lift-truck-dpt-mh\" srcset=\"https:\/\/dpt-mh.com\/wp-content\/uploads\/2021\/04\/counterbalance-lift-truck-dpt-mh-263x300.jpg 263w, https:\/\/dpt-mh.com\/wp-content\/uploads\/2021\/04\/counterbalance-lift-truck-dpt-mh-11x12.jpg 11w, https:\/\/dpt-mh.com\/wp-content\/uploads\/2021\/04\/counterbalance-lift-truck-dpt-mh.jpg 350w\" sizes=\"auto, (max-width: 263px) 100vw, 263px\" \/><\/div>\n\t\t<\/figure>\n\t<\/div>\n\n\t<div class=\"wpb_text_column wpb_content_element\" >\n\t\t<div class=\"wpb_wrapper\">\n\t\t\t<p style=\"text-align: center;\">The counterbalance electric forklift is used in places where exhaust gas is not allowed, where oil and gas vehicles cannot be operated.<\/p>\n\n\t\t<\/div>\n\t<\/div>\n<\/div><\/div><\/div><div class=\"wpb_column vc_column_container vc_col-sm-4\"><div class=\"vc_column-inner\"><div class=\"wpb_wrapper\">\n\t<div class=\"wpb_text_column wpb_content_element\" >\n\t\t<div class=\"wpb_wrapper\">\n\t\t\t<h1 style=\"text-align: center;\">Counterbalance forklift<\/h1>\n\n\t\t<\/div>\n\t<\/div>\n\n\t<div  class=\"wpb_single_image wpb_content_element vc_align_center  wpb_animate_when_almost_visible wpb_fadeInUp fadeInUp\">\n\t\t\n\t\t<figure class=\"wpb_wrapper vc_figure\">\n\t\t\t<div class=\"vc_single_image-wrapper   vc_box_border_grey\"><img loading=\"lazy\" decoding=\"async\" width=\"263\" height=\"300\" src=\"https:\/\/dpt-mh.com\/wp-content\/uploads\/2021\/04\/counterbalance-forklift-dpt-263x300.jpg\" class=\"vc_single_image-img attachment-medium\" alt=\"\" title=\"counterbalance-forklift-dpt\" srcset=\"https:\/\/dpt-mh.com\/wp-content\/uploads\/2021\/04\/counterbalance-forklift-dpt-263x300.jpg 263w, https:\/\/dpt-mh.com\/wp-content\/uploads\/2021\/04\/counterbalance-forklift-dpt-11x12.jpg 11w, https:\/\/dpt-mh.com\/wp-content\/uploads\/2021\/04\/counterbalance-forklift-dpt.jpg 350w\" sizes=\"auto, (max-width: 263px) 100vw, 263px\" \/><\/div>\n\t\t<\/figure>\n\t<\/div>\n\n\t<div class=\"wpb_text_column wpb_content_element\" >\n\t\t<div class=\"wpb_wrapper\">\n\t\t\t<p style=\"text-align: center;\">Industrial counterweights forklift - Using oil and gas is the most common type in the industry.<\/p>\n\n\t\t<\/div>\n\t<\/div>\n<\/div><\/div><\/div><\/div><div class=\"vc_row wpb_row vc_row-fluid\"><div class=\"wpb_column vc_column_container vc_col-sm-12\"><div class=\"vc_column-inner\"><div class=\"wpb_wrapper\"><div class=\"vc_empty_space\"   style=\"height: 32px\"><span class=\"vc_empty_space_inner\"><\/span><\/div><div class=\"vc_separator wpb_content_element vc_separator_align_center vc_sep_width_100 vc_sep_pos_align_center vc_separator_no_text vc_sep_color_grey\" ><span class=\"vc_sep_holder vc_sep_holder_l\"><span class=\"vc_sep_line\"><\/span><\/span><span class=\"vc_sep_holder vc_sep_holder_r\"><span class=\"vc_sep_line\"><\/span><\/span>\n<\/div><div class=\"vc_empty_space\"   style=\"height: 32px\"><span class=\"vc_empty_space_inner\"><\/span><\/div><\/div><\/div><\/div><\/div><div class=\"vc_row wpb_row vc_row-fluid\"><div class=\"wpb_column vc_column_container vc_col-sm-4\"><div class=\"vc_column-inner\"><div class=\"wpb_wrapper\">\n\t<div class=\"wpb_text_column wpb_content_element\" >\n\t\t<div class=\"wpb_wrapper\">\n\t\t\t<h1 style=\"text-align: center;\">Order Picker stacker<\/h1>\n\n\t\t<\/div>\n\t<\/div>\n\n\t<div  class=\"wpb_single_image wpb_content_element vc_align_center  wpb_animate_when_almost_visible wpb_fadeInUp fadeInUp\">\n\t\t\n\t\t<figure class=\"wpb_wrapper vc_figure\">\n\t\t\t<div class=\"vc_single_image-wrapper   vc_box_border_grey\"><img loading=\"lazy\" decoding=\"async\" width=\"263\" height=\"300\" src=\"https:\/\/dpt-mh.com\/wp-content\/uploads\/2021\/04\/order-picker-lift-truck-dpt-263x300.jpg\" class=\"vc_single_image-img attachment-medium\" alt=\"\" title=\"order-picker-lift-truck-dpt\" srcset=\"https:\/\/dpt-mh.com\/wp-content\/uploads\/2021\/04\/order-picker-lift-truck-dpt-263x300.jpg 263w, https:\/\/dpt-mh.com\/wp-content\/uploads\/2021\/04\/order-picker-lift-truck-dpt-11x12.jpg 11w, https:\/\/dpt-mh.com\/wp-content\/uploads\/2021\/04\/order-picker-lift-truck-dpt.jpg 350w\" sizes=\"auto, (max-width: 263px) 100vw, 263px\" \/><\/div>\n\t\t<\/figure>\n\t<\/div>\n\n\t<div class=\"wpb_text_column wpb_content_element\" >\n\t\t<div class=\"wpb_wrapper\">\n\t\t\t<p style=\"text-align: center;\">The Order Picker is very efficient and essential for multiple distribution systems across multiple business sectors.<\/p>\n\n\t\t<\/div>\n\t<\/div>\n<\/div><\/div><\/div><div class=\"wpb_column vc_column_container vc_col-sm-4\"><div class=\"vc_column-inner\"><div class=\"wpb_wrapper\">\n\t<div class=\"wpb_text_column wpb_content_element\" >\n\t\t<div class=\"wpb_wrapper\">\n\t\t\t<h1 style=\"text-align: center;\">Forklift for narrow aisles<\/h1>\n\n\t\t<\/div>\n\t<\/div>\n\n\t<div  class=\"wpb_single_image wpb_content_element vc_align_center  wpb_animate_when_almost_visible wpb_fadeInUp fadeInUp\">\n\t\t\n\t\t<figure class=\"wpb_wrapper vc_figure\">\n\t\t\t<div class=\"vc_single_image-wrapper   vc_box_border_grey\"><img loading=\"lazy\" decoding=\"async\" width=\"263\" height=\"300\" src=\"https:\/\/dpt-mh.com\/wp-content\/uploads\/2021\/04\/xe-nang-loi-di-hep-manup-very-narrow-ailse-lift-truck-dpt-263x300.jpg\" class=\"vc_single_image-img attachment-medium\" alt=\"\" title=\"xe-nang-loi-di-hep-manup-very-narrow-ailse-lift-truck-dpt\" srcset=\"https:\/\/dpt-mh.com\/wp-content\/uploads\/2021\/04\/xe-nang-loi-di-hep-manup-very-narrow-ailse-lift-truck-dpt-263x300.jpg 263w, https:\/\/dpt-mh.com\/wp-content\/uploads\/2021\/04\/xe-nang-loi-di-hep-manup-very-narrow-ailse-lift-truck-dpt-11x12.jpg 11w, https:\/\/dpt-mh.com\/wp-content\/uploads\/2021\/04\/xe-nang-loi-di-hep-manup-very-narrow-ailse-lift-truck-dpt.jpg 350w\" sizes=\"auto, (max-width: 263px) 100vw, 263px\" \/><\/div>\n\t\t<\/figure>\n\t<\/div>\n\n\t<div class=\"wpb_text_column wpb_content_element\" >\n\t\t<div class=\"wpb_wrapper\">\n\t\t\t<p style=\"text-align: center;\">The narrow aisle forklift has been specially designed to make the most of storage space with narrow aisles and high stacks.<\/p>\n\n\t\t<\/div>\n\t<\/div>\n<\/div><\/div><\/div><div class=\"wpb_column vc_column_container vc_col-sm-4\"><div class=\"vc_column-inner\"><div class=\"wpb_wrapper\">\n\t<div class=\"wpb_text_column wpb_content_element\" >\n\t\t<div class=\"wpb_wrapper\">\n\t\t\t<h1 style=\"text-align: center;\">Towing tractors<\/h1>\n\n\t\t<\/div>\n\t<\/div>\n\n\t<div  class=\"wpb_single_image wpb_content_element vc_align_center  wpb_animate_when_almost_visible wpb_fadeInUp fadeInUp\">\n\t\t\n\t\t<figure class=\"wpb_wrapper vc_figure\">\n\t\t\t<div class=\"vc_single_image-wrapper   vc_box_border_grey\"><img loading=\"lazy\" decoding=\"async\" width=\"263\" height=\"300\" src=\"https:\/\/dpt-mh.com\/wp-content\/uploads\/2021\/04\/Xe_keo_Towing_Walk_dpt-263x300.jpg\" class=\"vc_single_image-img attachment-medium\" alt=\"\" title=\"Xe_keo_Towing_Walk_dpt\" srcset=\"https:\/\/dpt-mh.com\/wp-content\/uploads\/2021\/04\/Xe_keo_Towing_Walk_dpt-263x300.jpg 263w, https:\/\/dpt-mh.com\/wp-content\/uploads\/2021\/04\/Xe_keo_Towing_Walk_dpt-11x12.jpg 11w, https:\/\/dpt-mh.com\/wp-content\/uploads\/2021\/04\/Xe_keo_Towing_Walk_dpt.jpg 350w\" sizes=\"auto, (max-width: 263px) 100vw, 263px\" \/><\/div>\n\t\t<\/figure>\n\t<\/div>\n\n\t<div class=\"wpb_text_column wpb_content_element\" >\n\t\t<div class=\"wpb_wrapper\">\n\t\t\t<p style=\"text-align: center;\">Tractors are gaining popularity in the industry. They play an important role in the transportation of wagons at ports, train stations and airports.<\/p>\n\n\t\t<\/div>\n\t<\/div>\n<\/div><\/div><\/div><\/div><div class=\"vc_row wpb_row vc_row-fluid\"><div class=\"wpb_column vc_column_container vc_col-sm-12\"><div class=\"vc_column-inner\"><div class=\"wpb_wrapper\"><div class=\"vc_empty_space\"   style=\"height: 32px\"><span class=\"vc_empty_space_inner\"><\/span><\/div><div class=\"vc_separator wpb_content_element vc_separator_align_center vc_sep_width_100 vc_sep_pos_align_center vc_separator_no_text vc_sep_color_grey\" ><span class=\"vc_sep_holder vc_sep_holder_l\"><span class=\"vc_sep_line\"><\/span><\/span><span class=\"vc_sep_holder vc_sep_holder_r\"><span class=\"vc_sep_line\"><\/span><\/span>\n<\/div><div class=\"vc_empty_space\"   style=\"height: 32px\"><span class=\"vc_empty_space_inner\"><\/span><\/div><\/div><\/div><\/div><\/div><div class=\"vc_row wpb_row vc_row-fluid\"><div class=\"wpb_column vc_column_container vc_col-sm-4\"><div class=\"vc_column-inner\"><div class=\"wpb_wrapper\">\n\t<div class=\"wpb_text_column wpb_content_element\" >\n\t\t<div class=\"wpb_wrapper\">\n\t\t\t<h1 style=\"text-align: center;\">Articulated forklift<\/h1>\n\n\t\t<\/div>\n\t<\/div>\n\n\t<div  class=\"wpb_single_image wpb_content_element vc_align_center  wpb_animate_when_almost_visible wpb_fadeInUp fadeInUp\">\n\t\t\n\t\t<figure class=\"wpb_wrapper vc_figure\">\n\t\t\t<div class=\"vc_single_image-wrapper   vc_box_border_grey\"><img loading=\"lazy\" decoding=\"async\" width=\"263\" height=\"300\" src=\"https:\/\/dpt-mh.com\/wp-content\/uploads\/2021\/04\/articulated-Aisle_Master_xe-ngang-khop-noi-dpt-263x300.jpg\" class=\"vc_single_image-img attachment-medium\" alt=\"\" title=\"articulated-Aisle_Master_xe-ngang-khop-noi-dpt\" srcset=\"https:\/\/dpt-mh.com\/wp-content\/uploads\/2021\/04\/articulated-Aisle_Master_xe-ngang-khop-noi-dpt-263x300.jpg 263w, https:\/\/dpt-mh.com\/wp-content\/uploads\/2021\/04\/articulated-Aisle_Master_xe-ngang-khop-noi-dpt-11x12.jpg 11w, https:\/\/dpt-mh.com\/wp-content\/uploads\/2021\/04\/articulated-Aisle_Master_xe-ngang-khop-noi-dpt.jpg 350w\" sizes=\"auto, (max-width: 263px) 100vw, 263px\" \/><\/div>\n\t\t<\/figure>\n\t<\/div>\n\n\t<div class=\"wpb_text_column wpb_content_element\" >\n\t\t<div class=\"wpb_wrapper\">\n\t\t\t<p style=\"text-align: center;\">Articulated forklift is very versatile in tight spaces and difficult to handle, used both indoors and outdoors. We offer a wide range of solutions for these forklifts.<\/p>\n\n\t\t<\/div>\n\t<\/div>\n<\/div><\/div><\/div><div class=\"wpb_column vc_column_container vc_col-sm-4\"><div class=\"vc_column-inner\"><div class=\"wpb_wrapper\">\n\t<div class=\"wpb_text_column wpb_content_element\" >\n\t\t<div class=\"wpb_wrapper\">\n\t\t\t<h1 style=\"text-align: center;\">Access platforms<\/h1>\n\n\t\t<\/div>\n\t<\/div>\n\n\t<div  class=\"wpb_single_image wpb_content_element vc_align_center  wpb_animate_when_almost_visible wpb_fadeInUp fadeInUp\">\n\t\t\n\t\t<figure class=\"wpb_wrapper vc_figure\">\n\t\t\t<div class=\"vc_single_image-wrapper   vc_box_border_grey\"><img loading=\"lazy\" decoding=\"async\" width=\"191\" height=\"300\" src=\"https:\/\/dpt-mh.com\/wp-content\/uploads\/2021\/04\/Access_Articulated-lift-truck-xe-nang-cau-dpt-191x300.jpg\" class=\"vc_single_image-img attachment-medium\" alt=\"\" title=\"Access_Articulated-lift-truck-xe-nang-cau-dpt\" srcset=\"https:\/\/dpt-mh.com\/wp-content\/uploads\/2021\/04\/Access_Articulated-lift-truck-xe-nang-cau-dpt-191x300.jpg 191w, https:\/\/dpt-mh.com\/wp-content\/uploads\/2021\/04\/Access_Articulated-lift-truck-xe-nang-cau-dpt-8x12.jpg 8w, https:\/\/dpt-mh.com\/wp-content\/uploads\/2021\/04\/Access_Articulated-lift-truck-xe-nang-cau-dpt.jpg 254w\" sizes=\"auto, (max-width: 191px) 100vw, 191px\" \/><\/div>\n\t\t<\/figure>\n\t<\/div>\n\n\t<div class=\"wpb_text_column wpb_content_element\" >\n\t\t<div class=\"wpb_wrapper\">\n\t\t\t<p style=\"text-align: center;\">Meet the need for access to supplies or for maintenance at high altitudes or obstructions.<\/p>\n\n\t\t<\/div>\n\t<\/div>\n<\/div><\/div><\/div><div class=\"wpb_column vc_column_container vc_col-sm-4\"><div class=\"vc_column-inner\"><div class=\"wpb_wrapper\">\n\t<div class=\"wpb_text_column wpb_content_element\" >\n\t\t<div class=\"wpb_wrapper\">\n\t\t\t<h1 style=\"text-align: center;\">Hydraulic clamps, forks<\/h1>\n\n\t\t<\/div>\n\t<\/div>\n\n\t<div  class=\"wpb_single_image wpb_content_element vc_align_center  wpb_animate_when_almost_visible wpb_fadeInUp fadeInUp\">\n\t\t\n\t\t<figure class=\"wpb_wrapper vc_figure\">\n\t\t\t<div class=\"vc_single_image-wrapper   vc_box_border_grey\"><img loading=\"lazy\" decoding=\"async\" width=\"300\" height=\"300\" src=\"https:\/\/dpt-mh.com\/wp-content\/uploads\/2021\/04\/clamp-fork-lifttruck-dpt-300x300.jpg\" class=\"vc_single_image-img attachment-medium\" alt=\"\" title=\"clamp-fork-lifttruck-dpt\" srcset=\"https:\/\/dpt-mh.com\/wp-content\/uploads\/2021\/04\/clamp-fork-lifttruck-dpt-300x300.jpg 300w, https:\/\/dpt-mh.com\/wp-content\/uploads\/2021\/04\/clamp-fork-lifttruck-dpt-150x150.jpg 150w, https:\/\/dpt-mh.com\/wp-content\/uploads\/2021\/04\/clamp-fork-lifttruck-dpt-768x768.jpg 768w, https:\/\/dpt-mh.com\/wp-content\/uploads\/2021\/04\/clamp-fork-lifttruck-dpt-12x12.jpg 12w, https:\/\/dpt-mh.com\/wp-content\/uploads\/2021\/04\/clamp-fork-lifttruck-dpt-600x600.jpg 600w, https:\/\/dpt-mh.com\/wp-content\/uploads\/2021\/04\/clamp-fork-lifttruck-dpt-100x100.jpg 100w, https:\/\/dpt-mh.com\/wp-content\/uploads\/2021\/04\/clamp-fork-lifttruck-dpt.jpg 1000w\" sizes=\"auto, (max-width: 300px) 100vw, 300px\" \/><\/div>\n\t\t<\/figure>\n\t<\/div>\n\n\t<div class=\"wpb_text_column wpb_content_element\" >\n\t\t<div class=\"wpb_wrapper\">\n\t\t\t<p style=\"text-align: center;\">We provide a wide range of hydraulic shafts to meet the needs of handling materials of all shapes, sizes and weights.<\/p>\n\n\t\t<\/div>\n\t<\/div>\n<\/div><\/div><\/div><\/div>\n<\/div>","protected":false},"excerpt":{"rendered":"Xe n\u00e2ng tay Xe n\u00e2ng tay d\u00f9ng \u0111\u1ec3 di chuy\u1ec3n pallets m\u1ed9t kho\u1ea3ng c\u00e1ch ng\u1eafn. Xe n\u00e2ng tay \u0111\u01b0\u1ee3c d\u00f9ng \u1edf n\u01a1i ch\u1eadt h\u1eb9p v\u00e0 x\u1ebfp h\u00e0ng tr\u1ef1c ti\u1ebfp l\u00ean pallet. Xe n\u00e2ng Pallet \u0111i\u1ec7n Xe n\u00e2ng Pallet \u0111i\u1ec7n r\u1ea5t l\u00fd t\u01b0\u1edfng cho vi\u1ec7c v\u1eadn chuy\u1ec3n pallet m\u00e0 kh\u00f4ng ph\u1ea3i \u0111\u1ea7u t\u01b0 qu\u00e1 l\u1edbn. Xe [...]","protected":false},"author":1,"featured_media":0,"parent":0,"menu_order":0,"comment_status":"closed","ping_status":"closed","template":"languages\/page-fullwidth.php","meta":{"footnotes":""},"class_list":["post-88","page","type-page","status-publish","hentry"],"yoast_head":"<!-- This site is optimized with the Yoast SEO plugin v26.8 - https:\/\/yoast.com\/product\/yoast-seo-wordpress\/ -->\n<title>S\u1ea3n ph\u1ea9m - DPT - Nh\u00e0 cung c\u1ea5p xe n\u00e2ng \u0110\u1ee9c<\/title>\n<meta name=\"robots\" content=\"index, follow, max-snippet:-1, max-image-preview:large, max-video-preview:-1\" \/>\n<link rel=\"canonical\" href=\"https:\/\/dpt-mh.com\/en\/san-pham\/\" \/>\n<meta property=\"og:locale\" content=\"en_GB\" \/>\n<meta property=\"og:type\" content=\"article\" \/>\n<meta property=\"og:title\" content=\"S\u1ea3n ph\u1ea9m - DPT - Nh\u00e0 cung c\u1ea5p xe n\u00e2ng \u0110\u1ee9c\" \/>\n<meta property=\"og:url\" content=\"https:\/\/dpt-mh.com\/en\/san-pham\/\" \/>\n<meta property=\"og:site_name\" content=\"DPT - Nh\u00e0 cung c\u1ea5p xe n\u00e2ng \u0110\u1ee9c\" \/>\n<meta property=\"article:modified_time\" content=\"2021-04-21T05:39:21+00:00\" \/>\n<meta name=\"twitter:card\" content=\"summary_large_image\" \/>\n<meta name=\"twitter:label1\" content=\"Estimated reading time\" \/>\n\t<meta name=\"twitter:data1\" content=\"2 minutes\" \/>\n<script type=\"application\/ld+json\" class=\"yoast-schema-graph\">{\"@context\":\"https:\/\/schema.org\",\"@graph\":[{\"@type\":\"WebPage\",\"@id\":\"https:\/\/dpt-mh.com\/en\/san-pham\/\",\"url\":\"https:\/\/dpt-mh.com\/en\/san-pham\/\",\"name\":\"S\u1ea3n ph\u1ea9m - DPT - Nh\u00e0 cung c\u1ea5p xe n\u00e2ng \u0110\u1ee9c\",\"isPartOf\":{\"@id\":\"https:\/\/dpt-mh.com\/#website\"},\"datePublished\":\"2021-03-23T01:39:17+00:00\",\"dateModified\":\"2021-04-21T05:39:21+00:00\",\"breadcrumb\":{\"@id\":\"https:\/\/dpt-mh.com\/en\/san-pham\/#breadcrumb\"},\"inLanguage\":\"en-GB\",\"potentialAction\":[{\"@type\":\"ReadAction\",\"target\":[\"https:\/\/dpt-mh.com\/en\/san-pham\/\"]}]},{\"@type\":\"BreadcrumbList\",\"@id\":\"https:\/\/dpt-mh.com\/en\/san-pham\/#breadcrumb\",\"itemListElement\":[{\"@type\":\"ListItem\",\"position\":1,\"name\":\"Home\",\"item\":\"https:\/\/dpt-mh.com\/\"},{\"@type\":\"ListItem\",\"position\":2,\"name\":\"S\u1ea3n ph\u1ea9m\"}]},{\"@type\":\"WebSite\",\"@id\":\"https:\/\/dpt-mh.com\/#website\",\"url\":\"https:\/\/dpt-mh.com\/\",\"name\":\"DPT - Nh\u00e0 cung c\u1ea5p xe n\u00e2ng \u0110\u1ee9c\",\"description\":\"Vietnam lift trucks service and attachment provider\",\"potentialAction\":[{\"@type\":\"SearchAction\",\"target\":{\"@type\":\"EntryPoint\",\"urlTemplate\":\"https:\/\/dpt-mh.com\/?s={search_term_string}\"},\"query-input\":{\"@type\":\"PropertyValueSpecification\",\"valueRequired\":true,\"valueName\":\"search_term_string\"}}],\"inLanguage\":\"en-GB\"}]}<\/script>\n<!-- \/ Yoast SEO plugin. -->","yoast_head_json":{"title":"S\u1ea3n ph\u1ea9m - DPT - Nh\u00e0 cung c\u1ea5p xe n\u00e2ng \u0110\u1ee9c","robots":{"index":"index","follow":"follow","max-snippet":"max-snippet:-1","max-image-preview":"max-image-preview:large","max-video-preview":"max-video-preview:-1"},"canonical":"https:\/\/dpt-mh.com\/en\/san-pham\/","og_locale":"en_GB","og_type":"article","og_title":"S\u1ea3n ph\u1ea9m - DPT - Nh\u00e0 cung c\u1ea5p xe n\u00e2ng \u0110\u1ee9c","og_url":"https:\/\/dpt-mh.com\/en\/san-pham\/","og_site_name":"DPT - Nh\u00e0 cung c\u1ea5p xe n\u00e2ng \u0110\u1ee9c","article_modified_time":"2021-04-21T05:39:21+00:00","twitter_card":"summary_large_image","twitter_misc":{"Estimated reading time":"2 minutes"},"schema":{"@context":"https:\/\/schema.org","@graph":[{"@type":"WebPage","@id":"https:\/\/dpt-mh.com\/en\/san-pham\/","url":"https:\/\/dpt-mh.com\/en\/san-pham\/","name":"S\u1ea3n ph\u1ea9m - DPT - Nh\u00e0 cung c\u1ea5p xe n\u00e2ng \u0110\u1ee9c","isPartOf":{"@id":"https:\/\/dpt-mh.com\/#website"},"datePublished":"2021-03-23T01:39:17+00:00","dateModified":"2021-04-21T05:39:21+00:00","breadcrumb":{"@id":"https:\/\/dpt-mh.com\/en\/san-pham\/#breadcrumb"},"inLanguage":"en-GB","potentialAction":[{"@type":"ReadAction","target":["https:\/\/dpt-mh.com\/en\/san-pham\/"]}]},{"@type":"BreadcrumbList","@id":"https:\/\/dpt-mh.com\/en\/san-pham\/#breadcrumb","itemListElement":[{"@type":"ListItem","position":1,"name":"Home","item":"https:\/\/dpt-mh.com\/"},{"@type":"ListItem","position":2,"name":"S\u1ea3n ph\u1ea9m"}]},{"@type":"WebSite","@id":"https:\/\/dpt-mh.com\/#website","url":"https:\/\/dpt-mh.com\/","name":"DPT - Nh\u00e0 cung c\u1ea5p xe n\u00e2ng \u0110\u1ee9c","description":"Vietnam lift trucks service and attachment provider","potentialAction":[{"@type":"SearchAction","target":{"@type":"EntryPoint","urlTemplate":"https:\/\/dpt-mh.com\/?s={search_term_string}"},"query-input":{"@type":"PropertyValueSpecification","valueRequired":true,"valueName":"search_term_string"}}],"inLanguage":"en-GB"}]}},"_links":{"self":[{"href":"https:\/\/dpt-mh.com\/en\/wp-json\/wp\/v2\/pages\/88","targetHints":{"allow":["GET"]}}],"collection":[{"href":"https:\/\/dpt-mh.com\/en\/wp-json\/wp\/v2\/pages"}],"about":[{"href":"https:\/\/dpt-mh.com\/en\/wp-json\/wp\/v2\/types\/page"}],"author":[{"embeddable":true,"href":"https:\/\/dpt-mh.com\/en\/wp-json\/wp\/v2\/users\/1"}],"replies":[{"embeddable":true,"href":"https:\/\/dpt-mh.com\/en\/wp-json\/wp\/v2\/comments?post=88"}],"version-history":[{"count":13,"href":"https:\/\/dpt-mh.com\/en\/wp-json\/wp\/v2\/pages\/88\/revisions"}],"predecessor-version":[{"id":477,"href":"https:\/\/dpt-mh.com\/en\/wp-json\/wp\/v2\/pages\/88\/revisions\/477"}],"wp:attachment":[{"href":"https:\/\/dpt-mh.com\/en\/wp-json\/wp\/v2\/media?parent=88"}],"curies":[{"name":"wp","href":"https:\/\/api.w.org\/{rel}","templated":true}]}}