{"id":91,"date":"2021-03-23T11:15:26","date_gmt":"2021-03-23T04:15:26","guid":{"rendered":"https:\/\/dpt-mh.com\/?page_id=91"},"modified":"2021-03-25T09:27:49","modified_gmt":"2021-03-25T02:27:49","slug":"xe-nang-pallet-tay","status":"publish","type":"page","link":"https:\/\/dpt-mh.com\/en\/san-pham\/xe-nang-pallet-tay\/","title":{"rendered":"Hand pallet truck"},"content":{"rendered":"<div class=\"wpb-content-wrapper\"><div class=\"vc_row wpb_row vc_row-fluid\"><div class=\"wpb_column vc_column_container vc_col-sm-12\"><div class=\"vc_column-inner\"><div class=\"wpb_wrapper\">\n\t<div class=\"wpb_text_column wpb_content_element\" >\n\t\t<div class=\"wpb_wrapper\">\n\t\t\t<p><img loading=\"lazy\" decoding=\"async\" class=\"alignright size-full wp-image-92\" src=\"https:\/\/dpt-mh.com\/wp-content\/uploads\/2021\/03\/xe-nang-tay-pallet.jpg\" alt=\"Xe n\u00e2ng Pallet\" width=\"300\" height=\"250\" srcset=\"https:\/\/dpt-mh.com\/wp-content\/uploads\/2021\/03\/xe-nang-tay-pallet.jpg 300w, https:\/\/dpt-mh.com\/wp-content\/uploads\/2021\/03\/xe-nang-tay-pallet-14x12.jpg 14w\" sizes=\"auto, (max-width: 300px) 100vw, 300px\" \/>Hand pallet truck is used to move pallets in close distance. Hand trucks are used in tight areas, used to lift and lower pallets. Pallet lifters are used in production and assembly lines, as well as for general material lifting operations. Refer to our electric pallet stackers for greater mobility solutions.<\/p>\n<p>There are many types of hand pallet truck and pallet stacker, here is a list of the most commonly used:<\/p>\n<p>- Standard Pallet Forklift (BF range)<\/p>\n<p>- High quality Pallet forklift (Panther range)<\/p>\n<p>- Pallet lift trucks<\/p>\n<p>- Pallet forklift with Level Controls<\/p>\n<p>- Pallet forklift trucks are inclined.<\/p>\n<p>If you still cannot find the right solution, please call our hot numbers for the most suitable advice.<\/p>\n\n\t\t<\/div>\n\t<\/div>\n<div class=\"vc_separator wpb_content_element vc_separator_align_center vc_sep_width_100 vc_sep_pos_align_center vc_separator_no_text vc_sep_color_grey\" ><span class=\"vc_sep_holder vc_sep_holder_l\"><span class=\"vc_sep_line\"><\/span><\/span><span class=\"vc_sep_holder vc_sep_holder_r\"><span class=\"vc_sep_line\"><\/span><\/span>\n<\/div><\/div><\/div><\/div><\/div><div class=\"vc_row wpb_row vc_row-fluid\"><div class=\"wpb_column vc_column_container vc_col-sm-6\"><div class=\"vc_column-inner\"><div class=\"wpb_wrapper\">\n\t<div class=\"wpb_text_column wpb_content_element\" >\n\t\t<div class=\"wpb_wrapper\">\n\t\t\t<h2>Pallet forklift with tilt paw<\/h2>\n<p>This forklift truck assists with health and safety in lifting. There are sensors to indicate the level of pallet loading. This is a product that enhances productivity and working conditions, and ensures basic business benefits.<\/p>\n\n\t\t<\/div>\n\t<\/div>\n\n\t<div  class=\"wpb_single_image wpb_content_element vc_align_left\">\n\t\t\n\t\t<figure class=\"wpb_wrapper vc_figure\">\n\t\t\t<div class=\"vc_single_image-wrapper vc_box_shadow_border  vc_box_border_grey\"><img loading=\"lazy\" decoding=\"async\" width=\"350\" height=\"400\" src=\"https:\/\/dpt-mh.com\/wp-content\/uploads\/2021\/03\/Tilting_Forks_Xe-nang-cang-nghieng.jpg\" class=\"vc_single_image-img attachment-full\" alt=\"Xe-nang-cang-nghieng-tilting-forks\" title=\"Tilting_Forks_Xe-nang-cang-nghieng\" srcset=\"https:\/\/dpt-mh.com\/wp-content\/uploads\/2021\/03\/Tilting_Forks_Xe-nang-cang-nghieng.jpg 350w, https:\/\/dpt-mh.com\/wp-content\/uploads\/2021\/03\/Tilting_Forks_Xe-nang-cang-nghieng-263x300.jpg 263w, https:\/\/dpt-mh.com\/wp-content\/uploads\/2021\/03\/Tilting_Forks_Xe-nang-cang-nghieng-11x12.jpg 11w\" sizes=\"auto, (max-width: 350px) 100vw, 350px\" \/><\/div>\n\t\t<\/figure>\n\t<\/div>\n<\/div><\/div><\/div><div class=\"wpb_column vc_column_container vc_col-sm-6 vc_col-has-fill\"><div class=\"vc_column-inner vc_custom_1616482439465\"><div class=\"wpb_wrapper\">\n\t<div class=\"wpb_text_column wpb_content_element\" >\n\t\t<div class=\"wpb_wrapper\">\n\t\t\t<h2>Hand raised pallet truck with level sensor<\/h2>\n<p>This device supports health and safety in lifting. There are sensors to indicate the level of pallet loading. This is a product that enhances productivity and working conditions, and ensures basic business benefits.<\/p>\n\n\t\t<\/div>\n\t<\/div>\n\n\t<div  class=\"wpb_single_image wpb_content_element vc_align_left\">\n\t\t\n\t\t<figure class=\"wpb_wrapper vc_figure\">\n\t\t\t<div class=\"vc_single_image-wrapper vc_box_shadow_border  vc_box_border_grey\"><img loading=\"lazy\" decoding=\"async\" width=\"350\" height=\"400\" src=\"https:\/\/dpt-mh.com\/wp-content\/uploads\/2021\/03\/Level_Control_fork_lift-xe-nang-tay-dieu-chinh.jpg\" class=\"vc_single_image-img attachment-full\" alt=\"Level control fork lift xe nang dieu chinh do cao\" title=\"Level_Control_fork_lift-xe-nang-tay-dieu-chinh\" srcset=\"https:\/\/dpt-mh.com\/wp-content\/uploads\/2021\/03\/Level_Control_fork_lift-xe-nang-tay-dieu-chinh.jpg 350w, https:\/\/dpt-mh.com\/wp-content\/uploads\/2021\/03\/Level_Control_fork_lift-xe-nang-tay-dieu-chinh-263x300.jpg 263w, https:\/\/dpt-mh.com\/wp-content\/uploads\/2021\/03\/Level_Control_fork_lift-xe-nang-tay-dieu-chinh-11x12.jpg 11w\" sizes=\"auto, (max-width: 350px) 100vw, 350px\" \/><\/div>\n\t\t<\/figure>\n\t<\/div>\n<\/div><\/div><\/div><\/div><div class=\"vc_row wpb_row vc_row-fluid\"><div class=\"wpb_column vc_column_container vc_col-sm-6 vc_col-has-fill\"><div class=\"vc_column-inner vc_custom_1616482406458\"><div class=\"wpb_wrapper\"><div class=\"vc_separator wpb_content_element vc_separator_align_center vc_sep_width_100 vc_sep_pos_align_center vc_separator_no_text vc_sep_color_grey\" ><span class=\"vc_sep_holder vc_sep_holder_l\"><span class=\"vc_sep_line\"><\/span><\/span><span class=\"vc_sep_holder vc_sep_holder_r\"><span class=\"vc_sep_line\"><\/span><\/span>\n<\/div>\n\t<div class=\"wpb_text_column wpb_content_element\" >\n\t\t<div class=\"wpb_wrapper\">\n\t\t\t<h2>Hand pallet truck - conventional type<\/h2>\n<p>Hand Pallet Truck - Manual<\/p>\n<p>This device is powerful and safe to lift. This is a product that enhances productivity and working conditions, and ensures basic business benefits.<\/p>\n<p>There is an electric power assist option.<\/p>\n\n\t\t<\/div>\n\t<\/div>\n\n\t<div  class=\"wpb_single_image wpb_content_element vc_align_left\">\n\t\t\n\t\t<figure class=\"wpb_wrapper vc_figure\">\n\t\t\t<div class=\"vc_single_image-wrapper vc_box_shadow_border  vc_box_border_grey\"><img loading=\"lazy\" decoding=\"async\" width=\"350\" height=\"400\" src=\"https:\/\/dpt-mh.com\/wp-content\/uploads\/2021\/03\/Hightlift_Man-Electric_xe-nang-tro-luc.jpg\" class=\"vc_single_image-img attachment-full\" alt=\"\" title=\"Hightlift_Man-Electric_xe-nang-tro-luc\" srcset=\"https:\/\/dpt-mh.com\/wp-content\/uploads\/2021\/03\/Hightlift_Man-Electric_xe-nang-tro-luc.jpg 350w, https:\/\/dpt-mh.com\/wp-content\/uploads\/2021\/03\/Hightlift_Man-Electric_xe-nang-tro-luc-263x300.jpg 263w, https:\/\/dpt-mh.com\/wp-content\/uploads\/2021\/03\/Hightlift_Man-Electric_xe-nang-tro-luc-11x12.jpg 11w\" sizes=\"auto, (max-width: 350px) 100vw, 350px\" \/><\/div>\n\t\t<\/figure>\n\t<\/div>\n<\/div><\/div><\/div><div class=\"wpb_column vc_column_container vc_col-sm-6 vc_col-has-fill\"><div class=\"vc_column-inner vc_custom_1616639267104\"><div class=\"wpb_wrapper\"><div class=\"vc_separator wpb_content_element vc_separator_align_center vc_sep_width_100 vc_sep_pos_align_center vc_separator_no_text vc_sep_color_grey\" ><span class=\"vc_sep_holder vc_sep_holder_l\"><span class=\"vc_sep_line\"><\/span><\/span><span class=\"vc_sep_holder vc_sep_holder_r\"><span class=\"vc_sep_line\"><\/span><\/span>\n<\/div>\n\t<div class=\"wpb_text_column wpb_content_element\" >\n\t\t<div class=\"wpb_wrapper\">\n\t\t\t<h2>Manual pallet stacker for high weight lifting needs at low heights<\/h2>\n<p>Hand pallet truck - Brand LINDE M25<\/p>\n<p>LINDE hand pallet truck allows lifting at fixed level, moving quickly between positions, high load capacity of 2500 kg. Made of high quality steel frame.<\/p>\n<p><strong>Features and advantages<\/strong><\/p>\n<p>The handle is specially designed<br \/>\nHigh quality steel construction Hydraulic pump set made in LINDE - Germany Take it one level up<br \/>\nMaximum lifting weight 2500kg<\/p>\n<p><strong>Optional<\/strong><\/p>\n<p>More options for lifting<br \/>\nWide variety of wheels<br \/>\nNoise reduction version<br \/>\n1600, 2500, 3000KG<br \/>\nLINDE forklifts are the best, most durable and most popular in the world.<\/p>\n\n\t\t<\/div>\n\t<\/div>\n\n\t<div  class=\"wpb_single_image wpb_content_element vc_align_left\">\n\t\t\n\t\t<figure class=\"wpb_wrapper vc_figure\">\n\t\t\t<div class=\"vc_single_image-wrapper vc_box_shadow_border  vc_box_border_grey\"><img loading=\"lazy\" decoding=\"async\" width=\"350\" height=\"400\" src=\"https:\/\/dpt-mh.com\/wp-content\/uploads\/2021\/03\/Panther_linde-m25-xe-nang-tay-pallet-trong-luong-lon.jpg\" class=\"vc_single_image-img attachment-full\" alt=\"panther linde m25\" title=\"Panther_linde-m25-xe-nang-tay-pallet-trong-luong-lon\" srcset=\"https:\/\/dpt-mh.com\/wp-content\/uploads\/2021\/03\/Panther_linde-m25-xe-nang-tay-pallet-trong-luong-lon.jpg 350w, https:\/\/dpt-mh.com\/wp-content\/uploads\/2021\/03\/Panther_linde-m25-xe-nang-tay-pallet-trong-luong-lon-263x300.jpg 263w, https:\/\/dpt-mh.com\/wp-content\/uploads\/2021\/03\/Panther_linde-m25-xe-nang-tay-pallet-trong-luong-lon-11x12.jpg 11w\" sizes=\"auto, (max-width: 350px) 100vw, 350px\" \/><\/div>\n\t\t<\/figure>\n\t<\/div>\n<\/div><\/div><\/div><\/div><div class=\"vc_row wpb_row vc_row-fluid\"><div class=\"wpb_column vc_column_container vc_col-sm-6\"><div class=\"vc_column-inner\"><div class=\"wpb_wrapper\"><div class=\"vc_separator wpb_content_element vc_separator_align_center vc_sep_width_100 vc_sep_pos_align_center vc_separator_no_text vc_sep_color_grey\" ><span class=\"vc_sep_holder vc_sep_holder_l\"><span class=\"vc_sep_line\"><\/span><\/span><span class=\"vc_sep_holder vc_sep_holder_r\"><span class=\"vc_sep_line\"><\/span><\/span>\n<\/div>\n\t<div class=\"wpb_text_column wpb_content_element\" >\n\t\t<div class=\"wpb_wrapper\">\n\t\t\t<h2>Standard hand pallet truck<\/h2>\n<p>Hand Pallet Trucks from Pegasus Material Handling Hand pallet truck<br \/>\nThis type of forklift truck is most popular in the line of hand lift trucks<\/p>\n<p><strong>Features &amp; advantages<\/strong><\/p>\n<p>Specially designed handle<br \/>\nLift angle is very close, safety lift valve<\/p>\n<p><strong>Hand lift truck - C6<\/strong><\/p>\n<p>This type comes with a scale, so it&#039;s both for lifting and weighing.<\/p>\n<p>Features &amp; Advantages<\/p>\n<p>The display is hard and safe<br \/>\nEasy to weigh<br \/>\n4 weighting cells<br \/>\nSee more:<\/p>\n\n\t\t<\/div>\n\t<\/div>\n\n\t<div  class=\"wpb_single_image wpb_content_element vc_align_center\">\n\t\t\n\t\t<figure class=\"wpb_wrapper vc_figure\">\n\t\t\t<div class=\"vc_single_image-wrapper vc_box_shadow_border  vc_box_border_grey\"><img loading=\"lazy\" decoding=\"async\" width=\"350\" height=\"400\" src=\"https:\/\/dpt-mh.com\/wp-content\/uploads\/2021\/03\/xe-nang-pallet-tay-tieu-chuan.jpg\" class=\"vc_single_image-img attachment-full\" alt=\"\" title=\"xe-nang-pallet-tay-tieu-chuan\" srcset=\"https:\/\/dpt-mh.com\/wp-content\/uploads\/2021\/03\/xe-nang-pallet-tay-tieu-chuan.jpg 350w, https:\/\/dpt-mh.com\/wp-content\/uploads\/2021\/03\/xe-nang-pallet-tay-tieu-chuan-263x300.jpg 263w, https:\/\/dpt-mh.com\/wp-content\/uploads\/2021\/03\/xe-nang-pallet-tay-tieu-chuan-11x12.jpg 11w\" sizes=\"auto, (max-width: 350px) 100vw, 350px\" \/><\/div>\n\t\t<\/figure>\n\t<\/div>\n<\/div><\/div><\/div><div class=\"wpb_column vc_column_container vc_col-sm-6\"><div class=\"vc_column-inner\"><div class=\"wpb_wrapper\"><div class=\"vc_separator wpb_content_element vc_separator_align_center vc_sep_width_100 vc_sep_pos_align_center vc_separator_no_text vc_sep_color_grey\" ><span class=\"vc_sep_holder vc_sep_holder_l\"><span class=\"vc_sep_line\"><\/span><\/span><span class=\"vc_sep_holder vc_sep_holder_r\"><span class=\"vc_sep_line\"><\/span><\/span>\n<\/div>\n\t<div class=\"wpb_text_column wpb_content_element\" >\n\t\t<div class=\"wpb_wrapper\">\n\t\t\t<h1>Find out or order:<\/h1>\n\n\t\t<\/div>\n\t<\/div>\n\n<div class=\"wpcf7 no-js\" id=\"wpcf7-f63-o1\" lang=\"vi\" dir=\"ltr\" data-wpcf7-id=\"63\">\n<div class=\"screen-reader-response\"><p role=\"status\" aria-live=\"polite\" aria-atomic=\"true\"><\/p> <ul><\/ul><\/div>\n<form action=\"\/en\/wp-json\/wp\/v2\/pages\/91#wpcf7-f63-o1\" method=\"post\" class=\"wpcf7-form init\" aria-label=\"Form li\u00ean h\u1ec7\" novalidate=\"novalidate\" data-status=\"init\" data-trp-original-action=\"\/en\/wp-json\/wp\/v2\/pages\/91#wpcf7-f63-o1\">\n<fieldset class=\"hidden-fields-container\"><input type=\"hidden\" name=\"_wpcf7\" value=\"63\" \/><input type=\"hidden\" name=\"_wpcf7_version\" value=\"6.1.5\" \/><input type=\"hidden\" name=\"_wpcf7_locale\" value=\"vi\" \/><input type=\"hidden\" name=\"_wpcf7_unit_tag\" value=\"wpcf7-f63-o1\" \/><input type=\"hidden\" name=\"_wpcf7_container_post\" value=\"0\" \/><input type=\"hidden\" name=\"_wpcf7_posted_data_hash\" value=\"\" \/><input type=\"hidden\" name=\"_wpcf7dtx_version\" value=\"5.0.5\" \/><input type=\"hidden\" name=\"_wpcf7_recaptcha_response\" value=\"\" \/>\n<\/fieldset>\n<p><label> Your Name *:<br \/>\n<span class=\"wpcf7-form-control-wrap\" data-name=\"your-name\"><input size=\"40\" maxlength=\"400\" class=\"wpcf7-form-control wpcf7-text wpcf7-validates-as-required\" aria-required=\"true\" aria-invalid=\"false\" value=\"\" type=\"text\" name=\"your-name\" \/><\/span> <\/label><br \/>\n<label> Phone *:<br \/>\n<span class=\"wpcf7-form-control-wrap\" data-name=\"your-phone\"><input size=\"40\" maxlength=\"400\" class=\"wpcf7-form-control wpcf7-text wpcf7-validates-as-required\" aria-required=\"true\" aria-invalid=\"false\" value=\"\" type=\"text\" name=\"your-phone\" \/><\/span> <\/label><br \/>\n<label> Email *:<br \/>\n<span class=\"wpcf7-form-control-wrap\" data-name=\"your-email\"><input size=\"40\" maxlength=\"400\" class=\"wpcf7-form-control wpcf7-email wpcf7-validates-as-required wpcf7-text wpcf7-validates-as-email\" aria-required=\"true\" aria-invalid=\"false\" value=\"\" type=\"email\" name=\"your-email\" \/><\/span> <\/label><br \/>\n<label> Request *:<br \/>\n<span class=\"wpcf7-form-control-wrap\" data-name=\"your-message\"><textarea cols=\"40\" rows=\"3\" maxlength=\"2000\" class=\"wpcf7-form-control wpcf7-textarea wpcf7-validates-as-required\" aria-required=\"true\" aria-invalid=\"false\" name=\"your-message\"><\/textarea><\/span> <\/label><br \/>\n<label> Products and services:<br \/>\n<span class=\"wpcf7-form-control-wrap productname\" data-name=\"productname\"><input type=\"text\" name=\"productname\" class=\"wpcf7-form-control wpcf7-text wpcf7dtx wpcf7dtx-text\" aria-invalid=\"false\" readonly=\"readonly\" value=\"Xe n\u00e2ng Pallet tay\"><\/span><\/label><br \/>\n<label><br \/>\n<input class=\"wpcf7-form-control wpcf7-submit has-spinner\" type=\"submit\" value=\"Send Inquiry\" \/><\/label><br \/>\n<span class=\"wpcf7-form-control-wrap productlink\" data-name=\"productlink\"><input type=\"hidden\" name=\"productlink\" class=\"wpcf7-form-control wpcf7-hidden wpcf7dtx wpcf7dtx-hidden\" aria-invalid=\"false\" value=\"https:\/\/dpt-mh.com\/en\/en\/wp-json\/wp\/v2\/pages\/91\"><\/span>\n<\/p><div class=\"wpcf7-response-output\" aria-hidden=\"true\"><\/div>\n<input type=\"hidden\" name=\"trp-form-language\" value=\"en\"\/><\/form>\n<\/div>\n<\/div><\/div><\/div><\/div>\n<\/div>","protected":false},"excerpt":{"rendered":"Xe n\u00e2ng pallet tay \u0111\u01b0\u1ee3c d\u00f9ng \u0111\u1ec3 di chuy\u1ec3n pallet trong kho\u1ea3ng c\u00e1ch g\u1ea7n. C\u00e1c lo\u1ea1i xe n\u00e2ng tay \u0111\u01b0\u1ee3c d\u00f9ng trong c\u00e1c khu v\u1ef1c ch\u1eadt h\u1eb9p, d\u00f9ng n\u00e2ng h\u1ea1 pallet. Xe n\u00e2ng tay pallet \u0111\u01b0\u1ee3c d\u00f9ng trong c\u00e1c d\u00e2y truy\u1ec1n s\u1ea3n xu\u1ea5t v\u00e0 l\u1eafp r\u1eafp, c\u0169ng nh\u01b0 cho c\u00e1c ho\u1ea1t \u0111\u1ed9ng n\u00e2ng x\u1ebfp v\u1eadt [...]","protected":false},"author":1,"featured_media":0,"parent":88,"menu_order":0,"comment_status":"closed","ping_status":"closed","template":"languages\/page-fullwidth.php","meta":{"footnotes":""},"class_list":["post-91","page","type-page","status-publish","hentry"],"yoast_head":"<!-- This site is optimized with the Yoast SEO plugin v26.8 - https:\/\/yoast.com\/product\/yoast-seo-wordpress\/ -->\n<title>Xe n\u00e2ng Pallet tay - DPT - Nh\u00e0 cung c\u1ea5p xe n\u00e2ng \u0110\u1ee9c<\/title>\n<meta name=\"robots\" content=\"index, follow, max-snippet:-1, max-image-preview:large, max-video-preview:-1\" \/>\n<link rel=\"canonical\" href=\"https:\/\/dpt-mh.com\/en\/san-pham\/xe-nang-pallet-tay\/\" \/>\n<meta property=\"og:locale\" content=\"en_GB\" \/>\n<meta property=\"og:type\" content=\"article\" \/>\n<meta property=\"og:title\" content=\"Xe n\u00e2ng Pallet tay - DPT - Nh\u00e0 cung c\u1ea5p xe n\u00e2ng \u0110\u1ee9c\" \/>\n<meta property=\"og:url\" content=\"https:\/\/dpt-mh.com\/en\/san-pham\/xe-nang-pallet-tay\/\" \/>\n<meta property=\"og:site_name\" content=\"DPT - Nh\u00e0 cung c\u1ea5p xe n\u00e2ng \u0110\u1ee9c\" \/>\n<meta property=\"article:modified_time\" content=\"2021-03-25T02:27:49+00:00\" \/>\n<meta property=\"og:image\" content=\"https:\/\/dpt-mh.com\/wp-content\/uploads\/2021\/03\/xe-nang-tay-pallet.jpg\" \/>\n<meta name=\"twitter:card\" content=\"summary_large_image\" \/>\n<meta name=\"twitter:label1\" content=\"Estimated reading time\" \/>\n\t<meta name=\"twitter:data1\" content=\"3 minutes\" \/>\n<script type=\"application\/ld+json\" class=\"yoast-schema-graph\">{\"@context\":\"https:\/\/schema.org\",\"@graph\":[{\"@type\":\"WebPage\",\"@id\":\"https:\/\/dpt-mh.com\/san-pham\/xe-nang-pallet-tay\/\",\"url\":\"https:\/\/dpt-mh.com\/san-pham\/xe-nang-pallet-tay\/\",\"name\":\"Xe n\u00e2ng Pallet tay - DPT - Nh\u00e0 cung c\u1ea5p xe n\u00e2ng \u0110\u1ee9c\",\"isPartOf\":{\"@id\":\"https:\/\/dpt-mh.com\/#website\"},\"primaryImageOfPage\":{\"@id\":\"https:\/\/dpt-mh.com\/san-pham\/xe-nang-pallet-tay\/#primaryimage\"},\"image\":{\"@id\":\"https:\/\/dpt-mh.com\/san-pham\/xe-nang-pallet-tay\/#primaryimage\"},\"thumbnailUrl\":\"https:\/\/dpt-mh.com\/wp-content\/uploads\/2021\/03\/xe-nang-tay-pallet.jpg\",\"datePublished\":\"2021-03-23T04:15:26+00:00\",\"dateModified\":\"2021-03-25T02:27:49+00:00\",\"breadcrumb\":{\"@id\":\"https:\/\/dpt-mh.com\/san-pham\/xe-nang-pallet-tay\/#breadcrumb\"},\"inLanguage\":\"en-GB\",\"potentialAction\":[{\"@type\":\"ReadAction\",\"target\":[\"https:\/\/dpt-mh.com\/san-pham\/xe-nang-pallet-tay\/\"]}]},{\"@type\":\"ImageObject\",\"inLanguage\":\"en-GB\",\"@id\":\"https:\/\/dpt-mh.com\/san-pham\/xe-nang-pallet-tay\/#primaryimage\",\"url\":\"https:\/\/dpt-mh.com\/wp-content\/uploads\/2021\/03\/xe-nang-tay-pallet.jpg\",\"contentUrl\":\"https:\/\/dpt-mh.com\/wp-content\/uploads\/2021\/03\/xe-nang-tay-pallet.jpg\"},{\"@type\":\"BreadcrumbList\",\"@id\":\"https:\/\/dpt-mh.com\/san-pham\/xe-nang-pallet-tay\/#breadcrumb\",\"itemListElement\":[{\"@type\":\"ListItem\",\"position\":1,\"name\":\"Home\",\"item\":\"https:\/\/dpt-mh.com\/\"},{\"@type\":\"ListItem\",\"position\":2,\"name\":\"S\u1ea3n ph\u1ea9m\",\"item\":\"https:\/\/dpt-mh.com\/en\/san-pham\/\"},{\"@type\":\"ListItem\",\"position\":3,\"name\":\"Xe n\u00e2ng Pallet tay\"}]},{\"@type\":\"WebSite\",\"@id\":\"https:\/\/dpt-mh.com\/#website\",\"url\":\"https:\/\/dpt-mh.com\/\",\"name\":\"DPT - Nh\u00e0 cung c\u1ea5p xe n\u00e2ng \u0110\u1ee9c\",\"description\":\"Vietnam lift trucks service and attachment provider\",\"potentialAction\":[{\"@type\":\"SearchAction\",\"target\":{\"@type\":\"EntryPoint\",\"urlTemplate\":\"https:\/\/dpt-mh.com\/?s={search_term_string}\"},\"query-input\":{\"@type\":\"PropertyValueSpecification\",\"valueRequired\":true,\"valueName\":\"search_term_string\"}}],\"inLanguage\":\"en-GB\"}]}<\/script>\n<!-- \/ Yoast SEO plugin. -->","yoast_head_json":{"title":"Xe n\u00e2ng Pallet tay - DPT - Nh\u00e0 cung c\u1ea5p xe n\u00e2ng \u0110\u1ee9c","robots":{"index":"index","follow":"follow","max-snippet":"max-snippet:-1","max-image-preview":"max-image-preview:large","max-video-preview":"max-video-preview:-1"},"canonical":"https:\/\/dpt-mh.com\/en\/san-pham\/xe-nang-pallet-tay\/","og_locale":"en_GB","og_type":"article","og_title":"Xe n\u00e2ng Pallet tay - DPT - Nh\u00e0 cung c\u1ea5p xe n\u00e2ng \u0110\u1ee9c","og_url":"https:\/\/dpt-mh.com\/en\/san-pham\/xe-nang-pallet-tay\/","og_site_name":"DPT - Nh\u00e0 cung c\u1ea5p xe n\u00e2ng \u0110\u1ee9c","article_modified_time":"2021-03-25T02:27:49+00:00","og_image":[{"url":"https:\/\/dpt-mh.com\/wp-content\/uploads\/2021\/03\/xe-nang-tay-pallet.jpg","type":"","width":"","height":""}],"twitter_card":"summary_large_image","twitter_misc":{"Estimated reading time":"3 minutes"},"schema":{"@context":"https:\/\/schema.org","@graph":[{"@type":"WebPage","@id":"https:\/\/dpt-mh.com\/san-pham\/xe-nang-pallet-tay\/","url":"https:\/\/dpt-mh.com\/san-pham\/xe-nang-pallet-tay\/","name":"Xe n\u00e2ng Pallet tay - DPT - Nh\u00e0 cung c\u1ea5p xe n\u00e2ng \u0110\u1ee9c","isPartOf":{"@id":"https:\/\/dpt-mh.com\/#website"},"primaryImageOfPage":{"@id":"https:\/\/dpt-mh.com\/san-pham\/xe-nang-pallet-tay\/#primaryimage"},"image":{"@id":"https:\/\/dpt-mh.com\/san-pham\/xe-nang-pallet-tay\/#primaryimage"},"thumbnailUrl":"https:\/\/dpt-mh.com\/wp-content\/uploads\/2021\/03\/xe-nang-tay-pallet.jpg","datePublished":"2021-03-23T04:15:26+00:00","dateModified":"2021-03-25T02:27:49+00:00","breadcrumb":{"@id":"https:\/\/dpt-mh.com\/san-pham\/xe-nang-pallet-tay\/#breadcrumb"},"inLanguage":"en-GB","potentialAction":[{"@type":"ReadAction","target":["https:\/\/dpt-mh.com\/san-pham\/xe-nang-pallet-tay\/"]}]},{"@type":"ImageObject","inLanguage":"en-GB","@id":"https:\/\/dpt-mh.com\/san-pham\/xe-nang-pallet-tay\/#primaryimage","url":"https:\/\/dpt-mh.com\/wp-content\/uploads\/2021\/03\/xe-nang-tay-pallet.jpg","contentUrl":"https:\/\/dpt-mh.com\/wp-content\/uploads\/2021\/03\/xe-nang-tay-pallet.jpg"},{"@type":"BreadcrumbList","@id":"https:\/\/dpt-mh.com\/san-pham\/xe-nang-pallet-tay\/#breadcrumb","itemListElement":[{"@type":"ListItem","position":1,"name":"Home","item":"https:\/\/dpt-mh.com\/"},{"@type":"ListItem","position":2,"name":"S\u1ea3n ph\u1ea9m","item":"https:\/\/dpt-mh.com\/en\/san-pham\/"},{"@type":"ListItem","position":3,"name":"Xe n\u00e2ng Pallet tay"}]},{"@type":"WebSite","@id":"https:\/\/dpt-mh.com\/#website","url":"https:\/\/dpt-mh.com\/","name":"DPT - Nh\u00e0 cung c\u1ea5p xe n\u00e2ng \u0110\u1ee9c","description":"Vietnam lift trucks service and attachment provider","potentialAction":[{"@type":"SearchAction","target":{"@type":"EntryPoint","urlTemplate":"https:\/\/dpt-mh.com\/?s={search_term_string}"},"query-input":{"@type":"PropertyValueSpecification","valueRequired":true,"valueName":"search_term_string"}}],"inLanguage":"en-GB"}]}},"_links":{"self":[{"href":"https:\/\/dpt-mh.com\/en\/wp-json\/wp\/v2\/pages\/91","targetHints":{"allow":["GET"]}}],"collection":[{"href":"https:\/\/dpt-mh.com\/en\/wp-json\/wp\/v2\/pages"}],"about":[{"href":"https:\/\/dpt-mh.com\/en\/wp-json\/wp\/v2\/types\/page"}],"author":[{"embeddable":true,"href":"https:\/\/dpt-mh.com\/en\/wp-json\/wp\/v2\/users\/1"}],"replies":[{"embeddable":true,"href":"https:\/\/dpt-mh.com\/en\/wp-json\/wp\/v2\/comments?post=91"}],"version-history":[{"count":20,"href":"https:\/\/dpt-mh.com\/en\/wp-json\/wp\/v2\/pages\/91\/revisions"}],"predecessor-version":[{"id":119,"href":"https:\/\/dpt-mh.com\/en\/wp-json\/wp\/v2\/pages\/91\/revisions\/119"}],"up":[{"embeddable":true,"href":"https:\/\/dpt-mh.com\/en\/wp-json\/wp\/v2\/pages\/88"}],"wp:attachment":[{"href":"https:\/\/dpt-mh.com\/en\/wp-json\/wp\/v2\/media?parent=91"}],"curies":[{"name":"wp","href":"https:\/\/api.w.org\/{rel}","templated":true}]}}