{"id":397,"date":"2021-04-18T22:30:11","date_gmt":"2021-04-18T15:30:11","guid":{"rendered":"https:\/\/dpt-mh.com\/?post_type=product&#038;p=397"},"modified":"2021-04-18T22:34:23","modified_gmt":"2021-04-18T15:34:23","slug":"khung-dinh-vi-cang-fork-positioner-dpt-1088","status":"publish","type":"product","link":"https:\/\/dpt-mh.com\/en\/shop\/khung-dinh-vi-cang-fork-positioner-dpt-1088\/","title":{"rendered":"Fork positioner - DPT \/ 1088"},"content":{"rendered":"<p>Fork Positioners cho ph\u00e9p 2 c\u00e0ng xe n\u00e2ng d\u1ecbch chuy\u1ec3n g\u1ea7n ho\u1eb7c xa nhau b\u1eb1ng th\u1ee7y l\u1ef1c. Gi\u00fap x\u1eed l\u00fd nhanh h\u01a1n v\u00e0 hi\u1ec7u qu\u1ea3 h\u01a1n v\u1edbi c\u00e1c pallet c\u00f3 k\u00edch th\u01b0\u1edbc kh\u00e1c nhau v\u00e0 c\u00e1c v\u1eadt k\u00edch th\u01b0\u1edbc kh\u00e1c nhau so v\u1edbi th\u00f4ng th\u01b0\u1eddng. \u0110i\u1ec1u n\u00e0y cho ph\u00e9p c\u00e1c ng\u01b0\u1eddi l\u00e1i \u0111i\u1ec1u ch\u1ec9nh c\u00e0ng ph\u00f9 h\u1ee3p v\u1edbi k\u00edch th\u01b0\u1edbc pallet ch\u00ednh x\u00e1c h\u01a1n v\u00e0 nhanh h\u01a1n \u0111\u00e1ng k\u1ec3.<\/p>","protected":false},"excerpt":{"rendered":"<p>The Fork Positioner facilitates adjusting the fork distance freely and quickly to suit various pallet sizes without leaving the operator\u2019s seat and this provides more versatile handling capability. The fork can be aligned to form another attachment of ram. Independent fork moving type is available.<\/p>","protected":false},"featured_media":398,"template":"","meta":[],"product_brand":[],"product_cat":[22],"product_tag":[38],"class_list":{"0":"post-397","1":"product","2":"type-product","3":"status-publish","4":"has-post-thumbnail","6":"product_cat-cang-nang","7":"product_tag-fork-positioner","9":"first","10":"instock","11":"shipping-taxable","12":"product-type-simple"},"yoast_head":"<!-- This site is optimized with the Yoast SEO plugin v26.8 - https:\/\/yoast.com\/product\/yoast-seo-wordpress\/ -->\n<title>Khung \u0111\u1ecbnh v\u1ecb c\u00e0ng - fork positioner - DPT\/1088 - DPT - Nh\u00e0 cung c\u1ea5p xe n\u00e2ng \u0110\u1ee9c<\/title>\n<meta name=\"robots\" content=\"index, follow, max-snippet:-1, max-image-preview:large, max-video-preview:-1\" \/>\n<link rel=\"canonical\" href=\"https:\/\/dpt-mh.com\/en\/shop\/khung-dinh-vi-cang-fork-positioner-dpt-1088\/\" \/>\n<meta property=\"og:locale\" content=\"en_GB\" \/>\n<meta property=\"og:type\" content=\"article\" \/>\n<meta property=\"og:title\" content=\"Khung \u0111\u1ecbnh v\u1ecb c\u00e0ng - fork positioner - DPT\/1088 - DPT - Nh\u00e0 cung c\u1ea5p xe n\u00e2ng \u0110\u1ee9c\" \/>\n<meta property=\"og:description\" content=\"The Fork Positioner facilitates adjusting the fork distance freely and quickly to suit various pallet sizes without leaving the operator\u2019s seat and this provides more versatile handling capability. The fork can be aligned to form another attachment of ram. Independent fork moving type is available.\" \/>\n<meta property=\"og:url\" content=\"https:\/\/dpt-mh.com\/en\/shop\/khung-dinh-vi-cang-fork-positioner-dpt-1088\/\" \/>\n<meta property=\"og:site_name\" content=\"DPT - Nh\u00e0 cung c\u1ea5p xe n\u00e2ng \u0110\u1ee9c\" \/>\n<meta property=\"article:modified_time\" content=\"2021-04-18T15:34:23+00:00\" \/>\n<meta property=\"og:image\" content=\"https:\/\/dpt-mh.com\/wp-content\/uploads\/2021\/04\/forkposition1356455637.jpg\" \/>\n\t<meta property=\"og:image:width\" content=\"800\" \/>\n\t<meta property=\"og:image:height\" content=\"600\" \/>\n\t<meta property=\"og:image:type\" content=\"image\/jpeg\" \/>\n<meta name=\"twitter:card\" content=\"summary_large_image\" \/>\n<meta name=\"twitter:label1\" content=\"Estimated reading time\" \/>\n\t<meta name=\"twitter:data1\" content=\"1 minute\" \/>\n<script type=\"application\/ld+json\" class=\"yoast-schema-graph\">{\"@context\":\"https:\/\/schema.org\",\"@graph\":[{\"@type\":\"WebPage\",\"@id\":\"https:\/\/dpt-mh.com\/shop\/khung-dinh-vi-cang-fork-positioner-dpt-1088\/\",\"url\":\"https:\/\/dpt-mh.com\/shop\/khung-dinh-vi-cang-fork-positioner-dpt-1088\/\",\"name\":\"Khung \u0111\u1ecbnh v\u1ecb c\u00e0ng - fork positioner - DPT\/1088 - DPT - Nh\u00e0 cung c\u1ea5p xe n\u00e2ng \u0110\u1ee9c\",\"isPartOf\":{\"@id\":\"https:\/\/dpt-mh.com\/#website\"},\"primaryImageOfPage\":{\"@id\":\"https:\/\/dpt-mh.com\/shop\/khung-dinh-vi-cang-fork-positioner-dpt-1088\/#primaryimage\"},\"image\":{\"@id\":\"https:\/\/dpt-mh.com\/shop\/khung-dinh-vi-cang-fork-positioner-dpt-1088\/#primaryimage\"},\"thumbnailUrl\":\"https:\/\/dpt-mh.com\/wp-content\/uploads\/2021\/04\/forkposition1356455637.jpg\",\"datePublished\":\"2021-04-18T15:30:11+00:00\",\"dateModified\":\"2021-04-18T15:34:23+00:00\",\"breadcrumb\":{\"@id\":\"https:\/\/dpt-mh.com\/shop\/khung-dinh-vi-cang-fork-positioner-dpt-1088\/#breadcrumb\"},\"inLanguage\":\"en-GB\",\"potentialAction\":[{\"@type\":\"ReadAction\",\"target\":[\"https:\/\/dpt-mh.com\/shop\/khung-dinh-vi-cang-fork-positioner-dpt-1088\/\"]}]},{\"@type\":\"ImageObject\",\"inLanguage\":\"en-GB\",\"@id\":\"https:\/\/dpt-mh.com\/shop\/khung-dinh-vi-cang-fork-positioner-dpt-1088\/#primaryimage\",\"url\":\"https:\/\/dpt-mh.com\/wp-content\/uploads\/2021\/04\/forkposition1356455637.jpg\",\"contentUrl\":\"https:\/\/dpt-mh.com\/wp-content\/uploads\/2021\/04\/forkposition1356455637.jpg\",\"width\":800,\"height\":600},{\"@type\":\"BreadcrumbList\",\"@id\":\"https:\/\/dpt-mh.com\/shop\/khung-dinh-vi-cang-fork-positioner-dpt-1088\/#breadcrumb\",\"itemListElement\":[{\"@type\":\"ListItem\",\"position\":1,\"name\":\"Home\",\"item\":\"https:\/\/dpt-mh.com\/\"},{\"@type\":\"ListItem\",\"position\":2,\"name\":\"Shop\",\"item\":\"https:\/\/dpt-mh.com\/shop\/\"},{\"@type\":\"ListItem\",\"position\":3,\"name\":\"Khung \u0111\u1ecbnh v\u1ecb c\u00e0ng &#8211; fork positioner &#8211; DPT\/1088\"}]},{\"@type\":\"WebSite\",\"@id\":\"https:\/\/dpt-mh.com\/#website\",\"url\":\"https:\/\/dpt-mh.com\/\",\"name\":\"DPT - Nh\u00e0 cung c\u1ea5p xe n\u00e2ng \u0110\u1ee9c\",\"description\":\"Vietnam lift trucks service and attachment provider\",\"potentialAction\":[{\"@type\":\"SearchAction\",\"target\":{\"@type\":\"EntryPoint\",\"urlTemplate\":\"https:\/\/dpt-mh.com\/?s={search_term_string}\"},\"query-input\":{\"@type\":\"PropertyValueSpecification\",\"valueRequired\":true,\"valueName\":\"search_term_string\"}}],\"inLanguage\":\"en-GB\"}]}<\/script>\n<!-- \/ Yoast SEO plugin. -->","yoast_head_json":{"title":"Khung \u0111\u1ecbnh v\u1ecb c\u00e0ng - fork positioner - DPT\/1088 - DPT - Nh\u00e0 cung c\u1ea5p xe n\u00e2ng \u0110\u1ee9c","robots":{"index":"index","follow":"follow","max-snippet":"max-snippet:-1","max-image-preview":"max-image-preview:large","max-video-preview":"max-video-preview:-1"},"canonical":"https:\/\/dpt-mh.com\/en\/shop\/khung-dinh-vi-cang-fork-positioner-dpt-1088\/","og_locale":"en_GB","og_type":"article","og_title":"Khung \u0111\u1ecbnh v\u1ecb c\u00e0ng - fork positioner - DPT\/1088 - DPT - Nh\u00e0 cung c\u1ea5p xe n\u00e2ng \u0110\u1ee9c","og_description":"The Fork Positioner facilitates adjusting the fork distance freely and quickly to suit various pallet sizes without leaving the operator\u2019s seat and this provides more versatile handling capability. The fork can be aligned to form another attachment of ram. Independent fork moving type is available.","og_url":"https:\/\/dpt-mh.com\/en\/shop\/khung-dinh-vi-cang-fork-positioner-dpt-1088\/","og_site_name":"DPT - Nh\u00e0 cung c\u1ea5p xe n\u00e2ng \u0110\u1ee9c","article_modified_time":"2021-04-18T15:34:23+00:00","og_image":[{"width":800,"height":600,"url":"https:\/\/dpt-mh.com\/wp-content\/uploads\/2021\/04\/forkposition1356455637.jpg","type":"image\/jpeg"}],"twitter_card":"summary_large_image","twitter_misc":{"Estimated reading time":"1 minute"},"schema":{"@context":"https:\/\/schema.org","@graph":[{"@type":"WebPage","@id":"https:\/\/dpt-mh.com\/shop\/khung-dinh-vi-cang-fork-positioner-dpt-1088\/","url":"https:\/\/dpt-mh.com\/shop\/khung-dinh-vi-cang-fork-positioner-dpt-1088\/","name":"Khung \u0111\u1ecbnh v\u1ecb c\u00e0ng - fork positioner - DPT\/1088 - DPT - Nh\u00e0 cung c\u1ea5p xe n\u00e2ng \u0110\u1ee9c","isPartOf":{"@id":"https:\/\/dpt-mh.com\/#website"},"primaryImageOfPage":{"@id":"https:\/\/dpt-mh.com\/shop\/khung-dinh-vi-cang-fork-positioner-dpt-1088\/#primaryimage"},"image":{"@id":"https:\/\/dpt-mh.com\/shop\/khung-dinh-vi-cang-fork-positioner-dpt-1088\/#primaryimage"},"thumbnailUrl":"https:\/\/dpt-mh.com\/wp-content\/uploads\/2021\/04\/forkposition1356455637.jpg","datePublished":"2021-04-18T15:30:11+00:00","dateModified":"2021-04-18T15:34:23+00:00","breadcrumb":{"@id":"https:\/\/dpt-mh.com\/shop\/khung-dinh-vi-cang-fork-positioner-dpt-1088\/#breadcrumb"},"inLanguage":"en-GB","potentialAction":[{"@type":"ReadAction","target":["https:\/\/dpt-mh.com\/shop\/khung-dinh-vi-cang-fork-positioner-dpt-1088\/"]}]},{"@type":"ImageObject","inLanguage":"en-GB","@id":"https:\/\/dpt-mh.com\/shop\/khung-dinh-vi-cang-fork-positioner-dpt-1088\/#primaryimage","url":"https:\/\/dpt-mh.com\/wp-content\/uploads\/2021\/04\/forkposition1356455637.jpg","contentUrl":"https:\/\/dpt-mh.com\/wp-content\/uploads\/2021\/04\/forkposition1356455637.jpg","width":800,"height":600},{"@type":"BreadcrumbList","@id":"https:\/\/dpt-mh.com\/shop\/khung-dinh-vi-cang-fork-positioner-dpt-1088\/#breadcrumb","itemListElement":[{"@type":"ListItem","position":1,"name":"Home","item":"https:\/\/dpt-mh.com\/"},{"@type":"ListItem","position":2,"name":"Shop","item":"https:\/\/dpt-mh.com\/shop\/"},{"@type":"ListItem","position":3,"name":"Khung \u0111\u1ecbnh v\u1ecb c\u00e0ng &#8211; fork positioner &#8211; DPT\/1088"}]},{"@type":"WebSite","@id":"https:\/\/dpt-mh.com\/#website","url":"https:\/\/dpt-mh.com\/","name":"DPT - Nh\u00e0 cung c\u1ea5p xe n\u00e2ng \u0110\u1ee9c","description":"Vietnam lift trucks service and attachment provider","potentialAction":[{"@type":"SearchAction","target":{"@type":"EntryPoint","urlTemplate":"https:\/\/dpt-mh.com\/?s={search_term_string}"},"query-input":{"@type":"PropertyValueSpecification","valueRequired":true,"valueName":"search_term_string"}}],"inLanguage":"en-GB"}]}},"_links":{"self":[{"href":"https:\/\/dpt-mh.com\/en\/wp-json\/wp\/v2\/product\/397","targetHints":{"allow":["GET"]}}],"collection":[{"href":"https:\/\/dpt-mh.com\/en\/wp-json\/wp\/v2\/product"}],"about":[{"href":"https:\/\/dpt-mh.com\/en\/wp-json\/wp\/v2\/types\/product"}],"wp:featuredmedia":[{"embeddable":true,"href":"https:\/\/dpt-mh.com\/en\/wp-json\/wp\/v2\/media\/398"}],"wp:attachment":[{"href":"https:\/\/dpt-mh.com\/en\/wp-json\/wp\/v2\/media?parent=397"}],"wp:term":[{"taxonomy":"product_brand","embeddable":true,"href":"https:\/\/dpt-mh.com\/en\/wp-json\/wp\/v2\/product_brand?post=397"},{"taxonomy":"product_cat","embeddable":true,"href":"https:\/\/dpt-mh.com\/en\/wp-json\/wp\/v2\/product_cat?post=397"},{"taxonomy":"product_tag","embeddable":true,"href":"https:\/\/dpt-mh.com\/en\/wp-json\/wp\/v2\/product_tag?post=397"}],"curies":[{"name":"wp","href":"https:\/\/api.w.org\/{rel}","templated":true}]}}