{"id":554,"date":"2023-03-01T11:43:45","date_gmt":"2023-03-01T04:43:45","guid":{"rendered":"https:\/\/dpt-mh.com\/?post_type=product&#038;p=554"},"modified":"2023-03-01T16:01:11","modified_gmt":"2023-03-01T09:01:11","slug":"linde-l16","status":"publish","type":"product","link":"https:\/\/dpt-mh.com\/en\/shop\/linde-l16\/","title":{"rendered":"LINDE L16 DPT\/2014"},"content":{"rendered":"<p>T\u1ea3i tr\u1ecdng n\u00e2ng \/\u00a0Capcity\u00a0: 1,6 t\u1ea5n<br \/>\nN\u0103m s\u1ea3n xu\u1ea5t \/ Year of manufacture\u00a0: 2010<br \/>\nChi\u1ec1u cao khung n\u00e2ng \/ Mast closed height\u00a0: 1.990mm<br \/>\nN\u00e2ng cao t\u1ed1i \u0111a\/Lifting\u00a0height\u00a0: 2.844 mm<\/p>\n<p><img loading=\"lazy\" decoding=\"async\" class=\"size-full wp-image-556 alignnone\" src=\"https:\/\/dpt-mh.com\/wp-content\/uploads\/2023\/03\/l16-2.jpg\" alt=\"\" width=\"800\" height=\"736\" srcset=\"https:\/\/dpt-mh.com\/wp-content\/uploads\/2023\/03\/l16-2.jpg 800w, https:\/\/dpt-mh.com\/wp-content\/uploads\/2023\/03\/l16-2-300x276.jpg 300w, https:\/\/dpt-mh.com\/wp-content\/uploads\/2023\/03\/l16-2-768x707.jpg 768w, https:\/\/dpt-mh.com\/wp-content\/uploads\/2023\/03\/l16-2-13x12.jpg 13w, https:\/\/dpt-mh.com\/wp-content\/uploads\/2023\/03\/l16-2-600x552.jpg 600w\" sizes=\"auto, (max-width: 800px) 100vw, 800px\" \/><\/p>","protected":false},"excerpt":{"rendered":"<p>GI\u00c1 B\u00c1N : 95,000,000 VN\u0110\/ xe ; b\u1ea3o h\u00e0nh 1 n\u0103m (kh\u00f4ng bao g\u1ed3m acquy)<br \/>\n&#8211; Tuy ch\u1ecdn : Acquy m\u1edbi 100%, 24V,375AH Ch\u1ea5u \u00c2u: 42,000,000 VND (b\u1ea3o h\u00e0nh 1 n\u0103m)<br \/>\nGI\u00c1 THU\u00ca: t\u1eeb 7,000,000 VND VND \u0111\u1ebfn 10,000,000 VND\/ th\u00e1ng t\u00f9y thu\u1ed9c c\u00e1c y\u1ebfu t\u1ed1:<br \/>\n&#8211; s\u1ed1 gi\u1edd ho\u1ea1t \u0111\u1ed9ng trong 1 ng\u00e0y<br \/>\n&#8211; kho\u1ea3ng c\u00e1ch n\u01a1i xe ho\u1ea1t \u0111\u1ed9ng<br \/>\n&#8211; ch\u1ea5t l\u01b0\u1ee3ng n\u1ec1n kho,s\u00e2n<br \/>\n&#8211; m\u00f4i tr\u01b0\u1eddng xe ho\u1ea1t \u0111\u1ed9ng: kho l\u1ea1nh, kho kh\u00f4, nh\u00e0 m\u00e1y s\u1ea3n xu\u1ea5t g\u00ec \u2026<\/p>","protected":false},"featured_media":555,"template":"","meta":[],"product_brand":[],"product_cat":[19],"product_tag":[25,24,45],"class_list":{"0":"post-554","1":"product","2":"type-product","3":"status-publish","4":"has-post-thumbnail","6":"product_cat-xe-nang-da-su-dung","7":"product_tag-linde","8":"product_tag-used-lift-truck","9":"product_tag-xe-nang-tay","11":"first","12":"instock","13":"shipping-taxable","14":"purchasable","15":"product-type-simple"},"yoast_head":"<!-- This site is optimized with the Yoast SEO plugin v26.8 - https:\/\/yoast.com\/product\/yoast-seo-wordpress\/ -->\n<title>LINDE L16 DPT\/2014 - DPT - Nh\u00e0 cung c\u1ea5p xe n\u00e2ng \u0110\u1ee9c<\/title>\n<meta name=\"robots\" content=\"index, follow, max-snippet:-1, max-image-preview:large, max-video-preview:-1\" \/>\n<link rel=\"canonical\" href=\"https:\/\/dpt-mh.com\/en\/shop\/linde-l16\/\" \/>\n<meta property=\"og:locale\" content=\"en_GB\" \/>\n<meta property=\"og:type\" content=\"article\" \/>\n<meta property=\"og:title\" content=\"LINDE L16 DPT\/2014 - DPT - Nh\u00e0 cung c\u1ea5p xe n\u00e2ng \u0110\u1ee9c\" \/>\n<meta property=\"og:description\" content=\"GI\u00c1 B\u00c1N : 95,000,000 VN\u0110\/ xe ; b\u1ea3o h\u00e0nh 1 n\u0103m (kh\u00f4ng bao g\u1ed3m acquy) - Tuy ch\u1ecdn : Acquy m\u1edbi 100%, 24V,375AH Ch\u1ea5u \u00c2u: 42,000,000 VND (b\u1ea3o h\u00e0nh 1 n\u0103m) GI\u00c1 THU\u00ca: t\u1eeb 7,000,000 VND VND \u0111\u1ebfn 10,000,000 VND\/ th\u00e1ng t\u00f9y thu\u1ed9c c\u00e1c y\u1ebfu t\u1ed1: - s\u1ed1 gi\u1edd ho\u1ea1t \u0111\u1ed9ng trong 1 ng\u00e0y - kho\u1ea3ng c\u00e1ch n\u01a1i xe ho\u1ea1t \u0111\u1ed9ng - ch\u1ea5t l\u01b0\u1ee3ng n\u1ec1n kho,s\u00e2n - m\u00f4i tr\u01b0\u1eddng xe ho\u1ea1t \u0111\u1ed9ng: kho l\u1ea1nh, kho kh\u00f4, nh\u00e0 m\u00e1y s\u1ea3n xu\u1ea5t g\u00ec \u2026\" \/>\n<meta property=\"og:url\" content=\"https:\/\/dpt-mh.com\/en\/shop\/linde-l16\/\" \/>\n<meta property=\"og:site_name\" content=\"DPT - Nh\u00e0 cung c\u1ea5p xe n\u00e2ng \u0110\u1ee9c\" \/>\n<meta property=\"article:modified_time\" content=\"2023-03-01T09:01:11+00:00\" \/>\n<meta property=\"og:image\" content=\"https:\/\/dpt-mh.com\/wp-content\/uploads\/2023\/03\/l16-1.jpg\" \/>\n\t<meta property=\"og:image:width\" content=\"800\" \/>\n\t<meta property=\"og:image:height\" content=\"736\" \/>\n\t<meta property=\"og:image:type\" content=\"image\/jpeg\" \/>\n<meta name=\"twitter:card\" content=\"summary_large_image\" \/>\n<meta name=\"twitter:label1\" content=\"Estimated reading time\" \/>\n\t<meta name=\"twitter:data1\" content=\"1 minute\" \/>\n<script type=\"application\/ld+json\" class=\"yoast-schema-graph\">{\"@context\":\"https:\/\/schema.org\",\"@graph\":[{\"@type\":\"WebPage\",\"@id\":\"https:\/\/dpt-mh.com\/shop\/linde-l16\/\",\"url\":\"https:\/\/dpt-mh.com\/shop\/linde-l16\/\",\"name\":\"LINDE L16 DPT\/2014 - DPT - Nh\u00e0 cung c\u1ea5p xe n\u00e2ng \u0110\u1ee9c\",\"isPartOf\":{\"@id\":\"https:\/\/dpt-mh.com\/#website\"},\"primaryImageOfPage\":{\"@id\":\"https:\/\/dpt-mh.com\/shop\/linde-l16\/#primaryimage\"},\"image\":{\"@id\":\"https:\/\/dpt-mh.com\/shop\/linde-l16\/#primaryimage\"},\"thumbnailUrl\":\"https:\/\/dpt-mh.com\/wp-content\/uploads\/2023\/03\/l16-1.jpg\",\"datePublished\":\"2023-03-01T04:43:45+00:00\",\"dateModified\":\"2023-03-01T09:01:11+00:00\",\"breadcrumb\":{\"@id\":\"https:\/\/dpt-mh.com\/shop\/linde-l16\/#breadcrumb\"},\"inLanguage\":\"en-GB\",\"potentialAction\":[{\"@type\":\"ReadAction\",\"target\":[\"https:\/\/dpt-mh.com\/shop\/linde-l16\/\"]}]},{\"@type\":\"ImageObject\",\"inLanguage\":\"en-GB\",\"@id\":\"https:\/\/dpt-mh.com\/shop\/linde-l16\/#primaryimage\",\"url\":\"https:\/\/dpt-mh.com\/wp-content\/uploads\/2023\/03\/l16-1.jpg\",\"contentUrl\":\"https:\/\/dpt-mh.com\/wp-content\/uploads\/2023\/03\/l16-1.jpg\",\"width\":800,\"height\":736},{\"@type\":\"BreadcrumbList\",\"@id\":\"https:\/\/dpt-mh.com\/shop\/linde-l16\/#breadcrumb\",\"itemListElement\":[{\"@type\":\"ListItem\",\"position\":1,\"name\":\"Home\",\"item\":\"https:\/\/dpt-mh.com\/\"},{\"@type\":\"ListItem\",\"position\":2,\"name\":\"Shop\",\"item\":\"https:\/\/dpt-mh.com\/shop\/\"},{\"@type\":\"ListItem\",\"position\":3,\"name\":\"LINDE L16 DPT\/2014\"}]},{\"@type\":\"WebSite\",\"@id\":\"https:\/\/dpt-mh.com\/#website\",\"url\":\"https:\/\/dpt-mh.com\/\",\"name\":\"DPT - Nh\u00e0 cung c\u1ea5p xe n\u00e2ng \u0110\u1ee9c\",\"description\":\"Vietnam lift trucks service and attachment provider\",\"potentialAction\":[{\"@type\":\"SearchAction\",\"target\":{\"@type\":\"EntryPoint\",\"urlTemplate\":\"https:\/\/dpt-mh.com\/?s={search_term_string}\"},\"query-input\":{\"@type\":\"PropertyValueSpecification\",\"valueRequired\":true,\"valueName\":\"search_term_string\"}}],\"inLanguage\":\"en-GB\"}]}<\/script>\n<!-- \/ Yoast SEO plugin. -->","yoast_head_json":{"title":"LINDE L16 DPT\/2014 - DPT - Nh\u00e0 cung c\u1ea5p xe n\u00e2ng \u0110\u1ee9c","robots":{"index":"index","follow":"follow","max-snippet":"max-snippet:-1","max-image-preview":"max-image-preview:large","max-video-preview":"max-video-preview:-1"},"canonical":"https:\/\/dpt-mh.com\/en\/shop\/linde-l16\/","og_locale":"en_GB","og_type":"article","og_title":"LINDE L16 DPT\/2014 - DPT - Nh\u00e0 cung c\u1ea5p xe n\u00e2ng \u0110\u1ee9c","og_description":"GI\u00c1 B\u00c1N : 95,000,000 VN\u0110\/ xe ; b\u1ea3o h\u00e0nh 1 n\u0103m (kh\u00f4ng bao g\u1ed3m acquy) - Tuy ch\u1ecdn : Acquy m\u1edbi 100%, 24V,375AH Ch\u1ea5u \u00c2u: 42,000,000 VND (b\u1ea3o h\u00e0nh 1 n\u0103m) GI\u00c1 THU\u00ca: t\u1eeb 7,000,000 VND VND \u0111\u1ebfn 10,000,000 VND\/ th\u00e1ng t\u00f9y thu\u1ed9c c\u00e1c y\u1ebfu t\u1ed1: - s\u1ed1 gi\u1edd ho\u1ea1t \u0111\u1ed9ng trong 1 ng\u00e0y - kho\u1ea3ng c\u00e1ch n\u01a1i xe ho\u1ea1t \u0111\u1ed9ng - ch\u1ea5t l\u01b0\u1ee3ng n\u1ec1n kho,s\u00e2n - m\u00f4i tr\u01b0\u1eddng xe ho\u1ea1t \u0111\u1ed9ng: kho l\u1ea1nh, kho kh\u00f4, nh\u00e0 m\u00e1y s\u1ea3n xu\u1ea5t g\u00ec \u2026","og_url":"https:\/\/dpt-mh.com\/en\/shop\/linde-l16\/","og_site_name":"DPT - Nh\u00e0 cung c\u1ea5p xe n\u00e2ng \u0110\u1ee9c","article_modified_time":"2023-03-01T09:01:11+00:00","og_image":[{"width":800,"height":736,"url":"https:\/\/dpt-mh.com\/wp-content\/uploads\/2023\/03\/l16-1.jpg","type":"image\/jpeg"}],"twitter_card":"summary_large_image","twitter_misc":{"Estimated reading time":"1 minute"},"schema":{"@context":"https:\/\/schema.org","@graph":[{"@type":"WebPage","@id":"https:\/\/dpt-mh.com\/shop\/linde-l16\/","url":"https:\/\/dpt-mh.com\/shop\/linde-l16\/","name":"LINDE L16 DPT\/2014 - DPT - Nh\u00e0 cung c\u1ea5p xe n\u00e2ng \u0110\u1ee9c","isPartOf":{"@id":"https:\/\/dpt-mh.com\/#website"},"primaryImageOfPage":{"@id":"https:\/\/dpt-mh.com\/shop\/linde-l16\/#primaryimage"},"image":{"@id":"https:\/\/dpt-mh.com\/shop\/linde-l16\/#primaryimage"},"thumbnailUrl":"https:\/\/dpt-mh.com\/wp-content\/uploads\/2023\/03\/l16-1.jpg","datePublished":"2023-03-01T04:43:45+00:00","dateModified":"2023-03-01T09:01:11+00:00","breadcrumb":{"@id":"https:\/\/dpt-mh.com\/shop\/linde-l16\/#breadcrumb"},"inLanguage":"en-GB","potentialAction":[{"@type":"ReadAction","target":["https:\/\/dpt-mh.com\/shop\/linde-l16\/"]}]},{"@type":"ImageObject","inLanguage":"en-GB","@id":"https:\/\/dpt-mh.com\/shop\/linde-l16\/#primaryimage","url":"https:\/\/dpt-mh.com\/wp-content\/uploads\/2023\/03\/l16-1.jpg","contentUrl":"https:\/\/dpt-mh.com\/wp-content\/uploads\/2023\/03\/l16-1.jpg","width":800,"height":736},{"@type":"BreadcrumbList","@id":"https:\/\/dpt-mh.com\/shop\/linde-l16\/#breadcrumb","itemListElement":[{"@type":"ListItem","position":1,"name":"Home","item":"https:\/\/dpt-mh.com\/"},{"@type":"ListItem","position":2,"name":"Shop","item":"https:\/\/dpt-mh.com\/shop\/"},{"@type":"ListItem","position":3,"name":"LINDE L16 DPT\/2014"}]},{"@type":"WebSite","@id":"https:\/\/dpt-mh.com\/#website","url":"https:\/\/dpt-mh.com\/","name":"DPT - Nh\u00e0 cung c\u1ea5p xe n\u00e2ng \u0110\u1ee9c","description":"Vietnam lift trucks service and attachment provider","potentialAction":[{"@type":"SearchAction","target":{"@type":"EntryPoint","urlTemplate":"https:\/\/dpt-mh.com\/?s={search_term_string}"},"query-input":{"@type":"PropertyValueSpecification","valueRequired":true,"valueName":"search_term_string"}}],"inLanguage":"en-GB"}]}},"_links":{"self":[{"href":"https:\/\/dpt-mh.com\/en\/wp-json\/wp\/v2\/product\/554","targetHints":{"allow":["GET"]}}],"collection":[{"href":"https:\/\/dpt-mh.com\/en\/wp-json\/wp\/v2\/product"}],"about":[{"href":"https:\/\/dpt-mh.com\/en\/wp-json\/wp\/v2\/types\/product"}],"wp:featuredmedia":[{"embeddable":true,"href":"https:\/\/dpt-mh.com\/en\/wp-json\/wp\/v2\/media\/555"}],"wp:attachment":[{"href":"https:\/\/dpt-mh.com\/en\/wp-json\/wp\/v2\/media?parent=554"}],"wp:term":[{"taxonomy":"product_brand","embeddable":true,"href":"https:\/\/dpt-mh.com\/en\/wp-json\/wp\/v2\/product_brand?post=554"},{"taxonomy":"product_cat","embeddable":true,"href":"https:\/\/dpt-mh.com\/en\/wp-json\/wp\/v2\/product_cat?post=554"},{"taxonomy":"product_tag","embeddable":true,"href":"https:\/\/dpt-mh.com\/en\/wp-json\/wp\/v2\/product_tag?post=554"}],"curies":[{"name":"wp","href":"https:\/\/api.w.org\/{rel}","templated":true}]}}