{"id":595,"date":"2023-03-27T10:33:25","date_gmt":"2023-03-27T03:33:25","guid":{"rendered":"https:\/\/dpt-mh.com\/?post_type=product&#038;p=595"},"modified":"2023-03-27T10:40:44","modified_gmt":"2023-03-27T03:40:44","slug":"linde-r16-ma-dpt-2095","status":"publish","type":"product","link":"https:\/\/dpt-mh.com\/en\/shop\/linde-r16-ma-dpt-2095\/","title":{"rendered":"LINDE R16 m\u00e3 DPT -2095"},"content":{"rendered":"<p>T\u1ea3i tr\u1ecdng n\u00e2ng \/\u00a0Capcity\u00a0: 1,6 t\u1ea5n<br \/>\nN\u0103m s\u1ea3n xu\u1ea5t \/ Year of manufacture\u00a0: 2007<br \/>\nChi\u1ec1u cao khung n\u00e2ng \/ Mast closed height\u00a0: 3.050mm<br \/>\nN\u00e2ng cao t\u1ed1i \u0111a\/Lifting\u00a0height\u00a0: 7.100 mm<br \/>\nXe c\u00f3 5 ch\u1ee9c n\u0103ng th\u1ee7y l\u1ef1c<\/p>\n<p>Xe \u0111\u01b0\u1ee3c g\u1eafn th\u00eam ch\u1ee9c n\u0103ng c\u00e0ng c\u00f3 th\u1ec3 du\u1ed7i ra \u0111\u01b0\u1ee3c 2 m\u00e9t t\u1edbi 2m350 , \u0111\u01b0\u1ee3c d\u00f9ng cho c\u00e1c kho k\u1ec7 \u0111\u01a1n (selective) ho\u1eb7c k\u1ec7 \u0111\u00f4i (double deep)<br \/>\nB\u00ecnh \u0103cquy theo xe 48V, 700Ah (EC) s\u1eed d\u1ee5ng 4 ti\u1ebfng \/l\u1ea7n x\u1ea1c<br \/>\nM\u00e1y x\u1ea1c b\u00ecnh s\u1eed d\u1ee5ng \u0111i\u1ec7n 3 pha, th\u1eddi gian x\u1ea1c 8 ti\u1ebfng.<\/p>\n<div style=\"width: 480px;\" class=\"wp-video\"><!--[if lt IE 9]><script>document.createElement('video');<\/script><![endif]-->\n<video class=\"wp-video-shortcode\" id=\"video-595-1\" width=\"480\" height=\"848\" preload=\"metadata\" controls=\"controls\"><source type=\"video\/mp4\" src=\"https:\/\/dpt-mh.com\/wp-content\/uploads\/2023\/03\/R16.mp4?_=1\" \/><a href=\"https:\/\/dpt-mh.com\/wp-content\/uploads\/2023\/03\/R16.mp4\">https:\/\/dpt-mh.com\/wp-content\/uploads\/2023\/03\/R16.mp4<\/a><\/video><\/div>\n","protected":false},"excerpt":{"rendered":"<p>GI\u00c1 B\u00c1N : 300,000,000 VN\u0110\/ xe ; b\u1ea3o h\u00e0nh 1 n\u0103m (kh\u00f4ng bao g\u1ed3m acquy)<br \/>\n&#8211; Tuy ch\u1ecdn : Acquy m\u1edbi 100%, 48V, 700 AH ,xu\u1ea5t x\u1ee9 ch\u00e2u \u00e2u; gi\u00e1 130,000,000 VN\u0110 , b\u1ea3o h\u00e0nh 1 n\u0103m<br \/>\nGI\u00c1 THU\u00ca: t\u1eeb 18- 24 tri\u1ec7u VND\/ th\u00e1ng t\u00f9y thu\u1ed9c c\u00e1c y\u1ebfu t\u1ed1:<br \/>\n&#8211; s\u1ed1 gi\u1edd ho\u1ea1t \u0111\u1ed9ng trong 1 ng\u00e0y<br \/>\n&#8211; kho\u1ea3ng c\u00e1ch n\u01a1i xe ho\u1ea1t \u0111\u1ed9ng<br \/>\n&#8211; ch\u1ea5t l\u01b0\u1ee3ng n\u1ec1n kho,s\u00e2n<br \/>\n&#8211; m\u00f4i tr\u01b0\u1eddng xe ho\u1ea1t \u0111\u1ed9ng: kho l\u1ea1nh, kho kh\u00f4, nh\u00e0 m\u00e1y s\u1ea3n xu\u1ea5t\u2026<\/p>","protected":false},"featured_media":597,"template":"","meta":[],"product_brand":[],"product_cat":[19],"product_tag":[25,24],"class_list":{"0":"post-595","1":"product","2":"type-product","3":"status-publish","4":"has-post-thumbnail","6":"product_cat-xe-nang-da-su-dung","7":"product_tag-linde","8":"product_tag-used-lift-truck","10":"first","11":"instock","12":"shipping-taxable","13":"purchasable","14":"product-type-simple"},"yoast_head":"<!-- This site is optimized with the Yoast SEO plugin v26.8 - https:\/\/yoast.com\/product\/yoast-seo-wordpress\/ -->\n<title>LINDE R16 m\u00e3 DPT -2095 - DPT - Nh\u00e0 cung c\u1ea5p xe n\u00e2ng \u0110\u1ee9c<\/title>\n<meta name=\"robots\" content=\"index, follow, max-snippet:-1, max-image-preview:large, max-video-preview:-1\" \/>\n<link rel=\"canonical\" href=\"https:\/\/dpt-mh.com\/en\/shop\/linde-r16-ma-dpt-2095\/\" \/>\n<meta property=\"og:locale\" content=\"en_GB\" \/>\n<meta property=\"og:type\" content=\"article\" \/>\n<meta property=\"og:title\" content=\"LINDE R16 m\u00e3 DPT -2095 - DPT - Nh\u00e0 cung c\u1ea5p xe n\u00e2ng \u0110\u1ee9c\" \/>\n<meta property=\"og:description\" content=\"GI\u00c1 B\u00c1N : 300,000,000 VN\u0110\/ xe ; b\u1ea3o h\u00e0nh 1 n\u0103m (kh\u00f4ng bao g\u1ed3m acquy) - Tuy ch\u1ecdn : Acquy m\u1edbi 100%, 48V, 700 AH ,xu\u1ea5t x\u1ee9 ch\u00e2u \u00e2u; gi\u00e1 130,000,000 VN\u0110 , b\u1ea3o h\u00e0nh 1 n\u0103m GI\u00c1 THU\u00ca: t\u1eeb 18- 24 tri\u1ec7u VND\/ th\u00e1ng t\u00f9y thu\u1ed9c c\u00e1c y\u1ebfu t\u1ed1: - s\u1ed1 gi\u1edd ho\u1ea1t \u0111\u1ed9ng trong 1 ng\u00e0y - kho\u1ea3ng c\u00e1ch n\u01a1i xe ho\u1ea1t \u0111\u1ed9ng - ch\u1ea5t l\u01b0\u1ee3ng n\u1ec1n kho,s\u00e2n - m\u00f4i tr\u01b0\u1eddng xe ho\u1ea1t \u0111\u1ed9ng: kho l\u1ea1nh, kho kh\u00f4, nh\u00e0 m\u00e1y s\u1ea3n xu\u1ea5t\u2026\" \/>\n<meta property=\"og:url\" content=\"https:\/\/dpt-mh.com\/en\/shop\/linde-r16-ma-dpt-2095\/\" \/>\n<meta property=\"og:site_name\" content=\"DPT - Nh\u00e0 cung c\u1ea5p xe n\u00e2ng \u0110\u1ee9c\" \/>\n<meta property=\"article:modified_time\" content=\"2023-03-27T03:40:44+00:00\" \/>\n<meta property=\"og:image\" content=\"https:\/\/dpt-mh.com\/wp-content\/uploads\/2023\/03\/Picture1-913x1024.png\" \/>\n\t<meta property=\"og:image:width\" content=\"913\" \/>\n\t<meta property=\"og:image:height\" content=\"1024\" \/>\n\t<meta property=\"og:image:type\" content=\"image\/png\" \/>\n<meta name=\"twitter:card\" content=\"summary_large_image\" \/>\n<meta name=\"twitter:label1\" content=\"Estimated reading time\" \/>\n\t<meta name=\"twitter:data1\" content=\"1 minute\" \/>\n<script type=\"application\/ld+json\" class=\"yoast-schema-graph\">{\"@context\":\"https:\/\/schema.org\",\"@graph\":[{\"@type\":\"WebPage\",\"@id\":\"https:\/\/dpt-mh.com\/shop\/linde-r16-ma-dpt-2095\/\",\"url\":\"https:\/\/dpt-mh.com\/shop\/linde-r16-ma-dpt-2095\/\",\"name\":\"LINDE R16 m\u00e3 DPT -2095 - DPT - Nh\u00e0 cung c\u1ea5p xe n\u00e2ng \u0110\u1ee9c\",\"isPartOf\":{\"@id\":\"https:\/\/dpt-mh.com\/#website\"},\"primaryImageOfPage\":{\"@id\":\"https:\/\/dpt-mh.com\/shop\/linde-r16-ma-dpt-2095\/#primaryimage\"},\"image\":{\"@id\":\"https:\/\/dpt-mh.com\/shop\/linde-r16-ma-dpt-2095\/#primaryimage\"},\"thumbnailUrl\":\"https:\/\/dpt-mh.com\/wp-content\/uploads\/2023\/03\/Picture1.png\",\"datePublished\":\"2023-03-27T03:33:25+00:00\",\"dateModified\":\"2023-03-27T03:40:44+00:00\",\"breadcrumb\":{\"@id\":\"https:\/\/dpt-mh.com\/shop\/linde-r16-ma-dpt-2095\/#breadcrumb\"},\"inLanguage\":\"en-GB\",\"potentialAction\":[{\"@type\":\"ReadAction\",\"target\":[\"https:\/\/dpt-mh.com\/shop\/linde-r16-ma-dpt-2095\/\"]}]},{\"@type\":\"ImageObject\",\"inLanguage\":\"en-GB\",\"@id\":\"https:\/\/dpt-mh.com\/shop\/linde-r16-ma-dpt-2095\/#primaryimage\",\"url\":\"https:\/\/dpt-mh.com\/wp-content\/uploads\/2023\/03\/Picture1.png\",\"contentUrl\":\"https:\/\/dpt-mh.com\/wp-content\/uploads\/2023\/03\/Picture1.png\",\"width\":1117,\"height\":1253},{\"@type\":\"BreadcrumbList\",\"@id\":\"https:\/\/dpt-mh.com\/shop\/linde-r16-ma-dpt-2095\/#breadcrumb\",\"itemListElement\":[{\"@type\":\"ListItem\",\"position\":1,\"name\":\"Home\",\"item\":\"https:\/\/dpt-mh.com\/\"},{\"@type\":\"ListItem\",\"position\":2,\"name\":\"Shop\",\"item\":\"https:\/\/dpt-mh.com\/shop\/\"},{\"@type\":\"ListItem\",\"position\":3,\"name\":\"LINDE R16 m\u00e3 DPT -2095\"}]},{\"@type\":\"WebSite\",\"@id\":\"https:\/\/dpt-mh.com\/#website\",\"url\":\"https:\/\/dpt-mh.com\/\",\"name\":\"DPT - Nh\u00e0 cung c\u1ea5p xe n\u00e2ng \u0110\u1ee9c\",\"description\":\"Vietnam lift trucks service and attachment provider\",\"potentialAction\":[{\"@type\":\"SearchAction\",\"target\":{\"@type\":\"EntryPoint\",\"urlTemplate\":\"https:\/\/dpt-mh.com\/?s={search_term_string}\"},\"query-input\":{\"@type\":\"PropertyValueSpecification\",\"valueRequired\":true,\"valueName\":\"search_term_string\"}}],\"inLanguage\":\"en-GB\"}]}<\/script>\n<!-- \/ Yoast SEO plugin. -->","yoast_head_json":{"title":"LINDE R16 m\u00e3 DPT -2095 - DPT - Nh\u00e0 cung c\u1ea5p xe n\u00e2ng \u0110\u1ee9c","robots":{"index":"index","follow":"follow","max-snippet":"max-snippet:-1","max-image-preview":"max-image-preview:large","max-video-preview":"max-video-preview:-1"},"canonical":"https:\/\/dpt-mh.com\/en\/shop\/linde-r16-ma-dpt-2095\/","og_locale":"en_GB","og_type":"article","og_title":"LINDE R16 m\u00e3 DPT -2095 - DPT - Nh\u00e0 cung c\u1ea5p xe n\u00e2ng \u0110\u1ee9c","og_description":"GI\u00c1 B\u00c1N : 300,000,000 VN\u0110\/ xe ; b\u1ea3o h\u00e0nh 1 n\u0103m (kh\u00f4ng bao g\u1ed3m acquy) - Tuy ch\u1ecdn : Acquy m\u1edbi 100%, 48V, 700 AH ,xu\u1ea5t x\u1ee9 ch\u00e2u \u00e2u; gi\u00e1 130,000,000 VN\u0110 , b\u1ea3o h\u00e0nh 1 n\u0103m GI\u00c1 THU\u00ca: t\u1eeb 18- 24 tri\u1ec7u VND\/ th\u00e1ng t\u00f9y thu\u1ed9c c\u00e1c y\u1ebfu t\u1ed1: - s\u1ed1 gi\u1edd ho\u1ea1t \u0111\u1ed9ng trong 1 ng\u00e0y - kho\u1ea3ng c\u00e1ch n\u01a1i xe ho\u1ea1t \u0111\u1ed9ng - ch\u1ea5t l\u01b0\u1ee3ng n\u1ec1n kho,s\u00e2n - m\u00f4i tr\u01b0\u1eddng xe ho\u1ea1t \u0111\u1ed9ng: kho l\u1ea1nh, kho kh\u00f4, nh\u00e0 m\u00e1y s\u1ea3n xu\u1ea5t\u2026","og_url":"https:\/\/dpt-mh.com\/en\/shop\/linde-r16-ma-dpt-2095\/","og_site_name":"DPT - Nh\u00e0 cung c\u1ea5p xe n\u00e2ng \u0110\u1ee9c","article_modified_time":"2023-03-27T03:40:44+00:00","og_image":[{"width":913,"height":1024,"url":"https:\/\/dpt-mh.com\/wp-content\/uploads\/2023\/03\/Picture1-913x1024.png","type":"image\/png"}],"twitter_card":"summary_large_image","twitter_misc":{"Estimated reading time":"1 minute"},"schema":{"@context":"https:\/\/schema.org","@graph":[{"@type":"WebPage","@id":"https:\/\/dpt-mh.com\/shop\/linde-r16-ma-dpt-2095\/","url":"https:\/\/dpt-mh.com\/shop\/linde-r16-ma-dpt-2095\/","name":"LINDE R16 m\u00e3 DPT -2095 - DPT - Nh\u00e0 cung c\u1ea5p xe n\u00e2ng \u0110\u1ee9c","isPartOf":{"@id":"https:\/\/dpt-mh.com\/#website"},"primaryImageOfPage":{"@id":"https:\/\/dpt-mh.com\/shop\/linde-r16-ma-dpt-2095\/#primaryimage"},"image":{"@id":"https:\/\/dpt-mh.com\/shop\/linde-r16-ma-dpt-2095\/#primaryimage"},"thumbnailUrl":"https:\/\/dpt-mh.com\/wp-content\/uploads\/2023\/03\/Picture1.png","datePublished":"2023-03-27T03:33:25+00:00","dateModified":"2023-03-27T03:40:44+00:00","breadcrumb":{"@id":"https:\/\/dpt-mh.com\/shop\/linde-r16-ma-dpt-2095\/#breadcrumb"},"inLanguage":"en-GB","potentialAction":[{"@type":"ReadAction","target":["https:\/\/dpt-mh.com\/shop\/linde-r16-ma-dpt-2095\/"]}]},{"@type":"ImageObject","inLanguage":"en-GB","@id":"https:\/\/dpt-mh.com\/shop\/linde-r16-ma-dpt-2095\/#primaryimage","url":"https:\/\/dpt-mh.com\/wp-content\/uploads\/2023\/03\/Picture1.png","contentUrl":"https:\/\/dpt-mh.com\/wp-content\/uploads\/2023\/03\/Picture1.png","width":1117,"height":1253},{"@type":"BreadcrumbList","@id":"https:\/\/dpt-mh.com\/shop\/linde-r16-ma-dpt-2095\/#breadcrumb","itemListElement":[{"@type":"ListItem","position":1,"name":"Home","item":"https:\/\/dpt-mh.com\/"},{"@type":"ListItem","position":2,"name":"Shop","item":"https:\/\/dpt-mh.com\/shop\/"},{"@type":"ListItem","position":3,"name":"LINDE R16 m\u00e3 DPT -2095"}]},{"@type":"WebSite","@id":"https:\/\/dpt-mh.com\/#website","url":"https:\/\/dpt-mh.com\/","name":"DPT - Nh\u00e0 cung c\u1ea5p xe n\u00e2ng \u0110\u1ee9c","description":"Vietnam lift trucks service and attachment provider","potentialAction":[{"@type":"SearchAction","target":{"@type":"EntryPoint","urlTemplate":"https:\/\/dpt-mh.com\/?s={search_term_string}"},"query-input":{"@type":"PropertyValueSpecification","valueRequired":true,"valueName":"search_term_string"}}],"inLanguage":"en-GB"}]}},"_links":{"self":[{"href":"https:\/\/dpt-mh.com\/en\/wp-json\/wp\/v2\/product\/595","targetHints":{"allow":["GET"]}}],"collection":[{"href":"https:\/\/dpt-mh.com\/en\/wp-json\/wp\/v2\/product"}],"about":[{"href":"https:\/\/dpt-mh.com\/en\/wp-json\/wp\/v2\/types\/product"}],"wp:featuredmedia":[{"embeddable":true,"href":"https:\/\/dpt-mh.com\/en\/wp-json\/wp\/v2\/media\/597"}],"wp:attachment":[{"href":"https:\/\/dpt-mh.com\/en\/wp-json\/wp\/v2\/media?parent=595"}],"wp:term":[{"taxonomy":"product_brand","embeddable":true,"href":"https:\/\/dpt-mh.com\/en\/wp-json\/wp\/v2\/product_brand?post=595"},{"taxonomy":"product_cat","embeddable":true,"href":"https:\/\/dpt-mh.com\/en\/wp-json\/wp\/v2\/product_cat?post=595"},{"taxonomy":"product_tag","embeddable":true,"href":"https:\/\/dpt-mh.com\/en\/wp-json\/wp\/v2\/product_tag?post=595"}],"curies":[{"name":"wp","href":"https:\/\/api.w.org\/{rel}","templated":true}]}}