{"id":605,"date":"2023-04-19T08:24:29","date_gmt":"2023-04-19T01:24:29","guid":{"rendered":"https:\/\/dpt-mh.com\/?post_type=product&#038;p=605"},"modified":"2023-04-19T08:44:52","modified_gmt":"2023-04-19T01:44:52","slug":"linde-v14-dpt-2112","status":"publish","type":"product","link":"https:\/\/dpt-mh.com\/en\/shop\/linde-v14-dpt-2112\/","title":{"rendered":"LINDE V14 &#8211; DPT 2112"},"content":{"rendered":"<p>T\u1ea3i tr\u1ecdng n\u00e2ng \/\u00a0Capcity\u00a0: 0,8 t\u1ea5n<br \/>\nN\u0103m s\u1ea3n xu\u1ea5t \/ Year of manufacture\u00a0: 2014<br \/>\nChi\u1ec1u cao khung n\u00e2ng \/ Mast closed height\u00a0: 4.910mm<br \/>\nN\u00e2ng cao t\u1ed1i \u0111a\/Lifting\u00a0height\u00a0: 8.530mm<\/p>\n<p>Ho\u1ea1t \u0111\u1ed9ng ph\u00f9 h\u1ee3p v\u1edbi c\u00e1c kho ph\u1ee5 t\u00f9ng: b\u1ed1c x\u1ebfp h\u00e0ng l\u1ebb, kho h\u00e0ng t\u1ed5ng kho cho d\u1ecbch v\u1ee5 mua b\u00e1n qua m\u1ea1ng, ho\u1eb7c ph\u1ee5c v\u1ee5 cho vi\u1ec7c ki\u1ec3m k\u00ea kho m\u00e0 kh\u00f4ng c\u1ea7n l\u1ea5y h\u00e0ng xu\u1ed1ng k\u1ec7\u2026<br \/>\nXe b\u1ed1c h\u00e0ng l\u1ebb (order picker) cho kho k\u1ec7 lo\u1ea1i VNA , c\u00f3 thi\u1ebft k\u1ebf l\u1ed1i \u0111i r\u1ea5t h\u1eb9p t\u1eeb 1,6m \u2013 1,8m (kho\u1ea3ng c\u00e1ch t\u1eeb k\u1ec7 \u0111\u1ebfn k\u1ec7 )<\/p>\n<p>&nbsp;<\/p>\n<div style=\"width: 480px;\" class=\"wp-video\"><!--[if lt IE 9]><script>document.createElement('video');<\/script><![endif]-->\n<video class=\"wp-video-shortcode\" id=\"video-605-1\" width=\"480\" height=\"848\" preload=\"metadata\" controls=\"controls\"><source type=\"video\/mp4\" src=\"https:\/\/dpt-mh.com\/wp-content\/uploads\/2023\/04\/V014-6.mp4?_=1\" \/><a href=\"https:\/\/dpt-mh.com\/wp-content\/uploads\/2023\/04\/V014-6.mp4\">https:\/\/dpt-mh.com\/wp-content\/uploads\/2023\/04\/V014-6.mp4<\/a><\/video><\/div>\n","protected":false},"excerpt":{"rendered":"<p>GI\u00c1 B\u00c1N : 115,000,000 VN\u0110\/ xe ; b\u1ea3o h\u00e0nh 1 n\u0103m<br \/>\nBao g\u1ed3m \u0103cquy theo xe (Ch\u00e2u \u00c2u) , c\u00f3 th\u1ec3 s\u1eed d\u1ee5ng 4h \/l\u1ea7n x\u1ea1c<\/p>\n<p>GI\u00c1 THU\u00ca: t\u1eeb 25,000,000 VND \u0111\u1ebfn 28,000,000 VND\/ th\u00e1ng t\u00f9y thu\u1ed9c c\u00e1c y\u1ebfu t\u1ed1:<br \/>\n&#8211; s\u1ed1 gi\u1edd ho\u1ea1t \u0111\u1ed9ng trong 1 ng\u00e0y<br \/>\n&#8211; kho\u1ea3ng c\u00e1ch n\u01a1i xe ho\u1ea1t \u0111\u1ed9ng<br \/>\n&#8211; ch\u1ea5t l\u01b0\u1ee3ng n\u1ec1n kho,s\u00e2n<br \/>\n&#8211; m\u00f4i tr\u01b0\u1eddng xe ho\u1ea1t \u0111\u1ed9ng: kho l\u1ea1nh, kho kh\u00f4, nh\u00e0 m\u00e1y s\u1ea3n xu\u1ea5t\u2026<\/p>","protected":false},"featured_media":606,"template":"","meta":[],"product_brand":[],"product_cat":[19],"product_tag":[25,24],"class_list":{"0":"post-605","1":"product","2":"type-product","3":"status-publish","4":"has-post-thumbnail","6":"product_cat-xe-nang-da-su-dung","7":"product_tag-linde","8":"product_tag-used-lift-truck","10":"first","11":"instock","12":"shipping-taxable","13":"purchasable","14":"product-type-simple"},"yoast_head":"<!-- This site is optimized with the Yoast SEO plugin v26.8 - https:\/\/yoast.com\/product\/yoast-seo-wordpress\/ -->\n<title>LINDE V14 - DPT 2112 - DPT - Nh\u00e0 cung c\u1ea5p xe n\u00e2ng \u0110\u1ee9c<\/title>\n<meta name=\"robots\" content=\"index, follow, max-snippet:-1, max-image-preview:large, max-video-preview:-1\" \/>\n<link rel=\"canonical\" href=\"https:\/\/dpt-mh.com\/en\/shop\/linde-v14-dpt-2112\/\" \/>\n<meta property=\"og:locale\" content=\"en_GB\" \/>\n<meta property=\"og:type\" content=\"article\" \/>\n<meta property=\"og:title\" content=\"LINDE V14 - DPT 2112 - DPT - Nh\u00e0 cung c\u1ea5p xe n\u00e2ng \u0110\u1ee9c\" \/>\n<meta property=\"og:description\" content=\"GI\u00c1 B\u00c1N : 115,000,000 VN\u0110\/ xe ; b\u1ea3o h\u00e0nh 1 n\u0103m Bao g\u1ed3m \u0103cquy theo xe (Ch\u00e2u \u00c2u) , c\u00f3 th\u1ec3 s\u1eed d\u1ee5ng 4h \/l\u1ea7n x\u1ea1c  GI\u00c1 THU\u00ca: t\u1eeb 25,000,000 VND \u0111\u1ebfn 28,000,000 VND\/ th\u00e1ng t\u00f9y thu\u1ed9c c\u00e1c y\u1ebfu t\u1ed1: - s\u1ed1 gi\u1edd ho\u1ea1t \u0111\u1ed9ng trong 1 ng\u00e0y - kho\u1ea3ng c\u00e1ch n\u01a1i xe ho\u1ea1t \u0111\u1ed9ng - ch\u1ea5t l\u01b0\u1ee3ng n\u1ec1n kho,s\u00e2n - m\u00f4i tr\u01b0\u1eddng xe ho\u1ea1t \u0111\u1ed9ng: kho l\u1ea1nh, kho kh\u00f4, nh\u00e0 m\u00e1y s\u1ea3n xu\u1ea5t\u2026\" \/>\n<meta property=\"og:url\" content=\"https:\/\/dpt-mh.com\/en\/shop\/linde-v14-dpt-2112\/\" \/>\n<meta property=\"og:site_name\" content=\"DPT - Nh\u00e0 cung c\u1ea5p xe n\u00e2ng \u0110\u1ee9c\" \/>\n<meta property=\"article:modified_time\" content=\"2023-04-19T01:44:52+00:00\" \/>\n<meta property=\"og:image\" content=\"https:\/\/dpt-mh.com\/wp-content\/uploads\/2023\/04\/l-v14-1.jpg\" \/>\n\t<meta property=\"og:image:width\" content=\"800\" \/>\n\t<meta property=\"og:image:height\" content=\"736\" \/>\n\t<meta property=\"og:image:type\" content=\"image\/jpeg\" \/>\n<meta name=\"twitter:card\" content=\"summary_large_image\" \/>\n<meta name=\"twitter:label1\" content=\"Estimated reading time\" \/>\n\t<meta name=\"twitter:data1\" content=\"1 minute\" \/>\n<script type=\"application\/ld+json\" class=\"yoast-schema-graph\">{\"@context\":\"https:\/\/schema.org\",\"@graph\":[{\"@type\":\"WebPage\",\"@id\":\"https:\/\/dpt-mh.com\/shop\/linde-v14-dpt-2112\/\",\"url\":\"https:\/\/dpt-mh.com\/shop\/linde-v14-dpt-2112\/\",\"name\":\"LINDE V14 - DPT 2112 - DPT - Nh\u00e0 cung c\u1ea5p xe n\u00e2ng \u0110\u1ee9c\",\"isPartOf\":{\"@id\":\"https:\/\/dpt-mh.com\/#website\"},\"primaryImageOfPage\":{\"@id\":\"https:\/\/dpt-mh.com\/shop\/linde-v14-dpt-2112\/#primaryimage\"},\"image\":{\"@id\":\"https:\/\/dpt-mh.com\/shop\/linde-v14-dpt-2112\/#primaryimage\"},\"thumbnailUrl\":\"https:\/\/dpt-mh.com\/wp-content\/uploads\/2023\/04\/l-v14-1.jpg\",\"datePublished\":\"2023-04-19T01:24:29+00:00\",\"dateModified\":\"2023-04-19T01:44:52+00:00\",\"breadcrumb\":{\"@id\":\"https:\/\/dpt-mh.com\/shop\/linde-v14-dpt-2112\/#breadcrumb\"},\"inLanguage\":\"en-GB\",\"potentialAction\":[{\"@type\":\"ReadAction\",\"target\":[\"https:\/\/dpt-mh.com\/shop\/linde-v14-dpt-2112\/\"]}]},{\"@type\":\"ImageObject\",\"inLanguage\":\"en-GB\",\"@id\":\"https:\/\/dpt-mh.com\/shop\/linde-v14-dpt-2112\/#primaryimage\",\"url\":\"https:\/\/dpt-mh.com\/wp-content\/uploads\/2023\/04\/l-v14-1.jpg\",\"contentUrl\":\"https:\/\/dpt-mh.com\/wp-content\/uploads\/2023\/04\/l-v14-1.jpg\",\"width\":800,\"height\":736},{\"@type\":\"BreadcrumbList\",\"@id\":\"https:\/\/dpt-mh.com\/shop\/linde-v14-dpt-2112\/#breadcrumb\",\"itemListElement\":[{\"@type\":\"ListItem\",\"position\":1,\"name\":\"Home\",\"item\":\"https:\/\/dpt-mh.com\/\"},{\"@type\":\"ListItem\",\"position\":2,\"name\":\"Shop\",\"item\":\"https:\/\/dpt-mh.com\/shop\/\"},{\"@type\":\"ListItem\",\"position\":3,\"name\":\"LINDE V14 &#8211; DPT 2112\"}]},{\"@type\":\"WebSite\",\"@id\":\"https:\/\/dpt-mh.com\/#website\",\"url\":\"https:\/\/dpt-mh.com\/\",\"name\":\"DPT - Nh\u00e0 cung c\u1ea5p xe n\u00e2ng \u0110\u1ee9c\",\"description\":\"Vietnam lift trucks service and attachment provider\",\"potentialAction\":[{\"@type\":\"SearchAction\",\"target\":{\"@type\":\"EntryPoint\",\"urlTemplate\":\"https:\/\/dpt-mh.com\/?s={search_term_string}\"},\"query-input\":{\"@type\":\"PropertyValueSpecification\",\"valueRequired\":true,\"valueName\":\"search_term_string\"}}],\"inLanguage\":\"en-GB\"}]}<\/script>\n<!-- \/ Yoast SEO plugin. -->","yoast_head_json":{"title":"LINDE V14 - DPT 2112 - DPT - Nh\u00e0 cung c\u1ea5p xe n\u00e2ng \u0110\u1ee9c","robots":{"index":"index","follow":"follow","max-snippet":"max-snippet:-1","max-image-preview":"max-image-preview:large","max-video-preview":"max-video-preview:-1"},"canonical":"https:\/\/dpt-mh.com\/en\/shop\/linde-v14-dpt-2112\/","og_locale":"en_GB","og_type":"article","og_title":"LINDE V14 - DPT 2112 - DPT - Nh\u00e0 cung c\u1ea5p xe n\u00e2ng \u0110\u1ee9c","og_description":"GI\u00c1 B\u00c1N : 115,000,000 VN\u0110\/ xe ; b\u1ea3o h\u00e0nh 1 n\u0103m Bao g\u1ed3m \u0103cquy theo xe (Ch\u00e2u \u00c2u) , c\u00f3 th\u1ec3 s\u1eed d\u1ee5ng 4h \/l\u1ea7n x\u1ea1c  GI\u00c1 THU\u00ca: t\u1eeb 25,000,000 VND \u0111\u1ebfn 28,000,000 VND\/ th\u00e1ng t\u00f9y thu\u1ed9c c\u00e1c y\u1ebfu t\u1ed1: - s\u1ed1 gi\u1edd ho\u1ea1t \u0111\u1ed9ng trong 1 ng\u00e0y - kho\u1ea3ng c\u00e1ch n\u01a1i xe ho\u1ea1t \u0111\u1ed9ng - ch\u1ea5t l\u01b0\u1ee3ng n\u1ec1n kho,s\u00e2n - m\u00f4i tr\u01b0\u1eddng xe ho\u1ea1t \u0111\u1ed9ng: kho l\u1ea1nh, kho kh\u00f4, nh\u00e0 m\u00e1y s\u1ea3n xu\u1ea5t\u2026","og_url":"https:\/\/dpt-mh.com\/en\/shop\/linde-v14-dpt-2112\/","og_site_name":"DPT - Nh\u00e0 cung c\u1ea5p xe n\u00e2ng \u0110\u1ee9c","article_modified_time":"2023-04-19T01:44:52+00:00","og_image":[{"width":800,"height":736,"url":"https:\/\/dpt-mh.com\/wp-content\/uploads\/2023\/04\/l-v14-1.jpg","type":"image\/jpeg"}],"twitter_card":"summary_large_image","twitter_misc":{"Estimated reading time":"1 minute"},"schema":{"@context":"https:\/\/schema.org","@graph":[{"@type":"WebPage","@id":"https:\/\/dpt-mh.com\/shop\/linde-v14-dpt-2112\/","url":"https:\/\/dpt-mh.com\/shop\/linde-v14-dpt-2112\/","name":"LINDE V14 - DPT 2112 - DPT - Nh\u00e0 cung c\u1ea5p xe n\u00e2ng \u0110\u1ee9c","isPartOf":{"@id":"https:\/\/dpt-mh.com\/#website"},"primaryImageOfPage":{"@id":"https:\/\/dpt-mh.com\/shop\/linde-v14-dpt-2112\/#primaryimage"},"image":{"@id":"https:\/\/dpt-mh.com\/shop\/linde-v14-dpt-2112\/#primaryimage"},"thumbnailUrl":"https:\/\/dpt-mh.com\/wp-content\/uploads\/2023\/04\/l-v14-1.jpg","datePublished":"2023-04-19T01:24:29+00:00","dateModified":"2023-04-19T01:44:52+00:00","breadcrumb":{"@id":"https:\/\/dpt-mh.com\/shop\/linde-v14-dpt-2112\/#breadcrumb"},"inLanguage":"en-GB","potentialAction":[{"@type":"ReadAction","target":["https:\/\/dpt-mh.com\/shop\/linde-v14-dpt-2112\/"]}]},{"@type":"ImageObject","inLanguage":"en-GB","@id":"https:\/\/dpt-mh.com\/shop\/linde-v14-dpt-2112\/#primaryimage","url":"https:\/\/dpt-mh.com\/wp-content\/uploads\/2023\/04\/l-v14-1.jpg","contentUrl":"https:\/\/dpt-mh.com\/wp-content\/uploads\/2023\/04\/l-v14-1.jpg","width":800,"height":736},{"@type":"BreadcrumbList","@id":"https:\/\/dpt-mh.com\/shop\/linde-v14-dpt-2112\/#breadcrumb","itemListElement":[{"@type":"ListItem","position":1,"name":"Home","item":"https:\/\/dpt-mh.com\/"},{"@type":"ListItem","position":2,"name":"Shop","item":"https:\/\/dpt-mh.com\/shop\/"},{"@type":"ListItem","position":3,"name":"LINDE V14 &#8211; DPT 2112"}]},{"@type":"WebSite","@id":"https:\/\/dpt-mh.com\/#website","url":"https:\/\/dpt-mh.com\/","name":"DPT - Nh\u00e0 cung c\u1ea5p xe n\u00e2ng \u0110\u1ee9c","description":"Vietnam lift trucks service and attachment provider","potentialAction":[{"@type":"SearchAction","target":{"@type":"EntryPoint","urlTemplate":"https:\/\/dpt-mh.com\/?s={search_term_string}"},"query-input":{"@type":"PropertyValueSpecification","valueRequired":true,"valueName":"search_term_string"}}],"inLanguage":"en-GB"}]}},"_links":{"self":[{"href":"https:\/\/dpt-mh.com\/en\/wp-json\/wp\/v2\/product\/605","targetHints":{"allow":["GET"]}}],"collection":[{"href":"https:\/\/dpt-mh.com\/en\/wp-json\/wp\/v2\/product"}],"about":[{"href":"https:\/\/dpt-mh.com\/en\/wp-json\/wp\/v2\/types\/product"}],"wp:featuredmedia":[{"embeddable":true,"href":"https:\/\/dpt-mh.com\/en\/wp-json\/wp\/v2\/media\/606"}],"wp:attachment":[{"href":"https:\/\/dpt-mh.com\/en\/wp-json\/wp\/v2\/media?parent=605"}],"wp:term":[{"taxonomy":"product_brand","embeddable":true,"href":"https:\/\/dpt-mh.com\/en\/wp-json\/wp\/v2\/product_brand?post=605"},{"taxonomy":"product_cat","embeddable":true,"href":"https:\/\/dpt-mh.com\/en\/wp-json\/wp\/v2\/product_cat?post=605"},{"taxonomy":"product_tag","embeddable":true,"href":"https:\/\/dpt-mh.com\/en\/wp-json\/wp\/v2\/product_tag?post=605"}],"curies":[{"name":"wp","href":"https:\/\/api.w.org\/{rel}","templated":true}]}}